{"id":5468,"date":"2020-10-08T13:25:57","date_gmt":"2020-10-08T11:25:57","guid":{"rendered":"https:\/\/carabunhas.com\/?post_type=product&#038;p=5468"},"modified":"2025-10-30T10:58:27","modified_gmt":"2025-10-30T09:58:27","slug":"lote-carballo-productos-gourmet","status":"publish","type":"product","link":"https:\/\/carabunhas.com\/es\/producto\/lote-carballo-productos-gourmet\/","title":{"rendered":"Lote Carballo &#8211; Carabu\u00f1as"},"content":{"rendered":"<p>Es dif\u00edcil encontrar una <strong>cesta de productos gallegos artesanales<\/strong> y gourmet m\u00e1s completa y variada que esta. En ella hemos querido jugar con toda una gama de sabores: mermeladas, licor, vino, salchich\u00f3n, galletas, bombones y queso.<\/p>\n<p>El <strong>Lote Carballo<\/strong> est\u00e1 dise\u00f1ado para los amantes de los sabores aut\u00e9nticos de Galicia. Una selecci\u00f3n que combina tradici\u00f3n y calidad:<\/p>\n<ul>\n<li>Caixa Gosto grande<\/li>\n<li>Chocolate Gosto!<\/li>\n<li>Zamburi\u00f1as Tito<\/li>\n<li>Canap\u00e9 daveiga<\/li>\n<li>Pastas namoreiras<\/li>\n<li>Salchich\u00f3n larouco<\/li>\n<li>Pat\u00e9 centolo<\/li>\n<li>Salsa Yucatan<\/li>\n<li>Turr\u00f3n sabugueiro<\/li>\n<li>Punta de Lomo<\/li>\n<li>Vermut Povarelo<\/li>\n<li>Licor caf\u00e9 Gosto<\/li>\n<\/ul>\n<p>Todo presentado en una elegante <strong>Caja Gosto Grande<\/strong>, ideal para regalar o disfrutar en celebraciones especiales.<\/p>\n","protected":false},"excerpt":{"rendered":"<p>El <strong>Lote Carballo<\/strong> es una selecci\u00f3n de productos gourmet gallegos, que incluye Vermut, licor caf\u00e9, conservas, embutidos, dulces artesanales y m\u00e1s, todo presentado en una elegante caja Gosto.<\/p>\n<p>Ideal para regalar o disfrutar en momentos especiales.<\/p>\n","protected":false},"featured_media":54443,"comment_status":"closed","ping_status":"closed","template":"","meta":[],"product_cat":[14708,26,21,22,23,14668],"product_tag":[],"acf":[],"yoast_head":"<!-- This site is optimized with the Yoast SEO plugin v18.9-RC1 - https:\/\/yoast.com\/wordpress\/plugins\/seo\/ -->\n<title>Lote Carballo - Carabu\u00f1as - Produtos gallegos gourmet<\/title>\n<meta name=\"description\" content=\"Una cesta de produtos gallegos gourmet elaborados de forma artesanal por peque\u00f1as marcas y productores gallegos. Productos gallegos gourmet.Descubre el Lote Carballo, una selecci\u00f3n gourmet gallega con Albari\u00f1o, licor caf\u00e9, conservas, pat\u00e9s, dulces y embutidos artesanales.\" \/>\n<meta name=\"robots\" content=\"index, follow, max-snippet:-1, max-image-preview:large, max-video-preview:-1\" \/>\n<link rel=\"canonical\" href=\"https:\/\/carabunhas.com\/es\/producto\/lote-carballo-productos-gourmet\/\" \/>\n<meta property=\"og:locale\" content=\"es_ES\" \/>\n<meta property=\"og:type\" content=\"article\" \/>\n<meta property=\"og:title\" content=\"Lote Carballo - Carabu\u00f1as - Produtos gallegos gourmet\" \/>\n<meta property=\"og:description\" content=\"Una cesta de produtos gallegos gourmet elaborados de forma artesanal por peque\u00f1as marcas y productores gallegos. Productos gallegos gourmet.Descubre el Lote Carballo, una selecci\u00f3n gourmet gallega con Albari\u00f1o, licor caf\u00e9, conservas, pat\u00e9s, dulces y embutidos artesanales.\" \/>\n<meta property=\"og:url\" content=\"https:\/\/carabunhas.com\/es\/producto\/lote-carballo-productos-gourmet\/\" \/>\n<meta property=\"og:site_name\" content=\"Carabu\u00f1as\" \/>\n<meta property=\"article:modified_time\" content=\"2025-10-30T09:58:27+00:00\" \/>\n<meta property=\"og:image\" content=\"https:\/\/carabunhas.com\/wp-content\/uploads\/2023\/12\/Lote-Carballo-Carabunas.png\" \/>\n\t<meta property=\"og:image:width\" content=\"1200\" \/>\n\t<meta property=\"og:image:height\" content=\"800\" \/>\n\t<meta property=\"og:image:type\" content=\"image\/png\" \/>\n<meta name=\"twitter:card\" content=\"summary_large_image\" \/>\n<meta name=\"twitter:label1\" content=\"Tiempo de lectura\" \/>\n\t<meta name=\"twitter:data1\" content=\"1 minuto\" \/>\n<script type=\"application\/ld+json\" class=\"yoast-schema-graph\">{\"@context\":\"https:\/\/schema.org\",\"@graph\":[{\"@type\":\"WebSite\",\"@id\":\"https:\/\/carabunhas.com\/#website\",\"url\":\"https:\/\/carabunhas.com\/\",\"name\":\"Carabu\u00f1as\",\"description\":\"\",\"potentialAction\":[{\"@type\":\"SearchAction\",\"target\":{\"@type\":\"EntryPoint\",\"urlTemplate\":\"https:\/\/carabunhas.com\/?s={search_term_string}\"},\"query-input\":\"required name=search_term_string\"}],\"inLanguage\":\"es\"},{\"@type\":\"ImageObject\",\"inLanguage\":\"es\",\"@id\":\"https:\/\/carabunhas.com\/es\/producto\/lote-carballo-productos-gourmet\/#primaryimage\",\"url\":\"https:\/\/carabunhas.com\/wp-content\/uploads\/2023\/12\/Lote-Carballo-Carabunas.png\",\"contentUrl\":\"https:\/\/carabunhas.com\/wp-content\/uploads\/2023\/12\/Lote-Carballo-Carabunas.png\",\"width\":1200,\"height\":800,\"caption\":\"Lote Carballo- Carabu\u00f1as\"},{\"@type\":\"WebPage\",\"@id\":\"https:\/\/carabunhas.com\/es\/producto\/lote-carballo-productos-gourmet\/#webpage\",\"url\":\"https:\/\/carabunhas.com\/es\/producto\/lote-carballo-productos-gourmet\/\",\"name\":\"Lote Carballo - Carabu\u00f1as - Produtos gallegos gourmet\",\"isPartOf\":{\"@id\":\"https:\/\/carabunhas.com\/#website\"},\"primaryImageOfPage\":{\"@id\":\"https:\/\/carabunhas.com\/es\/producto\/lote-carballo-productos-gourmet\/#primaryimage\"},\"datePublished\":\"2020-10-08T11:25:57+00:00\",\"dateModified\":\"2025-10-30T09:58:27+00:00\",\"description\":\"Una cesta de produtos gallegos gourmet elaborados de forma artesanal por peque\u00f1as marcas y productores gallegos. Productos gallegos gourmet.Descubre el Lote Carballo, una selecci\u00f3n gourmet gallega con Albari\u00f1o, licor caf\u00e9, conservas, pat\u00e9s, dulces y embutidos artesanales.\",\"breadcrumb\":{\"@id\":\"https:\/\/carabunhas.com\/es\/producto\/lote-carballo-productos-gourmet\/#breadcrumb\"},\"inLanguage\":\"es\",\"potentialAction\":[{\"@type\":\"ReadAction\",\"target\":[\"https:\/\/carabunhas.com\/es\/producto\/lote-carballo-productos-gourmet\/\"]}]},{\"@type\":\"BreadcrumbList\",\"@id\":\"https:\/\/carabunhas.com\/es\/producto\/lote-carballo-productos-gourmet\/#breadcrumb\",\"itemListElement\":[{\"@type\":\"ListItem\",\"position\":1,\"name\":\"Portada\",\"item\":\"https:\/\/carabunhas.com\/es\/\"},{\"@type\":\"ListItem\",\"position\":2,\"name\":\"Productos\",\"item\":\"https:\/\/carabunhas.com\/es\/shop\/\"},{\"@type\":\"ListItem\",\"position\":3,\"name\":\"Lote Carballo &#8211; Carabu\u00f1as\"}]}]}<\/script>\n<!-- \/ Yoast SEO plugin. -->","yoast_head_json":{"title":"Lote Carballo - Carabu\u00f1as - Produtos gallegos gourmet","description":"Una cesta de produtos gallegos gourmet elaborados de forma artesanal por peque\u00f1as marcas y productores gallegos. Productos gallegos gourmet.Descubre el Lote Carballo, una selecci\u00f3n gourmet gallega con Albari\u00f1o, licor caf\u00e9, conservas, pat\u00e9s, dulces y embutidos artesanales.","robots":{"index":"index","follow":"follow","max-snippet":"max-snippet:-1","max-image-preview":"max-image-preview:large","max-video-preview":"max-video-preview:-1"},"canonical":"https:\/\/carabunhas.com\/es\/producto\/lote-carballo-productos-gourmet\/","og_locale":"es_ES","og_type":"article","og_title":"Lote Carballo - Carabu\u00f1as - Produtos gallegos gourmet","og_description":"Una cesta de produtos gallegos gourmet elaborados de forma artesanal por peque\u00f1as marcas y productores gallegos. Productos gallegos gourmet.Descubre el Lote Carballo, una selecci\u00f3n gourmet gallega con Albari\u00f1o, licor caf\u00e9, conservas, pat\u00e9s, dulces y embutidos artesanales.","og_url":"https:\/\/carabunhas.com\/es\/producto\/lote-carballo-productos-gourmet\/","og_site_name":"Carabu\u00f1as","article_modified_time":"2025-10-30T09:58:27+00:00","og_image":[{"width":1200,"height":800,"url":"https:\/\/carabunhas.com\/wp-content\/uploads\/2023\/12\/Lote-Carballo-Carabunas.png","type":"image\/png"}],"twitter_card":"summary_large_image","twitter_misc":{"Tiempo de lectura":"1 minuto"},"schema":{"@context":"https:\/\/schema.org","@graph":[{"@type":"WebSite","@id":"https:\/\/carabunhas.com\/#website","url":"https:\/\/carabunhas.com\/","name":"Carabu\u00f1as","description":"","potentialAction":[{"@type":"SearchAction","target":{"@type":"EntryPoint","urlTemplate":"https:\/\/carabunhas.com\/?s={search_term_string}"},"query-input":"required name=search_term_string"}],"inLanguage":"es"},{"@type":"ImageObject","inLanguage":"es","@id":"https:\/\/carabunhas.com\/es\/producto\/lote-carballo-productos-gourmet\/#primaryimage","url":"https:\/\/carabunhas.com\/wp-content\/uploads\/2023\/12\/Lote-Carballo-Carabunas.png","contentUrl":"https:\/\/carabunhas.com\/wp-content\/uploads\/2023\/12\/Lote-Carballo-Carabunas.png","width":1200,"height":800,"caption":"Lote Carballo- Carabu\u00f1as"},{"@type":"WebPage","@id":"https:\/\/carabunhas.com\/es\/producto\/lote-carballo-productos-gourmet\/#webpage","url":"https:\/\/carabunhas.com\/es\/producto\/lote-carballo-productos-gourmet\/","name":"Lote Carballo - Carabu\u00f1as - Produtos gallegos gourmet","isPartOf":{"@id":"https:\/\/carabunhas.com\/#website"},"primaryImageOfPage":{"@id":"https:\/\/carabunhas.com\/es\/producto\/lote-carballo-productos-gourmet\/#primaryimage"},"datePublished":"2020-10-08T11:25:57+00:00","dateModified":"2025-10-30T09:58:27+00:00","description":"Una cesta de produtos gallegos gourmet elaborados de forma artesanal por peque\u00f1as marcas y productores gallegos. Productos gallegos gourmet.Descubre el Lote Carballo, una selecci\u00f3n gourmet gallega con Albari\u00f1o, licor caf\u00e9, conservas, pat\u00e9s, dulces y embutidos artesanales.","breadcrumb":{"@id":"https:\/\/carabunhas.com\/es\/producto\/lote-carballo-productos-gourmet\/#breadcrumb"},"inLanguage":"es","potentialAction":[{"@type":"ReadAction","target":["https:\/\/carabunhas.com\/es\/producto\/lote-carballo-productos-gourmet\/"]}]},{"@type":"BreadcrumbList","@id":"https:\/\/carabunhas.com\/es\/producto\/lote-carballo-productos-gourmet\/#breadcrumb","itemListElement":[{"@type":"ListItem","position":1,"name":"Portada","item":"https:\/\/carabunhas.com\/es\/"},{"@type":"ListItem","position":2,"name":"Productos","item":"https:\/\/carabunhas.com\/es\/shop\/"},{"@type":"ListItem","position":3,"name":"Lote Carballo &#8211; Carabu\u00f1as"}]}]}},"_links":{"self":[{"href":"https:\/\/carabunhas.com\/es\/wp-json\/wp\/v2\/product\/5468"}],"collection":[{"href":"https:\/\/carabunhas.com\/es\/wp-json\/wp\/v2\/product"}],"about":[{"href":"https:\/\/carabunhas.com\/es\/wp-json\/wp\/v2\/types\/product"}],"replies":[{"embeddable":true,"href":"https:\/\/carabunhas.com\/es\/wp-json\/wp\/v2\/comments?post=5468"}],"wp:featuredmedia":[{"embeddable":true,"href":"https:\/\/carabunhas.com\/es\/wp-json\/wp\/v2\/media\/54443"}],"wp:attachment":[{"href":"https:\/\/carabunhas.com\/es\/wp-json\/wp\/v2\/media?parent=5468"}],"wp:term":[{"taxonomy":"product_cat","embeddable":true,"href":"https:\/\/carabunhas.com\/es\/wp-json\/wp\/v2\/product_cat?post=5468"},{"taxonomy":"product_tag","embeddable":true,"href":"https:\/\/carabunhas.com\/es\/wp-json\/wp\/v2\/product_tag?post=5468"}],"curies":[{"name":"wp","href":"https:\/\/api.w.org\/{rel}","templated":true}]}}