{"id":54501,"date":"2026-01-30T13:15:07","date_gmt":"2026-01-30T12:15:07","guid":{"rendered":"https:\/\/carabunhas.com\/?post_type=product&#038;p=54501"},"modified":"2026-01-30T13:26:57","modified_gmt":"2026-01-30T12:26:57","slug":"nabicol-400g","status":"publish","type":"product","link":"https:\/\/carabunhas.com\/es\/producto\/nabicol-400g\/","title":{"rendered":"Nabicol al Natural 400g-R&#038;B CONSERVAS"},"content":{"rendered":"<p>Nabicol al NaturalRO-400 es un producto obtenido de brotes tiernos y frescos de nabicol (Brassica napus L). Se presenta en su forma natural, libre de conservantes y aditivos artificiales, preparado con agua y una peque\u00f1a cantidad de sal. Es ideal para quienes buscan una opci\u00f3n saludable, natural y sostenible en su dieta. El proceso de envasado garantiza que el producto mantenga su frescura durante un m\u00ednimo de cuatro a\u00f1os, sin necesidad de conservantes qu\u00edmicos.<\/p>\n<p>&nbsp;<\/p>\n","protected":false},"excerpt":{"rendered":"<p><strong>Informaci\u00f3n Nutricional por 100 gramos:<\/strong><\/p>\n<ul>\n<li><strong>Valor energ\u00e9tico<\/strong>: 139 KJ \/ 34 Kcal<\/li>\n<li><strong>Grasas<\/strong>: 0,7 g\n<ul>\n<li>de las cuales saturadas: 0,13 g<\/li>\n<\/ul>\n<\/li>\n<li><strong>Hidratos de carbono<\/strong>: 1,4 g\n<ul>\n<li>de los cuales az\u00facares: 1,2 g<\/li>\n<\/ul>\n<\/li>\n<li><strong>Prote\u00ednas<\/strong>: 3,0 g<\/li>\n<li><strong>Fibra alimentaria<\/strong>: 4,8 g<\/li>\n<li><strong>Sal<\/strong>: 0,56 g<\/li>\n<\/ul>\n","protected":false},"featured_media":54514,"comment_status":"closed","ping_status":"closed","template":"","meta":[],"product_cat":[18,14668],"product_tag":[],"acf":[],"yoast_head":"<!-- This site is optimized with the Yoast SEO plugin v18.9-RC1 - https:\/\/yoast.com\/wordpress\/plugins\/seo\/ -->\n<title>Nabicol al Natural 400g-R&amp;B CONSERVAS - Carabu\u00f1as<\/title>\n<meta name=\"description\" content=\"Nabicol al NaturalRO-400 es un producto obtenido de brotes tiernos y frescos de nabicol (Brassica napus L)\" \/>\n<meta name=\"robots\" content=\"index, follow, max-snippet:-1, max-image-preview:large, max-video-preview:-1\" \/>\n<link rel=\"canonical\" href=\"https:\/\/carabunhas.com\/es\/producto\/nabicol-400g\/\" \/>\n<meta property=\"og:locale\" content=\"es_ES\" \/>\n<meta property=\"og:type\" content=\"article\" \/>\n<meta property=\"og:title\" content=\"Nabicol al Natural 400g-R&amp;B CONSERVAS - Carabu\u00f1as\" \/>\n<meta property=\"og:description\" content=\"Nabicol al NaturalRO-400 es un producto obtenido de brotes tiernos y frescos de nabicol (Brassica napus L)\" \/>\n<meta property=\"og:url\" content=\"https:\/\/carabunhas.com\/es\/producto\/nabicol-400g\/\" \/>\n<meta property=\"og:site_name\" content=\"Carabu\u00f1as\" \/>\n<meta property=\"article:modified_time\" content=\"2026-01-30T12:26:57+00:00\" \/>\n<meta property=\"og:image\" content=\"https:\/\/carabunhas.com\/wp-content\/uploads\/2026\/01\/PLANTILLA-B2B-4-1.png\" \/>\n\t<meta property=\"og:image:width\" content=\"1200\" \/>\n\t<meta property=\"og:image:height\" content=\"800\" \/>\n\t<meta property=\"og:image:type\" content=\"image\/png\" \/>\n<meta name=\"twitter:card\" content=\"summary_large_image\" \/>\n<script type=\"application\/ld+json\" class=\"yoast-schema-graph\">{\"@context\":\"https:\/\/schema.org\",\"@graph\":[{\"@type\":\"WebSite\",\"@id\":\"https:\/\/carabunhas.com\/#website\",\"url\":\"https:\/\/carabunhas.com\/\",\"name\":\"Carabu\u00f1as\",\"description\":\"\",\"potentialAction\":[{\"@type\":\"SearchAction\",\"target\":{\"@type\":\"EntryPoint\",\"urlTemplate\":\"https:\/\/carabunhas.com\/?s={search_term_string}\"},\"query-input\":\"required name=search_term_string\"}],\"inLanguage\":\"es\"},{\"@type\":\"ImageObject\",\"inLanguage\":\"es\",\"@id\":\"https:\/\/carabunhas.com\/es\/producto\/nabicol-400g\/#primaryimage\",\"url\":\"https:\/\/carabunhas.com\/wp-content\/uploads\/2026\/01\/PLANTILLA-B2B-4-1.png\",\"contentUrl\":\"https:\/\/carabunhas.com\/wp-content\/uploads\/2026\/01\/PLANTILLA-B2B-4-1.png\",\"width\":1200,\"height\":800},{\"@type\":\"WebPage\",\"@id\":\"https:\/\/carabunhas.com\/es\/producto\/nabicol-400g\/#webpage\",\"url\":\"https:\/\/carabunhas.com\/es\/producto\/nabicol-400g\/\",\"name\":\"Nabicol al Natural 400g-R&B CONSERVAS - Carabu\u00f1as\",\"isPartOf\":{\"@id\":\"https:\/\/carabunhas.com\/#website\"},\"primaryImageOfPage\":{\"@id\":\"https:\/\/carabunhas.com\/es\/producto\/nabicol-400g\/#primaryimage\"},\"datePublished\":\"2026-01-30T12:15:07+00:00\",\"dateModified\":\"2026-01-30T12:26:57+00:00\",\"description\":\"Nabicol al NaturalRO-400 es un producto obtenido de brotes tiernos y frescos de nabicol (Brassica napus L)\",\"breadcrumb\":{\"@id\":\"https:\/\/carabunhas.com\/es\/producto\/nabicol-400g\/#breadcrumb\"},\"inLanguage\":\"es\",\"potentialAction\":[{\"@type\":\"ReadAction\",\"target\":[\"https:\/\/carabunhas.com\/es\/producto\/nabicol-400g\/\"]}]},{\"@type\":\"BreadcrumbList\",\"@id\":\"https:\/\/carabunhas.com\/es\/producto\/nabicol-400g\/#breadcrumb\",\"itemListElement\":[{\"@type\":\"ListItem\",\"position\":1,\"name\":\"Portada\",\"item\":\"https:\/\/carabunhas.com\/es\/\"},{\"@type\":\"ListItem\",\"position\":2,\"name\":\"Productos\",\"item\":\"https:\/\/carabunhas.com\/es\/shop\/\"},{\"@type\":\"ListItem\",\"position\":3,\"name\":\"Nabicol al Natural 400g-R&#038;B CONSERVAS\"}]}]}<\/script>\n<!-- \/ Yoast SEO plugin. -->","yoast_head_json":{"title":"Nabicol al Natural 400g-R&B CONSERVAS - Carabu\u00f1as","description":"Nabicol al NaturalRO-400 es un producto obtenido de brotes tiernos y frescos de nabicol (Brassica napus L)","robots":{"index":"index","follow":"follow","max-snippet":"max-snippet:-1","max-image-preview":"max-image-preview:large","max-video-preview":"max-video-preview:-1"},"canonical":"https:\/\/carabunhas.com\/es\/producto\/nabicol-400g\/","og_locale":"es_ES","og_type":"article","og_title":"Nabicol al Natural 400g-R&B CONSERVAS - Carabu\u00f1as","og_description":"Nabicol al NaturalRO-400 es un producto obtenido de brotes tiernos y frescos de nabicol (Brassica napus L)","og_url":"https:\/\/carabunhas.com\/es\/producto\/nabicol-400g\/","og_site_name":"Carabu\u00f1as","article_modified_time":"2026-01-30T12:26:57+00:00","og_image":[{"width":1200,"height":800,"url":"https:\/\/carabunhas.com\/wp-content\/uploads\/2026\/01\/PLANTILLA-B2B-4-1.png","type":"image\/png"}],"twitter_card":"summary_large_image","schema":{"@context":"https:\/\/schema.org","@graph":[{"@type":"WebSite","@id":"https:\/\/carabunhas.com\/#website","url":"https:\/\/carabunhas.com\/","name":"Carabu\u00f1as","description":"","potentialAction":[{"@type":"SearchAction","target":{"@type":"EntryPoint","urlTemplate":"https:\/\/carabunhas.com\/?s={search_term_string}"},"query-input":"required name=search_term_string"}],"inLanguage":"es"},{"@type":"ImageObject","inLanguage":"es","@id":"https:\/\/carabunhas.com\/es\/producto\/nabicol-400g\/#primaryimage","url":"https:\/\/carabunhas.com\/wp-content\/uploads\/2026\/01\/PLANTILLA-B2B-4-1.png","contentUrl":"https:\/\/carabunhas.com\/wp-content\/uploads\/2026\/01\/PLANTILLA-B2B-4-1.png","width":1200,"height":800},{"@type":"WebPage","@id":"https:\/\/carabunhas.com\/es\/producto\/nabicol-400g\/#webpage","url":"https:\/\/carabunhas.com\/es\/producto\/nabicol-400g\/","name":"Nabicol al Natural 400g-R&B CONSERVAS - Carabu\u00f1as","isPartOf":{"@id":"https:\/\/carabunhas.com\/#website"},"primaryImageOfPage":{"@id":"https:\/\/carabunhas.com\/es\/producto\/nabicol-400g\/#primaryimage"},"datePublished":"2026-01-30T12:15:07+00:00","dateModified":"2026-01-30T12:26:57+00:00","description":"Nabicol al NaturalRO-400 es un producto obtenido de brotes tiernos y frescos de nabicol (Brassica napus L)","breadcrumb":{"@id":"https:\/\/carabunhas.com\/es\/producto\/nabicol-400g\/#breadcrumb"},"inLanguage":"es","potentialAction":[{"@type":"ReadAction","target":["https:\/\/carabunhas.com\/es\/producto\/nabicol-400g\/"]}]},{"@type":"BreadcrumbList","@id":"https:\/\/carabunhas.com\/es\/producto\/nabicol-400g\/#breadcrumb","itemListElement":[{"@type":"ListItem","position":1,"name":"Portada","item":"https:\/\/carabunhas.com\/es\/"},{"@type":"ListItem","position":2,"name":"Productos","item":"https:\/\/carabunhas.com\/es\/shop\/"},{"@type":"ListItem","position":3,"name":"Nabicol al Natural 400g-R&#038;B CONSERVAS"}]}]}},"_links":{"self":[{"href":"https:\/\/carabunhas.com\/es\/wp-json\/wp\/v2\/product\/54501"}],"collection":[{"href":"https:\/\/carabunhas.com\/es\/wp-json\/wp\/v2\/product"}],"about":[{"href":"https:\/\/carabunhas.com\/es\/wp-json\/wp\/v2\/types\/product"}],"replies":[{"embeddable":true,"href":"https:\/\/carabunhas.com\/es\/wp-json\/wp\/v2\/comments?post=54501"}],"wp:featuredmedia":[{"embeddable":true,"href":"https:\/\/carabunhas.com\/es\/wp-json\/wp\/v2\/media\/54514"}],"wp:attachment":[{"href":"https:\/\/carabunhas.com\/es\/wp-json\/wp\/v2\/media?parent=54501"}],"wp:term":[{"taxonomy":"product_cat","embeddable":true,"href":"https:\/\/carabunhas.com\/es\/wp-json\/wp\/v2\/product_cat?post=54501"},{"taxonomy":"product_tag","embeddable":true,"href":"https:\/\/carabunhas.com\/es\/wp-json\/wp\/v2\/product_tag?post=54501"}],"curies":[{"name":"wp","href":"https:\/\/api.w.org\/{rel}","templated":true}]}}