{"id":5439,"date":"2020-10-08T12:45:15","date_gmt":"2020-10-08T10:45:15","guid":{"rendered":"https:\/\/carabunhas.com\/?post_type=product&#038;p=5439"},"modified":"2026-05-16T10:28:53","modified_gmt":"2026-05-16T08:28:53","slug":"estuche-licor-mermeladas","status":"publish","type":"product","link":"https:\/\/carabunhas.com\/es\/producto\/estuche-licor-mermeladas\/","title":{"rendered":"Estuche licor y mermeladas &#8211; Carabu\u00f1as"},"content":{"rendered":"<p>Este estuche <strong>degustaci\u00f3n de productos Carabu\u00f1as<\/strong> es una aproximaci\u00f3n perfecta para descubrir las recetas gourmet que elaboramos a partir de las bayas de sa\u00faco maduras que recolectamos en nuestras plantaciones de sa\u00faco ecol\u00f3gico.<\/p>\n<p><u>Licor de sa\u00faco<\/u><\/p>\n<p>Nuestro licor de sabugueiro es una bebida \u00fanica, con un aroma intenso que se mantiene en el paladar. Elaborado de forma artesanal con bayas de sa\u00faco maceradas en aguardiente gallega, es un licor que marida fenomenal con esas sobremesas compartidas, en las que se arregla el mundo.<\/p>\n<p><u>Mermelada de sa\u00faco<\/u><\/p>\n<p>Es una mermelada ecol\u00f3gica de sabor dulce y con un toque \u00e1cido de lim\u00f3n. Una crema muy equilibrada, sin aditivos de ning\u00fan tipo. Te la recomendamos para combinar con quesos, tostadas, yogures\u2026 y tambi\u00e9n para recetas de carnes al horno o tartas.<\/p>\n<p><u>Mermelada de sa\u00faco y manzana<\/u><\/p>\n<p>Una crema equilibrada que combina el dulce fruto del sa\u00faco con la intensa acidez\u00a0 de la manzana ecol\u00f3gica gallega. Elaborada de forma artesanal, seg\u00fan nuestra receta propia, sin aditivos ni conservantes. Recomendada en ensaladas, helados, yogures, quesos, pat\u00e9s o carnes.<\/p>\n<p>En Carabu\u00f1as elaboramos <strong>productos gourmet e innovadores<\/strong> con sa\u00faco, un \u00e1rbol que est\u00e1 muy presente en el paisaje y la cultura de Galicia.<\/p>\n<h5>Contenido del estuche<\/h5>\n<ul>\n<li>Licor de sabugueiro 500 ml<\/li>\n<li>Mermelada de sa\u00faco 250 gr<\/li>\n<li>Mermelada de sa\u00faco y manzana 250 gr<\/li>\n<\/ul>\n","protected":false},"excerpt":{"rendered":"<h3>Pack degustaci\u00f3n de licor y mermeladas<\/h3>\n<p>Preparamos esta <strong>caja degustaci\u00f3n de Carabu\u00f1as<\/strong> con tres de los productos m\u00e1s representativos de la marca: licor de sabugueiro Carabu\u00f1as, mermelada de sa\u00faco ecol\u00f3gica y mermelada de sa\u00faco y naranja ecol\u00f3gica.<\/p>\n","protected":false},"featured_media":5749,"comment_status":"closed","ping_status":"closed","template":"","meta":[],"product_cat":[14767,21,22,23,14668],"product_tag":[],"acf":[],"yoast_head":"<!-- This site is optimized with the Yoast SEO plugin v18.9-RC1 - https:\/\/yoast.com\/wordpress\/plugins\/seo\/ -->\n<title>Estuche licor y mermeladas - Carabu\u00f1as -<\/title>\n<meta name=\"robots\" content=\"index, follow, max-snippet:-1, max-image-preview:large, max-video-preview:-1\" \/>\n<link rel=\"canonical\" href=\"https:\/\/carabunhas.com\/es\/producto\/estuche-licor-mermeladas\/\" \/>\n<meta property=\"og:locale\" content=\"es_ES\" \/>\n<meta property=\"og:type\" content=\"article\" \/>\n<meta property=\"og:title\" content=\"Estuche licor y mermeladas - Carabu\u00f1as -\" \/>\n<meta property=\"og:description\" content=\"Pack degustaci\u00f3n de licor y mermeladas Preparamos esta caja degustaci\u00f3n de Carabu\u00f1as con tres de los productos m\u00e1s representativos de la marca: licor de sabugueiro Carabu\u00f1as, mermelada de sa\u00faco ecol\u00f3gica y mermelada de sa\u00faco y naranja ecol\u00f3gica.\" \/>\n<meta property=\"og:url\" content=\"https:\/\/carabunhas.com\/es\/producto\/estuche-licor-mermeladas\/\" \/>\n<meta property=\"og:site_name\" content=\"Carabu\u00f1as\" \/>\n<meta property=\"article:modified_time\" content=\"2026-05-16T08:28:53+00:00\" \/>\n<meta property=\"og:image\" content=\"https:\/\/carabunhas.com\/wp-content\/uploads\/2020\/10\/licor-mermeladas-sabugueiro.jpg\" \/>\n\t<meta property=\"og:image:width\" content=\"1200\" \/>\n\t<meta property=\"og:image:height\" content=\"800\" \/>\n\t<meta property=\"og:image:type\" content=\"image\/jpeg\" \/>\n<meta name=\"twitter:card\" content=\"summary_large_image\" \/>\n<meta name=\"twitter:label1\" content=\"Tiempo de lectura\" \/>\n\t<meta name=\"twitter:data1\" content=\"1 minuto\" \/>\n<script type=\"application\/ld+json\" class=\"yoast-schema-graph\">{\"@context\":\"https:\/\/schema.org\",\"@graph\":[{\"@type\":\"WebSite\",\"@id\":\"https:\/\/carabunhas.com\/#website\",\"url\":\"https:\/\/carabunhas.com\/\",\"name\":\"Carabu\u00f1as\",\"description\":\"\",\"potentialAction\":[{\"@type\":\"SearchAction\",\"target\":{\"@type\":\"EntryPoint\",\"urlTemplate\":\"https:\/\/carabunhas.com\/?s={search_term_string}\"},\"query-input\":\"required name=search_term_string\"}],\"inLanguage\":\"es\"},{\"@type\":\"ImageObject\",\"inLanguage\":\"es\",\"@id\":\"https:\/\/carabunhas.com\/es\/producto\/estuche-licor-mermeladas\/#primaryimage\",\"url\":\"https:\/\/carabunhas.com\/wp-content\/uploads\/2020\/10\/licor-mermeladas-sabugueiro.jpg\",\"contentUrl\":\"https:\/\/carabunhas.com\/wp-content\/uploads\/2020\/10\/licor-mermeladas-sabugueiro.jpg\",\"width\":1200,\"height\":800,\"caption\":\"licor mermeladas sabugueiro\"},{\"@type\":\"WebPage\",\"@id\":\"https:\/\/carabunhas.com\/es\/producto\/estuche-licor-mermeladas\/#webpage\",\"url\":\"https:\/\/carabunhas.com\/es\/producto\/estuche-licor-mermeladas\/\",\"name\":\"Estuche licor y mermeladas - Carabu\u00f1as -\",\"isPartOf\":{\"@id\":\"https:\/\/carabunhas.com\/#website\"},\"primaryImageOfPage\":{\"@id\":\"https:\/\/carabunhas.com\/es\/producto\/estuche-licor-mermeladas\/#primaryimage\"},\"datePublished\":\"2020-10-08T10:45:15+00:00\",\"dateModified\":\"2026-05-16T08:28:53+00:00\",\"breadcrumb\":{\"@id\":\"https:\/\/carabunhas.com\/es\/producto\/estuche-licor-mermeladas\/#breadcrumb\"},\"inLanguage\":\"es\",\"potentialAction\":[{\"@type\":\"ReadAction\",\"target\":[\"https:\/\/carabunhas.com\/es\/producto\/estuche-licor-mermeladas\/\"]}]},{\"@type\":\"BreadcrumbList\",\"@id\":\"https:\/\/carabunhas.com\/es\/producto\/estuche-licor-mermeladas\/#breadcrumb\",\"itemListElement\":[{\"@type\":\"ListItem\",\"position\":1,\"name\":\"Portada\",\"item\":\"https:\/\/carabunhas.com\/es\/\"},{\"@type\":\"ListItem\",\"position\":2,\"name\":\"Productos\",\"item\":\"https:\/\/carabunhas.com\/es\/shop\/\"},{\"@type\":\"ListItem\",\"position\":3,\"name\":\"Estuche licor y mermeladas &#8211; Carabu\u00f1as\"}]}]}<\/script>\n<!-- \/ Yoast SEO plugin. -->","yoast_head_json":{"title":"Estuche licor y mermeladas - Carabu\u00f1as -","robots":{"index":"index","follow":"follow","max-snippet":"max-snippet:-1","max-image-preview":"max-image-preview:large","max-video-preview":"max-video-preview:-1"},"canonical":"https:\/\/carabunhas.com\/es\/producto\/estuche-licor-mermeladas\/","og_locale":"es_ES","og_type":"article","og_title":"Estuche licor y mermeladas - Carabu\u00f1as -","og_description":"Pack degustaci\u00f3n de licor y mermeladas Preparamos esta caja degustaci\u00f3n de Carabu\u00f1as con tres de los productos m\u00e1s representativos de la marca: licor de sabugueiro Carabu\u00f1as, mermelada de sa\u00faco ecol\u00f3gica y mermelada de sa\u00faco y naranja ecol\u00f3gica.","og_url":"https:\/\/carabunhas.com\/es\/producto\/estuche-licor-mermeladas\/","og_site_name":"Carabu\u00f1as","article_modified_time":"2026-05-16T08:28:53+00:00","og_image":[{"width":1200,"height":800,"url":"https:\/\/carabunhas.com\/wp-content\/uploads\/2020\/10\/licor-mermeladas-sabugueiro.jpg","type":"image\/jpeg"}],"twitter_card":"summary_large_image","twitter_misc":{"Tiempo de lectura":"1 minuto"},"schema":{"@context":"https:\/\/schema.org","@graph":[{"@type":"WebSite","@id":"https:\/\/carabunhas.com\/#website","url":"https:\/\/carabunhas.com\/","name":"Carabu\u00f1as","description":"","potentialAction":[{"@type":"SearchAction","target":{"@type":"EntryPoint","urlTemplate":"https:\/\/carabunhas.com\/?s={search_term_string}"},"query-input":"required name=search_term_string"}],"inLanguage":"es"},{"@type":"ImageObject","inLanguage":"es","@id":"https:\/\/carabunhas.com\/es\/producto\/estuche-licor-mermeladas\/#primaryimage","url":"https:\/\/carabunhas.com\/wp-content\/uploads\/2020\/10\/licor-mermeladas-sabugueiro.jpg","contentUrl":"https:\/\/carabunhas.com\/wp-content\/uploads\/2020\/10\/licor-mermeladas-sabugueiro.jpg","width":1200,"height":800,"caption":"licor mermeladas sabugueiro"},{"@type":"WebPage","@id":"https:\/\/carabunhas.com\/es\/producto\/estuche-licor-mermeladas\/#webpage","url":"https:\/\/carabunhas.com\/es\/producto\/estuche-licor-mermeladas\/","name":"Estuche licor y mermeladas - Carabu\u00f1as -","isPartOf":{"@id":"https:\/\/carabunhas.com\/#website"},"primaryImageOfPage":{"@id":"https:\/\/carabunhas.com\/es\/producto\/estuche-licor-mermeladas\/#primaryimage"},"datePublished":"2020-10-08T10:45:15+00:00","dateModified":"2026-05-16T08:28:53+00:00","breadcrumb":{"@id":"https:\/\/carabunhas.com\/es\/producto\/estuche-licor-mermeladas\/#breadcrumb"},"inLanguage":"es","potentialAction":[{"@type":"ReadAction","target":["https:\/\/carabunhas.com\/es\/producto\/estuche-licor-mermeladas\/"]}]},{"@type":"BreadcrumbList","@id":"https:\/\/carabunhas.com\/es\/producto\/estuche-licor-mermeladas\/#breadcrumb","itemListElement":[{"@type":"ListItem","position":1,"name":"Portada","item":"https:\/\/carabunhas.com\/es\/"},{"@type":"ListItem","position":2,"name":"Productos","item":"https:\/\/carabunhas.com\/es\/shop\/"},{"@type":"ListItem","position":3,"name":"Estuche licor y mermeladas &#8211; Carabu\u00f1as"}]}]}},"_links":{"self":[{"href":"https:\/\/carabunhas.com\/es\/wp-json\/wp\/v2\/product\/5439"}],"collection":[{"href":"https:\/\/carabunhas.com\/es\/wp-json\/wp\/v2\/product"}],"about":[{"href":"https:\/\/carabunhas.com\/es\/wp-json\/wp\/v2\/types\/product"}],"replies":[{"embeddable":true,"href":"https:\/\/carabunhas.com\/es\/wp-json\/wp\/v2\/comments?post=5439"}],"wp:featuredmedia":[{"embeddable":true,"href":"https:\/\/carabunhas.com\/es\/wp-json\/wp\/v2\/media\/5749"}],"wp:attachment":[{"href":"https:\/\/carabunhas.com\/es\/wp-json\/wp\/v2\/media?parent=5439"}],"wp:term":[{"taxonomy":"product_cat","embeddable":true,"href":"https:\/\/carabunhas.com\/es\/wp-json\/wp\/v2\/product_cat?post=5439"},{"taxonomy":"product_tag","embeddable":true,"href":"https:\/\/carabunhas.com\/es\/wp-json\/wp\/v2\/product_tag?post=5439"}],"curies":[{"name":"wp","href":"https:\/\/api.w.org\/{rel}","templated":true}]}}