{"id":54333,"date":"2025-05-30T11:05:16","date_gmt":"2025-05-30T09:05:16","guid":{"rendered":"https:\/\/carabunhas.com\/?post_type=product&#038;p=54333"},"modified":"2026-04-16T16:43:09","modified_gmt":"2026-04-16T14:43:09","slug":"derma-flor-sambucus","status":"publish","type":"product","link":"https:\/\/carabunhas.com\/es\/producto\/derma-flor-sambucus\/","title":{"rendered":"T\u00f3nico flor Sa\u00faco+Agua Termal"},"content":{"rendered":"<p>DERMA FLOR Sambucus es un t\u00f3nico facial calmante y remineralizante, elaborado con flor de sa\u00faco (Sambucus Nigra), agua termal de Galicia y una cuidada combinaci\u00f3n de aguas florales como rosa y azahar. Esta f\u00f3rmula 100% natural y sin perfume ayuda a equilibrar, tonificar e hidratar la piel, devolvi\u00e9ndole su luminosidad natural. Ideal para todo tipo de pieles, especialmente las m\u00e1s sensibles o reactivas.<\/p>\n<p>El extracto de flor de sa\u00faco act\u00faa como calmante, descongestivo e iluminador, combatiendo rojeces e inflamaci\u00f3n.<br \/>\nEl agua termal aporta minerales que refuerzan la barrera cut\u00e1nea y restauran el pH.<br \/>\nSin perfumes a\u00f1adidos: aroma sutil, limpio y floral 100% natural.<\/p>\n","protected":false},"excerpt":{"rendered":"<p><strong>Agua termal de Galicia<\/strong>, extracto de\u00a0<strong>flor de sa\u00faco<\/strong>, agua de\u00a0<strong>rosa damascena<\/strong>, agua de\u00a0<strong>azahar<\/strong>, \u00e1cido c\u00edtrico, alcohol, pentylene glycol, capriloil glicina, conservantes suaves.<\/p>\n<p><strong>INCI completo:<\/strong>\u00a0AQUA* (*THERMAL WATER), ROSA GALLICA FLOWER EXTRACT, SAMBUCUS NIGRA FLOWER EXTRACT, CITRUS AURANTIUM AMARA FLOWER EXTRACT, CITRIC ACID, PENTYLENE GLYCOL, CAPRYLHYDROXAMIC ACID, CAPRILOYL GLYCINE, POTASSIUM SORBATE, ALCOHOL, DISODIUM EDTA, SODIUM BENZOATE.<\/p>\n","protected":false},"featured_media":54335,"comment_status":"closed","ping_status":"closed","template":"","meta":[],"product_cat":[14767,18,14668],"product_tag":[],"acf":[],"yoast_head":"<!-- This site is optimized with the Yoast SEO plugin v18.9-RC1 - https:\/\/yoast.com\/wordpress\/plugins\/seo\/ -->\n<title>T\u00f3nico flor Sa\u00faco+Agua Termal - Carabu\u00f1as<\/title>\n<meta name=\"description\" content=\"DERMA FLOR Sambucus es un t\u00f3nico facial calmante y remineralizante, elaborado con flor de sa\u00faco (Sambucus Nigra), agua termal de Galicia\" \/>\n<meta name=\"robots\" content=\"index, follow, max-snippet:-1, max-image-preview:large, max-video-preview:-1\" \/>\n<link rel=\"canonical\" href=\"https:\/\/carabunhas.com\/es\/producto\/derma-flor-sambucus\/\" \/>\n<meta property=\"og:locale\" content=\"es_ES\" \/>\n<meta property=\"og:type\" content=\"article\" \/>\n<meta property=\"og:title\" content=\"T\u00f3nico flor Sa\u00faco+Agua Termal - Carabu\u00f1as\" \/>\n<meta property=\"og:description\" content=\"DERMA FLOR Sambucus es un t\u00f3nico facial calmante y remineralizante, elaborado con flor de sa\u00faco (Sambucus Nigra), agua termal de Galicia\" \/>\n<meta property=\"og:url\" content=\"https:\/\/carabunhas.com\/es\/producto\/derma-flor-sambucus\/\" \/>\n<meta property=\"og:site_name\" content=\"Carabu\u00f1as\" \/>\n<meta property=\"article:modified_time\" content=\"2026-04-16T14:43:09+00:00\" \/>\n<meta property=\"og:image\" content=\"https:\/\/carabunhas.com\/wp-content\/uploads\/2025\/05\/202505_Sabugalia_tonico_1_web-600x600-1.jpg\" \/>\n\t<meta property=\"og:image:width\" content=\"600\" \/>\n\t<meta property=\"og:image:height\" content=\"600\" \/>\n\t<meta property=\"og:image:type\" content=\"image\/jpeg\" \/>\n<meta name=\"twitter:card\" content=\"summary_large_image\" \/>\n<meta name=\"twitter:label1\" content=\"Tiempo de lectura\" \/>\n\t<meta name=\"twitter:data1\" content=\"1 minuto\" \/>\n<script type=\"application\/ld+json\" class=\"yoast-schema-graph\">{\"@context\":\"https:\/\/schema.org\",\"@graph\":[{\"@type\":\"WebSite\",\"@id\":\"https:\/\/carabunhas.com\/#website\",\"url\":\"https:\/\/carabunhas.com\/\",\"name\":\"Carabu\u00f1as\",\"description\":\"\",\"potentialAction\":[{\"@type\":\"SearchAction\",\"target\":{\"@type\":\"EntryPoint\",\"urlTemplate\":\"https:\/\/carabunhas.com\/?s={search_term_string}\"},\"query-input\":\"required name=search_term_string\"}],\"inLanguage\":\"es\"},{\"@type\":\"ImageObject\",\"inLanguage\":\"es\",\"@id\":\"https:\/\/carabunhas.com\/es\/producto\/derma-flor-sambucus\/#primaryimage\",\"url\":\"https:\/\/carabunhas.com\/wp-content\/uploads\/2025\/05\/202505_Sabugalia_tonico_1_web-600x600-1.jpg\",\"contentUrl\":\"https:\/\/carabunhas.com\/wp-content\/uploads\/2025\/05\/202505_Sabugalia_tonico_1_web-600x600-1.jpg\",\"width\":600,\"height\":600},{\"@type\":\"WebPage\",\"@id\":\"https:\/\/carabunhas.com\/es\/producto\/derma-flor-sambucus\/#webpage\",\"url\":\"https:\/\/carabunhas.com\/es\/producto\/derma-flor-sambucus\/\",\"name\":\"T\u00f3nico flor Sa\u00faco+Agua Termal - Carabu\u00f1as\",\"isPartOf\":{\"@id\":\"https:\/\/carabunhas.com\/#website\"},\"primaryImageOfPage\":{\"@id\":\"https:\/\/carabunhas.com\/es\/producto\/derma-flor-sambucus\/#primaryimage\"},\"datePublished\":\"2025-05-30T09:05:16+00:00\",\"dateModified\":\"2026-04-16T14:43:09+00:00\",\"description\":\"DERMA FLOR Sambucus es un t\u00f3nico facial calmante y remineralizante, elaborado con flor de sa\u00faco (Sambucus Nigra), agua termal de Galicia\",\"breadcrumb\":{\"@id\":\"https:\/\/carabunhas.com\/es\/producto\/derma-flor-sambucus\/#breadcrumb\"},\"inLanguage\":\"es\",\"potentialAction\":[{\"@type\":\"ReadAction\",\"target\":[\"https:\/\/carabunhas.com\/es\/producto\/derma-flor-sambucus\/\"]}]},{\"@type\":\"BreadcrumbList\",\"@id\":\"https:\/\/carabunhas.com\/es\/producto\/derma-flor-sambucus\/#breadcrumb\",\"itemListElement\":[{\"@type\":\"ListItem\",\"position\":1,\"name\":\"Portada\",\"item\":\"https:\/\/carabunhas.com\/es\/\"},{\"@type\":\"ListItem\",\"position\":2,\"name\":\"Productos\",\"item\":\"https:\/\/carabunhas.com\/es\/shop\/\"},{\"@type\":\"ListItem\",\"position\":3,\"name\":\"T\u00f3nico flor Sa\u00faco+Agua Termal\"}]}]}<\/script>\n<!-- \/ Yoast SEO plugin. -->","yoast_head_json":{"title":"T\u00f3nico flor Sa\u00faco+Agua Termal - Carabu\u00f1as","description":"DERMA FLOR Sambucus es un t\u00f3nico facial calmante y remineralizante, elaborado con flor de sa\u00faco (Sambucus Nigra), agua termal de Galicia","robots":{"index":"index","follow":"follow","max-snippet":"max-snippet:-1","max-image-preview":"max-image-preview:large","max-video-preview":"max-video-preview:-1"},"canonical":"https:\/\/carabunhas.com\/es\/producto\/derma-flor-sambucus\/","og_locale":"es_ES","og_type":"article","og_title":"T\u00f3nico flor Sa\u00faco+Agua Termal - Carabu\u00f1as","og_description":"DERMA FLOR Sambucus es un t\u00f3nico facial calmante y remineralizante, elaborado con flor de sa\u00faco (Sambucus Nigra), agua termal de Galicia","og_url":"https:\/\/carabunhas.com\/es\/producto\/derma-flor-sambucus\/","og_site_name":"Carabu\u00f1as","article_modified_time":"2026-04-16T14:43:09+00:00","og_image":[{"width":600,"height":600,"url":"https:\/\/carabunhas.com\/wp-content\/uploads\/2025\/05\/202505_Sabugalia_tonico_1_web-600x600-1.jpg","type":"image\/jpeg"}],"twitter_card":"summary_large_image","twitter_misc":{"Tiempo de lectura":"1 minuto"},"schema":{"@context":"https:\/\/schema.org","@graph":[{"@type":"WebSite","@id":"https:\/\/carabunhas.com\/#website","url":"https:\/\/carabunhas.com\/","name":"Carabu\u00f1as","description":"","potentialAction":[{"@type":"SearchAction","target":{"@type":"EntryPoint","urlTemplate":"https:\/\/carabunhas.com\/?s={search_term_string}"},"query-input":"required name=search_term_string"}],"inLanguage":"es"},{"@type":"ImageObject","inLanguage":"es","@id":"https:\/\/carabunhas.com\/es\/producto\/derma-flor-sambucus\/#primaryimage","url":"https:\/\/carabunhas.com\/wp-content\/uploads\/2025\/05\/202505_Sabugalia_tonico_1_web-600x600-1.jpg","contentUrl":"https:\/\/carabunhas.com\/wp-content\/uploads\/2025\/05\/202505_Sabugalia_tonico_1_web-600x600-1.jpg","width":600,"height":600},{"@type":"WebPage","@id":"https:\/\/carabunhas.com\/es\/producto\/derma-flor-sambucus\/#webpage","url":"https:\/\/carabunhas.com\/es\/producto\/derma-flor-sambucus\/","name":"T\u00f3nico flor Sa\u00faco+Agua Termal - Carabu\u00f1as","isPartOf":{"@id":"https:\/\/carabunhas.com\/#website"},"primaryImageOfPage":{"@id":"https:\/\/carabunhas.com\/es\/producto\/derma-flor-sambucus\/#primaryimage"},"datePublished":"2025-05-30T09:05:16+00:00","dateModified":"2026-04-16T14:43:09+00:00","description":"DERMA FLOR Sambucus es un t\u00f3nico facial calmante y remineralizante, elaborado con flor de sa\u00faco (Sambucus Nigra), agua termal de Galicia","breadcrumb":{"@id":"https:\/\/carabunhas.com\/es\/producto\/derma-flor-sambucus\/#breadcrumb"},"inLanguage":"es","potentialAction":[{"@type":"ReadAction","target":["https:\/\/carabunhas.com\/es\/producto\/derma-flor-sambucus\/"]}]},{"@type":"BreadcrumbList","@id":"https:\/\/carabunhas.com\/es\/producto\/derma-flor-sambucus\/#breadcrumb","itemListElement":[{"@type":"ListItem","position":1,"name":"Portada","item":"https:\/\/carabunhas.com\/es\/"},{"@type":"ListItem","position":2,"name":"Productos","item":"https:\/\/carabunhas.com\/es\/shop\/"},{"@type":"ListItem","position":3,"name":"T\u00f3nico flor Sa\u00faco+Agua Termal"}]}]}},"_links":{"self":[{"href":"https:\/\/carabunhas.com\/es\/wp-json\/wp\/v2\/product\/54333"}],"collection":[{"href":"https:\/\/carabunhas.com\/es\/wp-json\/wp\/v2\/product"}],"about":[{"href":"https:\/\/carabunhas.com\/es\/wp-json\/wp\/v2\/types\/product"}],"replies":[{"embeddable":true,"href":"https:\/\/carabunhas.com\/es\/wp-json\/wp\/v2\/comments?post=54333"}],"wp:featuredmedia":[{"embeddable":true,"href":"https:\/\/carabunhas.com\/es\/wp-json\/wp\/v2\/media\/54335"}],"wp:attachment":[{"href":"https:\/\/carabunhas.com\/es\/wp-json\/wp\/v2\/media?parent=54333"}],"wp:term":[{"taxonomy":"product_cat","embeddable":true,"href":"https:\/\/carabunhas.com\/es\/wp-json\/wp\/v2\/product_cat?post=54333"},{"taxonomy":"product_tag","embeddable":true,"href":"https:\/\/carabunhas.com\/es\/wp-json\/wp\/v2\/product_tag?post=54333"}],"curies":[{"name":"wp","href":"https:\/\/api.w.org\/{rel}","templated":true}]}}