{"id":54029,"date":"2024-01-23T12:29:14","date_gmt":"2024-01-23T11:29:14","guid":{"rendered":"https:\/\/carabunhas.com\/?post_type=product&#038;p=54029"},"modified":"2025-10-08T17:19:36","modified_gmt":"2025-10-08T15:19:36","slug":"bolsa-de-tela-moza-aldodon-organico","status":"publish","type":"product","link":"https:\/\/carabunhas.com\/es\/producto\/bolsa-de-tela-moza-aldodon-organico\/","title":{"rendered":"Bolsa de Tela Moza- ALDOD\u00d3N ORG\u00c1NICO."},"content":{"rendered":"<p>Bolsa de telas de algod\u00f3n org\u00e1nio. &#8220;Edici\u00f3n Moza&#8221; con ilustraci\u00f3n que Luz Beloso realiz\u00f3 para la Mozzarela Moza.<\/p>\n","protected":false},"excerpt":{"rendered":"<p>Bolsa de telas de algod\u00f3n org\u00e1nio. &#8220;Edici\u00f3n Moza&#8221; con ilustraci\u00f3n que Luz Beloso realiz\u00f3 para la Mozzarela Moza.<\/p>\n","protected":false},"featured_media":54068,"comment_status":"closed","ping_status":"closed","template":"","meta":[],"product_cat":[14770,14668],"product_tag":[],"acf":[],"yoast_head":"<!-- This site is optimized with the Yoast SEO plugin v18.9-RC1 - https:\/\/yoast.com\/wordpress\/plugins\/seo\/ -->\n<title>Bolsa de Tela Moza- ALDOD\u00d3N ORG\u00c1NICO. - Carabu\u00f1as<\/title>\n<meta name=\"description\" content=\"El queso Hisp\u00e1nico Curado de Feijoo es una nueva propuesta que se caracteriza por su maduraci\u00f3n en la bodega.\" \/>\n<meta name=\"robots\" content=\"index, follow, max-snippet:-1, max-image-preview:large, max-video-preview:-1\" \/>\n<link rel=\"canonical\" href=\"https:\/\/carabunhas.com\/es\/producto\/bolsa-de-tela-moza-aldodon-organico\/\" \/>\n<meta property=\"og:locale\" content=\"es_ES\" \/>\n<meta property=\"og:type\" content=\"article\" \/>\n<meta property=\"og:title\" content=\"Bolsa de Tela Moza- ALDOD\u00d3N ORG\u00c1NICO. - Carabu\u00f1as\" \/>\n<meta property=\"og:description\" content=\"El queso Hisp\u00e1nico Curado de Feijoo es una nueva propuesta que se caracteriza por su maduraci\u00f3n en la bodega.\" \/>\n<meta property=\"og:url\" content=\"https:\/\/carabunhas.com\/es\/producto\/bolsa-de-tela-moza-aldodon-organico\/\" \/>\n<meta property=\"og:site_name\" content=\"Carabu\u00f1as\" \/>\n<meta property=\"article:modified_time\" content=\"2025-10-08T15:19:36+00:00\" \/>\n<meta property=\"og:image\" content=\"https:\/\/carabunhas.com\/wp-content\/uploads\/2024\/01\/PLANTILLA-B2B-7-1.png\" \/>\n\t<meta property=\"og:image:width\" content=\"1200\" \/>\n\t<meta property=\"og:image:height\" content=\"800\" \/>\n\t<meta property=\"og:image:type\" content=\"image\/png\" \/>\n<meta name=\"twitter:card\" content=\"summary_large_image\" \/>\n<meta name=\"twitter:label1\" content=\"Tiempo de lectura\" \/>\n\t<meta name=\"twitter:data1\" content=\"1 minuto\" \/>\n<script type=\"application\/ld+json\" class=\"yoast-schema-graph\">{\"@context\":\"https:\/\/schema.org\",\"@graph\":[{\"@type\":\"WebSite\",\"@id\":\"https:\/\/carabunhas.com\/#website\",\"url\":\"https:\/\/carabunhas.com\/\",\"name\":\"Carabu\u00f1as\",\"description\":\"\",\"potentialAction\":[{\"@type\":\"SearchAction\",\"target\":{\"@type\":\"EntryPoint\",\"urlTemplate\":\"https:\/\/carabunhas.com\/?s={search_term_string}\"},\"query-input\":\"required name=search_term_string\"}],\"inLanguage\":\"es\"},{\"@type\":\"ImageObject\",\"inLanguage\":\"es\",\"@id\":\"https:\/\/carabunhas.com\/es\/producto\/bolsa-de-tela-moza-aldodon-organico\/#primaryimage\",\"url\":\"https:\/\/carabunhas.com\/wp-content\/uploads\/2024\/01\/PLANTILLA-B2B-7-1.png\",\"contentUrl\":\"https:\/\/carabunhas.com\/wp-content\/uploads\/2024\/01\/PLANTILLA-B2B-7-1.png\",\"width\":1200,\"height\":800},{\"@type\":\"WebPage\",\"@id\":\"https:\/\/carabunhas.com\/es\/producto\/bolsa-de-tela-moza-aldodon-organico\/#webpage\",\"url\":\"https:\/\/carabunhas.com\/es\/producto\/bolsa-de-tela-moza-aldodon-organico\/\",\"name\":\"Bolsa de Tela Moza- ALDOD\u00d3N ORG\u00c1NICO. - Carabu\u00f1as\",\"isPartOf\":{\"@id\":\"https:\/\/carabunhas.com\/#website\"},\"primaryImageOfPage\":{\"@id\":\"https:\/\/carabunhas.com\/es\/producto\/bolsa-de-tela-moza-aldodon-organico\/#primaryimage\"},\"datePublished\":\"2024-01-23T11:29:14+00:00\",\"dateModified\":\"2025-10-08T15:19:36+00:00\",\"description\":\"El queso Hisp\u00e1nico Curado de Feijoo es una nueva propuesta que se caracteriza por su maduraci\u00f3n en la bodega.\",\"breadcrumb\":{\"@id\":\"https:\/\/carabunhas.com\/es\/producto\/bolsa-de-tela-moza-aldodon-organico\/#breadcrumb\"},\"inLanguage\":\"es\",\"potentialAction\":[{\"@type\":\"ReadAction\",\"target\":[\"https:\/\/carabunhas.com\/es\/producto\/bolsa-de-tela-moza-aldodon-organico\/\"]}]},{\"@type\":\"BreadcrumbList\",\"@id\":\"https:\/\/carabunhas.com\/es\/producto\/bolsa-de-tela-moza-aldodon-organico\/#breadcrumb\",\"itemListElement\":[{\"@type\":\"ListItem\",\"position\":1,\"name\":\"Portada\",\"item\":\"https:\/\/carabunhas.com\/es\/\"},{\"@type\":\"ListItem\",\"position\":2,\"name\":\"Productos\",\"item\":\"https:\/\/carabunhas.com\/es\/shop\/\"},{\"@type\":\"ListItem\",\"position\":3,\"name\":\"Bolsa de Tela Moza- ALDOD\u00d3N ORG\u00c1NICO.\"}]}]}<\/script>\n<!-- \/ Yoast SEO plugin. -->","yoast_head_json":{"title":"Bolsa de Tela Moza- ALDOD\u00d3N ORG\u00c1NICO. - Carabu\u00f1as","description":"El queso Hisp\u00e1nico Curado de Feijoo es una nueva propuesta que se caracteriza por su maduraci\u00f3n en la bodega.","robots":{"index":"index","follow":"follow","max-snippet":"max-snippet:-1","max-image-preview":"max-image-preview:large","max-video-preview":"max-video-preview:-1"},"canonical":"https:\/\/carabunhas.com\/es\/producto\/bolsa-de-tela-moza-aldodon-organico\/","og_locale":"es_ES","og_type":"article","og_title":"Bolsa de Tela Moza- ALDOD\u00d3N ORG\u00c1NICO. - Carabu\u00f1as","og_description":"El queso Hisp\u00e1nico Curado de Feijoo es una nueva propuesta que se caracteriza por su maduraci\u00f3n en la bodega.","og_url":"https:\/\/carabunhas.com\/es\/producto\/bolsa-de-tela-moza-aldodon-organico\/","og_site_name":"Carabu\u00f1as","article_modified_time":"2025-10-08T15:19:36+00:00","og_image":[{"width":1200,"height":800,"url":"https:\/\/carabunhas.com\/wp-content\/uploads\/2024\/01\/PLANTILLA-B2B-7-1.png","type":"image\/png"}],"twitter_card":"summary_large_image","twitter_misc":{"Tiempo de lectura":"1 minuto"},"schema":{"@context":"https:\/\/schema.org","@graph":[{"@type":"WebSite","@id":"https:\/\/carabunhas.com\/#website","url":"https:\/\/carabunhas.com\/","name":"Carabu\u00f1as","description":"","potentialAction":[{"@type":"SearchAction","target":{"@type":"EntryPoint","urlTemplate":"https:\/\/carabunhas.com\/?s={search_term_string}"},"query-input":"required name=search_term_string"}],"inLanguage":"es"},{"@type":"ImageObject","inLanguage":"es","@id":"https:\/\/carabunhas.com\/es\/producto\/bolsa-de-tela-moza-aldodon-organico\/#primaryimage","url":"https:\/\/carabunhas.com\/wp-content\/uploads\/2024\/01\/PLANTILLA-B2B-7-1.png","contentUrl":"https:\/\/carabunhas.com\/wp-content\/uploads\/2024\/01\/PLANTILLA-B2B-7-1.png","width":1200,"height":800},{"@type":"WebPage","@id":"https:\/\/carabunhas.com\/es\/producto\/bolsa-de-tela-moza-aldodon-organico\/#webpage","url":"https:\/\/carabunhas.com\/es\/producto\/bolsa-de-tela-moza-aldodon-organico\/","name":"Bolsa de Tela Moza- ALDOD\u00d3N ORG\u00c1NICO. - Carabu\u00f1as","isPartOf":{"@id":"https:\/\/carabunhas.com\/#website"},"primaryImageOfPage":{"@id":"https:\/\/carabunhas.com\/es\/producto\/bolsa-de-tela-moza-aldodon-organico\/#primaryimage"},"datePublished":"2024-01-23T11:29:14+00:00","dateModified":"2025-10-08T15:19:36+00:00","description":"El queso Hisp\u00e1nico Curado de Feijoo es una nueva propuesta que se caracteriza por su maduraci\u00f3n en la bodega.","breadcrumb":{"@id":"https:\/\/carabunhas.com\/es\/producto\/bolsa-de-tela-moza-aldodon-organico\/#breadcrumb"},"inLanguage":"es","potentialAction":[{"@type":"ReadAction","target":["https:\/\/carabunhas.com\/es\/producto\/bolsa-de-tela-moza-aldodon-organico\/"]}]},{"@type":"BreadcrumbList","@id":"https:\/\/carabunhas.com\/es\/producto\/bolsa-de-tela-moza-aldodon-organico\/#breadcrumb","itemListElement":[{"@type":"ListItem","position":1,"name":"Portada","item":"https:\/\/carabunhas.com\/es\/"},{"@type":"ListItem","position":2,"name":"Productos","item":"https:\/\/carabunhas.com\/es\/shop\/"},{"@type":"ListItem","position":3,"name":"Bolsa de Tela Moza- ALDOD\u00d3N ORG\u00c1NICO."}]}]}},"_links":{"self":[{"href":"https:\/\/carabunhas.com\/es\/wp-json\/wp\/v2\/product\/54029"}],"collection":[{"href":"https:\/\/carabunhas.com\/es\/wp-json\/wp\/v2\/product"}],"about":[{"href":"https:\/\/carabunhas.com\/es\/wp-json\/wp\/v2\/types\/product"}],"replies":[{"embeddable":true,"href":"https:\/\/carabunhas.com\/es\/wp-json\/wp\/v2\/comments?post=54029"}],"wp:featuredmedia":[{"embeddable":true,"href":"https:\/\/carabunhas.com\/es\/wp-json\/wp\/v2\/media\/54068"}],"wp:attachment":[{"href":"https:\/\/carabunhas.com\/es\/wp-json\/wp\/v2\/media?parent=54029"}],"wp:term":[{"taxonomy":"product_cat","embeddable":true,"href":"https:\/\/carabunhas.com\/es\/wp-json\/wp\/v2\/product_cat?post=54029"},{"taxonomy":"product_tag","embeddable":true,"href":"https:\/\/carabunhas.com\/es\/wp-json\/wp\/v2\/product_tag?post=54029"}],"curies":[{"name":"wp","href":"https:\/\/api.w.org\/{rel}","templated":true}]}}