{"id":53976,"date":"2023-12-26T22:25:44","date_gmt":"2023-12-26T21:25:44","guid":{"rendered":"https:\/\/carabunhas.com\/?post_type=product&#038;p=53976"},"modified":"2024-12-12T10:06:18","modified_gmt":"2024-12-12T09:06:18","slug":"oceanoe-carabunas","status":"publish","type":"product","link":"https:\/\/carabunhas.com\/es\/producto\/oceanoe-carabunas\/","title":{"rendered":"OCEANOE- Carabu\u00f1as"},"content":{"rendered":"<p>Este libro es un viaje al Arca de No\u00e9. OCEANOE es un libro con m\u00fasica, un Bit\u00e1cora que cuenta un viaje imaginado con el mar de Antela y 19 canciones musicales y m\u00fasicos que pasaron por el barco. Entre otros se encuentran Ux\u00eda, A Pedreira, Xabier Diaz y Faia Diaz, A Banda da Loba, Habelas Hainas, Xo\u00e1n Curiel, Eliseo Parra, Davide Salvado, Javier \u00c1lvarez, Luis Pastor, Lourdes Guerra, Vanessa Muela y Marcelo Dobode.<\/p>\n<p>Un viaje por una tierra que era agua y por lugares que no aparecen en las gu\u00edas tur\u00edsticas.<\/p>\n<p><strong>CONTENIDO DEL LOTE;<\/strong><br \/>\nLibro CD OCEANOE<br \/>\nCaf\u00e9 Licor. Gosto!<br \/>\nCaja de bombones de Sa\u00faco. Gosto!<br \/>\n\u00a1Caja de regalo de cart\u00f3n Gosto!<\/p>\n<p>Nota: El contenido de esta cesta est\u00e1 configurado con peque\u00f1os productores y puede no estar disponible al momento de realizar su pedido. Si esto sucede, te llamaremos para cambiar el producto faltante por otra referencia similar.<\/p>\n","protected":false},"excerpt":{"rendered":"<p>Este libro es un viaje al Arca de No\u00e9. OCEANOE es un libro con m\u00fasica, un Bit\u00e1cora que cuenta un viaje imaginado con el mar de Antela y 19 canciones musicales y m\u00fasicos que pasaron por el barco. Entre otros se encuentran Ux\u00eda, A Pedreira, Xabier Diaz y Faia Diaz, A Banda da Loba, Habelas Hainas, Xo\u00e1n Curiel, Eliseo Parra, Davide Salvado, Javier \u00c1lvarez, Luis Pastor, Lourdes Guerra, Vanessa Muela y Marcelo Dobode.<\/p>\n<p>Un viaje por una tierra que era agua y por lugares que no aparecen en las gu\u00edas tur\u00edsticas.<\/p>\n<p><strong>CONTENIDO DEL LOTE;<\/strong><br \/>\nLibro CD OCEANOE<br \/>\nCaf\u00e9 Licor. Gosto!<br \/>\nCaja de bombones de Sa\u00faco. Gosto!<br \/>\n\u00a1Caja de regalo de cart\u00f3n Gosto!<\/p>\n<p>Nota: El contenido de esta cesta est\u00e1 configurado con peque\u00f1os productores y puede no estar disponible al momento de realizar su pedido. Si esto sucede, te llamaremos para cambiar el producto faltante por otra referencia similar.<\/p>\n","protected":false},"featured_media":53979,"comment_status":"closed","ping_status":"closed","template":"","meta":[],"product_cat":[26,21,22,14668],"product_tag":[],"acf":[],"yoast_head":"<!-- This site is optimized with the Yoast SEO plugin v18.9-RC1 - https:\/\/yoast.com\/wordpress\/plugins\/seo\/ -->\n<title>OCEANOE- Carabu\u00f1as - Carabu\u00f1as<\/title>\n<meta name=\"robots\" content=\"index, follow, max-snippet:-1, max-image-preview:large, max-video-preview:-1\" \/>\n<link rel=\"canonical\" href=\"https:\/\/carabunhas.com\/es\/producto\/oceanoe-carabunas\/\" \/>\n<meta property=\"og:locale\" content=\"es_ES\" \/>\n<meta property=\"og:type\" content=\"article\" \/>\n<meta property=\"og:title\" content=\"OCEANOE- Carabu\u00f1as - Carabu\u00f1as\" \/>\n<meta property=\"og:description\" content=\"Este libro es un viaje al Arca de No\u00e9. OCEANOE es un libro con m\u00fasica, un Bit\u00e1cora que cuenta un viaje imaginado con el mar de Antela y 19 canciones musicales y m\u00fasicos que pasaron por el barco. Entre otros se encuentran Ux\u00eda, A Pedreira, Xabier Diaz y Faia Diaz, A Banda da Loba, Habelas Hainas, Xo\u00e1n Curiel, Eliseo Parra, Davide Salvado, Javier \u00c1lvarez, Luis Pastor, Lourdes Guerra, Vanessa Muela y Marcelo Dobode.  Un viaje por una tierra que era agua y por lugares que no aparecen en las gu\u00edas tur\u00edsticas.  CONTENIDO DEL LOTE; Libro CD OCEANOE Caf\u00e9 Licor. Gosto! Caja de bombones de Sa\u00faco. Gosto! \u00a1Caja de regalo de cart\u00f3n Gosto!  Nota: El contenido de esta cesta est\u00e1 configurado con peque\u00f1os productores y puede no estar disponible al momento de realizar su pedido. Si esto sucede, te llamaremos para cambiar el producto faltante por otra referencia similar.\" \/>\n<meta property=\"og:url\" content=\"https:\/\/carabunhas.com\/es\/producto\/oceanoe-carabunas\/\" \/>\n<meta property=\"og:site_name\" content=\"Carabu\u00f1as\" \/>\n<meta property=\"article:modified_time\" content=\"2024-12-12T09:06:18+00:00\" \/>\n<meta property=\"og:image\" content=\"https:\/\/carabunhas.com\/wp-content\/uploads\/2023\/12\/b2b-oceanoe2.jpg\" \/>\n\t<meta property=\"og:image:width\" content=\"1200\" \/>\n\t<meta property=\"og:image:height\" content=\"800\" \/>\n\t<meta property=\"og:image:type\" content=\"image\/jpeg\" \/>\n<meta name=\"twitter:card\" content=\"summary_large_image\" \/>\n<meta name=\"twitter:label1\" content=\"Tiempo de lectura\" \/>\n\t<meta name=\"twitter:data1\" content=\"1 minuto\" \/>\n<script type=\"application\/ld+json\" class=\"yoast-schema-graph\">{\"@context\":\"https:\/\/schema.org\",\"@graph\":[{\"@type\":\"WebSite\",\"@id\":\"https:\/\/carabunhas.com\/#website\",\"url\":\"https:\/\/carabunhas.com\/\",\"name\":\"Carabu\u00f1as\",\"description\":\"\",\"potentialAction\":[{\"@type\":\"SearchAction\",\"target\":{\"@type\":\"EntryPoint\",\"urlTemplate\":\"https:\/\/carabunhas.com\/?s={search_term_string}\"},\"query-input\":\"required name=search_term_string\"}],\"inLanguage\":\"es\"},{\"@type\":\"ImageObject\",\"inLanguage\":\"es\",\"@id\":\"https:\/\/carabunhas.com\/es\/producto\/oceanoe-carabunas\/#primaryimage\",\"url\":\"https:\/\/carabunhas.com\/wp-content\/uploads\/2023\/12\/b2b-oceanoe2.jpg\",\"contentUrl\":\"https:\/\/carabunhas.com\/wp-content\/uploads\/2023\/12\/b2b-oceanoe2.jpg\",\"width\":1200,\"height\":800,\"caption\":\"Libro Oceanoe, licor caf\u00e9 Gosto y bombones de sa\u00faco. Tienda Carabu\u00f1as.\"},{\"@type\":\"WebPage\",\"@id\":\"https:\/\/carabunhas.com\/es\/producto\/oceanoe-carabunas\/#webpage\",\"url\":\"https:\/\/carabunhas.com\/es\/producto\/oceanoe-carabunas\/\",\"name\":\"OCEANOE- Carabu\u00f1as - Carabu\u00f1as\",\"isPartOf\":{\"@id\":\"https:\/\/carabunhas.com\/#website\"},\"primaryImageOfPage\":{\"@id\":\"https:\/\/carabunhas.com\/es\/producto\/oceanoe-carabunas\/#primaryimage\"},\"datePublished\":\"2023-12-26T21:25:44+00:00\",\"dateModified\":\"2024-12-12T09:06:18+00:00\",\"breadcrumb\":{\"@id\":\"https:\/\/carabunhas.com\/es\/producto\/oceanoe-carabunas\/#breadcrumb\"},\"inLanguage\":\"es\",\"potentialAction\":[{\"@type\":\"ReadAction\",\"target\":[\"https:\/\/carabunhas.com\/es\/producto\/oceanoe-carabunas\/\"]}]},{\"@type\":\"BreadcrumbList\",\"@id\":\"https:\/\/carabunhas.com\/es\/producto\/oceanoe-carabunas\/#breadcrumb\",\"itemListElement\":[{\"@type\":\"ListItem\",\"position\":1,\"name\":\"Portada\",\"item\":\"https:\/\/carabunhas.com\/es\/\"},{\"@type\":\"ListItem\",\"position\":2,\"name\":\"Productos\",\"item\":\"https:\/\/carabunhas.com\/es\/shop\/\"},{\"@type\":\"ListItem\",\"position\":3,\"name\":\"OCEANOE- Carabu\u00f1as\"}]}]}<\/script>\n<!-- \/ Yoast SEO plugin. -->","yoast_head_json":{"title":"OCEANOE- Carabu\u00f1as - Carabu\u00f1as","robots":{"index":"index","follow":"follow","max-snippet":"max-snippet:-1","max-image-preview":"max-image-preview:large","max-video-preview":"max-video-preview:-1"},"canonical":"https:\/\/carabunhas.com\/es\/producto\/oceanoe-carabunas\/","og_locale":"es_ES","og_type":"article","og_title":"OCEANOE- Carabu\u00f1as - Carabu\u00f1as","og_description":"Este libro es un viaje al Arca de No\u00e9. OCEANOE es un libro con m\u00fasica, un Bit\u00e1cora que cuenta un viaje imaginado con el mar de Antela y 19 canciones musicales y m\u00fasicos que pasaron por el barco. Entre otros se encuentran Ux\u00eda, A Pedreira, Xabier Diaz y Faia Diaz, A Banda da Loba, Habelas Hainas, Xo\u00e1n Curiel, Eliseo Parra, Davide Salvado, Javier \u00c1lvarez, Luis Pastor, Lourdes Guerra, Vanessa Muela y Marcelo Dobode.  Un viaje por una tierra que era agua y por lugares que no aparecen en las gu\u00edas tur\u00edsticas.  CONTENIDO DEL LOTE; Libro CD OCEANOE Caf\u00e9 Licor. Gosto! Caja de bombones de Sa\u00faco. Gosto! \u00a1Caja de regalo de cart\u00f3n Gosto!  Nota: El contenido de esta cesta est\u00e1 configurado con peque\u00f1os productores y puede no estar disponible al momento de realizar su pedido. Si esto sucede, te llamaremos para cambiar el producto faltante por otra referencia similar.","og_url":"https:\/\/carabunhas.com\/es\/producto\/oceanoe-carabunas\/","og_site_name":"Carabu\u00f1as","article_modified_time":"2024-12-12T09:06:18+00:00","og_image":[{"width":1200,"height":800,"url":"https:\/\/carabunhas.com\/wp-content\/uploads\/2023\/12\/b2b-oceanoe2.jpg","type":"image\/jpeg"}],"twitter_card":"summary_large_image","twitter_misc":{"Tiempo de lectura":"1 minuto"},"schema":{"@context":"https:\/\/schema.org","@graph":[{"@type":"WebSite","@id":"https:\/\/carabunhas.com\/#website","url":"https:\/\/carabunhas.com\/","name":"Carabu\u00f1as","description":"","potentialAction":[{"@type":"SearchAction","target":{"@type":"EntryPoint","urlTemplate":"https:\/\/carabunhas.com\/?s={search_term_string}"},"query-input":"required name=search_term_string"}],"inLanguage":"es"},{"@type":"ImageObject","inLanguage":"es","@id":"https:\/\/carabunhas.com\/es\/producto\/oceanoe-carabunas\/#primaryimage","url":"https:\/\/carabunhas.com\/wp-content\/uploads\/2023\/12\/b2b-oceanoe2.jpg","contentUrl":"https:\/\/carabunhas.com\/wp-content\/uploads\/2023\/12\/b2b-oceanoe2.jpg","width":1200,"height":800,"caption":"Libro Oceanoe, licor caf\u00e9 Gosto y bombones de sa\u00faco. Tienda Carabu\u00f1as."},{"@type":"WebPage","@id":"https:\/\/carabunhas.com\/es\/producto\/oceanoe-carabunas\/#webpage","url":"https:\/\/carabunhas.com\/es\/producto\/oceanoe-carabunas\/","name":"OCEANOE- Carabu\u00f1as - Carabu\u00f1as","isPartOf":{"@id":"https:\/\/carabunhas.com\/#website"},"primaryImageOfPage":{"@id":"https:\/\/carabunhas.com\/es\/producto\/oceanoe-carabunas\/#primaryimage"},"datePublished":"2023-12-26T21:25:44+00:00","dateModified":"2024-12-12T09:06:18+00:00","breadcrumb":{"@id":"https:\/\/carabunhas.com\/es\/producto\/oceanoe-carabunas\/#breadcrumb"},"inLanguage":"es","potentialAction":[{"@type":"ReadAction","target":["https:\/\/carabunhas.com\/es\/producto\/oceanoe-carabunas\/"]}]},{"@type":"BreadcrumbList","@id":"https:\/\/carabunhas.com\/es\/producto\/oceanoe-carabunas\/#breadcrumb","itemListElement":[{"@type":"ListItem","position":1,"name":"Portada","item":"https:\/\/carabunhas.com\/es\/"},{"@type":"ListItem","position":2,"name":"Productos","item":"https:\/\/carabunhas.com\/es\/shop\/"},{"@type":"ListItem","position":3,"name":"OCEANOE- Carabu\u00f1as"}]}]}},"_links":{"self":[{"href":"https:\/\/carabunhas.com\/es\/wp-json\/wp\/v2\/product\/53976"}],"collection":[{"href":"https:\/\/carabunhas.com\/es\/wp-json\/wp\/v2\/product"}],"about":[{"href":"https:\/\/carabunhas.com\/es\/wp-json\/wp\/v2\/types\/product"}],"replies":[{"embeddable":true,"href":"https:\/\/carabunhas.com\/es\/wp-json\/wp\/v2\/comments?post=53976"}],"wp:featuredmedia":[{"embeddable":true,"href":"https:\/\/carabunhas.com\/es\/wp-json\/wp\/v2\/media\/53979"}],"wp:attachment":[{"href":"https:\/\/carabunhas.com\/es\/wp-json\/wp\/v2\/media?parent=53976"}],"wp:term":[{"taxonomy":"product_cat","embeddable":true,"href":"https:\/\/carabunhas.com\/es\/wp-json\/wp\/v2\/product_cat?post=53976"},{"taxonomy":"product_tag","embeddable":true,"href":"https:\/\/carabunhas.com\/es\/wp-json\/wp\/v2\/product_tag?post=53976"}],"curies":[{"name":"wp","href":"https:\/\/api.w.org\/{rel}","templated":true}]}}