{"id":53833,"date":"2023-11-15T15:53:34","date_gmt":"2023-11-15T14:53:34","guid":{"rendered":"https:\/\/carabunhas.com\/?post_type=product&#038;p=53833"},"modified":"2025-12-18T11:28:09","modified_gmt":"2025-12-18T10:28:09","slug":"gosto-dos-panettones-fernandez-riveiro-carabunas","status":"publish","type":"product","link":"https:\/\/carabunhas.com\/es\/producto\/gosto-dos-panettones-fernandez-riveiro-carabunas\/","title":{"rendered":"Lote Bido &#8211; Carabu\u00f1as"},"content":{"rendered":"<p>El <strong>Lote gourmet Bido<\/strong> es una elegante selecci\u00f3n de productos gallegos de alta calidad. Este lote incluye:<\/p>\n<ul>\n<li>Caixa Gosto mediana<\/li>\n<li>Chocolate Gosto<\/li>\n<li>Zamburi\u00f1as Tito<\/li>\n<li>Mexil\u00f3n Tito<\/li>\n<li>Pat\u00e9 centolo<\/li>\n<li>Turr\u00f3n Namoreiras<\/li>\n<li>Pack 4 chourizos<\/li>\n<li>Novilunio Albari\u00f1o<\/li>\n<li>Licor sabugueiro 500ml<\/li>\n<\/ul>\n<p>El <strong>Lote gourmet Bido<\/strong> es perfecto para regalar o disfrutar en reuniones especiales, destacando los sabores aut\u00e9nticos y artesanales de Galicia.<\/p>\n<p>Nota: El contenido de esta cesta est\u00e1 configurado con peque\u00f1os productores y en el momento de hacer tu pedido puede no haber disponibilidad. Si esto ocurre, te llamaremos para poder cambiar el producto que falta por otra referencia similar.<\/p>\n","protected":false},"excerpt":{"rendered":"<p>El <strong>Lote Bido<\/strong> re\u00fane lo mejor de Galicia:<\/p>\n<p>Caixa Gosto mediana<br \/>\nChocolate Gosto<br \/>\nZamburi\u00f1as Tito<br \/>\nMexil\u00f3n Tito<br \/>\nPat\u00e9 centolo<br \/>\nTurr\u00f3n Namoreiras<br \/>\nPack 4 chourizos<br \/>\nNovilunio Albari\u00f1o<br \/>\nLicor sabugueiro 500ml .<\/p>\n","protected":false},"featured_media":54445,"comment_status":"closed","ping_status":"closed","template":"","meta":[],"product_cat":[21,22,14668],"product_tag":[],"acf":[],"yoast_head":"<!-- This site is optimized with the Yoast SEO plugin v18.9-RC1 - https:\/\/yoast.com\/wordpress\/plugins\/seo\/ -->\n<title>Lote Bido - Carabu\u00f1as - Carabu\u00f1as<\/title>\n<meta name=\"description\" content=\"Lote Bido: Godello, licor de sabugueiro, conservas, pat\u00e9s y dulces gallegos en una caja elegante. Ideal para regalar o disfrutar.\" \/>\n<meta name=\"robots\" content=\"index, follow, max-snippet:-1, max-image-preview:large, max-video-preview:-1\" \/>\n<link rel=\"canonical\" href=\"https:\/\/carabunhas.com\/es\/producto\/gosto-dos-panettones-fernandez-riveiro-carabunas\/\" \/>\n<meta property=\"og:locale\" content=\"es_ES\" \/>\n<meta property=\"og:type\" content=\"article\" \/>\n<meta property=\"og:title\" content=\"Lote Bido - Carabu\u00f1as - Carabu\u00f1as\" \/>\n<meta property=\"og:description\" content=\"Lote Bido: Godello, licor de sabugueiro, conservas, pat\u00e9s y dulces gallegos en una caja elegante. Ideal para regalar o disfrutar.\" \/>\n<meta property=\"og:url\" content=\"https:\/\/carabunhas.com\/es\/producto\/gosto-dos-panettones-fernandez-riveiro-carabunas\/\" \/>\n<meta property=\"og:site_name\" content=\"Carabu\u00f1as\" \/>\n<meta property=\"article:modified_time\" content=\"2025-12-18T10:28:09+00:00\" \/>\n<meta property=\"og:image\" content=\"https:\/\/carabunhas.com\/wp-content\/uploads\/2023\/12\/Lote-Bido-Carabunas.png\" \/>\n\t<meta property=\"og:image:width\" content=\"1200\" \/>\n\t<meta property=\"og:image:height\" content=\"800\" \/>\n\t<meta property=\"og:image:type\" content=\"image\/png\" \/>\n<meta name=\"twitter:card\" content=\"summary_large_image\" \/>\n<meta name=\"twitter:label1\" content=\"Tiempo de lectura\" \/>\n\t<meta name=\"twitter:data1\" content=\"1 minuto\" \/>\n<script type=\"application\/ld+json\" class=\"yoast-schema-graph\">{\"@context\":\"https:\/\/schema.org\",\"@graph\":[{\"@type\":\"WebSite\",\"@id\":\"https:\/\/carabunhas.com\/#website\",\"url\":\"https:\/\/carabunhas.com\/\",\"name\":\"Carabu\u00f1as\",\"description\":\"\",\"potentialAction\":[{\"@type\":\"SearchAction\",\"target\":{\"@type\":\"EntryPoint\",\"urlTemplate\":\"https:\/\/carabunhas.com\/?s={search_term_string}\"},\"query-input\":\"required name=search_term_string\"}],\"inLanguage\":\"es\"},{\"@type\":\"ImageObject\",\"inLanguage\":\"es\",\"@id\":\"https:\/\/carabunhas.com\/es\/producto\/gosto-dos-panettones-fernandez-riveiro-carabunas\/#primaryimage\",\"url\":\"https:\/\/carabunhas.com\/wp-content\/uploads\/2023\/12\/Lote-Bido-Carabunas.png\",\"contentUrl\":\"https:\/\/carabunhas.com\/wp-content\/uploads\/2023\/12\/Lote-Bido-Carabunas.png\",\"width\":1200,\"height\":800,\"caption\":\"Lote Bido - Carabu\u00f1as\"},{\"@type\":\"WebPage\",\"@id\":\"https:\/\/carabunhas.com\/es\/producto\/gosto-dos-panettones-fernandez-riveiro-carabunas\/#webpage\",\"url\":\"https:\/\/carabunhas.com\/es\/producto\/gosto-dos-panettones-fernandez-riveiro-carabunas\/\",\"name\":\"Lote Bido - Carabu\u00f1as - Carabu\u00f1as\",\"isPartOf\":{\"@id\":\"https:\/\/carabunhas.com\/#website\"},\"primaryImageOfPage\":{\"@id\":\"https:\/\/carabunhas.com\/es\/producto\/gosto-dos-panettones-fernandez-riveiro-carabunas\/#primaryimage\"},\"datePublished\":\"2023-11-15T14:53:34+00:00\",\"dateModified\":\"2025-12-18T10:28:09+00:00\",\"description\":\"Lote Bido: Godello, licor de sabugueiro, conservas, pat\u00e9s y dulces gallegos en una caja elegante. Ideal para regalar o disfrutar.\",\"breadcrumb\":{\"@id\":\"https:\/\/carabunhas.com\/es\/producto\/gosto-dos-panettones-fernandez-riveiro-carabunas\/#breadcrumb\"},\"inLanguage\":\"es\",\"potentialAction\":[{\"@type\":\"ReadAction\",\"target\":[\"https:\/\/carabunhas.com\/es\/producto\/gosto-dos-panettones-fernandez-riveiro-carabunas\/\"]}]},{\"@type\":\"BreadcrumbList\",\"@id\":\"https:\/\/carabunhas.com\/es\/producto\/gosto-dos-panettones-fernandez-riveiro-carabunas\/#breadcrumb\",\"itemListElement\":[{\"@type\":\"ListItem\",\"position\":1,\"name\":\"Portada\",\"item\":\"https:\/\/carabunhas.com\/es\/\"},{\"@type\":\"ListItem\",\"position\":2,\"name\":\"Productos\",\"item\":\"https:\/\/carabunhas.com\/es\/shop\/\"},{\"@type\":\"ListItem\",\"position\":3,\"name\":\"Lote Bido &#8211; Carabu\u00f1as\"}]}]}<\/script>\n<!-- \/ Yoast SEO plugin. -->","yoast_head_json":{"title":"Lote Bido - Carabu\u00f1as - Carabu\u00f1as","description":"Lote Bido: Godello, licor de sabugueiro, conservas, pat\u00e9s y dulces gallegos en una caja elegante. Ideal para regalar o disfrutar.","robots":{"index":"index","follow":"follow","max-snippet":"max-snippet:-1","max-image-preview":"max-image-preview:large","max-video-preview":"max-video-preview:-1"},"canonical":"https:\/\/carabunhas.com\/es\/producto\/gosto-dos-panettones-fernandez-riveiro-carabunas\/","og_locale":"es_ES","og_type":"article","og_title":"Lote Bido - Carabu\u00f1as - Carabu\u00f1as","og_description":"Lote Bido: Godello, licor de sabugueiro, conservas, pat\u00e9s y dulces gallegos en una caja elegante. Ideal para regalar o disfrutar.","og_url":"https:\/\/carabunhas.com\/es\/producto\/gosto-dos-panettones-fernandez-riveiro-carabunas\/","og_site_name":"Carabu\u00f1as","article_modified_time":"2025-12-18T10:28:09+00:00","og_image":[{"width":1200,"height":800,"url":"https:\/\/carabunhas.com\/wp-content\/uploads\/2023\/12\/Lote-Bido-Carabunas.png","type":"image\/png"}],"twitter_card":"summary_large_image","twitter_misc":{"Tiempo de lectura":"1 minuto"},"schema":{"@context":"https:\/\/schema.org","@graph":[{"@type":"WebSite","@id":"https:\/\/carabunhas.com\/#website","url":"https:\/\/carabunhas.com\/","name":"Carabu\u00f1as","description":"","potentialAction":[{"@type":"SearchAction","target":{"@type":"EntryPoint","urlTemplate":"https:\/\/carabunhas.com\/?s={search_term_string}"},"query-input":"required name=search_term_string"}],"inLanguage":"es"},{"@type":"ImageObject","inLanguage":"es","@id":"https:\/\/carabunhas.com\/es\/producto\/gosto-dos-panettones-fernandez-riveiro-carabunas\/#primaryimage","url":"https:\/\/carabunhas.com\/wp-content\/uploads\/2023\/12\/Lote-Bido-Carabunas.png","contentUrl":"https:\/\/carabunhas.com\/wp-content\/uploads\/2023\/12\/Lote-Bido-Carabunas.png","width":1200,"height":800,"caption":"Lote Bido - Carabu\u00f1as"},{"@type":"WebPage","@id":"https:\/\/carabunhas.com\/es\/producto\/gosto-dos-panettones-fernandez-riveiro-carabunas\/#webpage","url":"https:\/\/carabunhas.com\/es\/producto\/gosto-dos-panettones-fernandez-riveiro-carabunas\/","name":"Lote Bido - Carabu\u00f1as - Carabu\u00f1as","isPartOf":{"@id":"https:\/\/carabunhas.com\/#website"},"primaryImageOfPage":{"@id":"https:\/\/carabunhas.com\/es\/producto\/gosto-dos-panettones-fernandez-riveiro-carabunas\/#primaryimage"},"datePublished":"2023-11-15T14:53:34+00:00","dateModified":"2025-12-18T10:28:09+00:00","description":"Lote Bido: Godello, licor de sabugueiro, conservas, pat\u00e9s y dulces gallegos en una caja elegante. Ideal para regalar o disfrutar.","breadcrumb":{"@id":"https:\/\/carabunhas.com\/es\/producto\/gosto-dos-panettones-fernandez-riveiro-carabunas\/#breadcrumb"},"inLanguage":"es","potentialAction":[{"@type":"ReadAction","target":["https:\/\/carabunhas.com\/es\/producto\/gosto-dos-panettones-fernandez-riveiro-carabunas\/"]}]},{"@type":"BreadcrumbList","@id":"https:\/\/carabunhas.com\/es\/producto\/gosto-dos-panettones-fernandez-riveiro-carabunas\/#breadcrumb","itemListElement":[{"@type":"ListItem","position":1,"name":"Portada","item":"https:\/\/carabunhas.com\/es\/"},{"@type":"ListItem","position":2,"name":"Productos","item":"https:\/\/carabunhas.com\/es\/shop\/"},{"@type":"ListItem","position":3,"name":"Lote Bido &#8211; Carabu\u00f1as"}]}]}},"_links":{"self":[{"href":"https:\/\/carabunhas.com\/es\/wp-json\/wp\/v2\/product\/53833"}],"collection":[{"href":"https:\/\/carabunhas.com\/es\/wp-json\/wp\/v2\/product"}],"about":[{"href":"https:\/\/carabunhas.com\/es\/wp-json\/wp\/v2\/types\/product"}],"replies":[{"embeddable":true,"href":"https:\/\/carabunhas.com\/es\/wp-json\/wp\/v2\/comments?post=53833"}],"wp:featuredmedia":[{"embeddable":true,"href":"https:\/\/carabunhas.com\/es\/wp-json\/wp\/v2\/media\/54445"}],"wp:attachment":[{"href":"https:\/\/carabunhas.com\/es\/wp-json\/wp\/v2\/media?parent=53833"}],"wp:term":[{"taxonomy":"product_cat","embeddable":true,"href":"https:\/\/carabunhas.com\/es\/wp-json\/wp\/v2\/product_cat?post=53833"},{"taxonomy":"product_tag","embeddable":true,"href":"https:\/\/carabunhas.com\/es\/wp-json\/wp\/v2\/product_tag?post=53833"}],"curies":[{"name":"wp","href":"https:\/\/api.w.org\/{rel}","templated":true}]}}