{"id":53787,"date":"2023-11-02T22:08:37","date_gmt":"2023-11-02T21:08:37","guid":{"rendered":"https:\/\/carabunhas.com\/?post_type=product&#038;p=53787"},"modified":"2025-01-22T14:48:34","modified_gmt":"2025-01-22T13:48:34","slug":"queixo-cabra-xebre-600gr-riola","status":"publish","type":"product","link":"https:\/\/carabunhas.com\/es\/producto\/queixo-cabra-xebre-600gr-riola\/","title":{"rendered":"QUEIXO CABRA XEBRE 600GR- RIOLA"},"content":{"rendered":"<p>Queser\u00eda Riola es una de las pocas queser\u00edas urbanas, ya que se encuentra en el centro de allariz, en la R\u00faa Alexandre B\u00f3veda n\u00famero 4. Tanto el obrador como la cava de mauraci\u00f3n y<br \/>\nla tienda. Se encuentra a unos 7 km de la ganader\u00eda.<br \/>\nAqu\u00ed elaboramos los quesos con la leche controlada y recien orde\u00f1ada. Las anal\u00edticas sanitarias son realizadas habitualmente para poder preservar la m\u00e1xima calificaci\u00f3n sanitaria, y poder<br \/>\ntrabajar con leche cruda y sin tratamientos.<\/p>\n<p>La utilizaci\u00f3n de leche de calidad suprema, nos permite obtener unos quesos artesanales con<br \/>\nunas caracter\u00edsticas especiales. Nos permite posteriormente a la elaboraci\u00f3n, un enmohecido<br \/>\nnatural sobre la corteza de los quesos en nuestra cava y as\u00ed conseguir una textura, sabor y<br \/>\naspectos \u00fanicos.<\/p>\n<p>Queso de cabra pasta blanda. Elaborado con leche de nuestra ganader\u00eda.<br \/>\nPieza: 550 gr. apr\u00f3x<\/p>\n<p>NOTAS DE CATA<br \/>\nMaduraci\u00f3n superior a 45 de pasta sinprensar y descuerado espontaneo por autoescurrido. En el exterior, corteza algo rugosa, con una fina capa de penicilinium camemberti, debido a la flora de la cava.<\/p>\n<p>Al corte, pasta h\u00fameda y untuosa, color blanco y con ojos. Olor l\u00e1ctico (nata dulce y yogurt suave), afrutado de c\u00edtricos y f\u00fangicas en corteza (tierra h\u00fameda, setas). En boca textura blanda y untuosa, fundente y sabor l\u00e1ctico acidificado con notas afrutadas (pi\u00f1a) y dulce de nata o a fruto secos crudos como puede ser avellana.<\/p>\n<p>&nbsp;<\/p>\n","protected":false},"excerpt":{"rendered":"<p><strong>QUEIXO CABRA XEBRE 600GR- RIOLA<\/strong><\/p>\n<p>Queso de cabra pasta blanda. Elaborado con leche de nuestra ganader\u00eda.<br \/>\nPieza: 550 gr. apr\u00f3x<\/p>\n<p>NOTAS DE CATA<br \/>\nMaduraci\u00f3n superior a 45 de pasta sinprensar y descuerado espontaneo por autoescurrido. En el exterior, corteza algo rugosa, con una fina capa de penicilinium camemberti, debido a la flora de la cava.<\/p>\n<p>Al corte, pasta h\u00fameda y untuosa, color blanco y con ojos. Olor l\u00e1ctico (nata dulce y yogurt suave), afrutado de c\u00edtricos y f\u00fangicas en corteza (tierra h\u00fameda, setas). En boca textura blanda y untuosa, fundente y sabor l\u00e1ctico acidificado con notas afrutadas (pi\u00f1a) y dulce de nata o a fruto secos crudos como puede ser avellana.<\/p>\n<p>&nbsp;<\/p>\n","protected":false},"featured_media":53771,"comment_status":"closed","ping_status":"closed","template":"","meta":[],"product_cat":[14708,14668],"product_tag":[],"acf":[],"yoast_head":"<!-- This site is optimized with the Yoast SEO plugin v18.9-RC1 - https:\/\/yoast.com\/wordpress\/plugins\/seo\/ -->\n<title>QUEIXO CABRA XEBRE 600GR- RIOLA - Carabu\u00f1as<\/title>\n<meta name=\"description\" content=\"El queso Hisp\u00e1nico Curado de Feijoo es una nueva propuesta que se caracteriza por su maduraci\u00f3n en la bodega.\" \/>\n<meta name=\"robots\" content=\"index, follow, max-snippet:-1, max-image-preview:large, max-video-preview:-1\" \/>\n<link rel=\"canonical\" href=\"https:\/\/carabunhas.com\/es\/producto\/queixo-cabra-xebre-600gr-riola\/\" \/>\n<meta property=\"og:locale\" content=\"es_ES\" \/>\n<meta property=\"og:type\" content=\"article\" \/>\n<meta property=\"og:title\" content=\"QUEIXO CABRA XEBRE 600GR- RIOLA - Carabu\u00f1as\" \/>\n<meta property=\"og:description\" content=\"El queso Hisp\u00e1nico Curado de Feijoo es una nueva propuesta que se caracteriza por su maduraci\u00f3n en la bodega.\" \/>\n<meta property=\"og:url\" content=\"https:\/\/carabunhas.com\/es\/producto\/queixo-cabra-xebre-600gr-riola\/\" \/>\n<meta property=\"og:site_name\" content=\"Carabu\u00f1as\" \/>\n<meta property=\"article:modified_time\" content=\"2025-01-22T13:48:34+00:00\" \/>\n<meta property=\"og:image\" content=\"https:\/\/carabunhas.com\/wp-content\/uploads\/2023\/11\/b2b-xebre-cabra.jpg\" \/>\n\t<meta property=\"og:image:width\" content=\"1024\" \/>\n\t<meta property=\"og:image:height\" content=\"683\" \/>\n\t<meta property=\"og:image:type\" content=\"image\/jpeg\" \/>\n<meta name=\"twitter:card\" content=\"summary_large_image\" \/>\n<meta name=\"twitter:label1\" content=\"Tiempo de lectura\" \/>\n\t<meta name=\"twitter:data1\" content=\"2 minutos\" \/>\n<script type=\"application\/ld+json\" class=\"yoast-schema-graph\">{\"@context\":\"https:\/\/schema.org\",\"@graph\":[{\"@type\":\"WebSite\",\"@id\":\"https:\/\/carabunhas.com\/#website\",\"url\":\"https:\/\/carabunhas.com\/\",\"name\":\"Carabu\u00f1as\",\"description\":\"\",\"potentialAction\":[{\"@type\":\"SearchAction\",\"target\":{\"@type\":\"EntryPoint\",\"urlTemplate\":\"https:\/\/carabunhas.com\/?s={search_term_string}\"},\"query-input\":\"required name=search_term_string\"}],\"inLanguage\":\"es\"},{\"@type\":\"ImageObject\",\"inLanguage\":\"es\",\"@id\":\"https:\/\/carabunhas.com\/es\/producto\/queixo-cabra-xebre-600gr-riola\/#primaryimage\",\"url\":\"https:\/\/carabunhas.com\/wp-content\/uploads\/2023\/11\/b2b-xebre-cabra.jpg\",\"contentUrl\":\"https:\/\/carabunhas.com\/wp-content\/uploads\/2023\/11\/b2b-xebre-cabra.jpg\",\"width\":1024,\"height\":683,\"caption\":\"Pieza de queso de cabra Xebre de queser\u00eda Riola. Tienda Carabu\u00f1as.\"},{\"@type\":\"WebPage\",\"@id\":\"https:\/\/carabunhas.com\/es\/producto\/queixo-cabra-xebre-600gr-riola\/#webpage\",\"url\":\"https:\/\/carabunhas.com\/es\/producto\/queixo-cabra-xebre-600gr-riola\/\",\"name\":\"QUEIXO CABRA XEBRE 600GR- RIOLA - Carabu\u00f1as\",\"isPartOf\":{\"@id\":\"https:\/\/carabunhas.com\/#website\"},\"primaryImageOfPage\":{\"@id\":\"https:\/\/carabunhas.com\/es\/producto\/queixo-cabra-xebre-600gr-riola\/#primaryimage\"},\"datePublished\":\"2023-11-02T21:08:37+00:00\",\"dateModified\":\"2025-01-22T13:48:34+00:00\",\"description\":\"El queso Hisp\u00e1nico Curado de Feijoo es una nueva propuesta que se caracteriza por su maduraci\u00f3n en la bodega.\",\"breadcrumb\":{\"@id\":\"https:\/\/carabunhas.com\/es\/producto\/queixo-cabra-xebre-600gr-riola\/#breadcrumb\"},\"inLanguage\":\"es\",\"potentialAction\":[{\"@type\":\"ReadAction\",\"target\":[\"https:\/\/carabunhas.com\/es\/producto\/queixo-cabra-xebre-600gr-riola\/\"]}]},{\"@type\":\"BreadcrumbList\",\"@id\":\"https:\/\/carabunhas.com\/es\/producto\/queixo-cabra-xebre-600gr-riola\/#breadcrumb\",\"itemListElement\":[{\"@type\":\"ListItem\",\"position\":1,\"name\":\"Portada\",\"item\":\"https:\/\/carabunhas.com\/es\/\"},{\"@type\":\"ListItem\",\"position\":2,\"name\":\"Productos\",\"item\":\"https:\/\/carabunhas.com\/es\/shop\/\"},{\"@type\":\"ListItem\",\"position\":3,\"name\":\"QUEIXO CABRA XEBRE 600GR- RIOLA\"}]}]}<\/script>\n<!-- \/ Yoast SEO plugin. -->","yoast_head_json":{"title":"QUEIXO CABRA XEBRE 600GR- RIOLA - Carabu\u00f1as","description":"El queso Hisp\u00e1nico Curado de Feijoo es una nueva propuesta que se caracteriza por su maduraci\u00f3n en la bodega.","robots":{"index":"index","follow":"follow","max-snippet":"max-snippet:-1","max-image-preview":"max-image-preview:large","max-video-preview":"max-video-preview:-1"},"canonical":"https:\/\/carabunhas.com\/es\/producto\/queixo-cabra-xebre-600gr-riola\/","og_locale":"es_ES","og_type":"article","og_title":"QUEIXO CABRA XEBRE 600GR- RIOLA - Carabu\u00f1as","og_description":"El queso Hisp\u00e1nico Curado de Feijoo es una nueva propuesta que se caracteriza por su maduraci\u00f3n en la bodega.","og_url":"https:\/\/carabunhas.com\/es\/producto\/queixo-cabra-xebre-600gr-riola\/","og_site_name":"Carabu\u00f1as","article_modified_time":"2025-01-22T13:48:34+00:00","og_image":[{"width":1024,"height":683,"url":"https:\/\/carabunhas.com\/wp-content\/uploads\/2023\/11\/b2b-xebre-cabra.jpg","type":"image\/jpeg"}],"twitter_card":"summary_large_image","twitter_misc":{"Tiempo de lectura":"2 minutos"},"schema":{"@context":"https:\/\/schema.org","@graph":[{"@type":"WebSite","@id":"https:\/\/carabunhas.com\/#website","url":"https:\/\/carabunhas.com\/","name":"Carabu\u00f1as","description":"","potentialAction":[{"@type":"SearchAction","target":{"@type":"EntryPoint","urlTemplate":"https:\/\/carabunhas.com\/?s={search_term_string}"},"query-input":"required name=search_term_string"}],"inLanguage":"es"},{"@type":"ImageObject","inLanguage":"es","@id":"https:\/\/carabunhas.com\/es\/producto\/queixo-cabra-xebre-600gr-riola\/#primaryimage","url":"https:\/\/carabunhas.com\/wp-content\/uploads\/2023\/11\/b2b-xebre-cabra.jpg","contentUrl":"https:\/\/carabunhas.com\/wp-content\/uploads\/2023\/11\/b2b-xebre-cabra.jpg","width":1024,"height":683,"caption":"Pieza de queso de cabra Xebre de queser\u00eda Riola. Tienda Carabu\u00f1as."},{"@type":"WebPage","@id":"https:\/\/carabunhas.com\/es\/producto\/queixo-cabra-xebre-600gr-riola\/#webpage","url":"https:\/\/carabunhas.com\/es\/producto\/queixo-cabra-xebre-600gr-riola\/","name":"QUEIXO CABRA XEBRE 600GR- RIOLA - Carabu\u00f1as","isPartOf":{"@id":"https:\/\/carabunhas.com\/#website"},"primaryImageOfPage":{"@id":"https:\/\/carabunhas.com\/es\/producto\/queixo-cabra-xebre-600gr-riola\/#primaryimage"},"datePublished":"2023-11-02T21:08:37+00:00","dateModified":"2025-01-22T13:48:34+00:00","description":"El queso Hisp\u00e1nico Curado de Feijoo es una nueva propuesta que se caracteriza por su maduraci\u00f3n en la bodega.","breadcrumb":{"@id":"https:\/\/carabunhas.com\/es\/producto\/queixo-cabra-xebre-600gr-riola\/#breadcrumb"},"inLanguage":"es","potentialAction":[{"@type":"ReadAction","target":["https:\/\/carabunhas.com\/es\/producto\/queixo-cabra-xebre-600gr-riola\/"]}]},{"@type":"BreadcrumbList","@id":"https:\/\/carabunhas.com\/es\/producto\/queixo-cabra-xebre-600gr-riola\/#breadcrumb","itemListElement":[{"@type":"ListItem","position":1,"name":"Portada","item":"https:\/\/carabunhas.com\/es\/"},{"@type":"ListItem","position":2,"name":"Productos","item":"https:\/\/carabunhas.com\/es\/shop\/"},{"@type":"ListItem","position":3,"name":"QUEIXO CABRA XEBRE 600GR- RIOLA"}]}]}},"_links":{"self":[{"href":"https:\/\/carabunhas.com\/es\/wp-json\/wp\/v2\/product\/53787"}],"collection":[{"href":"https:\/\/carabunhas.com\/es\/wp-json\/wp\/v2\/product"}],"about":[{"href":"https:\/\/carabunhas.com\/es\/wp-json\/wp\/v2\/types\/product"}],"replies":[{"embeddable":true,"href":"https:\/\/carabunhas.com\/es\/wp-json\/wp\/v2\/comments?post=53787"}],"wp:featuredmedia":[{"embeddable":true,"href":"https:\/\/carabunhas.com\/es\/wp-json\/wp\/v2\/media\/53771"}],"wp:attachment":[{"href":"https:\/\/carabunhas.com\/es\/wp-json\/wp\/v2\/media?parent=53787"}],"wp:term":[{"taxonomy":"product_cat","embeddable":true,"href":"https:\/\/carabunhas.com\/es\/wp-json\/wp\/v2\/product_cat?post=53787"},{"taxonomy":"product_tag","embeddable":true,"href":"https:\/\/carabunhas.com\/es\/wp-json\/wp\/v2\/product_tag?post=53787"}],"curies":[{"name":"wp","href":"https:\/\/api.w.org\/{rel}","templated":true}]}}