{"id":53784,"date":"2023-11-02T21:38:38","date_gmt":"2023-11-02T20:38:38","guid":{"rendered":"https:\/\/carabunhas.com\/?post_type=product&#038;p=53784"},"modified":"2026-04-12T22:19:21","modified_gmt":"2026-04-12T20:19:21","slug":"queixo-vaca-novus-600gr-riola","status":"publish","type":"product","link":"https:\/\/carabunhas.com\/es\/producto\/queixo-vaca-novus-600gr-riola\/","title":{"rendered":"QUEIXO VACA NOVUS 600GR- RIOLA"},"content":{"rendered":"<p>CARACTER\u00cdSTICAS:<br \/>\nQueso elaborado con leche cruda de vaca jersey, coagulaci\u00f3n de tipo enzim\u00e1tica y cuajonatural de cabrito.<br \/>\nPieza: 550 gr. apr\u00f3x<\/p>\n<p>NOTAS DE CATA<br \/>\nMaduraci\u00f3n superior a 60 d\u00edas, de pasta sin prensar y descuerado espont\u00e1neo por autoescurrido. En el exterior, corteza algo rugosa, fina y lavada de color marfil-amarilla.<\/p>\n<p>Al corte presenta una pasta firme de color amarillento. Olor de itensidad baja, l\u00e1ctico. En boca sabor intenso y persistente y persistente, gusto a frutos secos y a champi\u00f1\u00f3n en el caso de comer la corteza natural.<\/p>\n<p>&nbsp;<\/p>\n","protected":false},"excerpt":{"rendered":"<p><strong>QUEIXO VACA NOVUS 600GR- RIOLA<\/strong><\/p>\n<p>CARACTER\u00cdSTICAS:<br \/>\nQueso elaborado con leche cruda de vaca jersey, coagulaci\u00f3n de tipo enzim\u00e1tica y cuajonatural de cabrito.<br \/>\nPieza: 550 gr. apr\u00f3x<\/p>\n<p>NOTAS DE CATA<br \/>\nMaduraci\u00f3n superior a 60 d\u00edas, de pasta sin prensar y descuerado espont\u00e1neo por autoescurrido. En el exterior, corteza algo rugosa, fina y lavada de color marfil-amarilla.<\/p>\n","protected":false},"featured_media":53775,"comment_status":"closed","ping_status":"closed","template":"","meta":[],"product_cat":[14708,14668],"product_tag":[],"acf":[],"yoast_head":"<!-- This site is optimized with the Yoast SEO plugin v18.9-RC1 - https:\/\/yoast.com\/wordpress\/plugins\/seo\/ -->\n<title>QUEIXO VACA NOVUS 600GR- RIOLA - Carabu\u00f1as<\/title>\n<meta name=\"description\" content=\"El queso Hisp\u00e1nico Curado de Feijoo es una nueva propuesta que se caracteriza por su maduraci\u00f3n en la bodega.\" \/>\n<meta name=\"robots\" content=\"index, follow, max-snippet:-1, max-image-preview:large, max-video-preview:-1\" \/>\n<link rel=\"canonical\" href=\"https:\/\/carabunhas.com\/es\/producto\/queixo-vaca-novus-600gr-riola\/\" \/>\n<meta property=\"og:locale\" content=\"es_ES\" \/>\n<meta property=\"og:type\" content=\"article\" \/>\n<meta property=\"og:title\" content=\"QUEIXO VACA NOVUS 600GR- RIOLA - Carabu\u00f1as\" \/>\n<meta property=\"og:description\" content=\"El queso Hisp\u00e1nico Curado de Feijoo es una nueva propuesta que se caracteriza por su maduraci\u00f3n en la bodega.\" \/>\n<meta property=\"og:url\" content=\"https:\/\/carabunhas.com\/es\/producto\/queixo-vaca-novus-600gr-riola\/\" \/>\n<meta property=\"og:site_name\" content=\"Carabu\u00f1as\" \/>\n<meta property=\"article:modified_time\" content=\"2026-04-12T20:19:21+00:00\" \/>\n<meta property=\"og:image\" content=\"https:\/\/carabunhas.com\/wp-content\/uploads\/2023\/11\/b2b-novus-vaca.jpg\" \/>\n\t<meta property=\"og:image:width\" content=\"1024\" \/>\n\t<meta property=\"og:image:height\" content=\"683\" \/>\n\t<meta property=\"og:image:type\" content=\"image\/jpeg\" \/>\n<meta name=\"twitter:card\" content=\"summary_large_image\" \/>\n<meta name=\"twitter:label1\" content=\"Tiempo de lectura\" \/>\n\t<meta name=\"twitter:data1\" content=\"1 minuto\" \/>\n<script type=\"application\/ld+json\" class=\"yoast-schema-graph\">{\"@context\":\"https:\/\/schema.org\",\"@graph\":[{\"@type\":\"WebSite\",\"@id\":\"https:\/\/carabunhas.com\/#website\",\"url\":\"https:\/\/carabunhas.com\/\",\"name\":\"Carabu\u00f1as\",\"description\":\"\",\"potentialAction\":[{\"@type\":\"SearchAction\",\"target\":{\"@type\":\"EntryPoint\",\"urlTemplate\":\"https:\/\/carabunhas.com\/?s={search_term_string}\"},\"query-input\":\"required name=search_term_string\"}],\"inLanguage\":\"es\"},{\"@type\":\"ImageObject\",\"inLanguage\":\"es\",\"@id\":\"https:\/\/carabunhas.com\/es\/producto\/queixo-vaca-novus-600gr-riola\/#primaryimage\",\"url\":\"https:\/\/carabunhas.com\/wp-content\/uploads\/2023\/11\/b2b-novus-vaca.jpg\",\"contentUrl\":\"https:\/\/carabunhas.com\/wp-content\/uploads\/2023\/11\/b2b-novus-vaca.jpg\",\"width\":1024,\"height\":683,\"caption\":\"Pieza de queso de vaca Novus de queser\u00eda Riola de Allariz. Tienda Carabu\u00f1as.\"},{\"@type\":\"WebPage\",\"@id\":\"https:\/\/carabunhas.com\/es\/producto\/queixo-vaca-novus-600gr-riola\/#webpage\",\"url\":\"https:\/\/carabunhas.com\/es\/producto\/queixo-vaca-novus-600gr-riola\/\",\"name\":\"QUEIXO VACA NOVUS 600GR- RIOLA - Carabu\u00f1as\",\"isPartOf\":{\"@id\":\"https:\/\/carabunhas.com\/#website\"},\"primaryImageOfPage\":{\"@id\":\"https:\/\/carabunhas.com\/es\/producto\/queixo-vaca-novus-600gr-riola\/#primaryimage\"},\"datePublished\":\"2023-11-02T20:38:38+00:00\",\"dateModified\":\"2026-04-12T20:19:21+00:00\",\"description\":\"El queso Hisp\u00e1nico Curado de Feijoo es una nueva propuesta que se caracteriza por su maduraci\u00f3n en la bodega.\",\"breadcrumb\":{\"@id\":\"https:\/\/carabunhas.com\/es\/producto\/queixo-vaca-novus-600gr-riola\/#breadcrumb\"},\"inLanguage\":\"es\",\"potentialAction\":[{\"@type\":\"ReadAction\",\"target\":[\"https:\/\/carabunhas.com\/es\/producto\/queixo-vaca-novus-600gr-riola\/\"]}]},{\"@type\":\"BreadcrumbList\",\"@id\":\"https:\/\/carabunhas.com\/es\/producto\/queixo-vaca-novus-600gr-riola\/#breadcrumb\",\"itemListElement\":[{\"@type\":\"ListItem\",\"position\":1,\"name\":\"Portada\",\"item\":\"https:\/\/carabunhas.com\/es\/\"},{\"@type\":\"ListItem\",\"position\":2,\"name\":\"Productos\",\"item\":\"https:\/\/carabunhas.com\/es\/shop\/\"},{\"@type\":\"ListItem\",\"position\":3,\"name\":\"QUEIXO VACA NOVUS 600GR- RIOLA\"}]}]}<\/script>\n<!-- \/ Yoast SEO plugin. -->","yoast_head_json":{"title":"QUEIXO VACA NOVUS 600GR- RIOLA - Carabu\u00f1as","description":"El queso Hisp\u00e1nico Curado de Feijoo es una nueva propuesta que se caracteriza por su maduraci\u00f3n en la bodega.","robots":{"index":"index","follow":"follow","max-snippet":"max-snippet:-1","max-image-preview":"max-image-preview:large","max-video-preview":"max-video-preview:-1"},"canonical":"https:\/\/carabunhas.com\/es\/producto\/queixo-vaca-novus-600gr-riola\/","og_locale":"es_ES","og_type":"article","og_title":"QUEIXO VACA NOVUS 600GR- RIOLA - Carabu\u00f1as","og_description":"El queso Hisp\u00e1nico Curado de Feijoo es una nueva propuesta que se caracteriza por su maduraci\u00f3n en la bodega.","og_url":"https:\/\/carabunhas.com\/es\/producto\/queixo-vaca-novus-600gr-riola\/","og_site_name":"Carabu\u00f1as","article_modified_time":"2026-04-12T20:19:21+00:00","og_image":[{"width":1024,"height":683,"url":"https:\/\/carabunhas.com\/wp-content\/uploads\/2023\/11\/b2b-novus-vaca.jpg","type":"image\/jpeg"}],"twitter_card":"summary_large_image","twitter_misc":{"Tiempo de lectura":"1 minuto"},"schema":{"@context":"https:\/\/schema.org","@graph":[{"@type":"WebSite","@id":"https:\/\/carabunhas.com\/#website","url":"https:\/\/carabunhas.com\/","name":"Carabu\u00f1as","description":"","potentialAction":[{"@type":"SearchAction","target":{"@type":"EntryPoint","urlTemplate":"https:\/\/carabunhas.com\/?s={search_term_string}"},"query-input":"required name=search_term_string"}],"inLanguage":"es"},{"@type":"ImageObject","inLanguage":"es","@id":"https:\/\/carabunhas.com\/es\/producto\/queixo-vaca-novus-600gr-riola\/#primaryimage","url":"https:\/\/carabunhas.com\/wp-content\/uploads\/2023\/11\/b2b-novus-vaca.jpg","contentUrl":"https:\/\/carabunhas.com\/wp-content\/uploads\/2023\/11\/b2b-novus-vaca.jpg","width":1024,"height":683,"caption":"Pieza de queso de vaca Novus de queser\u00eda Riola de Allariz. Tienda Carabu\u00f1as."},{"@type":"WebPage","@id":"https:\/\/carabunhas.com\/es\/producto\/queixo-vaca-novus-600gr-riola\/#webpage","url":"https:\/\/carabunhas.com\/es\/producto\/queixo-vaca-novus-600gr-riola\/","name":"QUEIXO VACA NOVUS 600GR- RIOLA - Carabu\u00f1as","isPartOf":{"@id":"https:\/\/carabunhas.com\/#website"},"primaryImageOfPage":{"@id":"https:\/\/carabunhas.com\/es\/producto\/queixo-vaca-novus-600gr-riola\/#primaryimage"},"datePublished":"2023-11-02T20:38:38+00:00","dateModified":"2026-04-12T20:19:21+00:00","description":"El queso Hisp\u00e1nico Curado de Feijoo es una nueva propuesta que se caracteriza por su maduraci\u00f3n en la bodega.","breadcrumb":{"@id":"https:\/\/carabunhas.com\/es\/producto\/queixo-vaca-novus-600gr-riola\/#breadcrumb"},"inLanguage":"es","potentialAction":[{"@type":"ReadAction","target":["https:\/\/carabunhas.com\/es\/producto\/queixo-vaca-novus-600gr-riola\/"]}]},{"@type":"BreadcrumbList","@id":"https:\/\/carabunhas.com\/es\/producto\/queixo-vaca-novus-600gr-riola\/#breadcrumb","itemListElement":[{"@type":"ListItem","position":1,"name":"Portada","item":"https:\/\/carabunhas.com\/es\/"},{"@type":"ListItem","position":2,"name":"Productos","item":"https:\/\/carabunhas.com\/es\/shop\/"},{"@type":"ListItem","position":3,"name":"QUEIXO VACA NOVUS 600GR- RIOLA"}]}]}},"_links":{"self":[{"href":"https:\/\/carabunhas.com\/es\/wp-json\/wp\/v2\/product\/53784"}],"collection":[{"href":"https:\/\/carabunhas.com\/es\/wp-json\/wp\/v2\/product"}],"about":[{"href":"https:\/\/carabunhas.com\/es\/wp-json\/wp\/v2\/types\/product"}],"replies":[{"embeddable":true,"href":"https:\/\/carabunhas.com\/es\/wp-json\/wp\/v2\/comments?post=53784"}],"wp:featuredmedia":[{"embeddable":true,"href":"https:\/\/carabunhas.com\/es\/wp-json\/wp\/v2\/media\/53775"}],"wp:attachment":[{"href":"https:\/\/carabunhas.com\/es\/wp-json\/wp\/v2\/media?parent=53784"}],"wp:term":[{"taxonomy":"product_cat","embeddable":true,"href":"https:\/\/carabunhas.com\/es\/wp-json\/wp\/v2\/product_cat?post=53784"},{"taxonomy":"product_tag","embeddable":true,"href":"https:\/\/carabunhas.com\/es\/wp-json\/wp\/v2\/product_tag?post=53784"}],"curies":[{"name":"wp","href":"https:\/\/api.w.org\/{rel}","templated":true}]}}