{"id":5372,"date":"2020-10-08T12:24:47","date_gmt":"2020-10-08T10:24:47","guid":{"rendered":"https:\/\/carabunhas.com\/?post_type=product&#038;p=5372"},"modified":"2026-03-23T16:39:36","modified_gmt":"2026-03-23T15:39:36","slug":"flor-sauco-deshidratada-eco","status":"publish","type":"product","link":"https:\/\/carabunhas.com\/es\/producto\/flor-sauco-deshidratada-eco\/","title":{"rendered":"Flor de sa\u00faco deshidratada ecol\u00f3gica 35g- Sabugalia"},"content":{"rendered":"<p>La <strong>flor de sa\u00faco deshidratada Carabu\u00f1as<\/strong> es el resultado de un trabajo cuidado y responsable con el entorno. Las flores son recolectadas en el momento ideal de ternura y aroma, y su <strong>deshidrataci\u00f3n a baja temperatura<\/strong> busca preservar al m\u00e1ximo sus beneficios y propiedades. Esta flor de Sambucus Nigra es obtenida en nuestras <strong>plantaciones con certificaci\u00f3n ecol\u00f3gica<\/strong>, de la variedad atl\u00e1ntica de sa\u00faco, una especie \u00edntimamente ligada a Galicia y norte de Portugal.<\/p>\n<p>La deshidrataci\u00f3n es una t\u00e9cnica que permite conservar los alimentos de una forma saludable, sin necesidad de aditivos ni conservantes. En Carabu\u00f1as extraemos el agua de las flores de sa\u00faco con bajas temperaturas, de esta forma alargamos el per\u00edodo para consumirlas en buen estado y preservamos sus <strong>propiedades antiinflamatorias, antis\u00e9pticas y depurativas<\/strong>. La flor de sa\u00faco deshidratada Carabu\u00f1as est\u00e1 pensada para ser tomada en <strong>infusi\u00f3n<\/strong>, especialmente indicada para aliviar problemas del sistema respiratorio y por su gran poder antiinflamatorio.<\/p>\n<p>En Carabu\u00f1as apostamos por el aprovechamiento del sa\u00faco para la elaboraci\u00f3n de productos de alimentaci\u00f3n de alta calidad. Todos nuestros cultivos de sa\u00faco tienen certificaci\u00f3n ecol\u00f3gica.<\/p>\n<h5>Ingredientes<\/h5>\n<ul>\n<li>Flores deshidratadas de Sambucus Nigra L Variedad Atl\u00e1ntica (Galicia y Norte de Portugal).<\/li>\n<\/ul>\n","protected":false},"excerpt":{"rendered":"<h3>Flor de sa\u00faco deshidratada<\/h3>\n<p>Esta bolsa es una selecci\u00f3n de las mejores <strong>flores de sa\u00faco ecol\u00f3gicas<\/strong>. Recogidas en el punto perfecto de aroma y posteriormente deshidratadas a baja temperatura para conservar todas sus propiedades.<\/p>\n<p>La flor de sa\u00faco deshidratada Carabu\u00f1as es <strong>antiinflamatoria, antis\u00e9ptica, depurativa<\/strong> e indicada para a<strong>liviar problemas del sistema respiratorio<\/strong>, la flor de sa\u00faco deshidratada est\u00e1 pensada para ser consumida en infusi\u00f3n.<\/p>\n<p><strong>Elderflower<\/strong>. Sambucus Nigra L, variedade Atl\u00e1ntica (Galicia y Norte de Portugal).<\/p>\n<p>Bolsa de 30 gr.<\/p>\n","protected":false},"featured_media":54526,"comment_status":"closed","ping_status":"closed","template":"","meta":[],"product_cat":[14767,14668],"product_tag":[],"acf":[],"yoast_head":"<!-- This site is optimized with the Yoast SEO plugin v18.9-RC1 - https:\/\/yoast.com\/wordpress\/plugins\/seo\/ -->\n<title>Flor de sa\u00faco deshidratada ecol\u00f3gica 35g- Sabugalia -<\/title>\n<meta name=\"description\" content=\"Flor de sa\u00faco deshidratada ecol\u00f3gica 35g de Sabugalia. Ideal para infusiones naturales con propiedades antiinflamatorias y respiratorias. Cultivo ecol\u00f3gico en Galicia.\" \/>\n<meta name=\"robots\" content=\"index, follow, max-snippet:-1, max-image-preview:large, max-video-preview:-1\" \/>\n<link rel=\"canonical\" href=\"https:\/\/carabunhas.com\/es\/producto\/flor-sauco-deshidratada-eco\/\" \/>\n<meta property=\"og:locale\" content=\"es_ES\" \/>\n<meta property=\"og:type\" content=\"article\" \/>\n<meta property=\"og:title\" content=\"Flor de sa\u00faco deshidratada ecol\u00f3gica 35g- Sabugalia -\" \/>\n<meta property=\"og:description\" content=\"Flor de sa\u00faco deshidratada ecol\u00f3gica 35g de Sabugalia. Ideal para infusiones naturales con propiedades antiinflamatorias y respiratorias. Cultivo ecol\u00f3gico en Galicia.\" \/>\n<meta property=\"og:url\" content=\"https:\/\/carabunhas.com\/es\/producto\/flor-sauco-deshidratada-eco\/\" \/>\n<meta property=\"og:site_name\" content=\"Carabu\u00f1as\" \/>\n<meta property=\"article:modified_time\" content=\"2026-03-23T15:39:36+00:00\" \/>\n<meta property=\"og:image\" content=\"https:\/\/carabunhas.com\/wp-content\/uploads\/2020\/10\/Gemini_Generated_Image_r13vjfr13vjfr13v.png\" \/>\n\t<meta property=\"og:image:width\" content=\"768\" \/>\n\t<meta property=\"og:image:height\" content=\"1365\" \/>\n\t<meta property=\"og:image:type\" content=\"image\/png\" \/>\n<meta name=\"twitter:card\" content=\"summary_large_image\" \/>\n<meta name=\"twitter:label1\" content=\"Tiempo de lectura\" \/>\n\t<meta name=\"twitter:data1\" content=\"1 minuto\" \/>\n<script type=\"application\/ld+json\" class=\"yoast-schema-graph\">{\"@context\":\"https:\/\/schema.org\",\"@graph\":[{\"@type\":\"WebSite\",\"@id\":\"https:\/\/carabunhas.com\/#website\",\"url\":\"https:\/\/carabunhas.com\/\",\"name\":\"Carabu\u00f1as\",\"description\":\"\",\"potentialAction\":[{\"@type\":\"SearchAction\",\"target\":{\"@type\":\"EntryPoint\",\"urlTemplate\":\"https:\/\/carabunhas.com\/?s={search_term_string}\"},\"query-input\":\"required name=search_term_string\"}],\"inLanguage\":\"es\"},{\"@type\":\"ImageObject\",\"inLanguage\":\"es\",\"@id\":\"https:\/\/carabunhas.com\/es\/producto\/flor-sauco-deshidratada-eco\/#primaryimage\",\"url\":\"https:\/\/carabunhas.com\/wp-content\/uploads\/2020\/10\/Gemini_Generated_Image_r13vjfr13vjfr13v.png\",\"contentUrl\":\"https:\/\/carabunhas.com\/wp-content\/uploads\/2020\/10\/Gemini_Generated_Image_r13vjfr13vjfr13v.png\",\"width\":768,\"height\":1365,\"caption\":\"Flor de sa\u00faco- Sabugalia\"},{\"@type\":\"WebPage\",\"@id\":\"https:\/\/carabunhas.com\/es\/producto\/flor-sauco-deshidratada-eco\/#webpage\",\"url\":\"https:\/\/carabunhas.com\/es\/producto\/flor-sauco-deshidratada-eco\/\",\"name\":\"Flor de sa\u00faco deshidratada ecol\u00f3gica 35g- Sabugalia -\",\"isPartOf\":{\"@id\":\"https:\/\/carabunhas.com\/#website\"},\"primaryImageOfPage\":{\"@id\":\"https:\/\/carabunhas.com\/es\/producto\/flor-sauco-deshidratada-eco\/#primaryimage\"},\"datePublished\":\"2020-10-08T10:24:47+00:00\",\"dateModified\":\"2026-03-23T15:39:36+00:00\",\"description\":\"Flor de sa\u00faco deshidratada ecol\u00f3gica 35g de Sabugalia. Ideal para infusiones naturales con propiedades antiinflamatorias y respiratorias. Cultivo ecol\u00f3gico en Galicia.\",\"breadcrumb\":{\"@id\":\"https:\/\/carabunhas.com\/es\/producto\/flor-sauco-deshidratada-eco\/#breadcrumb\"},\"inLanguage\":\"es\",\"potentialAction\":[{\"@type\":\"ReadAction\",\"target\":[\"https:\/\/carabunhas.com\/es\/producto\/flor-sauco-deshidratada-eco\/\"]}]},{\"@type\":\"BreadcrumbList\",\"@id\":\"https:\/\/carabunhas.com\/es\/producto\/flor-sauco-deshidratada-eco\/#breadcrumb\",\"itemListElement\":[{\"@type\":\"ListItem\",\"position\":1,\"name\":\"Portada\",\"item\":\"https:\/\/carabunhas.com\/es\/\"},{\"@type\":\"ListItem\",\"position\":2,\"name\":\"Productos\",\"item\":\"https:\/\/carabunhas.com\/es\/shop\/\"},{\"@type\":\"ListItem\",\"position\":3,\"name\":\"Flor de sa\u00faco deshidratada ecol\u00f3gica 35g- Sabugalia\"}]}]}<\/script>\n<!-- \/ Yoast SEO plugin. -->","yoast_head_json":{"title":"Flor de sa\u00faco deshidratada ecol\u00f3gica 35g- Sabugalia -","description":"Flor de sa\u00faco deshidratada ecol\u00f3gica 35g de Sabugalia. Ideal para infusiones naturales con propiedades antiinflamatorias y respiratorias. Cultivo ecol\u00f3gico en Galicia.","robots":{"index":"index","follow":"follow","max-snippet":"max-snippet:-1","max-image-preview":"max-image-preview:large","max-video-preview":"max-video-preview:-1"},"canonical":"https:\/\/carabunhas.com\/es\/producto\/flor-sauco-deshidratada-eco\/","og_locale":"es_ES","og_type":"article","og_title":"Flor de sa\u00faco deshidratada ecol\u00f3gica 35g- Sabugalia -","og_description":"Flor de sa\u00faco deshidratada ecol\u00f3gica 35g de Sabugalia. Ideal para infusiones naturales con propiedades antiinflamatorias y respiratorias. Cultivo ecol\u00f3gico en Galicia.","og_url":"https:\/\/carabunhas.com\/es\/producto\/flor-sauco-deshidratada-eco\/","og_site_name":"Carabu\u00f1as","article_modified_time":"2026-03-23T15:39:36+00:00","og_image":[{"width":768,"height":1365,"url":"https:\/\/carabunhas.com\/wp-content\/uploads\/2020\/10\/Gemini_Generated_Image_r13vjfr13vjfr13v.png","type":"image\/png"}],"twitter_card":"summary_large_image","twitter_misc":{"Tiempo de lectura":"1 minuto"},"schema":{"@context":"https:\/\/schema.org","@graph":[{"@type":"WebSite","@id":"https:\/\/carabunhas.com\/#website","url":"https:\/\/carabunhas.com\/","name":"Carabu\u00f1as","description":"","potentialAction":[{"@type":"SearchAction","target":{"@type":"EntryPoint","urlTemplate":"https:\/\/carabunhas.com\/?s={search_term_string}"},"query-input":"required name=search_term_string"}],"inLanguage":"es"},{"@type":"ImageObject","inLanguage":"es","@id":"https:\/\/carabunhas.com\/es\/producto\/flor-sauco-deshidratada-eco\/#primaryimage","url":"https:\/\/carabunhas.com\/wp-content\/uploads\/2020\/10\/Gemini_Generated_Image_r13vjfr13vjfr13v.png","contentUrl":"https:\/\/carabunhas.com\/wp-content\/uploads\/2020\/10\/Gemini_Generated_Image_r13vjfr13vjfr13v.png","width":768,"height":1365,"caption":"Flor de sa\u00faco- Sabugalia"},{"@type":"WebPage","@id":"https:\/\/carabunhas.com\/es\/producto\/flor-sauco-deshidratada-eco\/#webpage","url":"https:\/\/carabunhas.com\/es\/producto\/flor-sauco-deshidratada-eco\/","name":"Flor de sa\u00faco deshidratada ecol\u00f3gica 35g- Sabugalia -","isPartOf":{"@id":"https:\/\/carabunhas.com\/#website"},"primaryImageOfPage":{"@id":"https:\/\/carabunhas.com\/es\/producto\/flor-sauco-deshidratada-eco\/#primaryimage"},"datePublished":"2020-10-08T10:24:47+00:00","dateModified":"2026-03-23T15:39:36+00:00","description":"Flor de sa\u00faco deshidratada ecol\u00f3gica 35g de Sabugalia. Ideal para infusiones naturales con propiedades antiinflamatorias y respiratorias. Cultivo ecol\u00f3gico en Galicia.","breadcrumb":{"@id":"https:\/\/carabunhas.com\/es\/producto\/flor-sauco-deshidratada-eco\/#breadcrumb"},"inLanguage":"es","potentialAction":[{"@type":"ReadAction","target":["https:\/\/carabunhas.com\/es\/producto\/flor-sauco-deshidratada-eco\/"]}]},{"@type":"BreadcrumbList","@id":"https:\/\/carabunhas.com\/es\/producto\/flor-sauco-deshidratada-eco\/#breadcrumb","itemListElement":[{"@type":"ListItem","position":1,"name":"Portada","item":"https:\/\/carabunhas.com\/es\/"},{"@type":"ListItem","position":2,"name":"Productos","item":"https:\/\/carabunhas.com\/es\/shop\/"},{"@type":"ListItem","position":3,"name":"Flor de sa\u00faco deshidratada ecol\u00f3gica 35g- Sabugalia"}]}]}},"_links":{"self":[{"href":"https:\/\/carabunhas.com\/es\/wp-json\/wp\/v2\/product\/5372"}],"collection":[{"href":"https:\/\/carabunhas.com\/es\/wp-json\/wp\/v2\/product"}],"about":[{"href":"https:\/\/carabunhas.com\/es\/wp-json\/wp\/v2\/types\/product"}],"replies":[{"embeddable":true,"href":"https:\/\/carabunhas.com\/es\/wp-json\/wp\/v2\/comments?post=5372"}],"wp:featuredmedia":[{"embeddable":true,"href":"https:\/\/carabunhas.com\/es\/wp-json\/wp\/v2\/media\/54526"}],"wp:attachment":[{"href":"https:\/\/carabunhas.com\/es\/wp-json\/wp\/v2\/media?parent=5372"}],"wp:term":[{"taxonomy":"product_cat","embeddable":true,"href":"https:\/\/carabunhas.com\/es\/wp-json\/wp\/v2\/product_cat?post=5372"},{"taxonomy":"product_tag","embeddable":true,"href":"https:\/\/carabunhas.com\/es\/wp-json\/wp\/v2\/product_tag?post=5372"}],"curies":[{"name":"wp","href":"https:\/\/api.w.org\/{rel}","templated":true}]}}