{"id":53620,"date":"2023-10-31T16:22:26","date_gmt":"2023-10-31T15:22:26","guid":{"rendered":"https:\/\/carabunhas.com\/?post_type=product&#038;p=53620"},"modified":"2026-04-27T08:10:11","modified_gmt":"2026-04-27T06:10:11","slug":"licor-cafe-700ml-gosto","status":"publish","type":"product","link":"https:\/\/carabunhas.com\/es\/producto\/licor-cafe-700ml-gosto\/","title":{"rendered":"Licor Caf\u00e9 700ml- GOSTO!"},"content":{"rendered":"<h5>Un licor \u00fanico<\/h5>\n<p>El <strong>licor caf\u00e9 <\/strong>es sin duda unos de los emblemas de los espirituosos gallegos. Desde sus comienzos como receta tradicional, poco c poco se ha convertido en unos de los licores mas reconocidos en la gastronom\u00eda gallega.\u00a0 Es el resultado de un <strong>proceso artesanal y cuidadoso<\/strong>. Los granos de caf\u00e9\u00a0 se mezclan con aguardiente en una meceraci\u00f3n lenta. De esta forma conseguimos extraer todo el aroma y color de los granos. El resultado es una aut\u00e9ntica p\u00f3cima m\u00e1gica, que contiene toda la esencia del mejor licor artesanal.<\/p>\n<p>En Gosto seguimos ampliando nuestra gama de la mano de los mejores productores de Galicia. Poniendo en valor todo su saber hacer con untoque de innovaci\u00f3n y dise\u00f1o.<\/p>\n<p>Recomendamos consumir nuestro licor caf\u00e9 Gosto en las sobremesas, despu\u00e9s de una buena comida o cena. Fr\u00edo y en buena compa\u00f1\u00eda.<\/p>\n<p>&nbsp;<\/p>\n<p>&nbsp;<\/p>\n","protected":false},"excerpt":{"rendered":"<h3>Licor Caf\u00e9 700ml- GOSTO!<\/h3>\n<p>El <strong>licor caf\u00e9 <\/strong>es sin duda unos de los emblemas de los espirituosos gallegos. Desde sus comienzos como receta tradicional, poco c poco se ha convertido en unos de los licores mas reconocidos en la gastronom\u00eda gallega.\u00a0 Es el resultado de un <strong>proceso artesanal y cuidadoso<\/strong>. Los granos de caf\u00e9\u00a0 se mezclan con aguardiente en una meceraci\u00f3n lenta. De esta forma conseguimos extraer todo el aroma y color de los granos. El resultado es una aut\u00e9ntica p\u00f3cima m\u00e1gica, que contiene toda la esencia del mejor licor artesanal.<\/p>\n","protected":false},"featured_media":53624,"comment_status":"closed","ping_status":"closed","template":"","meta":[],"product_cat":[14764,22,14668],"product_tag":[],"acf":[],"yoast_head":"<!-- This site is optimized with the Yoast SEO plugin v18.9-RC1 - https:\/\/yoast.com\/wordpress\/plugins\/seo\/ -->\n<title>Licor Caf\u00e9 700ml- GOSTO! -<\/title>\n<meta name=\"robots\" content=\"index, follow, max-snippet:-1, max-image-preview:large, max-video-preview:-1\" \/>\n<link rel=\"canonical\" href=\"https:\/\/carabunhas.com\/es\/producto\/licor-cafe-700ml-gosto\/\" \/>\n<meta property=\"og:locale\" content=\"es_ES\" \/>\n<meta property=\"og:type\" content=\"article\" \/>\n<meta property=\"og:title\" content=\"Licor Caf\u00e9 700ml- GOSTO! -\" \/>\n<meta property=\"og:description\" content=\"Licor Caf\u00e9 700ml- GOSTO! El licor caf\u00e9 es sin duda unos de los emblemas de los espirituosos gallegos. Desde sus comienzos como receta tradicional, poco c poco se ha convertido en unos de los licores mas reconocidos en la gastronom\u00eda gallega.\u00a0 Es el resultado de un proceso artesanal y cuidadoso. Los granos de caf\u00e9\u00a0 se mezclan con aguardiente en una meceraci\u00f3n lenta. De esta forma conseguimos extraer todo el aroma y color de los granos. El resultado es una aut\u00e9ntica p\u00f3cima m\u00e1gica, que contiene toda la esencia del mejor licor artesanal.\" \/>\n<meta property=\"og:url\" content=\"https:\/\/carabunhas.com\/es\/producto\/licor-cafe-700ml-gosto\/\" \/>\n<meta property=\"og:site_name\" content=\"Carabu\u00f1as\" \/>\n<meta property=\"article:modified_time\" content=\"2026-04-27T06:10:11+00:00\" \/>\n<meta property=\"og:image\" content=\"https:\/\/carabunhas.com\/wp-content\/uploads\/2023\/10\/b2b-licor-cafe-1.jpg\" \/>\n\t<meta property=\"og:image:width\" content=\"1024\" \/>\n\t<meta property=\"og:image:height\" content=\"683\" \/>\n\t<meta property=\"og:image:type\" content=\"image\/jpeg\" \/>\n<meta name=\"twitter:card\" content=\"summary_large_image\" \/>\n<meta name=\"twitter:label1\" content=\"Tiempo de lectura\" \/>\n\t<meta name=\"twitter:data1\" content=\"1 minuto\" \/>\n<script type=\"application\/ld+json\" class=\"yoast-schema-graph\">{\"@context\":\"https:\/\/schema.org\",\"@graph\":[{\"@type\":\"WebSite\",\"@id\":\"https:\/\/carabunhas.com\/#website\",\"url\":\"https:\/\/carabunhas.com\/\",\"name\":\"Carabu\u00f1as\",\"description\":\"\",\"potentialAction\":[{\"@type\":\"SearchAction\",\"target\":{\"@type\":\"EntryPoint\",\"urlTemplate\":\"https:\/\/carabunhas.com\/?s={search_term_string}\"},\"query-input\":\"required name=search_term_string\"}],\"inLanguage\":\"es\"},{\"@type\":\"ImageObject\",\"inLanguage\":\"es\",\"@id\":\"https:\/\/carabunhas.com\/es\/producto\/licor-cafe-700ml-gosto\/#primaryimage\",\"url\":\"https:\/\/carabunhas.com\/wp-content\/uploads\/2023\/10\/b2b-licor-cafe-1.jpg\",\"contentUrl\":\"https:\/\/carabunhas.com\/wp-content\/uploads\/2023\/10\/b2b-licor-cafe-1.jpg\",\"width\":1024,\"height\":683,\"caption\":\"Botella de Licor caf\u00e9 Gosto 700ml. Tienda Carabu\u00f1as.\"},{\"@type\":\"WebPage\",\"@id\":\"https:\/\/carabunhas.com\/es\/producto\/licor-cafe-700ml-gosto\/#webpage\",\"url\":\"https:\/\/carabunhas.com\/es\/producto\/licor-cafe-700ml-gosto\/\",\"name\":\"Licor Caf\u00e9 700ml- GOSTO! -\",\"isPartOf\":{\"@id\":\"https:\/\/carabunhas.com\/#website\"},\"primaryImageOfPage\":{\"@id\":\"https:\/\/carabunhas.com\/es\/producto\/licor-cafe-700ml-gosto\/#primaryimage\"},\"datePublished\":\"2023-10-31T15:22:26+00:00\",\"dateModified\":\"2026-04-27T06:10:11+00:00\",\"breadcrumb\":{\"@id\":\"https:\/\/carabunhas.com\/es\/producto\/licor-cafe-700ml-gosto\/#breadcrumb\"},\"inLanguage\":\"es\",\"potentialAction\":[{\"@type\":\"ReadAction\",\"target\":[\"https:\/\/carabunhas.com\/es\/producto\/licor-cafe-700ml-gosto\/\"]}]},{\"@type\":\"BreadcrumbList\",\"@id\":\"https:\/\/carabunhas.com\/es\/producto\/licor-cafe-700ml-gosto\/#breadcrumb\",\"itemListElement\":[{\"@type\":\"ListItem\",\"position\":1,\"name\":\"Portada\",\"item\":\"https:\/\/carabunhas.com\/es\/\"},{\"@type\":\"ListItem\",\"position\":2,\"name\":\"Productos\",\"item\":\"https:\/\/carabunhas.com\/es\/shop\/\"},{\"@type\":\"ListItem\",\"position\":3,\"name\":\"Licor Caf\u00e9 700ml- GOSTO!\"}]}]}<\/script>\n<!-- \/ Yoast SEO plugin. -->","yoast_head_json":{"title":"Licor Caf\u00e9 700ml- GOSTO! -","robots":{"index":"index","follow":"follow","max-snippet":"max-snippet:-1","max-image-preview":"max-image-preview:large","max-video-preview":"max-video-preview:-1"},"canonical":"https:\/\/carabunhas.com\/es\/producto\/licor-cafe-700ml-gosto\/","og_locale":"es_ES","og_type":"article","og_title":"Licor Caf\u00e9 700ml- GOSTO! -","og_description":"Licor Caf\u00e9 700ml- GOSTO! El licor caf\u00e9 es sin duda unos de los emblemas de los espirituosos gallegos. Desde sus comienzos como receta tradicional, poco c poco se ha convertido en unos de los licores mas reconocidos en la gastronom\u00eda gallega.\u00a0 Es el resultado de un proceso artesanal y cuidadoso. Los granos de caf\u00e9\u00a0 se mezclan con aguardiente en una meceraci\u00f3n lenta. De esta forma conseguimos extraer todo el aroma y color de los granos. El resultado es una aut\u00e9ntica p\u00f3cima m\u00e1gica, que contiene toda la esencia del mejor licor artesanal.","og_url":"https:\/\/carabunhas.com\/es\/producto\/licor-cafe-700ml-gosto\/","og_site_name":"Carabu\u00f1as","article_modified_time":"2026-04-27T06:10:11+00:00","og_image":[{"width":1024,"height":683,"url":"https:\/\/carabunhas.com\/wp-content\/uploads\/2023\/10\/b2b-licor-cafe-1.jpg","type":"image\/jpeg"}],"twitter_card":"summary_large_image","twitter_misc":{"Tiempo de lectura":"1 minuto"},"schema":{"@context":"https:\/\/schema.org","@graph":[{"@type":"WebSite","@id":"https:\/\/carabunhas.com\/#website","url":"https:\/\/carabunhas.com\/","name":"Carabu\u00f1as","description":"","potentialAction":[{"@type":"SearchAction","target":{"@type":"EntryPoint","urlTemplate":"https:\/\/carabunhas.com\/?s={search_term_string}"},"query-input":"required name=search_term_string"}],"inLanguage":"es"},{"@type":"ImageObject","inLanguage":"es","@id":"https:\/\/carabunhas.com\/es\/producto\/licor-cafe-700ml-gosto\/#primaryimage","url":"https:\/\/carabunhas.com\/wp-content\/uploads\/2023\/10\/b2b-licor-cafe-1.jpg","contentUrl":"https:\/\/carabunhas.com\/wp-content\/uploads\/2023\/10\/b2b-licor-cafe-1.jpg","width":1024,"height":683,"caption":"Botella de Licor caf\u00e9 Gosto 700ml. Tienda Carabu\u00f1as."},{"@type":"WebPage","@id":"https:\/\/carabunhas.com\/es\/producto\/licor-cafe-700ml-gosto\/#webpage","url":"https:\/\/carabunhas.com\/es\/producto\/licor-cafe-700ml-gosto\/","name":"Licor Caf\u00e9 700ml- GOSTO! -","isPartOf":{"@id":"https:\/\/carabunhas.com\/#website"},"primaryImageOfPage":{"@id":"https:\/\/carabunhas.com\/es\/producto\/licor-cafe-700ml-gosto\/#primaryimage"},"datePublished":"2023-10-31T15:22:26+00:00","dateModified":"2026-04-27T06:10:11+00:00","breadcrumb":{"@id":"https:\/\/carabunhas.com\/es\/producto\/licor-cafe-700ml-gosto\/#breadcrumb"},"inLanguage":"es","potentialAction":[{"@type":"ReadAction","target":["https:\/\/carabunhas.com\/es\/producto\/licor-cafe-700ml-gosto\/"]}]},{"@type":"BreadcrumbList","@id":"https:\/\/carabunhas.com\/es\/producto\/licor-cafe-700ml-gosto\/#breadcrumb","itemListElement":[{"@type":"ListItem","position":1,"name":"Portada","item":"https:\/\/carabunhas.com\/es\/"},{"@type":"ListItem","position":2,"name":"Productos","item":"https:\/\/carabunhas.com\/es\/shop\/"},{"@type":"ListItem","position":3,"name":"Licor Caf\u00e9 700ml- GOSTO!"}]}]}},"_links":{"self":[{"href":"https:\/\/carabunhas.com\/es\/wp-json\/wp\/v2\/product\/53620"}],"collection":[{"href":"https:\/\/carabunhas.com\/es\/wp-json\/wp\/v2\/product"}],"about":[{"href":"https:\/\/carabunhas.com\/es\/wp-json\/wp\/v2\/types\/product"}],"replies":[{"embeddable":true,"href":"https:\/\/carabunhas.com\/es\/wp-json\/wp\/v2\/comments?post=53620"}],"wp:featuredmedia":[{"embeddable":true,"href":"https:\/\/carabunhas.com\/es\/wp-json\/wp\/v2\/media\/53624"}],"wp:attachment":[{"href":"https:\/\/carabunhas.com\/es\/wp-json\/wp\/v2\/media?parent=53620"}],"wp:term":[{"taxonomy":"product_cat","embeddable":true,"href":"https:\/\/carabunhas.com\/es\/wp-json\/wp\/v2\/product_cat?post=53620"},{"taxonomy":"product_tag","embeddable":true,"href":"https:\/\/carabunhas.com\/es\/wp-json\/wp\/v2\/product_tag?post=53620"}],"curies":[{"name":"wp","href":"https:\/\/api.w.org\/{rel}","templated":true}]}}