{"id":53593,"date":"2023-10-30T16:48:35","date_gmt":"2023-10-30T15:48:35","guid":{"rendered":"https:\/\/carabunhas.com\/?post_type=product&#038;p=53593"},"modified":"2025-06-30T08:33:26","modified_gmt":"2025-06-30T06:33:26","slug":"bombones-de-licor-cafe-gosto","status":"publish","type":"product","link":"https:\/\/carabunhas.com\/es\/producto\/bombones-de-licor-cafe-gosto\/","title":{"rendered":"Bombones de Licor Caf\u00e9 &#8211; GOSTO"},"content":{"rendered":"<p>Los bombones de licor caf\u00e9 Gosto est\u00e1n elaborados siguiendo un proceso artesanal, con una receta propia en la que combinamos el inconfundible licor caf\u00e9 gallego con nuestro pralin\u00e9 de chocolate.<\/p>\n<p>El resultado son unos bombones artesanos en los que se saborea el intenso aroma del licor caf\u00e9 en contraste con un chocolate suave. Una aut\u00e9ntica delicia para quienes buscan algo dulce y diferente pero con un toque tradicional<\/p>\n<p>En Gosto, hemos decidido recuperar y poner en valor las mejores recetas de chocolate gallego. Apostamos por investigar sobre nuestras tradiciones y sobre la vanguardia culinaria; recuperando los mejores sabores tradicionales pero siempre con un punto de innovaci\u00f3n.<\/p>\n<p>Ingredientes<br \/>\nLicor Caf\u00e9<br \/>\nChocolate pralin\u00e9<\/p>\n","protected":false},"excerpt":{"rendered":"<h3>Elaboraci\u00f3n artesanal<\/h3>\n<p>Los bombones de licor caf\u00e9 Gosto est\u00e1n elaborados siguiendo un proceso artesanal, con una receta propia en la que combinamos el inconfundible licor caf\u00e9 gallego con nuestro pralin\u00e9 de chocolate.<\/p>\n<p>En esta caja puedes encontrar 5 bombones de licor caf\u00e9, un <strong>producto gourmet y artesano<\/strong>.<\/p>\n","protected":false},"featured_media":53815,"comment_status":"closed","ping_status":"closed","template":"","meta":[],"product_cat":[14764,26,14668],"product_tag":[],"acf":[],"yoast_head":"<!-- This site is optimized with the Yoast SEO plugin v18.9-RC1 - https:\/\/yoast.com\/wordpress\/plugins\/seo\/ -->\n<title>Bombones de Licor Caf\u00e9 - GOSTO -<\/title>\n<meta name=\"robots\" content=\"index, follow, max-snippet:-1, max-image-preview:large, max-video-preview:-1\" \/>\n<link rel=\"canonical\" href=\"https:\/\/carabunhas.com\/es\/producto\/bombones-de-licor-cafe-gosto\/\" \/>\n<meta property=\"og:locale\" content=\"es_ES\" \/>\n<meta property=\"og:type\" content=\"article\" \/>\n<meta property=\"og:title\" content=\"Bombones de Licor Caf\u00e9 - GOSTO -\" \/>\n<meta property=\"og:description\" content=\"Elaboraci\u00f3n artesanal Los bombones de licor caf\u00e9 Gosto est\u00e1n elaborados siguiendo un proceso artesanal, con una receta propia en la que combinamos el inconfundible licor caf\u00e9 gallego con nuestro pralin\u00e9 de chocolate.  En esta caja puedes encontrar 5 bombones de licor caf\u00e9, un producto gourmet y artesano.\" \/>\n<meta property=\"og:url\" content=\"https:\/\/carabunhas.com\/es\/producto\/bombones-de-licor-cafe-gosto\/\" \/>\n<meta property=\"og:site_name\" content=\"Carabu\u00f1as\" \/>\n<meta property=\"article:modified_time\" content=\"2025-06-30T06:33:26+00:00\" \/>\n<meta property=\"og:image\" content=\"https:\/\/carabunhas.com\/wp-content\/uploads\/2023\/10\/b2b-BBlicor-cafe-600x400-1.jpg\" \/>\n\t<meta property=\"og:image:width\" content=\"600\" \/>\n\t<meta property=\"og:image:height\" content=\"400\" \/>\n\t<meta property=\"og:image:type\" content=\"image\/jpeg\" \/>\n<meta name=\"twitter:card\" content=\"summary_large_image\" \/>\n<meta name=\"twitter:label1\" content=\"Tiempo de lectura\" \/>\n\t<meta name=\"twitter:data1\" content=\"1 minuto\" \/>\n<script type=\"application\/ld+json\" class=\"yoast-schema-graph\">{\"@context\":\"https:\/\/schema.org\",\"@graph\":[{\"@type\":\"WebSite\",\"@id\":\"https:\/\/carabunhas.com\/#website\",\"url\":\"https:\/\/carabunhas.com\/\",\"name\":\"Carabu\u00f1as\",\"description\":\"\",\"potentialAction\":[{\"@type\":\"SearchAction\",\"target\":{\"@type\":\"EntryPoint\",\"urlTemplate\":\"https:\/\/carabunhas.com\/?s={search_term_string}\"},\"query-input\":\"required name=search_term_string\"}],\"inLanguage\":\"es\"},{\"@type\":\"ImageObject\",\"inLanguage\":\"es\",\"@id\":\"https:\/\/carabunhas.com\/es\/producto\/bombones-de-licor-cafe-gosto\/#primaryimage\",\"url\":\"https:\/\/carabunhas.com\/wp-content\/uploads\/2023\/10\/b2b-BBlicor-cafe-600x400-1.jpg\",\"contentUrl\":\"https:\/\/carabunhas.com\/wp-content\/uploads\/2023\/10\/b2b-BBlicor-cafe-600x400-1.jpg\",\"width\":600,\"height\":400,\"caption\":\"caja de bombones con licor caf\u00e9 Gosto. Tienda Carabu\u00f1as.\"},{\"@type\":\"WebPage\",\"@id\":\"https:\/\/carabunhas.com\/es\/producto\/bombones-de-licor-cafe-gosto\/#webpage\",\"url\":\"https:\/\/carabunhas.com\/es\/producto\/bombones-de-licor-cafe-gosto\/\",\"name\":\"Bombones de Licor Caf\u00e9 - GOSTO -\",\"isPartOf\":{\"@id\":\"https:\/\/carabunhas.com\/#website\"},\"primaryImageOfPage\":{\"@id\":\"https:\/\/carabunhas.com\/es\/producto\/bombones-de-licor-cafe-gosto\/#primaryimage\"},\"datePublished\":\"2023-10-30T15:48:35+00:00\",\"dateModified\":\"2025-06-30T06:33:26+00:00\",\"breadcrumb\":{\"@id\":\"https:\/\/carabunhas.com\/es\/producto\/bombones-de-licor-cafe-gosto\/#breadcrumb\"},\"inLanguage\":\"es\",\"potentialAction\":[{\"@type\":\"ReadAction\",\"target\":[\"https:\/\/carabunhas.com\/es\/producto\/bombones-de-licor-cafe-gosto\/\"]}]},{\"@type\":\"BreadcrumbList\",\"@id\":\"https:\/\/carabunhas.com\/es\/producto\/bombones-de-licor-cafe-gosto\/#breadcrumb\",\"itemListElement\":[{\"@type\":\"ListItem\",\"position\":1,\"name\":\"Portada\",\"item\":\"https:\/\/carabunhas.com\/es\/\"},{\"@type\":\"ListItem\",\"position\":2,\"name\":\"Productos\",\"item\":\"https:\/\/carabunhas.com\/es\/shop\/\"},{\"@type\":\"ListItem\",\"position\":3,\"name\":\"Bombones de Licor Caf\u00e9 &#8211; GOSTO\"}]}]}<\/script>\n<!-- \/ Yoast SEO plugin. -->","yoast_head_json":{"title":"Bombones de Licor Caf\u00e9 - GOSTO -","robots":{"index":"index","follow":"follow","max-snippet":"max-snippet:-1","max-image-preview":"max-image-preview:large","max-video-preview":"max-video-preview:-1"},"canonical":"https:\/\/carabunhas.com\/es\/producto\/bombones-de-licor-cafe-gosto\/","og_locale":"es_ES","og_type":"article","og_title":"Bombones de Licor Caf\u00e9 - GOSTO -","og_description":"Elaboraci\u00f3n artesanal Los bombones de licor caf\u00e9 Gosto est\u00e1n elaborados siguiendo un proceso artesanal, con una receta propia en la que combinamos el inconfundible licor caf\u00e9 gallego con nuestro pralin\u00e9 de chocolate.  En esta caja puedes encontrar 5 bombones de licor caf\u00e9, un producto gourmet y artesano.","og_url":"https:\/\/carabunhas.com\/es\/producto\/bombones-de-licor-cafe-gosto\/","og_site_name":"Carabu\u00f1as","article_modified_time":"2025-06-30T06:33:26+00:00","og_image":[{"width":600,"height":400,"url":"https:\/\/carabunhas.com\/wp-content\/uploads\/2023\/10\/b2b-BBlicor-cafe-600x400-1.jpg","type":"image\/jpeg"}],"twitter_card":"summary_large_image","twitter_misc":{"Tiempo de lectura":"1 minuto"},"schema":{"@context":"https:\/\/schema.org","@graph":[{"@type":"WebSite","@id":"https:\/\/carabunhas.com\/#website","url":"https:\/\/carabunhas.com\/","name":"Carabu\u00f1as","description":"","potentialAction":[{"@type":"SearchAction","target":{"@type":"EntryPoint","urlTemplate":"https:\/\/carabunhas.com\/?s={search_term_string}"},"query-input":"required name=search_term_string"}],"inLanguage":"es"},{"@type":"ImageObject","inLanguage":"es","@id":"https:\/\/carabunhas.com\/es\/producto\/bombones-de-licor-cafe-gosto\/#primaryimage","url":"https:\/\/carabunhas.com\/wp-content\/uploads\/2023\/10\/b2b-BBlicor-cafe-600x400-1.jpg","contentUrl":"https:\/\/carabunhas.com\/wp-content\/uploads\/2023\/10\/b2b-BBlicor-cafe-600x400-1.jpg","width":600,"height":400,"caption":"caja de bombones con licor caf\u00e9 Gosto. Tienda Carabu\u00f1as."},{"@type":"WebPage","@id":"https:\/\/carabunhas.com\/es\/producto\/bombones-de-licor-cafe-gosto\/#webpage","url":"https:\/\/carabunhas.com\/es\/producto\/bombones-de-licor-cafe-gosto\/","name":"Bombones de Licor Caf\u00e9 - GOSTO -","isPartOf":{"@id":"https:\/\/carabunhas.com\/#website"},"primaryImageOfPage":{"@id":"https:\/\/carabunhas.com\/es\/producto\/bombones-de-licor-cafe-gosto\/#primaryimage"},"datePublished":"2023-10-30T15:48:35+00:00","dateModified":"2025-06-30T06:33:26+00:00","breadcrumb":{"@id":"https:\/\/carabunhas.com\/es\/producto\/bombones-de-licor-cafe-gosto\/#breadcrumb"},"inLanguage":"es","potentialAction":[{"@type":"ReadAction","target":["https:\/\/carabunhas.com\/es\/producto\/bombones-de-licor-cafe-gosto\/"]}]},{"@type":"BreadcrumbList","@id":"https:\/\/carabunhas.com\/es\/producto\/bombones-de-licor-cafe-gosto\/#breadcrumb","itemListElement":[{"@type":"ListItem","position":1,"name":"Portada","item":"https:\/\/carabunhas.com\/es\/"},{"@type":"ListItem","position":2,"name":"Productos","item":"https:\/\/carabunhas.com\/es\/shop\/"},{"@type":"ListItem","position":3,"name":"Bombones de Licor Caf\u00e9 &#8211; GOSTO"}]}]}},"_links":{"self":[{"href":"https:\/\/carabunhas.com\/es\/wp-json\/wp\/v2\/product\/53593"}],"collection":[{"href":"https:\/\/carabunhas.com\/es\/wp-json\/wp\/v2\/product"}],"about":[{"href":"https:\/\/carabunhas.com\/es\/wp-json\/wp\/v2\/types\/product"}],"replies":[{"embeddable":true,"href":"https:\/\/carabunhas.com\/es\/wp-json\/wp\/v2\/comments?post=53593"}],"wp:featuredmedia":[{"embeddable":true,"href":"https:\/\/carabunhas.com\/es\/wp-json\/wp\/v2\/media\/53815"}],"wp:attachment":[{"href":"https:\/\/carabunhas.com\/es\/wp-json\/wp\/v2\/media?parent=53593"}],"wp:term":[{"taxonomy":"product_cat","embeddable":true,"href":"https:\/\/carabunhas.com\/es\/wp-json\/wp\/v2\/product_cat?post=53593"},{"taxonomy":"product_tag","embeddable":true,"href":"https:\/\/carabunhas.com\/es\/wp-json\/wp\/v2\/product_tag?post=53593"}],"curies":[{"name":"wp","href":"https:\/\/api.w.org\/{rel}","templated":true}]}}