{"id":53559,"date":"2023-10-30T16:35:20","date_gmt":"2023-10-30T15:35:20","guid":{"rendered":"https:\/\/carabunhas.com\/?post_type=product&#038;p=53559"},"modified":"2025-04-06T12:54:52","modified_gmt":"2025-04-06T10:54:52","slug":"bombones-de-licor-de-sauco-gosto","status":"publish","type":"product","link":"https:\/\/carabunhas.com\/es\/producto\/bombones-de-licor-de-sauco-gosto\/","title":{"rendered":"Bombones de Licor de Sa\u00faco &#8211; GOSTO"},"content":{"rendered":"<p>Los <strong>bombones de licor de sa\u00faco Carabu\u00f1as<\/strong> est\u00e1n elaborados siguiendo un proceso artesanal, con una receta propia en la que combinamos nuestro licor de sa\u00faco con un irresistible <strong>pralin\u00e9 de chocolate<\/strong>.<\/p>\n<p>El resultado son unos bombones artesanos en los que se saborea el intenso aroma del licor de sa\u00faco Carabu\u00f1as en contraste con un chocolate suave. Una aut\u00e9ntica delicia para quienes buscan algo dulce, pero sin ser demasiado recargado.<\/p>\n<p>En Carabu\u00f1as, hemos decidido recuperar y poner en valor el sa\u00faco, una especie vegetal casi olvidada en el sector alimentario. Apostamos por investigar sobre nuestras tradiciones y sobre la vanguardia culinaria; el resutado: una gama de productos gourmet de alta calidad y sabor excepcional.<\/p>\n<h5>Ingredientes<\/h5>\n<ul>\n<li>Licor de sabugueiro<\/li>\n<li>Chocolate pralin\u00e9<\/li>\n<\/ul>\n","protected":false},"excerpt":{"rendered":"<h3>Elaboraci\u00f3n artesanal<\/h3>\n<p>Los bombones de licor de sa\u00faco Carabu\u00f1as combinan nuestro licor de bayas de sa\u00faco con un suave pralin\u00e9 de chocolate.\u00a0Una delicia que se saborea en tres tiempos: el chocolate, el licor y el sa\u00faco.<\/p>\n<p>En esta caja puedes encontrar 5 bombones de licor de sa\u00faco, un <strong>producto gourmet y artesano<\/strong>.<\/p>\n","protected":false},"featured_media":53825,"comment_status":"closed","ping_status":"closed","template":"","meta":[],"product_cat":[14764,26,14668],"product_tag":[],"acf":[],"yoast_head":"<!-- This site is optimized with the Yoast SEO plugin v18.9-RC1 - https:\/\/yoast.com\/wordpress\/plugins\/seo\/ -->\n<title>Bombones de Licor de Sa\u00faco - GOSTO -<\/title>\n<meta name=\"robots\" content=\"index, follow, max-snippet:-1, max-image-preview:large, max-video-preview:-1\" \/>\n<link rel=\"canonical\" href=\"https:\/\/carabunhas.com\/es\/producto\/bombones-de-licor-de-sauco-gosto\/\" \/>\n<meta property=\"og:locale\" content=\"es_ES\" \/>\n<meta property=\"og:type\" content=\"article\" \/>\n<meta property=\"og:title\" content=\"Bombones de Licor de Sa\u00faco - GOSTO -\" \/>\n<meta property=\"og:description\" content=\"Elaboraci\u00f3n artesanal Los bombones de licor de sa\u00faco Carabu\u00f1as combinan nuestro licor de bayas de sa\u00faco con un suave pralin\u00e9 de chocolate.\u00a0Una delicia que se saborea en tres tiempos: el chocolate, el licor y el sa\u00faco.  En esta caja puedes encontrar 5 bombones de licor de sa\u00faco, un producto gourmet y artesano.\" \/>\n<meta property=\"og:url\" content=\"https:\/\/carabunhas.com\/es\/producto\/bombones-de-licor-de-sauco-gosto\/\" \/>\n<meta property=\"og:site_name\" content=\"Carabu\u00f1as\" \/>\n<meta property=\"article:modified_time\" content=\"2025-04-06T10:54:52+00:00\" \/>\n<meta property=\"og:image\" content=\"https:\/\/carabunhas.com\/wp-content\/uploads\/2023\/10\/zyro-image-4.jpg\" \/>\n\t<meta property=\"og:image:width\" content=\"2400\" \/>\n\t<meta property=\"og:image:height\" content=\"1600\" \/>\n\t<meta property=\"og:image:type\" content=\"image\/jpeg\" \/>\n<meta name=\"twitter:card\" content=\"summary_large_image\" \/>\n<meta name=\"twitter:label1\" content=\"Tiempo de lectura\" \/>\n\t<meta name=\"twitter:data1\" content=\"1 minuto\" \/>\n<script type=\"application\/ld+json\" class=\"yoast-schema-graph\">{\"@context\":\"https:\/\/schema.org\",\"@graph\":[{\"@type\":\"WebSite\",\"@id\":\"https:\/\/carabunhas.com\/#website\",\"url\":\"https:\/\/carabunhas.com\/\",\"name\":\"Carabu\u00f1as\",\"description\":\"\",\"potentialAction\":[{\"@type\":\"SearchAction\",\"target\":{\"@type\":\"EntryPoint\",\"urlTemplate\":\"https:\/\/carabunhas.com\/?s={search_term_string}\"},\"query-input\":\"required name=search_term_string\"}],\"inLanguage\":\"es\"},{\"@type\":\"ImageObject\",\"inLanguage\":\"es\",\"@id\":\"https:\/\/carabunhas.com\/es\/producto\/bombones-de-licor-de-sauco-gosto\/#primaryimage\",\"url\":\"https:\/\/carabunhas.com\/wp-content\/uploads\/2023\/10\/zyro-image-4.jpg\",\"contentUrl\":\"https:\/\/carabunhas.com\/wp-content\/uploads\/2023\/10\/zyro-image-4.jpg\",\"width\":2400,\"height\":1600,\"caption\":\"Caja de bombones de sauco Gosto. Tienda Carabu\u00f1as.\"},{\"@type\":\"WebPage\",\"@id\":\"https:\/\/carabunhas.com\/es\/producto\/bombones-de-licor-de-sauco-gosto\/#webpage\",\"url\":\"https:\/\/carabunhas.com\/es\/producto\/bombones-de-licor-de-sauco-gosto\/\",\"name\":\"Bombones de Licor de Sa\u00faco - GOSTO -\",\"isPartOf\":{\"@id\":\"https:\/\/carabunhas.com\/#website\"},\"primaryImageOfPage\":{\"@id\":\"https:\/\/carabunhas.com\/es\/producto\/bombones-de-licor-de-sauco-gosto\/#primaryimage\"},\"datePublished\":\"2023-10-30T15:35:20+00:00\",\"dateModified\":\"2025-04-06T10:54:52+00:00\",\"breadcrumb\":{\"@id\":\"https:\/\/carabunhas.com\/es\/producto\/bombones-de-licor-de-sauco-gosto\/#breadcrumb\"},\"inLanguage\":\"es\",\"potentialAction\":[{\"@type\":\"ReadAction\",\"target\":[\"https:\/\/carabunhas.com\/es\/producto\/bombones-de-licor-de-sauco-gosto\/\"]}]},{\"@type\":\"BreadcrumbList\",\"@id\":\"https:\/\/carabunhas.com\/es\/producto\/bombones-de-licor-de-sauco-gosto\/#breadcrumb\",\"itemListElement\":[{\"@type\":\"ListItem\",\"position\":1,\"name\":\"Portada\",\"item\":\"https:\/\/carabunhas.com\/es\/\"},{\"@type\":\"ListItem\",\"position\":2,\"name\":\"Productos\",\"item\":\"https:\/\/carabunhas.com\/es\/shop\/\"},{\"@type\":\"ListItem\",\"position\":3,\"name\":\"Bombones de Licor de Sa\u00faco &#8211; GOSTO\"}]}]}<\/script>\n<!-- \/ Yoast SEO plugin. -->","yoast_head_json":{"title":"Bombones de Licor de Sa\u00faco - GOSTO -","robots":{"index":"index","follow":"follow","max-snippet":"max-snippet:-1","max-image-preview":"max-image-preview:large","max-video-preview":"max-video-preview:-1"},"canonical":"https:\/\/carabunhas.com\/es\/producto\/bombones-de-licor-de-sauco-gosto\/","og_locale":"es_ES","og_type":"article","og_title":"Bombones de Licor de Sa\u00faco - GOSTO -","og_description":"Elaboraci\u00f3n artesanal Los bombones de licor de sa\u00faco Carabu\u00f1as combinan nuestro licor de bayas de sa\u00faco con un suave pralin\u00e9 de chocolate.\u00a0Una delicia que se saborea en tres tiempos: el chocolate, el licor y el sa\u00faco.  En esta caja puedes encontrar 5 bombones de licor de sa\u00faco, un producto gourmet y artesano.","og_url":"https:\/\/carabunhas.com\/es\/producto\/bombones-de-licor-de-sauco-gosto\/","og_site_name":"Carabu\u00f1as","article_modified_time":"2025-04-06T10:54:52+00:00","og_image":[{"width":2400,"height":1600,"url":"https:\/\/carabunhas.com\/wp-content\/uploads\/2023\/10\/zyro-image-4.jpg","type":"image\/jpeg"}],"twitter_card":"summary_large_image","twitter_misc":{"Tiempo de lectura":"1 minuto"},"schema":{"@context":"https:\/\/schema.org","@graph":[{"@type":"WebSite","@id":"https:\/\/carabunhas.com\/#website","url":"https:\/\/carabunhas.com\/","name":"Carabu\u00f1as","description":"","potentialAction":[{"@type":"SearchAction","target":{"@type":"EntryPoint","urlTemplate":"https:\/\/carabunhas.com\/?s={search_term_string}"},"query-input":"required name=search_term_string"}],"inLanguage":"es"},{"@type":"ImageObject","inLanguage":"es","@id":"https:\/\/carabunhas.com\/es\/producto\/bombones-de-licor-de-sauco-gosto\/#primaryimage","url":"https:\/\/carabunhas.com\/wp-content\/uploads\/2023\/10\/zyro-image-4.jpg","contentUrl":"https:\/\/carabunhas.com\/wp-content\/uploads\/2023\/10\/zyro-image-4.jpg","width":2400,"height":1600,"caption":"Caja de bombones de sauco Gosto. Tienda Carabu\u00f1as."},{"@type":"WebPage","@id":"https:\/\/carabunhas.com\/es\/producto\/bombones-de-licor-de-sauco-gosto\/#webpage","url":"https:\/\/carabunhas.com\/es\/producto\/bombones-de-licor-de-sauco-gosto\/","name":"Bombones de Licor de Sa\u00faco - GOSTO -","isPartOf":{"@id":"https:\/\/carabunhas.com\/#website"},"primaryImageOfPage":{"@id":"https:\/\/carabunhas.com\/es\/producto\/bombones-de-licor-de-sauco-gosto\/#primaryimage"},"datePublished":"2023-10-30T15:35:20+00:00","dateModified":"2025-04-06T10:54:52+00:00","breadcrumb":{"@id":"https:\/\/carabunhas.com\/es\/producto\/bombones-de-licor-de-sauco-gosto\/#breadcrumb"},"inLanguage":"es","potentialAction":[{"@type":"ReadAction","target":["https:\/\/carabunhas.com\/es\/producto\/bombones-de-licor-de-sauco-gosto\/"]}]},{"@type":"BreadcrumbList","@id":"https:\/\/carabunhas.com\/es\/producto\/bombones-de-licor-de-sauco-gosto\/#breadcrumb","itemListElement":[{"@type":"ListItem","position":1,"name":"Portada","item":"https:\/\/carabunhas.com\/es\/"},{"@type":"ListItem","position":2,"name":"Productos","item":"https:\/\/carabunhas.com\/es\/shop\/"},{"@type":"ListItem","position":3,"name":"Bombones de Licor de Sa\u00faco &#8211; GOSTO"}]}]}},"_links":{"self":[{"href":"https:\/\/carabunhas.com\/es\/wp-json\/wp\/v2\/product\/53559"}],"collection":[{"href":"https:\/\/carabunhas.com\/es\/wp-json\/wp\/v2\/product"}],"about":[{"href":"https:\/\/carabunhas.com\/es\/wp-json\/wp\/v2\/types\/product"}],"replies":[{"embeddable":true,"href":"https:\/\/carabunhas.com\/es\/wp-json\/wp\/v2\/comments?post=53559"}],"wp:featuredmedia":[{"embeddable":true,"href":"https:\/\/carabunhas.com\/es\/wp-json\/wp\/v2\/media\/53825"}],"wp:attachment":[{"href":"https:\/\/carabunhas.com\/es\/wp-json\/wp\/v2\/media?parent=53559"}],"wp:term":[{"taxonomy":"product_cat","embeddable":true,"href":"https:\/\/carabunhas.com\/es\/wp-json\/wp\/v2\/product_cat?post=53559"},{"taxonomy":"product_tag","embeddable":true,"href":"https:\/\/carabunhas.com\/es\/wp-json\/wp\/v2\/product_tag?post=53559"}],"curies":[{"name":"wp","href":"https:\/\/api.w.org\/{rel}","templated":true}]}}