{"id":53525,"date":"2023-10-16T22:10:25","date_gmt":"2023-10-16T20:10:25","guid":{"rendered":"https:\/\/carabunhas.com\/?post_type=product&#038;p=53525"},"modified":"2026-04-20T11:44:50","modified_gmt":"2026-04-20T09:44:50","slug":"mozzarela-gallega-1-kg-aprox-moza","status":"publish","type":"product","link":"https:\/\/carabunhas.com\/es\/producto\/mozzarela-gallega-1-kg-aprox-moza\/","title":{"rendered":"Mozzarela Gallega 1 Kg aprox.- Moza"},"content":{"rendered":"<p>Delicioso y aut\u00e9ntico: la magia de MOZA, la mozzarella gallega.<br \/>\n\u00a1Descubre la magia y autenticidad de MOZA, la mozzarella gallega! Si eres amante del queso, no puedes dejar de probar esta deliciosa y sorprendente creaci\u00f3n de sabor. Con su origen en Galicia, MOZA ha llegado para conquistar el paladar de los m\u00e1s exigentes.<br \/>\nEl secreto de su sabor radica en su proceso de producci\u00f3n artesanal y en la cuidadosa selecci\u00f3n de la mejor leche. MOZA se elabora con la leche de vacas gallegas, lo que le confiere una textura cremosa, un sabor \u00fanico y una elasticidad que te dejar\u00e1 con la boca abierta.<br \/>\nYa sea fundida en una pizza, a\u00f1adida a una ensalada o simplemente disfrutada como aperitivo, MOZA eleva cualquier plato a otro nivel. Su versatilidad culinaria la convierte en la elecci\u00f3n ideal para cualquier ocasi\u00f3n, ya sea una comida casual en casa o una celebraci\u00f3n especial.<br \/>\nNo pierdas la oportunidad de descubrir el sabor aut\u00e9ntico y delicioso de MOZA. \u00a1D\u00e9jate seducir por esta mozzarella con un toque gallego y disfruta de una experiencia culinaria \u00fanica!<\/p>\n","protected":false},"excerpt":{"rendered":"<p>Delicioso y aut\u00e9ntico: la magia de MOZA, la mozzarella gallega.<br \/>\n\u00a1Descubre la magia y autenticidad de MOZA, la mozzarella gallega! Si eres amante del queso, no puedes dejar de probar esta deliciosa y sorprendente creaci\u00f3n de sabor. Con su origen en Galicia, MOZA ha llegado para conquistar el paladar de los m\u00e1s exigentes.<br \/>\nEl secreto de su sabor radica en su proceso de producci\u00f3n artesanal y en la cuidadosa selecci\u00f3n de la mejor leche. MOZA se elabora con la leche de vacas gallegas, lo que le confiere una textura cremosa, un sabor \u00fanico y una elasticidad que te sorprender\u00e1.<\/p>\n<p>&nbsp;<\/p>\n<p><strong>PIEZA 1KG\u00a0 \u00a0 \u00a0<\/strong> \u00a0 \u00a0 \u00a0 \u00a0 \u00a0 \u00a0 \u00a0 \u00a0 \u00a0 \u00a0 \u00a0 \u00a0 \u00a0 \u00a0 \u00a0 \u00a0 \u00a0 \u00a0 \u00a0<strong>LECHE 100% GALLEGA<\/strong><\/p>\n<p><strong><br \/>\nINGREDIENTES:<\/strong> Leche, cuajada,proteinas l\u00e1cteas,sal,fermento l\u00e1cteo y cuajo.<\/p>\n<p>&nbsp;<\/p>\n<div>\n<table>\n<tbody>\n<tr>\n<td>INFORMACION NUTRICIONAL<\/td>\n<td>g\/100g<\/td>\n<\/tr>\n<tr>\n<td>Valor energ\u00e9tico<\/td>\n<td>76,5 Kca<\/td>\n<\/tr>\n<tr>\n<td>Grasas<\/td>\n<td>4,1g<\/td>\n<\/tr>\n<tr>\n<td>de las cuales<\/td>\n<td><\/td>\n<\/tr>\n<tr>\n<td>\u00e1cidos grasos saturados<\/td>\n<td>2,6 g<\/td>\n<\/tr>\n<tr>\n<td>Hidratos de carbono<\/td>\n<td>5,8 g<\/td>\n<\/tr>\n<tr>\n<td>de los cuales az\u00facares<\/td>\n<td>5,8 g<\/td>\n<\/tr>\n<tr>\n<td>Proteina<\/td>\n<td>4 g<\/td>\n<\/tr>\n<tr>\n<td>Sal<\/td>\n<td>1,6 g<\/td>\n<\/tr>\n<\/tbody>\n<\/table>\n<p>&nbsp;<\/p>\n<p>&nbsp;<\/p>\n<p>&nbsp;<\/p>\n<p>&nbsp;<\/p>\n<\/div>\n","protected":false},"featured_media":53543,"comment_status":"closed","ping_status":"closed","template":"","meta":[],"product_cat":[14708,14668],"product_tag":[],"acf":[],"yoast_head":"<!-- This site is optimized with the Yoast SEO plugin v18.9-RC1 - https:\/\/yoast.com\/wordpress\/plugins\/seo\/ -->\n<title>Mozzarela Gallega 1 Kg aprox.- Moza - Carabu\u00f1as<\/title>\n<meta name=\"description\" content=\"El queso Hisp\u00e1nico Curado de Feijoo es una nueva propuesta que se caracteriza por su maduraci\u00f3n en la bodega.\" \/>\n<meta name=\"robots\" content=\"index, follow, max-snippet:-1, max-image-preview:large, max-video-preview:-1\" \/>\n<link rel=\"canonical\" href=\"https:\/\/carabunhas.com\/es\/producto\/mozzarela-gallega-1-kg-aprox-moza\/\" \/>\n<meta property=\"og:locale\" content=\"es_ES\" \/>\n<meta property=\"og:type\" content=\"article\" \/>\n<meta property=\"og:title\" content=\"Mozzarela Gallega 1 Kg aprox.- Moza - Carabu\u00f1as\" \/>\n<meta property=\"og:description\" content=\"El queso Hisp\u00e1nico Curado de Feijoo es una nueva propuesta que se caracteriza por su maduraci\u00f3n en la bodega.\" \/>\n<meta property=\"og:url\" content=\"https:\/\/carabunhas.com\/es\/producto\/mozzarela-gallega-1-kg-aprox-moza\/\" \/>\n<meta property=\"og:site_name\" content=\"Carabu\u00f1as\" \/>\n<meta property=\"article:modified_time\" content=\"2026-04-20T09:44:50+00:00\" \/>\n<meta property=\"og:image\" content=\"https:\/\/carabunhas.com\/wp-content\/uploads\/2023\/10\/MOZA-2-CARAS.png\" \/>\n\t<meta property=\"og:image:width\" content=\"1426\" \/>\n\t<meta property=\"og:image:height\" content=\"900\" \/>\n\t<meta property=\"og:image:type\" content=\"image\/png\" \/>\n<meta name=\"twitter:card\" content=\"summary_large_image\" \/>\n<meta name=\"twitter:label1\" content=\"Tiempo de lectura\" \/>\n\t<meta name=\"twitter:data1\" content=\"1 minuto\" \/>\n<script type=\"application\/ld+json\" class=\"yoast-schema-graph\">{\"@context\":\"https:\/\/schema.org\",\"@graph\":[{\"@type\":\"WebSite\",\"@id\":\"https:\/\/carabunhas.com\/#website\",\"url\":\"https:\/\/carabunhas.com\/\",\"name\":\"Carabu\u00f1as\",\"description\":\"\",\"potentialAction\":[{\"@type\":\"SearchAction\",\"target\":{\"@type\":\"EntryPoint\",\"urlTemplate\":\"https:\/\/carabunhas.com\/?s={search_term_string}\"},\"query-input\":\"required name=search_term_string\"}],\"inLanguage\":\"es\"},{\"@type\":\"ImageObject\",\"inLanguage\":\"es\",\"@id\":\"https:\/\/carabunhas.com\/es\/producto\/mozzarela-gallega-1-kg-aprox-moza\/#primaryimage\",\"url\":\"https:\/\/carabunhas.com\/wp-content\/uploads\/2023\/10\/MOZA-2-CARAS.png\",\"contentUrl\":\"https:\/\/carabunhas.com\/wp-content\/uploads\/2023\/10\/MOZA-2-CARAS.png\",\"width\":1426,\"height\":900,\"caption\":\"Mozzarela Galega Moza. Tienda Carabu\u00f1as\"},{\"@type\":\"WebPage\",\"@id\":\"https:\/\/carabunhas.com\/es\/producto\/mozzarela-gallega-1-kg-aprox-moza\/#webpage\",\"url\":\"https:\/\/carabunhas.com\/es\/producto\/mozzarela-gallega-1-kg-aprox-moza\/\",\"name\":\"Mozzarela Gallega 1 Kg aprox.- Moza - Carabu\u00f1as\",\"isPartOf\":{\"@id\":\"https:\/\/carabunhas.com\/#website\"},\"primaryImageOfPage\":{\"@id\":\"https:\/\/carabunhas.com\/es\/producto\/mozzarela-gallega-1-kg-aprox-moza\/#primaryimage\"},\"datePublished\":\"2023-10-16T20:10:25+00:00\",\"dateModified\":\"2026-04-20T09:44:50+00:00\",\"description\":\"El queso Hisp\u00e1nico Curado de Feijoo es una nueva propuesta que se caracteriza por su maduraci\u00f3n en la bodega.\",\"breadcrumb\":{\"@id\":\"https:\/\/carabunhas.com\/es\/producto\/mozzarela-gallega-1-kg-aprox-moza\/#breadcrumb\"},\"inLanguage\":\"es\",\"potentialAction\":[{\"@type\":\"ReadAction\",\"target\":[\"https:\/\/carabunhas.com\/es\/producto\/mozzarela-gallega-1-kg-aprox-moza\/\"]}]},{\"@type\":\"BreadcrumbList\",\"@id\":\"https:\/\/carabunhas.com\/es\/producto\/mozzarela-gallega-1-kg-aprox-moza\/#breadcrumb\",\"itemListElement\":[{\"@type\":\"ListItem\",\"position\":1,\"name\":\"Portada\",\"item\":\"https:\/\/carabunhas.com\/es\/\"},{\"@type\":\"ListItem\",\"position\":2,\"name\":\"Productos\",\"item\":\"https:\/\/carabunhas.com\/es\/shop\/\"},{\"@type\":\"ListItem\",\"position\":3,\"name\":\"Mozzarela Gallega 1 Kg aprox.- Moza\"}]}]}<\/script>\n<!-- \/ Yoast SEO plugin. -->","yoast_head_json":{"title":"Mozzarela Gallega 1 Kg aprox.- Moza - Carabu\u00f1as","description":"El queso Hisp\u00e1nico Curado de Feijoo es una nueva propuesta que se caracteriza por su maduraci\u00f3n en la bodega.","robots":{"index":"index","follow":"follow","max-snippet":"max-snippet:-1","max-image-preview":"max-image-preview:large","max-video-preview":"max-video-preview:-1"},"canonical":"https:\/\/carabunhas.com\/es\/producto\/mozzarela-gallega-1-kg-aprox-moza\/","og_locale":"es_ES","og_type":"article","og_title":"Mozzarela Gallega 1 Kg aprox.- Moza - Carabu\u00f1as","og_description":"El queso Hisp\u00e1nico Curado de Feijoo es una nueva propuesta que se caracteriza por su maduraci\u00f3n en la bodega.","og_url":"https:\/\/carabunhas.com\/es\/producto\/mozzarela-gallega-1-kg-aprox-moza\/","og_site_name":"Carabu\u00f1as","article_modified_time":"2026-04-20T09:44:50+00:00","og_image":[{"width":1426,"height":900,"url":"https:\/\/carabunhas.com\/wp-content\/uploads\/2023\/10\/MOZA-2-CARAS.png","type":"image\/png"}],"twitter_card":"summary_large_image","twitter_misc":{"Tiempo de lectura":"1 minuto"},"schema":{"@context":"https:\/\/schema.org","@graph":[{"@type":"WebSite","@id":"https:\/\/carabunhas.com\/#website","url":"https:\/\/carabunhas.com\/","name":"Carabu\u00f1as","description":"","potentialAction":[{"@type":"SearchAction","target":{"@type":"EntryPoint","urlTemplate":"https:\/\/carabunhas.com\/?s={search_term_string}"},"query-input":"required name=search_term_string"}],"inLanguage":"es"},{"@type":"ImageObject","inLanguage":"es","@id":"https:\/\/carabunhas.com\/es\/producto\/mozzarela-gallega-1-kg-aprox-moza\/#primaryimage","url":"https:\/\/carabunhas.com\/wp-content\/uploads\/2023\/10\/MOZA-2-CARAS.png","contentUrl":"https:\/\/carabunhas.com\/wp-content\/uploads\/2023\/10\/MOZA-2-CARAS.png","width":1426,"height":900,"caption":"Mozzarela Galega Moza. Tienda Carabu\u00f1as"},{"@type":"WebPage","@id":"https:\/\/carabunhas.com\/es\/producto\/mozzarela-gallega-1-kg-aprox-moza\/#webpage","url":"https:\/\/carabunhas.com\/es\/producto\/mozzarela-gallega-1-kg-aprox-moza\/","name":"Mozzarela Gallega 1 Kg aprox.- Moza - Carabu\u00f1as","isPartOf":{"@id":"https:\/\/carabunhas.com\/#website"},"primaryImageOfPage":{"@id":"https:\/\/carabunhas.com\/es\/producto\/mozzarela-gallega-1-kg-aprox-moza\/#primaryimage"},"datePublished":"2023-10-16T20:10:25+00:00","dateModified":"2026-04-20T09:44:50+00:00","description":"El queso Hisp\u00e1nico Curado de Feijoo es una nueva propuesta que se caracteriza por su maduraci\u00f3n en la bodega.","breadcrumb":{"@id":"https:\/\/carabunhas.com\/es\/producto\/mozzarela-gallega-1-kg-aprox-moza\/#breadcrumb"},"inLanguage":"es","potentialAction":[{"@type":"ReadAction","target":["https:\/\/carabunhas.com\/es\/producto\/mozzarela-gallega-1-kg-aprox-moza\/"]}]},{"@type":"BreadcrumbList","@id":"https:\/\/carabunhas.com\/es\/producto\/mozzarela-gallega-1-kg-aprox-moza\/#breadcrumb","itemListElement":[{"@type":"ListItem","position":1,"name":"Portada","item":"https:\/\/carabunhas.com\/es\/"},{"@type":"ListItem","position":2,"name":"Productos","item":"https:\/\/carabunhas.com\/es\/shop\/"},{"@type":"ListItem","position":3,"name":"Mozzarela Gallega 1 Kg aprox.- Moza"}]}]}},"_links":{"self":[{"href":"https:\/\/carabunhas.com\/es\/wp-json\/wp\/v2\/product\/53525"}],"collection":[{"href":"https:\/\/carabunhas.com\/es\/wp-json\/wp\/v2\/product"}],"about":[{"href":"https:\/\/carabunhas.com\/es\/wp-json\/wp\/v2\/types\/product"}],"replies":[{"embeddable":true,"href":"https:\/\/carabunhas.com\/es\/wp-json\/wp\/v2\/comments?post=53525"}],"wp:featuredmedia":[{"embeddable":true,"href":"https:\/\/carabunhas.com\/es\/wp-json\/wp\/v2\/media\/53543"}],"wp:attachment":[{"href":"https:\/\/carabunhas.com\/es\/wp-json\/wp\/v2\/media?parent=53525"}],"wp:term":[{"taxonomy":"product_cat","embeddable":true,"href":"https:\/\/carabunhas.com\/es\/wp-json\/wp\/v2\/product_cat?post=53525"},{"taxonomy":"product_tag","embeddable":true,"href":"https:\/\/carabunhas.com\/es\/wp-json\/wp\/v2\/product_tag?post=53525"}],"curies":[{"name":"wp","href":"https:\/\/api.w.org\/{rel}","templated":true}]}}