{"id":5336,"date":"2020-10-08T12:16:33","date_gmt":"2020-10-08T10:16:33","guid":{"rendered":"https:\/\/carabunhas.com\/?post_type=product&#038;p=5336"},"modified":"2026-05-06T13:11:09","modified_gmt":"2026-05-06T11:11:09","slug":"mermelada-sauco-ecologica","status":"publish","type":"product","link":"https:\/\/carabunhas.com\/es\/producto\/mermelada-sauco-ecologica\/","title":{"rendered":"Mermelada de Sa\u00faco BIO 250g &#8211; Carabu\u00f1as"},"content":{"rendered":"<p>La <strong>mermelada de sa\u00faco de Carabu\u00f1as<\/strong> es un producto ecol\u00f3gico, elaborado de manera artesanal a partir de bayas de sa\u00faco seleccionadas en su punto \u00f3ptimo de maduraci\u00f3n.<\/p>\n<p>Es una mermelada de sabor suave, ya que a la dulzura propia del sa\u00faco maduro se le a\u00f1ade lim\u00f3n para aportar un toque de acidez y amargor. Esta suma de ingredientes la convierte en una crema arom\u00e1tica, muy equilibrada y <strong>sin aditivos de ning\u00fan tipo<\/strong>.<\/p>\n<p>Una <strong>mermelada gourmet<\/strong> y saludable, elaborada en Galicia, con ingredientes ecol\u00f3gicos de proximidad, como el agar-agar.<\/p>\n<p>Recomendamos el consumo de nuestra mermelada de sa\u00faco acompa\u00f1ando yogures, quesos, tostas y tostadas, carnes al horno o para recetas de tartas y dulces.<\/p>\n<p>El sa\u00faco es un \u00e1rbol que aparece con frecuencia en el paisaje de Galicia y en sus tradiciones, pero sus flores y frutos no han sido aprovechados desde un punto de vista culinario. En Carabu\u00f1as hemos apostado por el aprovechamiento del sa\u00faco para la elaboraci\u00f3n de productos gourmet, artesanales, ecol\u00f3gicos y saludables.<\/p>\n<h5>Ingredientes<\/h5>\n<ul>\n<li>Az\u00facar de ca\u00f1a ecol\u00f3gico<\/li>\n<li>Agar-agar ecol\u00f3gico<\/li>\n<li>Lim\u00f3n ecol\u00f3gico<\/li>\n<li>Bayas de sa\u00faco maduras<\/li>\n<li>Receta propia<\/li>\n<\/ul>\n","protected":false},"excerpt":{"rendered":"<h3>Mermelada artesanal<\/h3>\n<p>La Mermelada de sa\u00faco ecol\u00f3gica Carabu\u00f1as se elabora de forma artesanal a base de bayas de sa\u00faco maduras, <strong>sin conservantes ni potenciadores de sabor<\/strong>. Con un 70% de fruta.<\/p>\n<p>Es una <strong>mermelada extra<\/strong> de alta calidad. Un producto gourmet, de sabor suave y arom\u00e1tico, que aporta un toque diferente de sabor a una gran variedad de recetas.<\/p>\n","protected":false},"featured_media":53681,"comment_status":"closed","ping_status":"closed","template":"","meta":[],"product_cat":[14767,23,14668],"product_tag":[],"acf":[],"yoast_head":"<!-- This site is optimized with the Yoast SEO plugin v18.9-RC1 - https:\/\/yoast.com\/wordpress\/plugins\/seo\/ -->\n<title>Mermelada de Sa\u00faco BIO 250g - Carabu\u00f1as -<\/title>\n<meta name=\"robots\" content=\"index, follow, max-snippet:-1, max-image-preview:large, max-video-preview:-1\" \/>\n<link rel=\"canonical\" href=\"https:\/\/carabunhas.com\/es\/producto\/mermelada-sauco-ecologica\/\" \/>\n<meta property=\"og:locale\" content=\"es_ES\" \/>\n<meta property=\"og:type\" content=\"article\" \/>\n<meta property=\"og:title\" content=\"Mermelada de Sa\u00faco BIO 250g - Carabu\u00f1as -\" \/>\n<meta property=\"og:description\" content=\"Mermelada artesanal La Mermelada de sa\u00faco ecol\u00f3gica Carabu\u00f1as se elabora de forma artesanal a base de bayas de sa\u00faco maduras, sin conservantes ni potenciadores de sabor. Con un 70% de fruta.  Es una mermelada extra de alta calidad. Un producto gourmet, de sabor suave y arom\u00e1tico, que aporta un toque diferente de sabor a una gran variedad de recetas.\" \/>\n<meta property=\"og:url\" content=\"https:\/\/carabunhas.com\/es\/producto\/mermelada-sauco-ecologica\/\" \/>\n<meta property=\"og:site_name\" content=\"Carabu\u00f1as\" \/>\n<meta property=\"article:modified_time\" content=\"2026-05-06T11:11:09+00:00\" \/>\n<meta property=\"og:image\" content=\"https:\/\/carabunhas.com\/wp-content\/uploads\/2023\/11\/mermelada-sabugueiro-1.jpg\" \/>\n\t<meta property=\"og:image:width\" content=\"1200\" \/>\n\t<meta property=\"og:image:height\" content=\"800\" \/>\n\t<meta property=\"og:image:type\" content=\"image\/jpeg\" \/>\n<meta name=\"twitter:card\" content=\"summary_large_image\" \/>\n<meta name=\"twitter:label1\" content=\"Tiempo de lectura\" \/>\n\t<meta name=\"twitter:data1\" content=\"1 minuto\" \/>\n<script type=\"application\/ld+json\" class=\"yoast-schema-graph\">{\"@context\":\"https:\/\/schema.org\",\"@graph\":[{\"@type\":\"WebSite\",\"@id\":\"https:\/\/carabunhas.com\/#website\",\"url\":\"https:\/\/carabunhas.com\/\",\"name\":\"Carabu\u00f1as\",\"description\":\"\",\"potentialAction\":[{\"@type\":\"SearchAction\",\"target\":{\"@type\":\"EntryPoint\",\"urlTemplate\":\"https:\/\/carabunhas.com\/?s={search_term_string}\"},\"query-input\":\"required name=search_term_string\"}],\"inLanguage\":\"es\"},{\"@type\":\"ImageObject\",\"inLanguage\":\"es\",\"@id\":\"https:\/\/carabunhas.com\/es\/producto\/mermelada-sauco-ecologica\/#primaryimage\",\"url\":\"https:\/\/carabunhas.com\/wp-content\/uploads\/2023\/11\/mermelada-sabugueiro-1.jpg\",\"contentUrl\":\"https:\/\/carabunhas.com\/wp-content\/uploads\/2023\/11\/mermelada-sabugueiro-1.jpg\",\"width\":1200,\"height\":800},{\"@type\":\"WebPage\",\"@id\":\"https:\/\/carabunhas.com\/es\/producto\/mermelada-sauco-ecologica\/#webpage\",\"url\":\"https:\/\/carabunhas.com\/es\/producto\/mermelada-sauco-ecologica\/\",\"name\":\"Mermelada de Sa\u00faco BIO 250g - Carabu\u00f1as -\",\"isPartOf\":{\"@id\":\"https:\/\/carabunhas.com\/#website\"},\"primaryImageOfPage\":{\"@id\":\"https:\/\/carabunhas.com\/es\/producto\/mermelada-sauco-ecologica\/#primaryimage\"},\"datePublished\":\"2020-10-08T10:16:33+00:00\",\"dateModified\":\"2026-05-06T11:11:09+00:00\",\"breadcrumb\":{\"@id\":\"https:\/\/carabunhas.com\/es\/producto\/mermelada-sauco-ecologica\/#breadcrumb\"},\"inLanguage\":\"es\",\"potentialAction\":[{\"@type\":\"ReadAction\",\"target\":[\"https:\/\/carabunhas.com\/es\/producto\/mermelada-sauco-ecologica\/\"]}]},{\"@type\":\"BreadcrumbList\",\"@id\":\"https:\/\/carabunhas.com\/es\/producto\/mermelada-sauco-ecologica\/#breadcrumb\",\"itemListElement\":[{\"@type\":\"ListItem\",\"position\":1,\"name\":\"Portada\",\"item\":\"https:\/\/carabunhas.com\/es\/\"},{\"@type\":\"ListItem\",\"position\":2,\"name\":\"Productos\",\"item\":\"https:\/\/carabunhas.com\/es\/shop\/\"},{\"@type\":\"ListItem\",\"position\":3,\"name\":\"Mermelada de Sa\u00faco BIO 250g &#8211; Carabu\u00f1as\"}]}]}<\/script>\n<!-- \/ Yoast SEO plugin. -->","yoast_head_json":{"title":"Mermelada de Sa\u00faco BIO 250g - Carabu\u00f1as -","robots":{"index":"index","follow":"follow","max-snippet":"max-snippet:-1","max-image-preview":"max-image-preview:large","max-video-preview":"max-video-preview:-1"},"canonical":"https:\/\/carabunhas.com\/es\/producto\/mermelada-sauco-ecologica\/","og_locale":"es_ES","og_type":"article","og_title":"Mermelada de Sa\u00faco BIO 250g - Carabu\u00f1as -","og_description":"Mermelada artesanal La Mermelada de sa\u00faco ecol\u00f3gica Carabu\u00f1as se elabora de forma artesanal a base de bayas de sa\u00faco maduras, sin conservantes ni potenciadores de sabor. Con un 70% de fruta.  Es una mermelada extra de alta calidad. Un producto gourmet, de sabor suave y arom\u00e1tico, que aporta un toque diferente de sabor a una gran variedad de recetas.","og_url":"https:\/\/carabunhas.com\/es\/producto\/mermelada-sauco-ecologica\/","og_site_name":"Carabu\u00f1as","article_modified_time":"2026-05-06T11:11:09+00:00","og_image":[{"width":1200,"height":800,"url":"https:\/\/carabunhas.com\/wp-content\/uploads\/2023\/11\/mermelada-sabugueiro-1.jpg","type":"image\/jpeg"}],"twitter_card":"summary_large_image","twitter_misc":{"Tiempo de lectura":"1 minuto"},"schema":{"@context":"https:\/\/schema.org","@graph":[{"@type":"WebSite","@id":"https:\/\/carabunhas.com\/#website","url":"https:\/\/carabunhas.com\/","name":"Carabu\u00f1as","description":"","potentialAction":[{"@type":"SearchAction","target":{"@type":"EntryPoint","urlTemplate":"https:\/\/carabunhas.com\/?s={search_term_string}"},"query-input":"required name=search_term_string"}],"inLanguage":"es"},{"@type":"ImageObject","inLanguage":"es","@id":"https:\/\/carabunhas.com\/es\/producto\/mermelada-sauco-ecologica\/#primaryimage","url":"https:\/\/carabunhas.com\/wp-content\/uploads\/2023\/11\/mermelada-sabugueiro-1.jpg","contentUrl":"https:\/\/carabunhas.com\/wp-content\/uploads\/2023\/11\/mermelada-sabugueiro-1.jpg","width":1200,"height":800},{"@type":"WebPage","@id":"https:\/\/carabunhas.com\/es\/producto\/mermelada-sauco-ecologica\/#webpage","url":"https:\/\/carabunhas.com\/es\/producto\/mermelada-sauco-ecologica\/","name":"Mermelada de Sa\u00faco BIO 250g - Carabu\u00f1as -","isPartOf":{"@id":"https:\/\/carabunhas.com\/#website"},"primaryImageOfPage":{"@id":"https:\/\/carabunhas.com\/es\/producto\/mermelada-sauco-ecologica\/#primaryimage"},"datePublished":"2020-10-08T10:16:33+00:00","dateModified":"2026-05-06T11:11:09+00:00","breadcrumb":{"@id":"https:\/\/carabunhas.com\/es\/producto\/mermelada-sauco-ecologica\/#breadcrumb"},"inLanguage":"es","potentialAction":[{"@type":"ReadAction","target":["https:\/\/carabunhas.com\/es\/producto\/mermelada-sauco-ecologica\/"]}]},{"@type":"BreadcrumbList","@id":"https:\/\/carabunhas.com\/es\/producto\/mermelada-sauco-ecologica\/#breadcrumb","itemListElement":[{"@type":"ListItem","position":1,"name":"Portada","item":"https:\/\/carabunhas.com\/es\/"},{"@type":"ListItem","position":2,"name":"Productos","item":"https:\/\/carabunhas.com\/es\/shop\/"},{"@type":"ListItem","position":3,"name":"Mermelada de Sa\u00faco BIO 250g &#8211; Carabu\u00f1as"}]}]}},"_links":{"self":[{"href":"https:\/\/carabunhas.com\/es\/wp-json\/wp\/v2\/product\/5336"}],"collection":[{"href":"https:\/\/carabunhas.com\/es\/wp-json\/wp\/v2\/product"}],"about":[{"href":"https:\/\/carabunhas.com\/es\/wp-json\/wp\/v2\/types\/product"}],"replies":[{"embeddable":true,"href":"https:\/\/carabunhas.com\/es\/wp-json\/wp\/v2\/comments?post=5336"}],"wp:featuredmedia":[{"embeddable":true,"href":"https:\/\/carabunhas.com\/es\/wp-json\/wp\/v2\/media\/53681"}],"wp:attachment":[{"href":"https:\/\/carabunhas.com\/es\/wp-json\/wp\/v2\/media?parent=5336"}],"wp:term":[{"taxonomy":"product_cat","embeddable":true,"href":"https:\/\/carabunhas.com\/es\/wp-json\/wp\/v2\/product_cat?post=5336"},{"taxonomy":"product_tag","embeddable":true,"href":"https:\/\/carabunhas.com\/es\/wp-json\/wp\/v2\/product_tag?post=5336"}],"curies":[{"name":"wp","href":"https:\/\/api.w.org\/{rel}","templated":true}]}}