{"id":53212,"date":"2023-03-20T17:04:18","date_gmt":"2023-03-20T16:04:18","guid":{"rendered":"https:\/\/carabunhas.com\/?post_type=product&#038;p=53212"},"modified":"2025-09-24T21:14:10","modified_gmt":"2025-09-24T19:14:10","slug":"caja-de-12-cervezas-sauco-ecologicas-carabunas","status":"publish","type":"product","link":"https:\/\/carabunhas.com\/es\/producto\/caja-de-12-cervezas-sauco-ecologicas-carabunas\/","title":{"rendered":"Caja de 12 cervezas Sa\u00faco Ecol\u00f3gicas &#8211; Carabu\u00f1as"},"content":{"rendered":"<p>Este pack de cervezas ecol\u00f3gicas Carabu\u00f1as es una <strong>caja degustaci\u00f3n con 12 botellas de cerveza artesanal<\/strong> que elaboramos siguiendo recetas propias. Presentadas en una caja ideal para regalar o para compartir en comidas o cenas con amigos o familia.<\/p>\n<p>Las <strong>cervezas Carabu\u00f1as<\/strong> son singulares porque llevan como materia prima principal <strong>bayas o flores frescas de sa\u00faco<\/strong>. Est\u00e1n elaboradas con ingredientes ecol\u00f3gicos y naturales, como la malta (variedades pilsen y arom\u00e1tica) o el l\u00fapulo.<\/p>\n<p>Botellas de tercio (33 cl.).<\/p>\n<p><u>Cerveza de bayas de sa\u00faco<\/u><\/p>\n<p>La infusi\u00f3n de bayas de sa\u00faco le aporta a esta variedad de cerveza un color rojo cobrizo y una espuma de tintes ros\u00e1ceos. Adem\u00e1s, su sabor es dulce por influencia del fruto. Carbonataci\u00f3n media-alta.<\/p>\n<p>&nbsp;<\/p>\n<h5>Ingredientes<\/h5>\n<ul>\n<li>Agua<\/li>\n<li>Bayas de Sa\u00faco<\/li>\n<li>Malta de cebada<\/li>\n<li>L\u00fapulo<\/li>\n<\/ul>\n","protected":false},"excerpt":{"rendered":"<p>Este pack de cervezas ecol\u00f3gicas Carabu\u00f1as es una <strong>caja degustaci\u00f3n con 12 botellas de cerveza artesanal<\/strong> que elaboramos siguiendo recetas propias. Presentadas en una caja ideal para regalar o para compartir en comidas o cenas con amigos o familia.<\/p>\n<p>Las <strong>cervezas Carabu\u00f1as<\/strong> son singulares porque llevan como materia prima principal <strong>bayas o flores frescas de sa\u00faco<\/strong>. Est\u00e1n elaboradas con ingredientes ecol\u00f3gicos y naturales, como la malta (variedades pilsen y arom\u00e1tica) o el l\u00fapulo.<\/p>\n<p>Botellas de tercio (33 cl.).<\/p>\n<p><u>Cerveza de bayas de sa\u00faco<\/u><\/p>\n<p>La infusi\u00f3n de bayas de sa\u00faco le aporta a esta variedad de cerveza un color rojo cobrizo y una espuma de tintes ros\u00e1ceos. Adem\u00e1s, su sabor es dulce por influencia del fruto. Carbonataci\u00f3n media-alta.<\/p>\n<p>&nbsp;<\/p>\n<h5>Ingredientes<\/h5>\n<ul>\n<li>Agua<\/li>\n<li>Bayas de Sa\u00faco<\/li>\n<li>Malta de cebada<\/li>\n<li>L\u00fapulo<\/li>\n<\/ul>\n","protected":false},"featured_media":5712,"comment_status":"closed","ping_status":"closed","template":"","meta":[],"product_cat":[25,14668],"product_tag":[],"acf":[],"yoast_head":"<!-- This site is optimized with the Yoast SEO plugin v18.9-RC1 - https:\/\/yoast.com\/wordpress\/plugins\/seo\/ -->\n<title>Caja de 12 cervezas Sa\u00faco Ecol\u00f3gicas - Carabu\u00f1as -<\/title>\n<meta name=\"robots\" content=\"index, follow, max-snippet:-1, max-image-preview:large, max-video-preview:-1\" \/>\n<link rel=\"canonical\" href=\"https:\/\/carabunhas.com\/es\/producto\/caja-de-12-cervezas-sauco-ecologicas-carabunas\/\" \/>\n<meta property=\"og:locale\" content=\"es_ES\" \/>\n<meta property=\"og:type\" content=\"article\" \/>\n<meta property=\"og:title\" content=\"Caja de 12 cervezas Sa\u00faco Ecol\u00f3gicas - Carabu\u00f1as -\" \/>\n<meta property=\"og:description\" content=\"Este pack de cervezas ecol\u00f3gicas Carabu\u00f1as es una caja degustaci\u00f3n con 12 botellas de cerveza artesanal que elaboramos siguiendo recetas propias. Presentadas en una caja ideal para regalar o para compartir en comidas o cenas con amigos o familia.  Las cervezas Carabu\u00f1as son singulares porque llevan como materia prima principal bayas o flores frescas de sa\u00faco. Est\u00e1n elaboradas con ingredientes ecol\u00f3gicos y naturales, como la malta (variedades pilsen y arom\u00e1tica) o el l\u00fapulo.  Botellas de tercio (33 cl.).  Cerveza de bayas de sa\u00faco  La infusi\u00f3n de bayas de sa\u00faco le aporta a esta variedad de cerveza un color rojo cobrizo y una espuma de tintes ros\u00e1ceos. Adem\u00e1s, su sabor es dulce por influencia del fruto. Carbonataci\u00f3n media-alta.  &nbsp; Ingredientes   Agua  Bayas de Sa\u00faco  Malta de cebada  L\u00fapulo\" \/>\n<meta property=\"og:url\" content=\"https:\/\/carabunhas.com\/es\/producto\/caja-de-12-cervezas-sauco-ecologicas-carabunas\/\" \/>\n<meta property=\"og:site_name\" content=\"Carabu\u00f1as\" \/>\n<meta property=\"article:modified_time\" content=\"2025-09-24T19:14:10+00:00\" \/>\n<meta property=\"og:image\" content=\"https:\/\/carabunhas.com\/wp-content\/uploads\/2020\/10\/cerveza-sauco-carabunas.jpg\" \/>\n\t<meta property=\"og:image:width\" content=\"1200\" \/>\n\t<meta property=\"og:image:height\" content=\"800\" \/>\n\t<meta property=\"og:image:type\" content=\"image\/jpeg\" \/>\n<meta name=\"twitter:card\" content=\"summary_large_image\" \/>\n<meta name=\"twitter:label1\" content=\"Tiempo de lectura\" \/>\n\t<meta name=\"twitter:data1\" content=\"1 minuto\" \/>\n<script type=\"application\/ld+json\" class=\"yoast-schema-graph\">{\"@context\":\"https:\/\/schema.org\",\"@graph\":[{\"@type\":\"WebSite\",\"@id\":\"https:\/\/carabunhas.com\/#website\",\"url\":\"https:\/\/carabunhas.com\/\",\"name\":\"Carabu\u00f1as\",\"description\":\"\",\"potentialAction\":[{\"@type\":\"SearchAction\",\"target\":{\"@type\":\"EntryPoint\",\"urlTemplate\":\"https:\/\/carabunhas.com\/?s={search_term_string}\"},\"query-input\":\"required name=search_term_string\"}],\"inLanguage\":\"es\"},{\"@type\":\"ImageObject\",\"inLanguage\":\"es\",\"@id\":\"https:\/\/carabunhas.com\/es\/producto\/caja-de-12-cervezas-sauco-ecologicas-carabunas\/#primaryimage\",\"url\":\"https:\/\/carabunhas.com\/wp-content\/uploads\/2020\/10\/cerveza-sauco-carabunas.jpg\",\"contentUrl\":\"https:\/\/carabunhas.com\/wp-content\/uploads\/2020\/10\/cerveza-sauco-carabunas.jpg\",\"width\":1200,\"height\":800,\"caption\":\"cerveza sauco carabu\u00f1as\"},{\"@type\":\"WebPage\",\"@id\":\"https:\/\/carabunhas.com\/es\/producto\/caja-de-12-cervezas-sauco-ecologicas-carabunas\/#webpage\",\"url\":\"https:\/\/carabunhas.com\/es\/producto\/caja-de-12-cervezas-sauco-ecologicas-carabunas\/\",\"name\":\"Caja de 12 cervezas Sa\u00faco Ecol\u00f3gicas - Carabu\u00f1as -\",\"isPartOf\":{\"@id\":\"https:\/\/carabunhas.com\/#website\"},\"primaryImageOfPage\":{\"@id\":\"https:\/\/carabunhas.com\/es\/producto\/caja-de-12-cervezas-sauco-ecologicas-carabunas\/#primaryimage\"},\"datePublished\":\"2023-03-20T16:04:18+00:00\",\"dateModified\":\"2025-09-24T19:14:10+00:00\",\"breadcrumb\":{\"@id\":\"https:\/\/carabunhas.com\/es\/producto\/caja-de-12-cervezas-sauco-ecologicas-carabunas\/#breadcrumb\"},\"inLanguage\":\"es\",\"potentialAction\":[{\"@type\":\"ReadAction\",\"target\":[\"https:\/\/carabunhas.com\/es\/producto\/caja-de-12-cervezas-sauco-ecologicas-carabunas\/\"]}]},{\"@type\":\"BreadcrumbList\",\"@id\":\"https:\/\/carabunhas.com\/es\/producto\/caja-de-12-cervezas-sauco-ecologicas-carabunas\/#breadcrumb\",\"itemListElement\":[{\"@type\":\"ListItem\",\"position\":1,\"name\":\"Portada\",\"item\":\"https:\/\/carabunhas.com\/es\/\"},{\"@type\":\"ListItem\",\"position\":2,\"name\":\"Productos\",\"item\":\"https:\/\/carabunhas.com\/es\/shop\/\"},{\"@type\":\"ListItem\",\"position\":3,\"name\":\"Caja de 12 cervezas Sa\u00faco Ecol\u00f3gicas &#8211; Carabu\u00f1as\"}]}]}<\/script>\n<!-- \/ Yoast SEO plugin. -->","yoast_head_json":{"title":"Caja de 12 cervezas Sa\u00faco Ecol\u00f3gicas - Carabu\u00f1as -","robots":{"index":"index","follow":"follow","max-snippet":"max-snippet:-1","max-image-preview":"max-image-preview:large","max-video-preview":"max-video-preview:-1"},"canonical":"https:\/\/carabunhas.com\/es\/producto\/caja-de-12-cervezas-sauco-ecologicas-carabunas\/","og_locale":"es_ES","og_type":"article","og_title":"Caja de 12 cervezas Sa\u00faco Ecol\u00f3gicas - Carabu\u00f1as -","og_description":"Este pack de cervezas ecol\u00f3gicas Carabu\u00f1as es una caja degustaci\u00f3n con 12 botellas de cerveza artesanal que elaboramos siguiendo recetas propias. Presentadas en una caja ideal para regalar o para compartir en comidas o cenas con amigos o familia.  Las cervezas Carabu\u00f1as son singulares porque llevan como materia prima principal bayas o flores frescas de sa\u00faco. Est\u00e1n elaboradas con ingredientes ecol\u00f3gicos y naturales, como la malta (variedades pilsen y arom\u00e1tica) o el l\u00fapulo.  Botellas de tercio (33 cl.).  Cerveza de bayas de sa\u00faco  La infusi\u00f3n de bayas de sa\u00faco le aporta a esta variedad de cerveza un color rojo cobrizo y una espuma de tintes ros\u00e1ceos. Adem\u00e1s, su sabor es dulce por influencia del fruto. Carbonataci\u00f3n media-alta.  &nbsp; Ingredientes   Agua  Bayas de Sa\u00faco  Malta de cebada  L\u00fapulo","og_url":"https:\/\/carabunhas.com\/es\/producto\/caja-de-12-cervezas-sauco-ecologicas-carabunas\/","og_site_name":"Carabu\u00f1as","article_modified_time":"2025-09-24T19:14:10+00:00","og_image":[{"width":1200,"height":800,"url":"https:\/\/carabunhas.com\/wp-content\/uploads\/2020\/10\/cerveza-sauco-carabunas.jpg","type":"image\/jpeg"}],"twitter_card":"summary_large_image","twitter_misc":{"Tiempo de lectura":"1 minuto"},"schema":{"@context":"https:\/\/schema.org","@graph":[{"@type":"WebSite","@id":"https:\/\/carabunhas.com\/#website","url":"https:\/\/carabunhas.com\/","name":"Carabu\u00f1as","description":"","potentialAction":[{"@type":"SearchAction","target":{"@type":"EntryPoint","urlTemplate":"https:\/\/carabunhas.com\/?s={search_term_string}"},"query-input":"required name=search_term_string"}],"inLanguage":"es"},{"@type":"ImageObject","inLanguage":"es","@id":"https:\/\/carabunhas.com\/es\/producto\/caja-de-12-cervezas-sauco-ecologicas-carabunas\/#primaryimage","url":"https:\/\/carabunhas.com\/wp-content\/uploads\/2020\/10\/cerveza-sauco-carabunas.jpg","contentUrl":"https:\/\/carabunhas.com\/wp-content\/uploads\/2020\/10\/cerveza-sauco-carabunas.jpg","width":1200,"height":800,"caption":"cerveza sauco carabu\u00f1as"},{"@type":"WebPage","@id":"https:\/\/carabunhas.com\/es\/producto\/caja-de-12-cervezas-sauco-ecologicas-carabunas\/#webpage","url":"https:\/\/carabunhas.com\/es\/producto\/caja-de-12-cervezas-sauco-ecologicas-carabunas\/","name":"Caja de 12 cervezas Sa\u00faco Ecol\u00f3gicas - Carabu\u00f1as -","isPartOf":{"@id":"https:\/\/carabunhas.com\/#website"},"primaryImageOfPage":{"@id":"https:\/\/carabunhas.com\/es\/producto\/caja-de-12-cervezas-sauco-ecologicas-carabunas\/#primaryimage"},"datePublished":"2023-03-20T16:04:18+00:00","dateModified":"2025-09-24T19:14:10+00:00","breadcrumb":{"@id":"https:\/\/carabunhas.com\/es\/producto\/caja-de-12-cervezas-sauco-ecologicas-carabunas\/#breadcrumb"},"inLanguage":"es","potentialAction":[{"@type":"ReadAction","target":["https:\/\/carabunhas.com\/es\/producto\/caja-de-12-cervezas-sauco-ecologicas-carabunas\/"]}]},{"@type":"BreadcrumbList","@id":"https:\/\/carabunhas.com\/es\/producto\/caja-de-12-cervezas-sauco-ecologicas-carabunas\/#breadcrumb","itemListElement":[{"@type":"ListItem","position":1,"name":"Portada","item":"https:\/\/carabunhas.com\/es\/"},{"@type":"ListItem","position":2,"name":"Productos","item":"https:\/\/carabunhas.com\/es\/shop\/"},{"@type":"ListItem","position":3,"name":"Caja de 12 cervezas Sa\u00faco Ecol\u00f3gicas &#8211; Carabu\u00f1as"}]}]}},"_links":{"self":[{"href":"https:\/\/carabunhas.com\/es\/wp-json\/wp\/v2\/product\/53212"}],"collection":[{"href":"https:\/\/carabunhas.com\/es\/wp-json\/wp\/v2\/product"}],"about":[{"href":"https:\/\/carabunhas.com\/es\/wp-json\/wp\/v2\/types\/product"}],"replies":[{"embeddable":true,"href":"https:\/\/carabunhas.com\/es\/wp-json\/wp\/v2\/comments?post=53212"}],"wp:featuredmedia":[{"embeddable":true,"href":"https:\/\/carabunhas.com\/es\/wp-json\/wp\/v2\/media\/5712"}],"wp:attachment":[{"href":"https:\/\/carabunhas.com\/es\/wp-json\/wp\/v2\/media?parent=53212"}],"wp:term":[{"taxonomy":"product_cat","embeddable":true,"href":"https:\/\/carabunhas.com\/es\/wp-json\/wp\/v2\/product_cat?post=53212"},{"taxonomy":"product_tag","embeddable":true,"href":"https:\/\/carabunhas.com\/es\/wp-json\/wp\/v2\/product_tag?post=53212"}],"curies":[{"name":"wp","href":"https:\/\/api.w.org\/{rel}","templated":true}]}}