{"id":5316,"date":"2020-10-08T12:06:38","date_gmt":"2020-10-08T10:06:38","guid":{"rendered":"https:\/\/carabunhas.com\/?post_type=product&#038;p=5316"},"modified":"2026-05-08T14:36:49","modified_gmt":"2026-05-08T12:36:49","slug":"cerveza-baya-sauco","status":"publish","type":"product","link":"https:\/\/carabunhas.com\/es\/producto\/cerveza-baya-sauco\/","title":{"rendered":"Cerveza Bayas de Sa\u00faco BIO 330ml &#8211; Carabu\u00f1as"},"content":{"rendered":"<p>Para elaborar la <strong>cerveza de Sabugueiro Carabu\u00f1as<\/strong>, utilizamos bayas de sa\u00faco, a las que a\u00f1adimos maltas de las especies pilsen y arom\u00e1tica, adem\u00e1s de l\u00fapulo. Es una cerveza de doble fermentaci\u00f3n y carbonataci\u00f3n t\u00e9nue.<\/p>\n<p>La singularidad de esta cerveza de sa\u00faco empieza por su aroma muy intenso, contin\u00faa con su color rojo cobrizo y termina con una espuma de toques ros\u00e1ceos en la que tienen mucho que ver las bayas de sa\u00faco.<\/p>\n<p>En cuanto al gusto, es un producto de sabor suave, con matices afrutados y herb\u00e1ceos que dejan un regusto agradable en la boca. Un sabor diferente para los amantes de la <strong>cerveza artesanal<\/strong>.<\/p>\n<p>En Carabu\u00f1as hacemos dos <strong>cervezas ecol\u00f3gicas<\/strong> y artesanales: una con flor de sa\u00faco y otra con bayas de sa\u00faco. Tambi\u00e9n puedes comprar una caja degustaci\u00f3n con las dos variedades de cervezas.<\/p>\n<h5>Ingredientes<\/h5>\n<ul>\n<li>Agua<\/li>\n<li>Baya de Sa\u00faco<\/li>\n<li>Malta de cebada<\/li>\n<li>L\u00fapulo<\/li>\n<\/ul>\n","protected":false},"excerpt":{"rendered":"<h3>Cerveza artesanal ECO<\/h3>\n<p>Cerveza ecol\u00f3gica de bayas de sa\u00faco Carabu\u00f1as. Una <strong>cerveza artesanal<\/strong>, de doble fermentaci\u00f3n, con elaboraci\u00f3n a base de bayas de sa\u00faco, maltas pilsen y arom\u00e1tica.<\/p>\n<p>De color rojo cobrizo, aroma intenso y espuma persistente; es una cerveza con toques afrutados y herb\u00e1ceos. Cerveza Elderlberry.<\/p>\n<p><strong>Fruit Beer<\/strong>, 33cl.<\/p>\n","protected":false},"featured_media":53669,"comment_status":"closed","ping_status":"closed","template":"","meta":[],"product_cat":[14767,25,14668],"product_tag":[],"acf":[],"yoast_head":"<!-- This site is optimized with the Yoast SEO plugin v18.9-RC1 - https:\/\/yoast.com\/wordpress\/plugins\/seo\/ -->\n<title>Cerveza Bayas de Sa\u00faco BIO 330ml - Carabu\u00f1as -<\/title>\n<meta name=\"robots\" content=\"index, follow, max-snippet:-1, max-image-preview:large, max-video-preview:-1\" \/>\n<link rel=\"canonical\" href=\"https:\/\/carabunhas.com\/es\/producto\/cerveza-baya-sauco\/\" \/>\n<meta property=\"og:locale\" content=\"es_ES\" \/>\n<meta property=\"og:type\" content=\"article\" \/>\n<meta property=\"og:title\" content=\"Cerveza Bayas de Sa\u00faco BIO 330ml - Carabu\u00f1as -\" \/>\n<meta property=\"og:description\" content=\"Cerveza artesanal ECO Cerveza ecol\u00f3gica de bayas de sa\u00faco Carabu\u00f1as. Una cerveza artesanal, de doble fermentaci\u00f3n, con elaboraci\u00f3n a base de bayas de sa\u00faco, maltas pilsen y arom\u00e1tica.  De color rojo cobrizo, aroma intenso y espuma persistente; es una cerveza con toques afrutados y herb\u00e1ceos. Cerveza Elderlberry.  Fruit Beer, 33cl.\" \/>\n<meta property=\"og:url\" content=\"https:\/\/carabunhas.com\/es\/producto\/cerveza-baya-sauco\/\" \/>\n<meta property=\"og:site_name\" content=\"Carabu\u00f1as\" \/>\n<meta property=\"article:modified_time\" content=\"2026-05-08T12:36:49+00:00\" \/>\n<meta property=\"og:image\" content=\"https:\/\/carabunhas.com\/wp-content\/uploads\/2023\/11\/cerveza-bayas-sauco.jpg\" \/>\n\t<meta property=\"og:image:width\" content=\"1200\" \/>\n\t<meta property=\"og:image:height\" content=\"800\" \/>\n\t<meta property=\"og:image:type\" content=\"image\/jpeg\" \/>\n<meta name=\"twitter:card\" content=\"summary_large_image\" \/>\n<meta name=\"twitter:label1\" content=\"Tiempo de lectura\" \/>\n\t<meta name=\"twitter:data1\" content=\"1 minuto\" \/>\n<script type=\"application\/ld+json\" class=\"yoast-schema-graph\">{\"@context\":\"https:\/\/schema.org\",\"@graph\":[{\"@type\":\"WebSite\",\"@id\":\"https:\/\/carabunhas.com\/#website\",\"url\":\"https:\/\/carabunhas.com\/\",\"name\":\"Carabu\u00f1as\",\"description\":\"\",\"potentialAction\":[{\"@type\":\"SearchAction\",\"target\":{\"@type\":\"EntryPoint\",\"urlTemplate\":\"https:\/\/carabunhas.com\/?s={search_term_string}\"},\"query-input\":\"required name=search_term_string\"}],\"inLanguage\":\"es\"},{\"@type\":\"ImageObject\",\"inLanguage\":\"es\",\"@id\":\"https:\/\/carabunhas.com\/es\/producto\/cerveza-baya-sauco\/#primaryimage\",\"url\":\"https:\/\/carabunhas.com\/wp-content\/uploads\/2023\/11\/cerveza-bayas-sauco.jpg\",\"contentUrl\":\"https:\/\/carabunhas.com\/wp-content\/uploads\/2023\/11\/cerveza-bayas-sauco.jpg\",\"width\":1200,\"height\":800},{\"@type\":\"WebPage\",\"@id\":\"https:\/\/carabunhas.com\/es\/producto\/cerveza-baya-sauco\/#webpage\",\"url\":\"https:\/\/carabunhas.com\/es\/producto\/cerveza-baya-sauco\/\",\"name\":\"Cerveza Bayas de Sa\u00faco BIO 330ml - Carabu\u00f1as -\",\"isPartOf\":{\"@id\":\"https:\/\/carabunhas.com\/#website\"},\"primaryImageOfPage\":{\"@id\":\"https:\/\/carabunhas.com\/es\/producto\/cerveza-baya-sauco\/#primaryimage\"},\"datePublished\":\"2020-10-08T10:06:38+00:00\",\"dateModified\":\"2026-05-08T12:36:49+00:00\",\"breadcrumb\":{\"@id\":\"https:\/\/carabunhas.com\/es\/producto\/cerveza-baya-sauco\/#breadcrumb\"},\"inLanguage\":\"es\",\"potentialAction\":[{\"@type\":\"ReadAction\",\"target\":[\"https:\/\/carabunhas.com\/es\/producto\/cerveza-baya-sauco\/\"]}]},{\"@type\":\"BreadcrumbList\",\"@id\":\"https:\/\/carabunhas.com\/es\/producto\/cerveza-baya-sauco\/#breadcrumb\",\"itemListElement\":[{\"@type\":\"ListItem\",\"position\":1,\"name\":\"Portada\",\"item\":\"https:\/\/carabunhas.com\/es\/\"},{\"@type\":\"ListItem\",\"position\":2,\"name\":\"Productos\",\"item\":\"https:\/\/carabunhas.com\/es\/shop\/\"},{\"@type\":\"ListItem\",\"position\":3,\"name\":\"Cerveza Bayas de Sa\u00faco BIO 330ml &#8211; Carabu\u00f1as\"}]}]}<\/script>\n<!-- \/ Yoast SEO plugin. -->","yoast_head_json":{"title":"Cerveza Bayas de Sa\u00faco BIO 330ml - Carabu\u00f1as -","robots":{"index":"index","follow":"follow","max-snippet":"max-snippet:-1","max-image-preview":"max-image-preview:large","max-video-preview":"max-video-preview:-1"},"canonical":"https:\/\/carabunhas.com\/es\/producto\/cerveza-baya-sauco\/","og_locale":"es_ES","og_type":"article","og_title":"Cerveza Bayas de Sa\u00faco BIO 330ml - Carabu\u00f1as -","og_description":"Cerveza artesanal ECO Cerveza ecol\u00f3gica de bayas de sa\u00faco Carabu\u00f1as. Una cerveza artesanal, de doble fermentaci\u00f3n, con elaboraci\u00f3n a base de bayas de sa\u00faco, maltas pilsen y arom\u00e1tica.  De color rojo cobrizo, aroma intenso y espuma persistente; es una cerveza con toques afrutados y herb\u00e1ceos. Cerveza Elderlberry.  Fruit Beer, 33cl.","og_url":"https:\/\/carabunhas.com\/es\/producto\/cerveza-baya-sauco\/","og_site_name":"Carabu\u00f1as","article_modified_time":"2026-05-08T12:36:49+00:00","og_image":[{"width":1200,"height":800,"url":"https:\/\/carabunhas.com\/wp-content\/uploads\/2023\/11\/cerveza-bayas-sauco.jpg","type":"image\/jpeg"}],"twitter_card":"summary_large_image","twitter_misc":{"Tiempo de lectura":"1 minuto"},"schema":{"@context":"https:\/\/schema.org","@graph":[{"@type":"WebSite","@id":"https:\/\/carabunhas.com\/#website","url":"https:\/\/carabunhas.com\/","name":"Carabu\u00f1as","description":"","potentialAction":[{"@type":"SearchAction","target":{"@type":"EntryPoint","urlTemplate":"https:\/\/carabunhas.com\/?s={search_term_string}"},"query-input":"required name=search_term_string"}],"inLanguage":"es"},{"@type":"ImageObject","inLanguage":"es","@id":"https:\/\/carabunhas.com\/es\/producto\/cerveza-baya-sauco\/#primaryimage","url":"https:\/\/carabunhas.com\/wp-content\/uploads\/2023\/11\/cerveza-bayas-sauco.jpg","contentUrl":"https:\/\/carabunhas.com\/wp-content\/uploads\/2023\/11\/cerveza-bayas-sauco.jpg","width":1200,"height":800},{"@type":"WebPage","@id":"https:\/\/carabunhas.com\/es\/producto\/cerveza-baya-sauco\/#webpage","url":"https:\/\/carabunhas.com\/es\/producto\/cerveza-baya-sauco\/","name":"Cerveza Bayas de Sa\u00faco BIO 330ml - Carabu\u00f1as -","isPartOf":{"@id":"https:\/\/carabunhas.com\/#website"},"primaryImageOfPage":{"@id":"https:\/\/carabunhas.com\/es\/producto\/cerveza-baya-sauco\/#primaryimage"},"datePublished":"2020-10-08T10:06:38+00:00","dateModified":"2026-05-08T12:36:49+00:00","breadcrumb":{"@id":"https:\/\/carabunhas.com\/es\/producto\/cerveza-baya-sauco\/#breadcrumb"},"inLanguage":"es","potentialAction":[{"@type":"ReadAction","target":["https:\/\/carabunhas.com\/es\/producto\/cerveza-baya-sauco\/"]}]},{"@type":"BreadcrumbList","@id":"https:\/\/carabunhas.com\/es\/producto\/cerveza-baya-sauco\/#breadcrumb","itemListElement":[{"@type":"ListItem","position":1,"name":"Portada","item":"https:\/\/carabunhas.com\/es\/"},{"@type":"ListItem","position":2,"name":"Productos","item":"https:\/\/carabunhas.com\/es\/shop\/"},{"@type":"ListItem","position":3,"name":"Cerveza Bayas de Sa\u00faco BIO 330ml &#8211; Carabu\u00f1as"}]}]}},"_links":{"self":[{"href":"https:\/\/carabunhas.com\/es\/wp-json\/wp\/v2\/product\/5316"}],"collection":[{"href":"https:\/\/carabunhas.com\/es\/wp-json\/wp\/v2\/product"}],"about":[{"href":"https:\/\/carabunhas.com\/es\/wp-json\/wp\/v2\/types\/product"}],"replies":[{"embeddable":true,"href":"https:\/\/carabunhas.com\/es\/wp-json\/wp\/v2\/comments?post=5316"}],"wp:featuredmedia":[{"embeddable":true,"href":"https:\/\/carabunhas.com\/es\/wp-json\/wp\/v2\/media\/53669"}],"wp:attachment":[{"href":"https:\/\/carabunhas.com\/es\/wp-json\/wp\/v2\/media?parent=5316"}],"wp:term":[{"taxonomy":"product_cat","embeddable":true,"href":"https:\/\/carabunhas.com\/es\/wp-json\/wp\/v2\/product_cat?post=5316"},{"taxonomy":"product_tag","embeddable":true,"href":"https:\/\/carabunhas.com\/es\/wp-json\/wp\/v2\/product_tag?post=5316"}],"curies":[{"name":"wp","href":"https:\/\/api.w.org\/{rel}","templated":true}]}}