{"id":53079,"date":"2022-12-02T13:58:15","date_gmt":"2022-12-02T12:58:15","guid":{"rendered":"https:\/\/carabunhas.com\/?post_type=product&#038;p=53079"},"modified":"2025-10-30T10:55:34","modified_gmt":"2025-10-30T09:55:34","slug":"cajas-regalo-2","status":"publish","type":"product","link":"https:\/\/carabunhas.com\/es\/producto\/cajas-regalo-2\/","title":{"rendered":"Lote Sabugueiro- Carabu\u00f1as"},"content":{"rendered":"<p>Esta caja es una celebraci\u00f3n de la gastronom\u00eda gallega y del trabajo que llevan a cabo peque\u00f1as marcas productoras repartidas por todo el territorio.<\/p>\n<p>El <strong>Lote Sabugueiro<\/strong> combina lo mejor de la tradici\u00f3n gastron\u00f3mica gallega en un pack \u00fanico y exquisito. Este lote incluye:<\/p>\n<ul>\n<li>Caixa Gosto grande<\/li>\n<li>Chocolate Gosto<\/li>\n<li>Zamburi\u00f1as Tito<\/li>\n<li>Canap\u00e9 Daveiga<\/li>\n<li>Pastas Namoreiras<\/li>\n<li>Salchich\u00f3n Larouco<\/li>\n<li>Pat\u00e9 centolo<\/li>\n<li>Pat\u00e9 veggie<\/li>\n<li>Salsa Arredemo<\/li>\n<li>Turr\u00f3n de sabugueiro<\/li>\n<li>Cabra madurado Gaia<\/li>\n<li>Marmelada sabugueiro<\/li>\n<li>Albari\u00f1o Novilunio<\/li>\n<li>Menc\u00eda Novilunio<\/li>\n<li>Licor sabugueiro 500ml<\/li>\n<\/ul>\n<p>Todo ello presentado en una elegante <strong>Caja Gosto Grande<\/strong>, dise\u00f1ada para destacar en cualquier ocasi\u00f3n especial.<\/p>\n<p>Nota: El contenido de esta cesta est\u00e1 configurado con peque\u00f1os productores y en el momento de hacer tu pedido puede no haber disponibilidad. Si esto ocurre, te llamaremos para poder cambiar el producto que falta por otra referencia similar.<\/p>\n","protected":false},"excerpt":{"rendered":"<p>El <strong>Lote Sabugueiro<\/strong> es una completa selecci\u00f3n gourmet de productos gallegos. Incluye vinos Albari\u00f1o y Menc\u00eda, licor de sabugueiro, salchich\u00f3n artesanal, pat\u00e9s, dulces y conservas. Todo presentado en una elegante caja Gosto, ideal para regalar o compartir en ocasiones especiales.<\/p>\n","protected":false},"featured_media":54441,"comment_status":"closed","ping_status":"closed","template":"","meta":[],"product_cat":[14708,21,22,23,14668],"product_tag":[],"acf":[],"yoast_head":"<!-- This site is optimized with the Yoast SEO plugin v18.9-RC1 - https:\/\/yoast.com\/wordpress\/plugins\/seo\/ -->\n<title>Lote Sabugueiro- Carabu\u00f1as - Carabu\u00f1as<\/title>\n<meta name=\"robots\" content=\"index, follow, max-snippet:-1, max-image-preview:large, max-video-preview:-1\" \/>\n<link rel=\"canonical\" href=\"https:\/\/carabunhas.com\/es\/producto\/cajas-regalo-2\/\" \/>\n<meta property=\"og:locale\" content=\"es_ES\" \/>\n<meta property=\"og:type\" content=\"article\" \/>\n<meta property=\"og:title\" content=\"Lote Sabugueiro- Carabu\u00f1as - Carabu\u00f1as\" \/>\n<meta property=\"og:description\" content=\"El Lote Sabugueiro es una completa selecci\u00f3n gourmet de productos gallegos. Incluye vinos Albari\u00f1o y Menc\u00eda, licor de sabugueiro, salchich\u00f3n artesanal, pat\u00e9s, dulces y conservas. Todo presentado en una elegante caja Gosto, ideal para regalar o compartir en ocasiones especiales.\" \/>\n<meta property=\"og:url\" content=\"https:\/\/carabunhas.com\/es\/producto\/cajas-regalo-2\/\" \/>\n<meta property=\"og:site_name\" content=\"Carabu\u00f1as\" \/>\n<meta property=\"article:modified_time\" content=\"2025-10-30T09:55:34+00:00\" \/>\n<meta property=\"og:image\" content=\"https:\/\/carabunhas.com\/wp-content\/uploads\/2023\/12\/Lote-Sabugueiro-Carabunas.png\" \/>\n\t<meta property=\"og:image:width\" content=\"1200\" \/>\n\t<meta property=\"og:image:height\" content=\"800\" \/>\n\t<meta property=\"og:image:type\" content=\"image\/png\" \/>\n<meta name=\"twitter:card\" content=\"summary_large_image\" \/>\n<meta name=\"twitter:label1\" content=\"Tiempo de lectura\" \/>\n\t<meta name=\"twitter:data1\" content=\"2 minutos\" \/>\n<script type=\"application\/ld+json\" class=\"yoast-schema-graph\">{\"@context\":\"https:\/\/schema.org\",\"@graph\":[{\"@type\":\"WebSite\",\"@id\":\"https:\/\/carabunhas.com\/#website\",\"url\":\"https:\/\/carabunhas.com\/\",\"name\":\"Carabu\u00f1as\",\"description\":\"\",\"potentialAction\":[{\"@type\":\"SearchAction\",\"target\":{\"@type\":\"EntryPoint\",\"urlTemplate\":\"https:\/\/carabunhas.com\/?s={search_term_string}\"},\"query-input\":\"required name=search_term_string\"}],\"inLanguage\":\"es\"},{\"@type\":\"ImageObject\",\"inLanguage\":\"es\",\"@id\":\"https:\/\/carabunhas.com\/es\/producto\/cajas-regalo-2\/#primaryimage\",\"url\":\"https:\/\/carabunhas.com\/wp-content\/uploads\/2023\/12\/Lote-Sabugueiro-Carabunas.png\",\"contentUrl\":\"https:\/\/carabunhas.com\/wp-content\/uploads\/2023\/12\/Lote-Sabugueiro-Carabunas.png\",\"width\":1200,\"height\":800,\"caption\":\"Lote Sabugueiro- Carabu\u00f1as\"},{\"@type\":\"WebPage\",\"@id\":\"https:\/\/carabunhas.com\/es\/producto\/cajas-regalo-2\/#webpage\",\"url\":\"https:\/\/carabunhas.com\/es\/producto\/cajas-regalo-2\/\",\"name\":\"Lote Sabugueiro- Carabu\u00f1as - Carabu\u00f1as\",\"isPartOf\":{\"@id\":\"https:\/\/carabunhas.com\/#website\"},\"primaryImageOfPage\":{\"@id\":\"https:\/\/carabunhas.com\/es\/producto\/cajas-regalo-2\/#primaryimage\"},\"datePublished\":\"2022-12-02T12:58:15+00:00\",\"dateModified\":\"2025-10-30T09:55:34+00:00\",\"breadcrumb\":{\"@id\":\"https:\/\/carabunhas.com\/es\/producto\/cajas-regalo-2\/#breadcrumb\"},\"inLanguage\":\"es\",\"potentialAction\":[{\"@type\":\"ReadAction\",\"target\":[\"https:\/\/carabunhas.com\/es\/producto\/cajas-regalo-2\/\"]}]},{\"@type\":\"BreadcrumbList\",\"@id\":\"https:\/\/carabunhas.com\/es\/producto\/cajas-regalo-2\/#breadcrumb\",\"itemListElement\":[{\"@type\":\"ListItem\",\"position\":1,\"name\":\"Portada\",\"item\":\"https:\/\/carabunhas.com\/es\/\"},{\"@type\":\"ListItem\",\"position\":2,\"name\":\"Productos\",\"item\":\"https:\/\/carabunhas.com\/es\/shop\/\"},{\"@type\":\"ListItem\",\"position\":3,\"name\":\"Lote Sabugueiro- Carabu\u00f1as\"}]}]}<\/script>\n<!-- \/ Yoast SEO plugin. -->","yoast_head_json":{"title":"Lote Sabugueiro- Carabu\u00f1as - Carabu\u00f1as","robots":{"index":"index","follow":"follow","max-snippet":"max-snippet:-1","max-image-preview":"max-image-preview:large","max-video-preview":"max-video-preview:-1"},"canonical":"https:\/\/carabunhas.com\/es\/producto\/cajas-regalo-2\/","og_locale":"es_ES","og_type":"article","og_title":"Lote Sabugueiro- Carabu\u00f1as - Carabu\u00f1as","og_description":"El Lote Sabugueiro es una completa selecci\u00f3n gourmet de productos gallegos. Incluye vinos Albari\u00f1o y Menc\u00eda, licor de sabugueiro, salchich\u00f3n artesanal, pat\u00e9s, dulces y conservas. Todo presentado en una elegante caja Gosto, ideal para regalar o compartir en ocasiones especiales.","og_url":"https:\/\/carabunhas.com\/es\/producto\/cajas-regalo-2\/","og_site_name":"Carabu\u00f1as","article_modified_time":"2025-10-30T09:55:34+00:00","og_image":[{"width":1200,"height":800,"url":"https:\/\/carabunhas.com\/wp-content\/uploads\/2023\/12\/Lote-Sabugueiro-Carabunas.png","type":"image\/png"}],"twitter_card":"summary_large_image","twitter_misc":{"Tiempo de lectura":"2 minutos"},"schema":{"@context":"https:\/\/schema.org","@graph":[{"@type":"WebSite","@id":"https:\/\/carabunhas.com\/#website","url":"https:\/\/carabunhas.com\/","name":"Carabu\u00f1as","description":"","potentialAction":[{"@type":"SearchAction","target":{"@type":"EntryPoint","urlTemplate":"https:\/\/carabunhas.com\/?s={search_term_string}"},"query-input":"required name=search_term_string"}],"inLanguage":"es"},{"@type":"ImageObject","inLanguage":"es","@id":"https:\/\/carabunhas.com\/es\/producto\/cajas-regalo-2\/#primaryimage","url":"https:\/\/carabunhas.com\/wp-content\/uploads\/2023\/12\/Lote-Sabugueiro-Carabunas.png","contentUrl":"https:\/\/carabunhas.com\/wp-content\/uploads\/2023\/12\/Lote-Sabugueiro-Carabunas.png","width":1200,"height":800,"caption":"Lote Sabugueiro- Carabu\u00f1as"},{"@type":"WebPage","@id":"https:\/\/carabunhas.com\/es\/producto\/cajas-regalo-2\/#webpage","url":"https:\/\/carabunhas.com\/es\/producto\/cajas-regalo-2\/","name":"Lote Sabugueiro- Carabu\u00f1as - Carabu\u00f1as","isPartOf":{"@id":"https:\/\/carabunhas.com\/#website"},"primaryImageOfPage":{"@id":"https:\/\/carabunhas.com\/es\/producto\/cajas-regalo-2\/#primaryimage"},"datePublished":"2022-12-02T12:58:15+00:00","dateModified":"2025-10-30T09:55:34+00:00","breadcrumb":{"@id":"https:\/\/carabunhas.com\/es\/producto\/cajas-regalo-2\/#breadcrumb"},"inLanguage":"es","potentialAction":[{"@type":"ReadAction","target":["https:\/\/carabunhas.com\/es\/producto\/cajas-regalo-2\/"]}]},{"@type":"BreadcrumbList","@id":"https:\/\/carabunhas.com\/es\/producto\/cajas-regalo-2\/#breadcrumb","itemListElement":[{"@type":"ListItem","position":1,"name":"Portada","item":"https:\/\/carabunhas.com\/es\/"},{"@type":"ListItem","position":2,"name":"Productos","item":"https:\/\/carabunhas.com\/es\/shop\/"},{"@type":"ListItem","position":3,"name":"Lote Sabugueiro- Carabu\u00f1as"}]}]}},"_links":{"self":[{"href":"https:\/\/carabunhas.com\/es\/wp-json\/wp\/v2\/product\/53079"}],"collection":[{"href":"https:\/\/carabunhas.com\/es\/wp-json\/wp\/v2\/product"}],"about":[{"href":"https:\/\/carabunhas.com\/es\/wp-json\/wp\/v2\/types\/product"}],"replies":[{"embeddable":true,"href":"https:\/\/carabunhas.com\/es\/wp-json\/wp\/v2\/comments?post=53079"}],"wp:featuredmedia":[{"embeddable":true,"href":"https:\/\/carabunhas.com\/es\/wp-json\/wp\/v2\/media\/54441"}],"wp:attachment":[{"href":"https:\/\/carabunhas.com\/es\/wp-json\/wp\/v2\/media?parent=53079"}],"wp:term":[{"taxonomy":"product_cat","embeddable":true,"href":"https:\/\/carabunhas.com\/es\/wp-json\/wp\/v2\/product_cat?post=53079"},{"taxonomy":"product_tag","embeddable":true,"href":"https:\/\/carabunhas.com\/es\/wp-json\/wp\/v2\/product_tag?post=53079"}],"curies":[{"name":"wp","href":"https:\/\/api.w.org\/{rel}","templated":true}]}}