{"id":53042,"date":"2022-12-02T11:04:38","date_gmt":"2022-12-02T10:04:38","guid":{"rendered":"https:\/\/carabunhas.com\/?post_type=product&#038;p=53042"},"modified":"2025-10-30T10:56:12","modified_gmt":"2025-10-30T09:56:12","slug":"gosto-de-las-marias-carabunas","status":"publish","type":"product","link":"https:\/\/carabunhas.com\/es\/producto\/gosto-de-las-marias-carabunas\/","title":{"rendered":"Gosto de las Mar\u00edas &#8211; Carabu\u00f1as"},"content":{"rendered":"<p>Todos sabemos que las mujeres siempre tuvieron y tienen un papel central en la innovaci\u00f3n y en la creatividad de nuestra vida. Desde la poes\u00eda, la pintura o en la ciencia en nuestro pa\u00eds. Por eso queremos rendirles homenaje con la cesta Gosto de las Mar\u00edas!<\/p>\n<p><strong>\u00bfQu\u00e9 encontrar\u00e1s dentro?<\/strong><\/p>\n<ul>\n<li>Caixa Gosto mediana<\/li>\n<li>L\u00e1mina As Mar\u00edas<\/li>\n<li>Albari\u00f1o Mar\u00eda Soli\u00f1o<\/li>\n<li>Pastas Namoreira<\/li>\n<li>Marmelada sabugueiro Maz\u00e1 250g<\/li>\n<li>Shitake e Maz\u00e1 250g<\/li>\n<li>Cu\u00f1a 3 Leites<\/li>\n<li>Salsa Vietnam<\/li>\n<li>Pat\u00e9 de Centollo<\/li>\n<\/ul>\n<p>Nota: El contenido de esta cesta est\u00e1 configurado con peque\u00f1os productores y en el momento de hacer tu pedido puede no haber disponibilidad. Si esto ocurre, te llamaremos para poder cambiar el producto que falta por otra referencia similar.<\/p>\n","protected":false},"excerpt":{"rendered":"<h3>Gosto de las Mar\u00edas! &#8211; Carabu\u00f1as<\/h3>\n<p>Las famosas Mar\u00edas de Santiago (Maruxa y Coralia) se convirtieron en dos de los personajes m\u00e1s caracter\u00edsticos en las calles del Casco viejo de Compostela. Vistiendo ropas llamativas y con maquillaje del m\u00e1s vistoso, en la actualidad son todo una icono de la Alameda de Santiago. Ahora, la cesta est\u00e1 iluminada por el retrato de las Mar\u00edas por Luz Beloso, una preciosa l\u00e1mina que recuerda el coraz\u00f3n de las Mar\u00edas.<\/p>\n<p>Este pack contiene productos elaborados por mujeres, o con una presencia de la mujer central en el desarrollo del mismo.<\/p>\n<p>\u00bfQui\u00e9n no quiere Gosto de las Mar\u00edas?<\/p>\n","protected":false},"featured_media":54453,"comment_status":"closed","ping_status":"closed","template":"","meta":[],"product_cat":[14708,21,14668],"product_tag":[],"acf":[],"yoast_head":"<!-- This site is optimized with the Yoast SEO plugin v18.9-RC1 - https:\/\/yoast.com\/wordpress\/plugins\/seo\/ -->\n<title>Gosto de las Mar\u00edas - Carabu\u00f1as - Carabu\u00f1as<\/title>\n<meta name=\"robots\" content=\"index, follow, max-snippet:-1, max-image-preview:large, max-video-preview:-1\" \/>\n<link rel=\"canonical\" href=\"https:\/\/carabunhas.com\/es\/producto\/gosto-de-las-marias-carabunas\/\" \/>\n<meta property=\"og:locale\" content=\"es_ES\" \/>\n<meta property=\"og:type\" content=\"article\" \/>\n<meta property=\"og:title\" content=\"Gosto de las Mar\u00edas - Carabu\u00f1as - Carabu\u00f1as\" \/>\n<meta property=\"og:description\" content=\"Gosto de las Mar\u00edas! - Carabu\u00f1as Las famosas Mar\u00edas de Santiago (Maruxa y Coralia) se convirtieron en dos de los personajes m\u00e1s caracter\u00edsticos en las calles del Casco viejo de Compostela. Vistiendo ropas llamativas y con maquillaje del m\u00e1s vistoso, en la actualidad son todo una icono de la Alameda de Santiago. Ahora, la cesta est\u00e1 iluminada por el retrato de las Mar\u00edas por Luz Beloso, una preciosa l\u00e1mina que recuerda el coraz\u00f3n de las Mar\u00edas.  Este pack contiene productos elaborados por mujeres, o con una presencia de la mujer central en el desarrollo del mismo.  \u00bfQui\u00e9n no quiere Gosto de las Mar\u00edas?\" \/>\n<meta property=\"og:url\" content=\"https:\/\/carabunhas.com\/es\/producto\/gosto-de-las-marias-carabunas\/\" \/>\n<meta property=\"og:site_name\" content=\"Carabu\u00f1as\" \/>\n<meta property=\"article:modified_time\" content=\"2025-10-30T09:56:12+00:00\" \/>\n<meta property=\"og:image\" content=\"https:\/\/carabunhas.com\/wp-content\/uploads\/2023\/12\/Lote-Gosto-das-Marias-Carabunas.png\" \/>\n\t<meta property=\"og:image:width\" content=\"1200\" \/>\n\t<meta property=\"og:image:height\" content=\"800\" \/>\n\t<meta property=\"og:image:type\" content=\"image\/png\" \/>\n<meta name=\"twitter:card\" content=\"summary_large_image\" \/>\n<meta name=\"twitter:label1\" content=\"Tiempo de lectura\" \/>\n\t<meta name=\"twitter:data1\" content=\"1 minuto\" \/>\n<script type=\"application\/ld+json\" class=\"yoast-schema-graph\">{\"@context\":\"https:\/\/schema.org\",\"@graph\":[{\"@type\":\"WebSite\",\"@id\":\"https:\/\/carabunhas.com\/#website\",\"url\":\"https:\/\/carabunhas.com\/\",\"name\":\"Carabu\u00f1as\",\"description\":\"\",\"potentialAction\":[{\"@type\":\"SearchAction\",\"target\":{\"@type\":\"EntryPoint\",\"urlTemplate\":\"https:\/\/carabunhas.com\/?s={search_term_string}\"},\"query-input\":\"required name=search_term_string\"}],\"inLanguage\":\"es\"},{\"@type\":\"ImageObject\",\"inLanguage\":\"es\",\"@id\":\"https:\/\/carabunhas.com\/es\/producto\/gosto-de-las-marias-carabunas\/#primaryimage\",\"url\":\"https:\/\/carabunhas.com\/wp-content\/uploads\/2023\/12\/Lote-Gosto-das-Marias-Carabunas.png\",\"contentUrl\":\"https:\/\/carabunhas.com\/wp-content\/uploads\/2023\/12\/Lote-Gosto-das-Marias-Carabunas.png\",\"width\":1200,\"height\":800,\"caption\":\"Lote Gosto das Mar\u00edas- Carabu\u00f1as\"},{\"@type\":\"WebPage\",\"@id\":\"https:\/\/carabunhas.com\/es\/producto\/gosto-de-las-marias-carabunas\/#webpage\",\"url\":\"https:\/\/carabunhas.com\/es\/producto\/gosto-de-las-marias-carabunas\/\",\"name\":\"Gosto de las Mar\u00edas - Carabu\u00f1as - Carabu\u00f1as\",\"isPartOf\":{\"@id\":\"https:\/\/carabunhas.com\/#website\"},\"primaryImageOfPage\":{\"@id\":\"https:\/\/carabunhas.com\/es\/producto\/gosto-de-las-marias-carabunas\/#primaryimage\"},\"datePublished\":\"2022-12-02T10:04:38+00:00\",\"dateModified\":\"2025-10-30T09:56:12+00:00\",\"breadcrumb\":{\"@id\":\"https:\/\/carabunhas.com\/es\/producto\/gosto-de-las-marias-carabunas\/#breadcrumb\"},\"inLanguage\":\"es\",\"potentialAction\":[{\"@type\":\"ReadAction\",\"target\":[\"https:\/\/carabunhas.com\/es\/producto\/gosto-de-las-marias-carabunas\/\"]}]},{\"@type\":\"BreadcrumbList\",\"@id\":\"https:\/\/carabunhas.com\/es\/producto\/gosto-de-las-marias-carabunas\/#breadcrumb\",\"itemListElement\":[{\"@type\":\"ListItem\",\"position\":1,\"name\":\"Portada\",\"item\":\"https:\/\/carabunhas.com\/es\/\"},{\"@type\":\"ListItem\",\"position\":2,\"name\":\"Productos\",\"item\":\"https:\/\/carabunhas.com\/es\/shop\/\"},{\"@type\":\"ListItem\",\"position\":3,\"name\":\"Gosto de las Mar\u00edas &#8211; Carabu\u00f1as\"}]}]}<\/script>\n<!-- \/ Yoast SEO plugin. -->","yoast_head_json":{"title":"Gosto de las Mar\u00edas - Carabu\u00f1as - Carabu\u00f1as","robots":{"index":"index","follow":"follow","max-snippet":"max-snippet:-1","max-image-preview":"max-image-preview:large","max-video-preview":"max-video-preview:-1"},"canonical":"https:\/\/carabunhas.com\/es\/producto\/gosto-de-las-marias-carabunas\/","og_locale":"es_ES","og_type":"article","og_title":"Gosto de las Mar\u00edas - Carabu\u00f1as - Carabu\u00f1as","og_description":"Gosto de las Mar\u00edas! - Carabu\u00f1as Las famosas Mar\u00edas de Santiago (Maruxa y Coralia) se convirtieron en dos de los personajes m\u00e1s caracter\u00edsticos en las calles del Casco viejo de Compostela. Vistiendo ropas llamativas y con maquillaje del m\u00e1s vistoso, en la actualidad son todo una icono de la Alameda de Santiago. Ahora, la cesta est\u00e1 iluminada por el retrato de las Mar\u00edas por Luz Beloso, una preciosa l\u00e1mina que recuerda el coraz\u00f3n de las Mar\u00edas.  Este pack contiene productos elaborados por mujeres, o con una presencia de la mujer central en el desarrollo del mismo.  \u00bfQui\u00e9n no quiere Gosto de las Mar\u00edas?","og_url":"https:\/\/carabunhas.com\/es\/producto\/gosto-de-las-marias-carabunas\/","og_site_name":"Carabu\u00f1as","article_modified_time":"2025-10-30T09:56:12+00:00","og_image":[{"width":1200,"height":800,"url":"https:\/\/carabunhas.com\/wp-content\/uploads\/2023\/12\/Lote-Gosto-das-Marias-Carabunas.png","type":"image\/png"}],"twitter_card":"summary_large_image","twitter_misc":{"Tiempo de lectura":"1 minuto"},"schema":{"@context":"https:\/\/schema.org","@graph":[{"@type":"WebSite","@id":"https:\/\/carabunhas.com\/#website","url":"https:\/\/carabunhas.com\/","name":"Carabu\u00f1as","description":"","potentialAction":[{"@type":"SearchAction","target":{"@type":"EntryPoint","urlTemplate":"https:\/\/carabunhas.com\/?s={search_term_string}"},"query-input":"required name=search_term_string"}],"inLanguage":"es"},{"@type":"ImageObject","inLanguage":"es","@id":"https:\/\/carabunhas.com\/es\/producto\/gosto-de-las-marias-carabunas\/#primaryimage","url":"https:\/\/carabunhas.com\/wp-content\/uploads\/2023\/12\/Lote-Gosto-das-Marias-Carabunas.png","contentUrl":"https:\/\/carabunhas.com\/wp-content\/uploads\/2023\/12\/Lote-Gosto-das-Marias-Carabunas.png","width":1200,"height":800,"caption":"Lote Gosto das Mar\u00edas- Carabu\u00f1as"},{"@type":"WebPage","@id":"https:\/\/carabunhas.com\/es\/producto\/gosto-de-las-marias-carabunas\/#webpage","url":"https:\/\/carabunhas.com\/es\/producto\/gosto-de-las-marias-carabunas\/","name":"Gosto de las Mar\u00edas - Carabu\u00f1as - Carabu\u00f1as","isPartOf":{"@id":"https:\/\/carabunhas.com\/#website"},"primaryImageOfPage":{"@id":"https:\/\/carabunhas.com\/es\/producto\/gosto-de-las-marias-carabunas\/#primaryimage"},"datePublished":"2022-12-02T10:04:38+00:00","dateModified":"2025-10-30T09:56:12+00:00","breadcrumb":{"@id":"https:\/\/carabunhas.com\/es\/producto\/gosto-de-las-marias-carabunas\/#breadcrumb"},"inLanguage":"es","potentialAction":[{"@type":"ReadAction","target":["https:\/\/carabunhas.com\/es\/producto\/gosto-de-las-marias-carabunas\/"]}]},{"@type":"BreadcrumbList","@id":"https:\/\/carabunhas.com\/es\/producto\/gosto-de-las-marias-carabunas\/#breadcrumb","itemListElement":[{"@type":"ListItem","position":1,"name":"Portada","item":"https:\/\/carabunhas.com\/es\/"},{"@type":"ListItem","position":2,"name":"Productos","item":"https:\/\/carabunhas.com\/es\/shop\/"},{"@type":"ListItem","position":3,"name":"Gosto de las Mar\u00edas &#8211; Carabu\u00f1as"}]}]}},"_links":{"self":[{"href":"https:\/\/carabunhas.com\/es\/wp-json\/wp\/v2\/product\/53042"}],"collection":[{"href":"https:\/\/carabunhas.com\/es\/wp-json\/wp\/v2\/product"}],"about":[{"href":"https:\/\/carabunhas.com\/es\/wp-json\/wp\/v2\/types\/product"}],"replies":[{"embeddable":true,"href":"https:\/\/carabunhas.com\/es\/wp-json\/wp\/v2\/comments?post=53042"}],"wp:featuredmedia":[{"embeddable":true,"href":"https:\/\/carabunhas.com\/es\/wp-json\/wp\/v2\/media\/54453"}],"wp:attachment":[{"href":"https:\/\/carabunhas.com\/es\/wp-json\/wp\/v2\/media?parent=53042"}],"wp:term":[{"taxonomy":"product_cat","embeddable":true,"href":"https:\/\/carabunhas.com\/es\/wp-json\/wp\/v2\/product_cat?post=53042"},{"taxonomy":"product_tag","embeddable":true,"href":"https:\/\/carabunhas.com\/es\/wp-json\/wp\/v2\/product_tag?post=53042"}],"curies":[{"name":"wp","href":"https:\/\/api.w.org\/{rel}","templated":true}]}}