{"id":52347,"date":"2021-11-19T16:47:05","date_gmt":"2021-11-19T15:47:05","guid":{"rendered":"https:\/\/carabunhas.com\/?post_type=product&#038;p=52347"},"modified":"2026-03-25T20:44:42","modified_gmt":"2026-03-25T19:44:42","slug":"chocolate-gosto-es","status":"publish","type":"product","link":"https:\/\/carabunhas.com\/es\/producto\/chocolate-gosto-es\/","title":{"rendered":"Chocolate a la Taza Gosto! 350g"},"content":{"rendered":"<p>Pocas cosas hay tan reconfortantes como el aroma del <strong>chocolate Gosto!<\/strong> en un d\u00eda de fr\u00edo. Un chocolate de<strong> calidad y sabor tradicional<\/strong> para elaborar a la taza.<\/p>\n<p>Es un chocolate de elaboraci\u00f3n tradicional, por lo que tiene un sabor mucho m\u00e1s intenso que los industriales.<\/p>\n<p>Hacer el <strong>chocolate a la taza<\/strong> es muy sencillo, puedes diluir el chocolate con agua, leche o alguna bebida vegetal. Si lo preparas con leche entera, conseguir\u00e1s un toque graso que lo har\u00e1 m\u00e1s espeso y le dar\u00e1 un poco m\u00e1s de sabor.<\/p>\n<p>Cuando lo est\u00e1s diluyendo puedes a\u00f1adir un toque de sal o pimienta para potenciar su sabor y canela o vainilla para aromatizarlo. Si te gusta el chocolate m\u00e1s espeso, debes dejar que se cocine durante m\u00e1s tiempo, para reducir la cantidad de l\u00edquido. Y una \u00faltima recomendaci\u00f3n: no dejes de remover para que no se te queme.<\/p>\n<p>Conservar el chocolate Gosto! en un lugar fresco y seco.<\/p>\n<p><strong>Chocolate Gosto!<\/strong><br \/>\nLos productos de Gosto! se incorporan a la despensa de Carabu\u00f1as con nuestra esencia de siempre: sabor aut\u00e9ntico, calidad y productos gallegos que se elaboran en Galicia. Miel, conservas, chocolate\u2026 \u00a1Desc\u00fabrelos!<\/p>\n","protected":false},"excerpt":{"rendered":"<h3>Chocolate a la taza<\/h3>\n<p>Gosto do chocolate quenti\u00f1o! Una tableta de onzas de <strong>chocolate a la taza con sabor aut\u00e9ntico<\/strong>. Chocolate elaborado en Galicia.<\/p>\n<p>350gr. Peso neto.<\/p>\n","protected":false},"featured_media":53751,"comment_status":"closed","ping_status":"closed","template":"","meta":[],"product_cat":[14764,26,14668],"product_tag":[],"acf":[],"yoast_head":"<!-- This site is optimized with the Yoast SEO plugin v18.9-RC1 - https:\/\/yoast.com\/wordpress\/plugins\/seo\/ -->\n<title>Chocolate a la Taza Gosto! 350g - Carabu\u00f1as<\/title>\n<meta name=\"description\" content=\"Chocolate Gosto! Gosto do chocolate quenti\u00f1o! Una tableta de onzas de chocolate a la taza con sabor aut\u00e9ntico.\" \/>\n<meta name=\"robots\" content=\"index, follow, max-snippet:-1, max-image-preview:large, max-video-preview:-1\" \/>\n<link rel=\"canonical\" href=\"https:\/\/carabunhas.com\/es\/producto\/chocolate-gosto-es\/\" \/>\n<meta property=\"og:locale\" content=\"es_ES\" \/>\n<meta property=\"og:type\" content=\"article\" \/>\n<meta property=\"og:title\" content=\"Chocolate a la Taza Gosto! 350g - Carabu\u00f1as\" \/>\n<meta property=\"og:description\" content=\"Chocolate Gosto! Gosto do chocolate quenti\u00f1o! Una tableta de onzas de chocolate a la taza con sabor aut\u00e9ntico.\" \/>\n<meta property=\"og:url\" content=\"https:\/\/carabunhas.com\/es\/producto\/chocolate-gosto-es\/\" \/>\n<meta property=\"og:site_name\" content=\"Carabu\u00f1as\" \/>\n<meta property=\"article:modified_time\" content=\"2026-03-25T19:44:42+00:00\" \/>\n<meta property=\"og:image\" content=\"https:\/\/carabunhas.com\/wp-content\/uploads\/2023\/11\/IMG_5106.JPG.jpg\" \/>\n\t<meta property=\"og:image:width\" content=\"1200\" \/>\n\t<meta property=\"og:image:height\" content=\"800\" \/>\n\t<meta property=\"og:image:type\" content=\"image\/jpeg\" \/>\n<meta name=\"twitter:card\" content=\"summary_large_image\" \/>\n<meta name=\"twitter:label1\" content=\"Tiempo de lectura\" \/>\n\t<meta name=\"twitter:data1\" content=\"1 minuto\" \/>\n<script type=\"application\/ld+json\" class=\"yoast-schema-graph\">{\"@context\":\"https:\/\/schema.org\",\"@graph\":[{\"@type\":\"WebSite\",\"@id\":\"https:\/\/carabunhas.com\/#website\",\"url\":\"https:\/\/carabunhas.com\/\",\"name\":\"Carabu\u00f1as\",\"description\":\"\",\"potentialAction\":[{\"@type\":\"SearchAction\",\"target\":{\"@type\":\"EntryPoint\",\"urlTemplate\":\"https:\/\/carabunhas.com\/?s={search_term_string}\"},\"query-input\":\"required name=search_term_string\"}],\"inLanguage\":\"es\"},{\"@type\":\"ImageObject\",\"inLanguage\":\"es\",\"@id\":\"https:\/\/carabunhas.com\/es\/producto\/chocolate-gosto-es\/#primaryimage\",\"url\":\"https:\/\/carabunhas.com\/wp-content\/uploads\/2023\/11\/IMG_5106.JPG.jpg\",\"contentUrl\":\"https:\/\/carabunhas.com\/wp-content\/uploads\/2023\/11\/IMG_5106.JPG.jpg\",\"width\":1200,\"height\":800},{\"@type\":\"WebPage\",\"@id\":\"https:\/\/carabunhas.com\/es\/producto\/chocolate-gosto-es\/#webpage\",\"url\":\"https:\/\/carabunhas.com\/es\/producto\/chocolate-gosto-es\/\",\"name\":\"Chocolate a la Taza Gosto! 350g - Carabu\u00f1as\",\"isPartOf\":{\"@id\":\"https:\/\/carabunhas.com\/#website\"},\"primaryImageOfPage\":{\"@id\":\"https:\/\/carabunhas.com\/es\/producto\/chocolate-gosto-es\/#primaryimage\"},\"datePublished\":\"2021-11-19T15:47:05+00:00\",\"dateModified\":\"2026-03-25T19:44:42+00:00\",\"description\":\"Chocolate Gosto! Gosto do chocolate quenti\u00f1o! Una tableta de onzas de chocolate a la taza con sabor aut\u00e9ntico.\",\"breadcrumb\":{\"@id\":\"https:\/\/carabunhas.com\/es\/producto\/chocolate-gosto-es\/#breadcrumb\"},\"inLanguage\":\"es\",\"potentialAction\":[{\"@type\":\"ReadAction\",\"target\":[\"https:\/\/carabunhas.com\/es\/producto\/chocolate-gosto-es\/\"]}]},{\"@type\":\"BreadcrumbList\",\"@id\":\"https:\/\/carabunhas.com\/es\/producto\/chocolate-gosto-es\/#breadcrumb\",\"itemListElement\":[{\"@type\":\"ListItem\",\"position\":1,\"name\":\"Portada\",\"item\":\"https:\/\/carabunhas.com\/es\/\"},{\"@type\":\"ListItem\",\"position\":2,\"name\":\"Productos\",\"item\":\"https:\/\/carabunhas.com\/es\/shop\/\"},{\"@type\":\"ListItem\",\"position\":3,\"name\":\"Chocolate a la Taza Gosto! 350g\"}]}]}<\/script>\n<!-- \/ Yoast SEO plugin. -->","yoast_head_json":{"title":"Chocolate a la Taza Gosto! 350g - Carabu\u00f1as","description":"Chocolate Gosto! Gosto do chocolate quenti\u00f1o! Una tableta de onzas de chocolate a la taza con sabor aut\u00e9ntico.","robots":{"index":"index","follow":"follow","max-snippet":"max-snippet:-1","max-image-preview":"max-image-preview:large","max-video-preview":"max-video-preview:-1"},"canonical":"https:\/\/carabunhas.com\/es\/producto\/chocolate-gosto-es\/","og_locale":"es_ES","og_type":"article","og_title":"Chocolate a la Taza Gosto! 350g - Carabu\u00f1as","og_description":"Chocolate Gosto! Gosto do chocolate quenti\u00f1o! Una tableta de onzas de chocolate a la taza con sabor aut\u00e9ntico.","og_url":"https:\/\/carabunhas.com\/es\/producto\/chocolate-gosto-es\/","og_site_name":"Carabu\u00f1as","article_modified_time":"2026-03-25T19:44:42+00:00","og_image":[{"width":1200,"height":800,"url":"https:\/\/carabunhas.com\/wp-content\/uploads\/2023\/11\/IMG_5106.JPG.jpg","type":"image\/jpeg"}],"twitter_card":"summary_large_image","twitter_misc":{"Tiempo de lectura":"1 minuto"},"schema":{"@context":"https:\/\/schema.org","@graph":[{"@type":"WebSite","@id":"https:\/\/carabunhas.com\/#website","url":"https:\/\/carabunhas.com\/","name":"Carabu\u00f1as","description":"","potentialAction":[{"@type":"SearchAction","target":{"@type":"EntryPoint","urlTemplate":"https:\/\/carabunhas.com\/?s={search_term_string}"},"query-input":"required name=search_term_string"}],"inLanguage":"es"},{"@type":"ImageObject","inLanguage":"es","@id":"https:\/\/carabunhas.com\/es\/producto\/chocolate-gosto-es\/#primaryimage","url":"https:\/\/carabunhas.com\/wp-content\/uploads\/2023\/11\/IMG_5106.JPG.jpg","contentUrl":"https:\/\/carabunhas.com\/wp-content\/uploads\/2023\/11\/IMG_5106.JPG.jpg","width":1200,"height":800},{"@type":"WebPage","@id":"https:\/\/carabunhas.com\/es\/producto\/chocolate-gosto-es\/#webpage","url":"https:\/\/carabunhas.com\/es\/producto\/chocolate-gosto-es\/","name":"Chocolate a la Taza Gosto! 350g - Carabu\u00f1as","isPartOf":{"@id":"https:\/\/carabunhas.com\/#website"},"primaryImageOfPage":{"@id":"https:\/\/carabunhas.com\/es\/producto\/chocolate-gosto-es\/#primaryimage"},"datePublished":"2021-11-19T15:47:05+00:00","dateModified":"2026-03-25T19:44:42+00:00","description":"Chocolate Gosto! Gosto do chocolate quenti\u00f1o! Una tableta de onzas de chocolate a la taza con sabor aut\u00e9ntico.","breadcrumb":{"@id":"https:\/\/carabunhas.com\/es\/producto\/chocolate-gosto-es\/#breadcrumb"},"inLanguage":"es","potentialAction":[{"@type":"ReadAction","target":["https:\/\/carabunhas.com\/es\/producto\/chocolate-gosto-es\/"]}]},{"@type":"BreadcrumbList","@id":"https:\/\/carabunhas.com\/es\/producto\/chocolate-gosto-es\/#breadcrumb","itemListElement":[{"@type":"ListItem","position":1,"name":"Portada","item":"https:\/\/carabunhas.com\/es\/"},{"@type":"ListItem","position":2,"name":"Productos","item":"https:\/\/carabunhas.com\/es\/shop\/"},{"@type":"ListItem","position":3,"name":"Chocolate a la Taza Gosto! 350g"}]}]}},"_links":{"self":[{"href":"https:\/\/carabunhas.com\/es\/wp-json\/wp\/v2\/product\/52347"}],"collection":[{"href":"https:\/\/carabunhas.com\/es\/wp-json\/wp\/v2\/product"}],"about":[{"href":"https:\/\/carabunhas.com\/es\/wp-json\/wp\/v2\/types\/product"}],"replies":[{"embeddable":true,"href":"https:\/\/carabunhas.com\/es\/wp-json\/wp\/v2\/comments?post=52347"}],"wp:featuredmedia":[{"embeddable":true,"href":"https:\/\/carabunhas.com\/es\/wp-json\/wp\/v2\/media\/53751"}],"wp:attachment":[{"href":"https:\/\/carabunhas.com\/es\/wp-json\/wp\/v2\/media?parent=52347"}],"wp:term":[{"taxonomy":"product_cat","embeddable":true,"href":"https:\/\/carabunhas.com\/es\/wp-json\/wp\/v2\/product_cat?post=52347"},{"taxonomy":"product_tag","embeddable":true,"href":"https:\/\/carabunhas.com\/es\/wp-json\/wp\/v2\/product_tag?post=52347"}],"curies":[{"name":"wp","href":"https:\/\/api.w.org\/{rel}","templated":true}]}}