{"id":52335,"date":"2021-11-19T14:58:56","date_gmt":"2021-11-19T13:58:56","guid":{"rendered":"https:\/\/carabunhas.com\/?post_type=product&#038;p=52335"},"modified":"2025-09-02T12:55:50","modified_gmt":"2025-09-02T10:55:50","slug":"miel-gosto","status":"publish","type":"product","link":"https:\/\/carabunhas.com\/es\/producto\/miel-gosto\/","title":{"rendered":"Miel de Ourense 300g &#8211; Gosto!"},"content":{"rendered":"<p>Gosto! El gusto por la miel de flores!<\/p>\n<p>Un producto tradicional con un \u00fanico ingrediente: <strong>miel seleccionada<\/strong> de gran calidad, procedente de <strong>colmenares de la provincia de Ourense<\/strong> (Galicia).<\/p>\n<p>La miel es uno de los edulcorantes naturales m\u00e1s utilizados, tanto por su sabor como por sus beneficios y propiedades.<\/p>\n<p>En Gosto! seleccionamos miel de calidad, de peque\u00f1os productores de la provincia de Ourense y la envasamos <strong>sin a\u00f1adir aditivos de ning\u00fan tipo<\/strong>.<\/p>\n<p>En este peque\u00f1o bote, se concentra el trabajo de miles de abejas que en sus viajes de flor en flor, van transportando el n\u00e9ctar a la colmena. Esta es una miel de flores, por lo que su tradicional sabor dulz\u00f3n, tiene un aroma floral.<\/p>\n<p>Te recomendamos que conserves la <strong>miel Gosto!<\/strong> en su propio envase de vidrio, para que no se impregne de olores. Es un producto que se puede almacenar durante meses (e incluso a\u00f1os), pero tenla siempre a una temperatura ambiente, en un lugar en el que no reciba la luz directa del sol. No debe refrigerarse.<\/p>\n<p><strong>Miel Gosto!<\/strong><br \/>\nGosto! es nuestra nueva l\u00ednea de productos que viene a completar la <strong>despensa de Carabu\u00f1as<\/strong>. Productos con tradici\u00f3n y sabor aut\u00e9ntico; elaborados en Galicia, con ingredientes y materia prima gallega.<\/p>\n","protected":false},"excerpt":{"rendered":"<h3>Miel de flores Gosto!<\/h3>\n<p>Miel seleccionada de las flores de Ourense. Sin aditivos de cualquier tipo, s\u00f3lo miel.<br \/>\n300gr. Peso neto<\/p>\n","protected":false},"featured_media":53745,"comment_status":"closed","ping_status":"closed","template":"","meta":[],"product_cat":[14764,14668],"product_tag":[],"acf":[],"yoast_head":"<!-- This site is optimized with the Yoast SEO plugin v18.9-RC1 - https:\/\/yoast.com\/wordpress\/plugins\/seo\/ -->\n<title>Miel de Ourense 300g - Gosto! de Ourense - Carabu\u00f1as<\/title>\n<meta name=\"description\" content=\"Miel de flores Gosto! Miel seleccionada de las flores de Ourense. Producci\u00f3n de peque\u00f1os colmenares de la provincia. Sin aditivos.\" \/>\n<meta name=\"robots\" content=\"index, follow, max-snippet:-1, max-image-preview:large, max-video-preview:-1\" \/>\n<link rel=\"canonical\" href=\"https:\/\/carabunhas.com\/es\/producto\/miel-gosto\/\" \/>\n<meta property=\"og:locale\" content=\"es_ES\" \/>\n<meta property=\"og:type\" content=\"article\" \/>\n<meta property=\"og:title\" content=\"Miel de Ourense 300g - Gosto! de Ourense - Carabu\u00f1as\" \/>\n<meta property=\"og:description\" content=\"Miel de flores Gosto! Miel seleccionada de las flores de Ourense. Producci\u00f3n de peque\u00f1os colmenares de la provincia. Sin aditivos.\" \/>\n<meta property=\"og:url\" content=\"https:\/\/carabunhas.com\/es\/producto\/miel-gosto\/\" \/>\n<meta property=\"og:site_name\" content=\"Carabu\u00f1as\" \/>\n<meta property=\"article:modified_time\" content=\"2025-09-02T10:55:50+00:00\" \/>\n<meta property=\"og:image\" content=\"https:\/\/carabunhas.com\/wp-content\/uploads\/2023\/11\/mel-gosto.jpg\" \/>\n\t<meta property=\"og:image:width\" content=\"1200\" \/>\n\t<meta property=\"og:image:height\" content=\"800\" \/>\n\t<meta property=\"og:image:type\" content=\"image\/jpeg\" \/>\n<meta name=\"twitter:card\" content=\"summary_large_image\" \/>\n<meta name=\"twitter:label1\" content=\"Tiempo de lectura\" \/>\n\t<meta name=\"twitter:data1\" content=\"1 minuto\" \/>\n<script type=\"application\/ld+json\" class=\"yoast-schema-graph\">{\"@context\":\"https:\/\/schema.org\",\"@graph\":[{\"@type\":\"WebSite\",\"@id\":\"https:\/\/carabunhas.com\/#website\",\"url\":\"https:\/\/carabunhas.com\/\",\"name\":\"Carabu\u00f1as\",\"description\":\"\",\"potentialAction\":[{\"@type\":\"SearchAction\",\"target\":{\"@type\":\"EntryPoint\",\"urlTemplate\":\"https:\/\/carabunhas.com\/?s={search_term_string}\"},\"query-input\":\"required name=search_term_string\"}],\"inLanguage\":\"es\"},{\"@type\":\"ImageObject\",\"inLanguage\":\"es\",\"@id\":\"https:\/\/carabunhas.com\/es\/producto\/miel-gosto\/#primaryimage\",\"url\":\"https:\/\/carabunhas.com\/wp-content\/uploads\/2023\/11\/mel-gosto.jpg\",\"contentUrl\":\"https:\/\/carabunhas.com\/wp-content\/uploads\/2023\/11\/mel-gosto.jpg\",\"width\":1200,\"height\":800},{\"@type\":\"WebPage\",\"@id\":\"https:\/\/carabunhas.com\/es\/producto\/miel-gosto\/#webpage\",\"url\":\"https:\/\/carabunhas.com\/es\/producto\/miel-gosto\/\",\"name\":\"Miel de Ourense 300g - Gosto! de Ourense - Carabu\u00f1as\",\"isPartOf\":{\"@id\":\"https:\/\/carabunhas.com\/#website\"},\"primaryImageOfPage\":{\"@id\":\"https:\/\/carabunhas.com\/es\/producto\/miel-gosto\/#primaryimage\"},\"datePublished\":\"2021-11-19T13:58:56+00:00\",\"dateModified\":\"2025-09-02T10:55:50+00:00\",\"description\":\"Miel de flores Gosto! Miel seleccionada de las flores de Ourense. Producci\u00f3n de peque\u00f1os colmenares de la provincia. Sin aditivos.\",\"breadcrumb\":{\"@id\":\"https:\/\/carabunhas.com\/es\/producto\/miel-gosto\/#breadcrumb\"},\"inLanguage\":\"es\",\"potentialAction\":[{\"@type\":\"ReadAction\",\"target\":[\"https:\/\/carabunhas.com\/es\/producto\/miel-gosto\/\"]}]},{\"@type\":\"BreadcrumbList\",\"@id\":\"https:\/\/carabunhas.com\/es\/producto\/miel-gosto\/#breadcrumb\",\"itemListElement\":[{\"@type\":\"ListItem\",\"position\":1,\"name\":\"Portada\",\"item\":\"https:\/\/carabunhas.com\/es\/\"},{\"@type\":\"ListItem\",\"position\":2,\"name\":\"Productos\",\"item\":\"https:\/\/carabunhas.com\/es\/shop\/\"},{\"@type\":\"ListItem\",\"position\":3,\"name\":\"Miel de Ourense 300g &#8211; Gosto!\"}]}]}<\/script>\n<!-- \/ Yoast SEO plugin. -->","yoast_head_json":{"title":"Miel de Ourense 300g - Gosto! de Ourense - Carabu\u00f1as","description":"Miel de flores Gosto! Miel seleccionada de las flores de Ourense. Producci\u00f3n de peque\u00f1os colmenares de la provincia. Sin aditivos.","robots":{"index":"index","follow":"follow","max-snippet":"max-snippet:-1","max-image-preview":"max-image-preview:large","max-video-preview":"max-video-preview:-1"},"canonical":"https:\/\/carabunhas.com\/es\/producto\/miel-gosto\/","og_locale":"es_ES","og_type":"article","og_title":"Miel de Ourense 300g - Gosto! de Ourense - Carabu\u00f1as","og_description":"Miel de flores Gosto! Miel seleccionada de las flores de Ourense. Producci\u00f3n de peque\u00f1os colmenares de la provincia. Sin aditivos.","og_url":"https:\/\/carabunhas.com\/es\/producto\/miel-gosto\/","og_site_name":"Carabu\u00f1as","article_modified_time":"2025-09-02T10:55:50+00:00","og_image":[{"width":1200,"height":800,"url":"https:\/\/carabunhas.com\/wp-content\/uploads\/2023\/11\/mel-gosto.jpg","type":"image\/jpeg"}],"twitter_card":"summary_large_image","twitter_misc":{"Tiempo de lectura":"1 minuto"},"schema":{"@context":"https:\/\/schema.org","@graph":[{"@type":"WebSite","@id":"https:\/\/carabunhas.com\/#website","url":"https:\/\/carabunhas.com\/","name":"Carabu\u00f1as","description":"","potentialAction":[{"@type":"SearchAction","target":{"@type":"EntryPoint","urlTemplate":"https:\/\/carabunhas.com\/?s={search_term_string}"},"query-input":"required name=search_term_string"}],"inLanguage":"es"},{"@type":"ImageObject","inLanguage":"es","@id":"https:\/\/carabunhas.com\/es\/producto\/miel-gosto\/#primaryimage","url":"https:\/\/carabunhas.com\/wp-content\/uploads\/2023\/11\/mel-gosto.jpg","contentUrl":"https:\/\/carabunhas.com\/wp-content\/uploads\/2023\/11\/mel-gosto.jpg","width":1200,"height":800},{"@type":"WebPage","@id":"https:\/\/carabunhas.com\/es\/producto\/miel-gosto\/#webpage","url":"https:\/\/carabunhas.com\/es\/producto\/miel-gosto\/","name":"Miel de Ourense 300g - Gosto! de Ourense - Carabu\u00f1as","isPartOf":{"@id":"https:\/\/carabunhas.com\/#website"},"primaryImageOfPage":{"@id":"https:\/\/carabunhas.com\/es\/producto\/miel-gosto\/#primaryimage"},"datePublished":"2021-11-19T13:58:56+00:00","dateModified":"2025-09-02T10:55:50+00:00","description":"Miel de flores Gosto! Miel seleccionada de las flores de Ourense. Producci\u00f3n de peque\u00f1os colmenares de la provincia. Sin aditivos.","breadcrumb":{"@id":"https:\/\/carabunhas.com\/es\/producto\/miel-gosto\/#breadcrumb"},"inLanguage":"es","potentialAction":[{"@type":"ReadAction","target":["https:\/\/carabunhas.com\/es\/producto\/miel-gosto\/"]}]},{"@type":"BreadcrumbList","@id":"https:\/\/carabunhas.com\/es\/producto\/miel-gosto\/#breadcrumb","itemListElement":[{"@type":"ListItem","position":1,"name":"Portada","item":"https:\/\/carabunhas.com\/es\/"},{"@type":"ListItem","position":2,"name":"Productos","item":"https:\/\/carabunhas.com\/es\/shop\/"},{"@type":"ListItem","position":3,"name":"Miel de Ourense 300g &#8211; Gosto!"}]}]}},"_links":{"self":[{"href":"https:\/\/carabunhas.com\/es\/wp-json\/wp\/v2\/product\/52335"}],"collection":[{"href":"https:\/\/carabunhas.com\/es\/wp-json\/wp\/v2\/product"}],"about":[{"href":"https:\/\/carabunhas.com\/es\/wp-json\/wp\/v2\/types\/product"}],"replies":[{"embeddable":true,"href":"https:\/\/carabunhas.com\/es\/wp-json\/wp\/v2\/comments?post=52335"}],"wp:featuredmedia":[{"embeddable":true,"href":"https:\/\/carabunhas.com\/es\/wp-json\/wp\/v2\/media\/53745"}],"wp:attachment":[{"href":"https:\/\/carabunhas.com\/es\/wp-json\/wp\/v2\/media?parent=52335"}],"wp:term":[{"taxonomy":"product_cat","embeddable":true,"href":"https:\/\/carabunhas.com\/es\/wp-json\/wp\/v2\/product_cat?post=52335"},{"taxonomy":"product_tag","embeddable":true,"href":"https:\/\/carabunhas.com\/es\/wp-json\/wp\/v2\/product_tag?post=52335"}],"curies":[{"name":"wp","href":"https:\/\/api.w.org\/{rel}","templated":true}]}}