{"id":52314,"date":"2021-11-13T09:22:31","date_gmt":"2021-11-13T08:22:31","guid":{"rendered":"https:\/\/carabunhas.com\/?post_type=product&#038;p=52314"},"modified":"2025-10-30T10:57:47","modified_gmt":"2025-10-30T09:57:47","slug":"luz-beloso","status":"publish","type":"product","link":"https:\/\/carabunhas.com\/es\/producto\/luz-beloso\/","title":{"rendered":"Gosto da Beloso!"},"content":{"rendered":"<p><strong>Luz Beloso<\/strong> es pintora, ilustradora y profesora de dibujo. En los \u00faltimos a\u00f1os particip\u00f3 en numerosas exposiciones nacionales e internacionales y sus ilustraciones dan vida a un largo listado de libros de diferentes autores y autoras.<\/p>\n<p><strong>\u00bfQu\u00e9 encontrar\u00e1s dentro?<\/strong><\/p>\n<ul>\n<li>L\u00e1mina As Amigas<\/li>\n<li>Ribeiro Novilunio<\/li>\n<li>Licor caf\u00e9 Gosto!<\/li>\n<li>Choco. Antoxo 95%<\/li>\n<li>Marmelada sabugueiro 250g<\/li>\n<li>Shitake e Maz\u00e1 250g<\/li>\n<li>Cu\u00f1a 3 Leites<\/li>\n<li>Chocolate Puro 95%<\/li>\n<\/ul>\n","protected":false},"excerpt":{"rendered":"<h3>Luz Beloso<\/h3>\n<p>Las flores, el color y el abrazo hablan del cuidado, el calor, la risa y la emoci\u00f3n en la ilustraci\u00f3n de <strong>Luz Beloso<\/strong>. Las amigas y los amigos son como las flores de la vida.<\/p>\n<p>&nbsp;<\/p>\n","protected":false},"featured_media":54455,"comment_status":"closed","ping_status":"closed","template":"","meta":[],"product_cat":[14708,21,22,14668],"product_tag":[],"acf":[],"yoast_head":"<!-- This site is optimized with the Yoast SEO plugin v18.9-RC1 - https:\/\/yoast.com\/wordpress\/plugins\/seo\/ -->\n<title>Gosto da Beloso! - Carabu\u00f1as<\/title>\n<meta name=\"description\" content=\"Luz Beloso es pintora, ilustradora y profesora de dibujo. Este es nuestro homenaje a las ilustradoras gallegas con esta cesta gourmet.\" \/>\n<meta name=\"robots\" content=\"index, follow, max-snippet:-1, max-image-preview:large, max-video-preview:-1\" \/>\n<link rel=\"canonical\" href=\"https:\/\/carabunhas.com\/es\/producto\/luz-beloso\/\" \/>\n<meta property=\"og:locale\" content=\"es_ES\" \/>\n<meta property=\"og:type\" content=\"article\" \/>\n<meta property=\"og:title\" content=\"Gosto da Beloso! - Carabu\u00f1as\" \/>\n<meta property=\"og:description\" content=\"Luz Beloso es pintora, ilustradora y profesora de dibujo. Este es nuestro homenaje a las ilustradoras gallegas con esta cesta gourmet.\" \/>\n<meta property=\"og:url\" content=\"https:\/\/carabunhas.com\/es\/producto\/luz-beloso\/\" \/>\n<meta property=\"og:site_name\" content=\"Carabu\u00f1as\" \/>\n<meta property=\"article:modified_time\" content=\"2025-10-30T09:57:47+00:00\" \/>\n<meta property=\"og:image\" content=\"https:\/\/carabunhas.com\/wp-content\/uploads\/2023\/12\/Lote-Gosto-da-Beloso-Carabunas.png\" \/>\n\t<meta property=\"og:image:width\" content=\"1200\" \/>\n\t<meta property=\"og:image:height\" content=\"800\" \/>\n\t<meta property=\"og:image:type\" content=\"image\/png\" \/>\n<meta name=\"twitter:card\" content=\"summary_large_image\" \/>\n<meta name=\"twitter:label1\" content=\"Tiempo de lectura\" \/>\n\t<meta name=\"twitter:data1\" content=\"1 minuto\" \/>\n<script type=\"application\/ld+json\" class=\"yoast-schema-graph\">{\"@context\":\"https:\/\/schema.org\",\"@graph\":[{\"@type\":\"WebSite\",\"@id\":\"https:\/\/carabunhas.com\/#website\",\"url\":\"https:\/\/carabunhas.com\/\",\"name\":\"Carabu\u00f1as\",\"description\":\"\",\"potentialAction\":[{\"@type\":\"SearchAction\",\"target\":{\"@type\":\"EntryPoint\",\"urlTemplate\":\"https:\/\/carabunhas.com\/?s={search_term_string}\"},\"query-input\":\"required name=search_term_string\"}],\"inLanguage\":\"es\"},{\"@type\":\"ImageObject\",\"inLanguage\":\"es\",\"@id\":\"https:\/\/carabunhas.com\/es\/producto\/luz-beloso\/#primaryimage\",\"url\":\"https:\/\/carabunhas.com\/wp-content\/uploads\/2023\/12\/Lote-Gosto-da-Beloso-Carabunas.png\",\"contentUrl\":\"https:\/\/carabunhas.com\/wp-content\/uploads\/2023\/12\/Lote-Gosto-da-Beloso-Carabunas.png\",\"width\":1200,\"height\":800,\"caption\":\"Lote Gosto da Beloso- Carabu\u00f1as\"},{\"@type\":\"WebPage\",\"@id\":\"https:\/\/carabunhas.com\/es\/producto\/luz-beloso\/#webpage\",\"url\":\"https:\/\/carabunhas.com\/es\/producto\/luz-beloso\/\",\"name\":\"Gosto da Beloso! - Carabu\u00f1as\",\"isPartOf\":{\"@id\":\"https:\/\/carabunhas.com\/#website\"},\"primaryImageOfPage\":{\"@id\":\"https:\/\/carabunhas.com\/es\/producto\/luz-beloso\/#primaryimage\"},\"datePublished\":\"2021-11-13T08:22:31+00:00\",\"dateModified\":\"2025-10-30T09:57:47+00:00\",\"description\":\"Luz Beloso es pintora, ilustradora y profesora de dibujo. Este es nuestro homenaje a las ilustradoras gallegas con esta cesta gourmet.\",\"breadcrumb\":{\"@id\":\"https:\/\/carabunhas.com\/es\/producto\/luz-beloso\/#breadcrumb\"},\"inLanguage\":\"es\",\"potentialAction\":[{\"@type\":\"ReadAction\",\"target\":[\"https:\/\/carabunhas.com\/es\/producto\/luz-beloso\/\"]}]},{\"@type\":\"BreadcrumbList\",\"@id\":\"https:\/\/carabunhas.com\/es\/producto\/luz-beloso\/#breadcrumb\",\"itemListElement\":[{\"@type\":\"ListItem\",\"position\":1,\"name\":\"Portada\",\"item\":\"https:\/\/carabunhas.com\/es\/\"},{\"@type\":\"ListItem\",\"position\":2,\"name\":\"Productos\",\"item\":\"https:\/\/carabunhas.com\/es\/shop\/\"},{\"@type\":\"ListItem\",\"position\":3,\"name\":\"Gosto da Beloso!\"}]}]}<\/script>\n<!-- \/ Yoast SEO plugin. -->","yoast_head_json":{"title":"Gosto da Beloso! - Carabu\u00f1as","description":"Luz Beloso es pintora, ilustradora y profesora de dibujo. Este es nuestro homenaje a las ilustradoras gallegas con esta cesta gourmet.","robots":{"index":"index","follow":"follow","max-snippet":"max-snippet:-1","max-image-preview":"max-image-preview:large","max-video-preview":"max-video-preview:-1"},"canonical":"https:\/\/carabunhas.com\/es\/producto\/luz-beloso\/","og_locale":"es_ES","og_type":"article","og_title":"Gosto da Beloso! - Carabu\u00f1as","og_description":"Luz Beloso es pintora, ilustradora y profesora de dibujo. Este es nuestro homenaje a las ilustradoras gallegas con esta cesta gourmet.","og_url":"https:\/\/carabunhas.com\/es\/producto\/luz-beloso\/","og_site_name":"Carabu\u00f1as","article_modified_time":"2025-10-30T09:57:47+00:00","og_image":[{"width":1200,"height":800,"url":"https:\/\/carabunhas.com\/wp-content\/uploads\/2023\/12\/Lote-Gosto-da-Beloso-Carabunas.png","type":"image\/png"}],"twitter_card":"summary_large_image","twitter_misc":{"Tiempo de lectura":"1 minuto"},"schema":{"@context":"https:\/\/schema.org","@graph":[{"@type":"WebSite","@id":"https:\/\/carabunhas.com\/#website","url":"https:\/\/carabunhas.com\/","name":"Carabu\u00f1as","description":"","potentialAction":[{"@type":"SearchAction","target":{"@type":"EntryPoint","urlTemplate":"https:\/\/carabunhas.com\/?s={search_term_string}"},"query-input":"required name=search_term_string"}],"inLanguage":"es"},{"@type":"ImageObject","inLanguage":"es","@id":"https:\/\/carabunhas.com\/es\/producto\/luz-beloso\/#primaryimage","url":"https:\/\/carabunhas.com\/wp-content\/uploads\/2023\/12\/Lote-Gosto-da-Beloso-Carabunas.png","contentUrl":"https:\/\/carabunhas.com\/wp-content\/uploads\/2023\/12\/Lote-Gosto-da-Beloso-Carabunas.png","width":1200,"height":800,"caption":"Lote Gosto da Beloso- Carabu\u00f1as"},{"@type":"WebPage","@id":"https:\/\/carabunhas.com\/es\/producto\/luz-beloso\/#webpage","url":"https:\/\/carabunhas.com\/es\/producto\/luz-beloso\/","name":"Gosto da Beloso! - Carabu\u00f1as","isPartOf":{"@id":"https:\/\/carabunhas.com\/#website"},"primaryImageOfPage":{"@id":"https:\/\/carabunhas.com\/es\/producto\/luz-beloso\/#primaryimage"},"datePublished":"2021-11-13T08:22:31+00:00","dateModified":"2025-10-30T09:57:47+00:00","description":"Luz Beloso es pintora, ilustradora y profesora de dibujo. Este es nuestro homenaje a las ilustradoras gallegas con esta cesta gourmet.","breadcrumb":{"@id":"https:\/\/carabunhas.com\/es\/producto\/luz-beloso\/#breadcrumb"},"inLanguage":"es","potentialAction":[{"@type":"ReadAction","target":["https:\/\/carabunhas.com\/es\/producto\/luz-beloso\/"]}]},{"@type":"BreadcrumbList","@id":"https:\/\/carabunhas.com\/es\/producto\/luz-beloso\/#breadcrumb","itemListElement":[{"@type":"ListItem","position":1,"name":"Portada","item":"https:\/\/carabunhas.com\/es\/"},{"@type":"ListItem","position":2,"name":"Productos","item":"https:\/\/carabunhas.com\/es\/shop\/"},{"@type":"ListItem","position":3,"name":"Gosto da Beloso!"}]}]}},"_links":{"self":[{"href":"https:\/\/carabunhas.com\/es\/wp-json\/wp\/v2\/product\/52314"}],"collection":[{"href":"https:\/\/carabunhas.com\/es\/wp-json\/wp\/v2\/product"}],"about":[{"href":"https:\/\/carabunhas.com\/es\/wp-json\/wp\/v2\/types\/product"}],"replies":[{"embeddable":true,"href":"https:\/\/carabunhas.com\/es\/wp-json\/wp\/v2\/comments?post=52314"}],"wp:featuredmedia":[{"embeddable":true,"href":"https:\/\/carabunhas.com\/es\/wp-json\/wp\/v2\/media\/54455"}],"wp:attachment":[{"href":"https:\/\/carabunhas.com\/es\/wp-json\/wp\/v2\/media?parent=52314"}],"wp:term":[{"taxonomy":"product_cat","embeddable":true,"href":"https:\/\/carabunhas.com\/es\/wp-json\/wp\/v2\/product_cat?post=52314"},{"taxonomy":"product_tag","embeddable":true,"href":"https:\/\/carabunhas.com\/es\/wp-json\/wp\/v2\/product_tag?post=52314"}],"curies":[{"name":"wp","href":"https:\/\/api.w.org\/{rel}","templated":true}]}}