{"id":51392,"date":"2021-03-31T13:03:49","date_gmt":"2021-03-31T11:03:49","guid":{"rendered":"https:\/\/carabunhas.com\/?post_type=product&#038;p=51392"},"modified":"2025-05-12T21:13:41","modified_gmt":"2025-05-12T19:13:41","slug":"salchichon-de-porco-celta-tres-fucinos","status":"publish","type":"product","link":"https:\/\/carabunhas.com\/es\/producto\/salchichon-de-porco-celta-tres-fucinos\/","title":{"rendered":"Salchich\u00f3n de Porco Celta 350g aprox &#8211; Tres Fuci\u00f1os"},"content":{"rendered":"<p>Entre los productos imprescindibles de <strong>Tres Fuci\u00f1os<\/strong> est\u00e1 su salchich\u00f3n de <strong>porco celta.<\/strong> Contiene carne magra y grasa de los jamones que no curan. Es un producto \u00fanico de sabor suave, perfecto para acompa\u00f1ar del chorizo cular y del jam\u00f3n de Tres Fuci\u00f1os.<\/p>\n<p><u>Cooperativa Tres Fuci\u00f1os<\/u><\/p>\n<p>Formada por 11 criadores de peque\u00f1as explotaciones de Friol, A Ca\u00f1iza, Outes o Carballedo, su meta es trasladar su producto de forma directa a sus clientes y fomentar una alimentaci\u00f3n de calidad, saludable y biosostenible. Se trata de <strong>explotaciones tradicionales de crianza semiextensiva (al aire libre)<\/strong> que se integran de forma natural en el entorno rural.<\/p>\n<p>Su trabajo est\u00e1 basado en el aprovechamiento de los recursos naturales y de los saberes tradicionales para la crianza de los cerdos y la elaboraci\u00f3n de sus derivados. Son capaces de conseguir productos de gran calidad, saludables y respetuosos con el medio.<\/p>\n","protected":false},"excerpt":{"rendered":"<h3>Embutido de porco celta<\/h3>\n<p>El salchich\u00f3n de porco celta de <strong>Tres Fuci\u00f1os <\/strong>est\u00e1 elaborado con <strong>carne magra y grasa de los jamones que no curan.<\/strong> Posee un sabor suave y es perfecto para acompa\u00f1ar de su chorizo cular o de su jam\u00f3n.<\/p>\n<p><strong>Peso: 300-350 gramos.<\/strong><\/p>\n","protected":false},"featured_media":53725,"comment_status":"closed","ping_status":"closed","template":"","meta":[],"product_cat":[14708,14668],"product_tag":[],"acf":[],"yoast_head":"<!-- This site is optimized with the Yoast SEO plugin v18.9-RC1 - https:\/\/yoast.com\/wordpress\/plugins\/seo\/ -->\n<title>Salchich\u00f3n de Porco Celta 350g aprox - Tres Fuci\u00f1os - Carabu\u00f1as<\/title>\n<meta name=\"description\" content=\"El salchich\u00f3n de porco celta de Tres Fuci\u00f1os est\u00e1 elaborado con carne magra y grasa de los jamones que no curan.\" \/>\n<meta name=\"robots\" content=\"index, follow, max-snippet:-1, max-image-preview:large, max-video-preview:-1\" \/>\n<link rel=\"canonical\" href=\"https:\/\/carabunhas.com\/es\/producto\/salchichon-de-porco-celta-tres-fucinos\/\" \/>\n<meta property=\"og:locale\" content=\"es_ES\" \/>\n<meta property=\"og:type\" content=\"article\" \/>\n<meta property=\"og:title\" content=\"Salchich\u00f3n de Porco Celta 350g aprox - Tres Fuci\u00f1os - Carabu\u00f1as\" \/>\n<meta property=\"og:description\" content=\"El salchich\u00f3n de porco celta de Tres Fuci\u00f1os est\u00e1 elaborado con carne magra y grasa de los jamones que no curan.\" \/>\n<meta property=\"og:url\" content=\"https:\/\/carabunhas.com\/es\/producto\/salchichon-de-porco-celta-tres-fucinos\/\" \/>\n<meta property=\"og:site_name\" content=\"Carabu\u00f1as\" \/>\n<meta property=\"article:modified_time\" content=\"2025-05-12T19:13:41+00:00\" \/>\n<meta property=\"og:image\" content=\"https:\/\/carabunhas.com\/wp-content\/uploads\/2023\/11\/salchichon-porcocelta-tres-fucinos.jpg\" \/>\n\t<meta property=\"og:image:width\" content=\"1200\" \/>\n\t<meta property=\"og:image:height\" content=\"800\" \/>\n\t<meta property=\"og:image:type\" content=\"image\/jpeg\" \/>\n<meta name=\"twitter:card\" content=\"summary_large_image\" \/>\n<meta name=\"twitter:label1\" content=\"Tiempo de lectura\" \/>\n\t<meta name=\"twitter:data1\" content=\"1 minuto\" \/>\n<script type=\"application\/ld+json\" class=\"yoast-schema-graph\">{\"@context\":\"https:\/\/schema.org\",\"@graph\":[{\"@type\":\"WebSite\",\"@id\":\"https:\/\/carabunhas.com\/#website\",\"url\":\"https:\/\/carabunhas.com\/\",\"name\":\"Carabu\u00f1as\",\"description\":\"\",\"potentialAction\":[{\"@type\":\"SearchAction\",\"target\":{\"@type\":\"EntryPoint\",\"urlTemplate\":\"https:\/\/carabunhas.com\/?s={search_term_string}\"},\"query-input\":\"required name=search_term_string\"}],\"inLanguage\":\"es\"},{\"@type\":\"ImageObject\",\"inLanguage\":\"es\",\"@id\":\"https:\/\/carabunhas.com\/es\/producto\/salchichon-de-porco-celta-tres-fucinos\/#primaryimage\",\"url\":\"https:\/\/carabunhas.com\/wp-content\/uploads\/2023\/11\/salchichon-porcocelta-tres-fucinos.jpg\",\"contentUrl\":\"https:\/\/carabunhas.com\/wp-content\/uploads\/2023\/11\/salchichon-porcocelta-tres-fucinos.jpg\",\"width\":1200,\"height\":800},{\"@type\":\"WebPage\",\"@id\":\"https:\/\/carabunhas.com\/es\/producto\/salchichon-de-porco-celta-tres-fucinos\/#webpage\",\"url\":\"https:\/\/carabunhas.com\/es\/producto\/salchichon-de-porco-celta-tres-fucinos\/\",\"name\":\"Salchich\u00f3n de Porco Celta 350g aprox - Tres Fuci\u00f1os - Carabu\u00f1as\",\"isPartOf\":{\"@id\":\"https:\/\/carabunhas.com\/#website\"},\"primaryImageOfPage\":{\"@id\":\"https:\/\/carabunhas.com\/es\/producto\/salchichon-de-porco-celta-tres-fucinos\/#primaryimage\"},\"datePublished\":\"2021-03-31T11:03:49+00:00\",\"dateModified\":\"2025-05-12T19:13:41+00:00\",\"description\":\"El salchich\u00f3n de porco celta de Tres Fuci\u00f1os est\u00e1 elaborado con carne magra y grasa de los jamones que no curan.\",\"breadcrumb\":{\"@id\":\"https:\/\/carabunhas.com\/es\/producto\/salchichon-de-porco-celta-tres-fucinos\/#breadcrumb\"},\"inLanguage\":\"es\",\"potentialAction\":[{\"@type\":\"ReadAction\",\"target\":[\"https:\/\/carabunhas.com\/es\/producto\/salchichon-de-porco-celta-tres-fucinos\/\"]}]},{\"@type\":\"BreadcrumbList\",\"@id\":\"https:\/\/carabunhas.com\/es\/producto\/salchichon-de-porco-celta-tres-fucinos\/#breadcrumb\",\"itemListElement\":[{\"@type\":\"ListItem\",\"position\":1,\"name\":\"Portada\",\"item\":\"https:\/\/carabunhas.com\/es\/\"},{\"@type\":\"ListItem\",\"position\":2,\"name\":\"Productos\",\"item\":\"https:\/\/carabunhas.com\/es\/shop\/\"},{\"@type\":\"ListItem\",\"position\":3,\"name\":\"Salchich\u00f3n de Porco Celta 350g aprox &#8211; Tres Fuci\u00f1os\"}]}]}<\/script>\n<!-- \/ Yoast SEO plugin. -->","yoast_head_json":{"title":"Salchich\u00f3n de Porco Celta 350g aprox - Tres Fuci\u00f1os - Carabu\u00f1as","description":"El salchich\u00f3n de porco celta de Tres Fuci\u00f1os est\u00e1 elaborado con carne magra y grasa de los jamones que no curan.","robots":{"index":"index","follow":"follow","max-snippet":"max-snippet:-1","max-image-preview":"max-image-preview:large","max-video-preview":"max-video-preview:-1"},"canonical":"https:\/\/carabunhas.com\/es\/producto\/salchichon-de-porco-celta-tres-fucinos\/","og_locale":"es_ES","og_type":"article","og_title":"Salchich\u00f3n de Porco Celta 350g aprox - Tres Fuci\u00f1os - Carabu\u00f1as","og_description":"El salchich\u00f3n de porco celta de Tres Fuci\u00f1os est\u00e1 elaborado con carne magra y grasa de los jamones que no curan.","og_url":"https:\/\/carabunhas.com\/es\/producto\/salchichon-de-porco-celta-tres-fucinos\/","og_site_name":"Carabu\u00f1as","article_modified_time":"2025-05-12T19:13:41+00:00","og_image":[{"width":1200,"height":800,"url":"https:\/\/carabunhas.com\/wp-content\/uploads\/2023\/11\/salchichon-porcocelta-tres-fucinos.jpg","type":"image\/jpeg"}],"twitter_card":"summary_large_image","twitter_misc":{"Tiempo de lectura":"1 minuto"},"schema":{"@context":"https:\/\/schema.org","@graph":[{"@type":"WebSite","@id":"https:\/\/carabunhas.com\/#website","url":"https:\/\/carabunhas.com\/","name":"Carabu\u00f1as","description":"","potentialAction":[{"@type":"SearchAction","target":{"@type":"EntryPoint","urlTemplate":"https:\/\/carabunhas.com\/?s={search_term_string}"},"query-input":"required name=search_term_string"}],"inLanguage":"es"},{"@type":"ImageObject","inLanguage":"es","@id":"https:\/\/carabunhas.com\/es\/producto\/salchichon-de-porco-celta-tres-fucinos\/#primaryimage","url":"https:\/\/carabunhas.com\/wp-content\/uploads\/2023\/11\/salchichon-porcocelta-tres-fucinos.jpg","contentUrl":"https:\/\/carabunhas.com\/wp-content\/uploads\/2023\/11\/salchichon-porcocelta-tres-fucinos.jpg","width":1200,"height":800},{"@type":"WebPage","@id":"https:\/\/carabunhas.com\/es\/producto\/salchichon-de-porco-celta-tres-fucinos\/#webpage","url":"https:\/\/carabunhas.com\/es\/producto\/salchichon-de-porco-celta-tres-fucinos\/","name":"Salchich\u00f3n de Porco Celta 350g aprox - Tres Fuci\u00f1os - Carabu\u00f1as","isPartOf":{"@id":"https:\/\/carabunhas.com\/#website"},"primaryImageOfPage":{"@id":"https:\/\/carabunhas.com\/es\/producto\/salchichon-de-porco-celta-tres-fucinos\/#primaryimage"},"datePublished":"2021-03-31T11:03:49+00:00","dateModified":"2025-05-12T19:13:41+00:00","description":"El salchich\u00f3n de porco celta de Tres Fuci\u00f1os est\u00e1 elaborado con carne magra y grasa de los jamones que no curan.","breadcrumb":{"@id":"https:\/\/carabunhas.com\/es\/producto\/salchichon-de-porco-celta-tres-fucinos\/#breadcrumb"},"inLanguage":"es","potentialAction":[{"@type":"ReadAction","target":["https:\/\/carabunhas.com\/es\/producto\/salchichon-de-porco-celta-tres-fucinos\/"]}]},{"@type":"BreadcrumbList","@id":"https:\/\/carabunhas.com\/es\/producto\/salchichon-de-porco-celta-tres-fucinos\/#breadcrumb","itemListElement":[{"@type":"ListItem","position":1,"name":"Portada","item":"https:\/\/carabunhas.com\/es\/"},{"@type":"ListItem","position":2,"name":"Productos","item":"https:\/\/carabunhas.com\/es\/shop\/"},{"@type":"ListItem","position":3,"name":"Salchich\u00f3n de Porco Celta 350g aprox &#8211; Tres Fuci\u00f1os"}]}]}},"_links":{"self":[{"href":"https:\/\/carabunhas.com\/es\/wp-json\/wp\/v2\/product\/51392"}],"collection":[{"href":"https:\/\/carabunhas.com\/es\/wp-json\/wp\/v2\/product"}],"about":[{"href":"https:\/\/carabunhas.com\/es\/wp-json\/wp\/v2\/types\/product"}],"replies":[{"embeddable":true,"href":"https:\/\/carabunhas.com\/es\/wp-json\/wp\/v2\/comments?post=51392"}],"wp:featuredmedia":[{"embeddable":true,"href":"https:\/\/carabunhas.com\/es\/wp-json\/wp\/v2\/media\/53725"}],"wp:attachment":[{"href":"https:\/\/carabunhas.com\/es\/wp-json\/wp\/v2\/media?parent=51392"}],"wp:term":[{"taxonomy":"product_cat","embeddable":true,"href":"https:\/\/carabunhas.com\/es\/wp-json\/wp\/v2\/product_cat?post=51392"},{"taxonomy":"product_tag","embeddable":true,"href":"https:\/\/carabunhas.com\/es\/wp-json\/wp\/v2\/product_tag?post=51392"}],"curies":[{"name":"wp","href":"https:\/\/api.w.org\/{rel}","templated":true}]}}