{"id":51389,"date":"2021-03-31T13:05:08","date_gmt":"2021-03-31T11:05:08","guid":{"rendered":"https:\/\/carabunhas.com\/?post_type=product&#038;p=51389"},"modified":"2025-08-13T10:13:17","modified_gmt":"2025-08-13T08:13:17","slug":"pate-de-porco-celta-tres-fucinos","status":"publish","type":"product","link":"https:\/\/carabunhas.com\/es\/producto\/pate-de-porco-celta-tres-fucinos\/","title":{"rendered":"Pat\u00e9 de porco celta 100g- Tres Fuci\u00f1os"},"content":{"rendered":"<p>Entre los productos que ofrece la Cooperativa <strong>Tres Fuci\u00f1os<\/strong> est\u00e1 el pat\u00e9 que elaboran con el h\u00edgado y tocino de los cerdos que cuidan. Un producto que destaca por su sabor y propiedades: prote\u00ednas, vitaminas B-12 y A que contribuyen al buen funcionamiento del sistema nervioso y al cuidado de pelo, ojos y piel. Tambi\u00e9n posee minerales esenciales.<\/p>\n<p><u>Cooperativa Tres Fuci\u00f1os<\/u><\/p>\n<p>Tres Fuci\u00f1os es una <strong>cooperativa de peque\u00f1os productores y productoras de porco celta<\/strong> (cerdo aut\u00f3ctono gallego). Su objetivo: hacer llegar su producto de forma directa a sus clientes y clientas cuidando una alimentaci\u00f3n de calidad, saludable y biosostenible.<\/p>\n<p>Cuentan con 11 criadores que comparten sinergias y conocimientos para mejorar d\u00eda a d\u00eda en la crianza del porco celta. Sus explotaciones se encuentran distribuidas por toda Galicia: Friol, A Ca\u00f1iza, Carballedo, Outes, etc.<\/p>\n<p>Tres Fuci\u00f1os no son m\u00e1s que criadores modestos que aprovechan los medios naturales y los saberes tradicionales para la crianza de los cerdos y la elaboraci\u00f3n de sus derivados.<\/p>\n","protected":false},"excerpt":{"rendered":"<h3>Embutido artesanal<\/h3>\n<p>El pat\u00e9 de porco celta de la cooperativa <strong>Tres Fuci\u00f1os<\/strong> est\u00e1 <strong>elaborado con h\u00edgado y tocino<\/strong> de su porco celta. El h\u00edgado posee prote\u00ednas y aporta vitaminas como la B-12, que favorece el funcionamiento del sistema nervioso, y la A, esencial para la salud de ojos y piel.<\/p>\n<p><strong>Lata de 100 gramos.<\/strong><\/p>\n","protected":false},"featured_media":53723,"comment_status":"closed","ping_status":"closed","template":"","meta":[],"product_cat":[14708,14668],"product_tag":[],"acf":[],"yoast_head":"<!-- This site is optimized with the Yoast SEO plugin v18.9-RC1 - https:\/\/yoast.com\/wordpress\/plugins\/seo\/ -->\n<title>Pat\u00e9 de porco celta 100g- Tres Fuci\u00f1os - Carabu\u00f1as<\/title>\n<meta name=\"description\" content=\"El pat\u00e9 de porco celta de la cooperativa Tres Fuci\u00f1os est\u00e1 elaborado con h\u00edgado y tocino de su porco celta.\" \/>\n<meta name=\"robots\" content=\"index, follow, max-snippet:-1, max-image-preview:large, max-video-preview:-1\" \/>\n<link rel=\"canonical\" href=\"https:\/\/carabunhas.com\/es\/producto\/pate-de-porco-celta-tres-fucinos\/\" \/>\n<meta property=\"og:locale\" content=\"es_ES\" \/>\n<meta property=\"og:type\" content=\"article\" \/>\n<meta property=\"og:title\" content=\"Pat\u00e9 de porco celta 100g- Tres Fuci\u00f1os - Carabu\u00f1as\" \/>\n<meta property=\"og:description\" content=\"El pat\u00e9 de porco celta de la cooperativa Tres Fuci\u00f1os est\u00e1 elaborado con h\u00edgado y tocino de su porco celta.\" \/>\n<meta property=\"og:url\" content=\"https:\/\/carabunhas.com\/es\/producto\/pate-de-porco-celta-tres-fucinos\/\" \/>\n<meta property=\"og:site_name\" content=\"Carabu\u00f1as\" \/>\n<meta property=\"article:modified_time\" content=\"2025-08-13T08:13:17+00:00\" \/>\n<meta property=\"og:image\" content=\"https:\/\/carabunhas.com\/wp-content\/uploads\/2023\/11\/pate-porcocelta-tres-fucinos.jpg\" \/>\n\t<meta property=\"og:image:width\" content=\"1200\" \/>\n\t<meta property=\"og:image:height\" content=\"800\" \/>\n\t<meta property=\"og:image:type\" content=\"image\/jpeg\" \/>\n<meta name=\"twitter:card\" content=\"summary_large_image\" \/>\n<meta name=\"twitter:label1\" content=\"Tiempo de lectura\" \/>\n\t<meta name=\"twitter:data1\" content=\"1 minuto\" \/>\n<script type=\"application\/ld+json\" class=\"yoast-schema-graph\">{\"@context\":\"https:\/\/schema.org\",\"@graph\":[{\"@type\":\"WebSite\",\"@id\":\"https:\/\/carabunhas.com\/#website\",\"url\":\"https:\/\/carabunhas.com\/\",\"name\":\"Carabu\u00f1as\",\"description\":\"\",\"potentialAction\":[{\"@type\":\"SearchAction\",\"target\":{\"@type\":\"EntryPoint\",\"urlTemplate\":\"https:\/\/carabunhas.com\/?s={search_term_string}\"},\"query-input\":\"required name=search_term_string\"}],\"inLanguage\":\"es\"},{\"@type\":\"ImageObject\",\"inLanguage\":\"es\",\"@id\":\"https:\/\/carabunhas.com\/es\/producto\/pate-de-porco-celta-tres-fucinos\/#primaryimage\",\"url\":\"https:\/\/carabunhas.com\/wp-content\/uploads\/2023\/11\/pate-porcocelta-tres-fucinos.jpg\",\"contentUrl\":\"https:\/\/carabunhas.com\/wp-content\/uploads\/2023\/11\/pate-porcocelta-tres-fucinos.jpg\",\"width\":1200,\"height\":800},{\"@type\":\"WebPage\",\"@id\":\"https:\/\/carabunhas.com\/es\/producto\/pate-de-porco-celta-tres-fucinos\/#webpage\",\"url\":\"https:\/\/carabunhas.com\/es\/producto\/pate-de-porco-celta-tres-fucinos\/\",\"name\":\"Pat\u00e9 de porco celta 100g- Tres Fuci\u00f1os - Carabu\u00f1as\",\"isPartOf\":{\"@id\":\"https:\/\/carabunhas.com\/#website\"},\"primaryImageOfPage\":{\"@id\":\"https:\/\/carabunhas.com\/es\/producto\/pate-de-porco-celta-tres-fucinos\/#primaryimage\"},\"datePublished\":\"2021-03-31T11:05:08+00:00\",\"dateModified\":\"2025-08-13T08:13:17+00:00\",\"description\":\"El pat\u00e9 de porco celta de la cooperativa Tres Fuci\u00f1os est\u00e1 elaborado con h\u00edgado y tocino de su porco celta.\",\"breadcrumb\":{\"@id\":\"https:\/\/carabunhas.com\/es\/producto\/pate-de-porco-celta-tres-fucinos\/#breadcrumb\"},\"inLanguage\":\"es\",\"potentialAction\":[{\"@type\":\"ReadAction\",\"target\":[\"https:\/\/carabunhas.com\/es\/producto\/pate-de-porco-celta-tres-fucinos\/\"]}]},{\"@type\":\"BreadcrumbList\",\"@id\":\"https:\/\/carabunhas.com\/es\/producto\/pate-de-porco-celta-tres-fucinos\/#breadcrumb\",\"itemListElement\":[{\"@type\":\"ListItem\",\"position\":1,\"name\":\"Portada\",\"item\":\"https:\/\/carabunhas.com\/es\/\"},{\"@type\":\"ListItem\",\"position\":2,\"name\":\"Productos\",\"item\":\"https:\/\/carabunhas.com\/es\/shop\/\"},{\"@type\":\"ListItem\",\"position\":3,\"name\":\"Pat\u00e9 de porco celta 100g- Tres Fuci\u00f1os\"}]}]}<\/script>\n<!-- \/ Yoast SEO plugin. -->","yoast_head_json":{"title":"Pat\u00e9 de porco celta 100g- Tres Fuci\u00f1os - Carabu\u00f1as","description":"El pat\u00e9 de porco celta de la cooperativa Tres Fuci\u00f1os est\u00e1 elaborado con h\u00edgado y tocino de su porco celta.","robots":{"index":"index","follow":"follow","max-snippet":"max-snippet:-1","max-image-preview":"max-image-preview:large","max-video-preview":"max-video-preview:-1"},"canonical":"https:\/\/carabunhas.com\/es\/producto\/pate-de-porco-celta-tres-fucinos\/","og_locale":"es_ES","og_type":"article","og_title":"Pat\u00e9 de porco celta 100g- Tres Fuci\u00f1os - Carabu\u00f1as","og_description":"El pat\u00e9 de porco celta de la cooperativa Tres Fuci\u00f1os est\u00e1 elaborado con h\u00edgado y tocino de su porco celta.","og_url":"https:\/\/carabunhas.com\/es\/producto\/pate-de-porco-celta-tres-fucinos\/","og_site_name":"Carabu\u00f1as","article_modified_time":"2025-08-13T08:13:17+00:00","og_image":[{"width":1200,"height":800,"url":"https:\/\/carabunhas.com\/wp-content\/uploads\/2023\/11\/pate-porcocelta-tres-fucinos.jpg","type":"image\/jpeg"}],"twitter_card":"summary_large_image","twitter_misc":{"Tiempo de lectura":"1 minuto"},"schema":{"@context":"https:\/\/schema.org","@graph":[{"@type":"WebSite","@id":"https:\/\/carabunhas.com\/#website","url":"https:\/\/carabunhas.com\/","name":"Carabu\u00f1as","description":"","potentialAction":[{"@type":"SearchAction","target":{"@type":"EntryPoint","urlTemplate":"https:\/\/carabunhas.com\/?s={search_term_string}"},"query-input":"required name=search_term_string"}],"inLanguage":"es"},{"@type":"ImageObject","inLanguage":"es","@id":"https:\/\/carabunhas.com\/es\/producto\/pate-de-porco-celta-tres-fucinos\/#primaryimage","url":"https:\/\/carabunhas.com\/wp-content\/uploads\/2023\/11\/pate-porcocelta-tres-fucinos.jpg","contentUrl":"https:\/\/carabunhas.com\/wp-content\/uploads\/2023\/11\/pate-porcocelta-tres-fucinos.jpg","width":1200,"height":800},{"@type":"WebPage","@id":"https:\/\/carabunhas.com\/es\/producto\/pate-de-porco-celta-tres-fucinos\/#webpage","url":"https:\/\/carabunhas.com\/es\/producto\/pate-de-porco-celta-tres-fucinos\/","name":"Pat\u00e9 de porco celta 100g- Tres Fuci\u00f1os - Carabu\u00f1as","isPartOf":{"@id":"https:\/\/carabunhas.com\/#website"},"primaryImageOfPage":{"@id":"https:\/\/carabunhas.com\/es\/producto\/pate-de-porco-celta-tres-fucinos\/#primaryimage"},"datePublished":"2021-03-31T11:05:08+00:00","dateModified":"2025-08-13T08:13:17+00:00","description":"El pat\u00e9 de porco celta de la cooperativa Tres Fuci\u00f1os est\u00e1 elaborado con h\u00edgado y tocino de su porco celta.","breadcrumb":{"@id":"https:\/\/carabunhas.com\/es\/producto\/pate-de-porco-celta-tres-fucinos\/#breadcrumb"},"inLanguage":"es","potentialAction":[{"@type":"ReadAction","target":["https:\/\/carabunhas.com\/es\/producto\/pate-de-porco-celta-tres-fucinos\/"]}]},{"@type":"BreadcrumbList","@id":"https:\/\/carabunhas.com\/es\/producto\/pate-de-porco-celta-tres-fucinos\/#breadcrumb","itemListElement":[{"@type":"ListItem","position":1,"name":"Portada","item":"https:\/\/carabunhas.com\/es\/"},{"@type":"ListItem","position":2,"name":"Productos","item":"https:\/\/carabunhas.com\/es\/shop\/"},{"@type":"ListItem","position":3,"name":"Pat\u00e9 de porco celta 100g- Tres Fuci\u00f1os"}]}]}},"_links":{"self":[{"href":"https:\/\/carabunhas.com\/es\/wp-json\/wp\/v2\/product\/51389"}],"collection":[{"href":"https:\/\/carabunhas.com\/es\/wp-json\/wp\/v2\/product"}],"about":[{"href":"https:\/\/carabunhas.com\/es\/wp-json\/wp\/v2\/types\/product"}],"replies":[{"embeddable":true,"href":"https:\/\/carabunhas.com\/es\/wp-json\/wp\/v2\/comments?post=51389"}],"wp:featuredmedia":[{"embeddable":true,"href":"https:\/\/carabunhas.com\/es\/wp-json\/wp\/v2\/media\/53723"}],"wp:attachment":[{"href":"https:\/\/carabunhas.com\/es\/wp-json\/wp\/v2\/media?parent=51389"}],"wp:term":[{"taxonomy":"product_cat","embeddable":true,"href":"https:\/\/carabunhas.com\/es\/wp-json\/wp\/v2\/product_cat?post=51389"},{"taxonomy":"product_tag","embeddable":true,"href":"https:\/\/carabunhas.com\/es\/wp-json\/wp\/v2\/product_tag?post=51389"}],"curies":[{"name":"wp","href":"https:\/\/api.w.org\/{rel}","templated":true}]}}