{"id":4098,"date":"2020-09-29T12:40:53","date_gmt":"2020-09-29T10:40:53","guid":{"rendered":"https:\/\/carabunhas.com\/?post_type=product&#038;p=4098"},"modified":"2026-04-15T06:15:37","modified_gmt":"2026-04-15T04:15:37","slug":"mermelada-ecologica-naranja","status":"publish","type":"product","link":"https:\/\/carabunhas.com\/es\/producto\/mermelada-ecologica-naranja\/","title":{"rendered":"Mermelada ecol\u00f3gica de sa\u00faco y naranja 250g &#8211; Carabu\u00f1as"},"content":{"rendered":"<h5>mermelada ecol\u00f3gica<\/h5>\n<p>La <strong>mermelada de sa\u00faco y naranja Carabu\u00f1as<\/strong> combina dos sabores que contrastan entre s\u00ed en una receta de elaboraci\u00f3n propia, sin aditivos y que da como resultado una <strong>mermelada gourmet <\/strong>con un 70% de fruta.<\/p>\n<p>Aprovechando las propiedades depurativas y diur\u00e9ticas de las bayas de Sa\u00faco, en combinaci\u00f3n con los beneficios de la naranja ecol\u00f3gica. Con un proceso de <strong>elaboraci\u00f3n artesanal<\/strong>, obtenemos un producto hecho como en casa, saludable y lleno de sabor. Al toque amargo de la naranja le a\u00f1adimos lim\u00f3n ecol\u00f3gico y agar-agar, un alga con alta cantidad de fibra.<\/p>\n<p>Te recomendamos la mermelada de sa\u00faco y naranja Carabu\u00f1as para aportar un toque diferente a ensaladas, helados, yogures, quesos, pat\u00e9s, o carnes.<\/p>\n<p>En Carabu\u00f1as apostamos por la utilizaci\u00f3n del sa\u00faco, una especie vegetal caracter\u00edstica de nuestro entorno, en Galicia. Aprovechamos sus propiedades para innovar en la elaboraci\u00f3n de productos artesanales, ecol\u00f3gicos y saludables.<\/p>\n<h5>ingredientes<\/h5>\n<ul>\n<li>Az\u00facar de ca\u00f1a ecol\u00f3gico<\/li>\n<li>Naranja ecol\u00f3gica gallega<\/li>\n<li>Agar-agar ecol\u00f3gico<\/li>\n<li>Lim\u00f3n ecol\u00f3gico<\/li>\n<li>Nuestra receta propia<\/li>\n<\/ul>\n","protected":false},"excerpt":{"rendered":"<h3>Elaboraci\u00f3n artesanal<\/h3>\n<p>La mermelada de sa\u00faco y naranja Carabu\u00f1as combina nuestras bayas de sa\u00faco con una selecci\u00f3n de naranjas ecol\u00f3gicas del sur de Galicia.<\/p>\n<p>Su sabor es sorprendente, con un contraste final entre la dulzura del sa\u00faco maduro y la acidez y amargor propios de la naranja cultivada en Galicia.<\/p>\n","protected":false},"featured_media":50214,"comment_status":"closed","ping_status":"closed","template":"","meta":[],"product_cat":[14767,23,14668],"product_tag":[],"acf":[],"yoast_head":"<!-- This site is optimized with the Yoast SEO plugin v18.9-RC1 - https:\/\/yoast.com\/wordpress\/plugins\/seo\/ -->\n<title>Mermelada ecol\u00f3gica de sa\u00faco y naranja 250g - Carabu\u00f1as -<\/title>\n<meta name=\"robots\" content=\"index, follow, max-snippet:-1, max-image-preview:large, max-video-preview:-1\" \/>\n<link rel=\"canonical\" href=\"https:\/\/carabunhas.com\/es\/producto\/mermelada-ecologica-naranja\/\" \/>\n<meta property=\"og:locale\" content=\"es_ES\" \/>\n<meta property=\"og:type\" content=\"article\" \/>\n<meta property=\"og:title\" content=\"Mermelada ecol\u00f3gica de sa\u00faco y naranja 250g - Carabu\u00f1as -\" \/>\n<meta property=\"og:description\" content=\"Elaboraci\u00f3n artesanal La mermelada de sa\u00faco y naranja Carabu\u00f1as combina nuestras bayas de sa\u00faco con una selecci\u00f3n de naranjas ecol\u00f3gicas del sur de Galicia.  Su sabor es sorprendente, con un contraste final entre la dulzura del sa\u00faco maduro y la acidez y amargor propios de la naranja cultivada en Galicia.\" \/>\n<meta property=\"og:url\" content=\"https:\/\/carabunhas.com\/es\/producto\/mermelada-ecologica-naranja\/\" \/>\n<meta property=\"og:site_name\" content=\"Carabu\u00f1as\" \/>\n<meta property=\"article:modified_time\" content=\"2026-04-15T04:15:37+00:00\" \/>\n<meta property=\"og:image\" content=\"https:\/\/carabunhas.com\/wp-content\/uploads\/2020\/09\/sabugueiro-laranxa.jpg\" \/>\n\t<meta property=\"og:image:width\" content=\"1200\" \/>\n\t<meta property=\"og:image:height\" content=\"800\" \/>\n\t<meta property=\"og:image:type\" content=\"image\/jpeg\" \/>\n<meta name=\"twitter:card\" content=\"summary_large_image\" \/>\n<meta name=\"twitter:label1\" content=\"Tiempo de lectura\" \/>\n\t<meta name=\"twitter:data1\" content=\"1 minuto\" \/>\n<script type=\"application\/ld+json\" class=\"yoast-schema-graph\">{\"@context\":\"https:\/\/schema.org\",\"@graph\":[{\"@type\":\"WebSite\",\"@id\":\"https:\/\/carabunhas.com\/#website\",\"url\":\"https:\/\/carabunhas.com\/\",\"name\":\"Carabu\u00f1as\",\"description\":\"\",\"potentialAction\":[{\"@type\":\"SearchAction\",\"target\":{\"@type\":\"EntryPoint\",\"urlTemplate\":\"https:\/\/carabunhas.com\/?s={search_term_string}\"},\"query-input\":\"required name=search_term_string\"}],\"inLanguage\":\"es\"},{\"@type\":\"ImageObject\",\"inLanguage\":\"es\",\"@id\":\"https:\/\/carabunhas.com\/es\/producto\/mermelada-ecologica-naranja\/#primaryimage\",\"url\":\"https:\/\/carabunhas.com\/wp-content\/uploads\/2020\/09\/sabugueiro-laranxa.jpg\",\"contentUrl\":\"https:\/\/carabunhas.com\/wp-content\/uploads\/2020\/09\/sabugueiro-laranxa.jpg\",\"width\":1200,\"height\":800,\"caption\":\"mermelada ecol\u00f3gica sabugueiro e laranxa\"},{\"@type\":\"WebPage\",\"@id\":\"https:\/\/carabunhas.com\/es\/producto\/mermelada-ecologica-naranja\/#webpage\",\"url\":\"https:\/\/carabunhas.com\/es\/producto\/mermelada-ecologica-naranja\/\",\"name\":\"Mermelada ecol\u00f3gica de sa\u00faco y naranja 250g - Carabu\u00f1as -\",\"isPartOf\":{\"@id\":\"https:\/\/carabunhas.com\/#website\"},\"primaryImageOfPage\":{\"@id\":\"https:\/\/carabunhas.com\/es\/producto\/mermelada-ecologica-naranja\/#primaryimage\"},\"datePublished\":\"2020-09-29T10:40:53+00:00\",\"dateModified\":\"2026-04-15T04:15:37+00:00\",\"breadcrumb\":{\"@id\":\"https:\/\/carabunhas.com\/es\/producto\/mermelada-ecologica-naranja\/#breadcrumb\"},\"inLanguage\":\"es\",\"potentialAction\":[{\"@type\":\"ReadAction\",\"target\":[\"https:\/\/carabunhas.com\/es\/producto\/mermelada-ecologica-naranja\/\"]}]},{\"@type\":\"BreadcrumbList\",\"@id\":\"https:\/\/carabunhas.com\/es\/producto\/mermelada-ecologica-naranja\/#breadcrumb\",\"itemListElement\":[{\"@type\":\"ListItem\",\"position\":1,\"name\":\"Portada\",\"item\":\"https:\/\/carabunhas.com\/es\/\"},{\"@type\":\"ListItem\",\"position\":2,\"name\":\"Productos\",\"item\":\"https:\/\/carabunhas.com\/es\/shop\/\"},{\"@type\":\"ListItem\",\"position\":3,\"name\":\"Mermelada ecol\u00f3gica de sa\u00faco y naranja 250g &#8211; Carabu\u00f1as\"}]}]}<\/script>\n<!-- \/ Yoast SEO plugin. -->","yoast_head_json":{"title":"Mermelada ecol\u00f3gica de sa\u00faco y naranja 250g - Carabu\u00f1as -","robots":{"index":"index","follow":"follow","max-snippet":"max-snippet:-1","max-image-preview":"max-image-preview:large","max-video-preview":"max-video-preview:-1"},"canonical":"https:\/\/carabunhas.com\/es\/producto\/mermelada-ecologica-naranja\/","og_locale":"es_ES","og_type":"article","og_title":"Mermelada ecol\u00f3gica de sa\u00faco y naranja 250g - Carabu\u00f1as -","og_description":"Elaboraci\u00f3n artesanal La mermelada de sa\u00faco y naranja Carabu\u00f1as combina nuestras bayas de sa\u00faco con una selecci\u00f3n de naranjas ecol\u00f3gicas del sur de Galicia.  Su sabor es sorprendente, con un contraste final entre la dulzura del sa\u00faco maduro y la acidez y amargor propios de la naranja cultivada en Galicia.","og_url":"https:\/\/carabunhas.com\/es\/producto\/mermelada-ecologica-naranja\/","og_site_name":"Carabu\u00f1as","article_modified_time":"2026-04-15T04:15:37+00:00","og_image":[{"width":1200,"height":800,"url":"https:\/\/carabunhas.com\/wp-content\/uploads\/2020\/09\/sabugueiro-laranxa.jpg","type":"image\/jpeg"}],"twitter_card":"summary_large_image","twitter_misc":{"Tiempo de lectura":"1 minuto"},"schema":{"@context":"https:\/\/schema.org","@graph":[{"@type":"WebSite","@id":"https:\/\/carabunhas.com\/#website","url":"https:\/\/carabunhas.com\/","name":"Carabu\u00f1as","description":"","potentialAction":[{"@type":"SearchAction","target":{"@type":"EntryPoint","urlTemplate":"https:\/\/carabunhas.com\/?s={search_term_string}"},"query-input":"required name=search_term_string"}],"inLanguage":"es"},{"@type":"ImageObject","inLanguage":"es","@id":"https:\/\/carabunhas.com\/es\/producto\/mermelada-ecologica-naranja\/#primaryimage","url":"https:\/\/carabunhas.com\/wp-content\/uploads\/2020\/09\/sabugueiro-laranxa.jpg","contentUrl":"https:\/\/carabunhas.com\/wp-content\/uploads\/2020\/09\/sabugueiro-laranxa.jpg","width":1200,"height":800,"caption":"mermelada ecol\u00f3gica sabugueiro e laranxa"},{"@type":"WebPage","@id":"https:\/\/carabunhas.com\/es\/producto\/mermelada-ecologica-naranja\/#webpage","url":"https:\/\/carabunhas.com\/es\/producto\/mermelada-ecologica-naranja\/","name":"Mermelada ecol\u00f3gica de sa\u00faco y naranja 250g - Carabu\u00f1as -","isPartOf":{"@id":"https:\/\/carabunhas.com\/#website"},"primaryImageOfPage":{"@id":"https:\/\/carabunhas.com\/es\/producto\/mermelada-ecologica-naranja\/#primaryimage"},"datePublished":"2020-09-29T10:40:53+00:00","dateModified":"2026-04-15T04:15:37+00:00","breadcrumb":{"@id":"https:\/\/carabunhas.com\/es\/producto\/mermelada-ecologica-naranja\/#breadcrumb"},"inLanguage":"es","potentialAction":[{"@type":"ReadAction","target":["https:\/\/carabunhas.com\/es\/producto\/mermelada-ecologica-naranja\/"]}]},{"@type":"BreadcrumbList","@id":"https:\/\/carabunhas.com\/es\/producto\/mermelada-ecologica-naranja\/#breadcrumb","itemListElement":[{"@type":"ListItem","position":1,"name":"Portada","item":"https:\/\/carabunhas.com\/es\/"},{"@type":"ListItem","position":2,"name":"Productos","item":"https:\/\/carabunhas.com\/es\/shop\/"},{"@type":"ListItem","position":3,"name":"Mermelada ecol\u00f3gica de sa\u00faco y naranja 250g &#8211; Carabu\u00f1as"}]}]}},"_links":{"self":[{"href":"https:\/\/carabunhas.com\/es\/wp-json\/wp\/v2\/product\/4098"}],"collection":[{"href":"https:\/\/carabunhas.com\/es\/wp-json\/wp\/v2\/product"}],"about":[{"href":"https:\/\/carabunhas.com\/es\/wp-json\/wp\/v2\/types\/product"}],"replies":[{"embeddable":true,"href":"https:\/\/carabunhas.com\/es\/wp-json\/wp\/v2\/comments?post=4098"}],"wp:featuredmedia":[{"embeddable":true,"href":"https:\/\/carabunhas.com\/es\/wp-json\/wp\/v2\/media\/50214"}],"wp:attachment":[{"href":"https:\/\/carabunhas.com\/es\/wp-json\/wp\/v2\/media?parent=4098"}],"wp:term":[{"taxonomy":"product_cat","embeddable":true,"href":"https:\/\/carabunhas.com\/es\/wp-json\/wp\/v2\/product_cat?post=4098"},{"taxonomy":"product_tag","embeddable":true,"href":"https:\/\/carabunhas.com\/es\/wp-json\/wp\/v2\/product_tag?post=4098"}],"curies":[{"name":"wp","href":"https:\/\/api.w.org\/{rel}","templated":true}]}}