{"id":4022,"date":"2020-10-10T12:37:12","date_gmt":"2020-10-10T10:37:12","guid":{"rendered":"https:\/\/carabunhas.com\/?post_type=product&#038;p=4022"},"modified":"2026-02-09T16:09:33","modified_gmt":"2026-02-09T15:09:33","slug":"licor-sauco","status":"publish","type":"product","link":"https:\/\/carabunhas.com\/es\/producto\/licor-sauco\/","title":{"rendered":"Licor de Sa\u00faco 500ml- Carabu\u00f1as"},"content":{"rendered":"<h5>un licor \u00fanico<\/h5>\n<p>El <strong>licor de sa\u00faco Carabu\u00f1as<\/strong> se ha convertido en uno de los producots m\u00e1s apreciados de la marca. Es el resultado de un <strong>proceso artesanal y cuidadoso<\/strong>. Las bayas de sa\u00faco se recolectan en el momento exacto de maduraci\u00f3n y se mezclan con aguardiente de alta calidad, obtenido en Galicia por destilaci\u00f3n tradicional en alambique de cobre. En ese momento, se inicia una <strong>maceraci\u00f3n lenta<\/strong> para que ambos productos combinen sus propiedades y sabor, para crear nuestro licor.<\/p>\n<p>Utilizando Sambucus Nigra L de la variedad Atl\u00e1ntica (Galicia y Norte de Portugal), con este proceso de elaboraci\u00f3n lento y tradicional, obtenemos un producto sin aditivos y \u00fanico en el mercado.<\/p>\n<p>Recomendamos consumir nuestro licor de sa\u00faco Carabu\u00f1as en las sobremesas, despu\u00e9s de una buena comida o cena, aunque tambi\u00e9n combina bien en c\u00f3cteles o como acompa\u00f1amiento en helados.<\/p>\n<p>En Carabu\u00f1as le damos una vuelta al sa\u00faco, una especie vegetal muy ligada a Galicia, y aprovechamos sus magn\u00edficas cualidades para elaborar <strong>productos artesanales<\/strong>, <strong>aut\u00e9nticos<\/strong> y <strong>saludables<\/strong>.<\/p>\n<h5>ingredientes<\/h5>\n<ul>\n<li>Az\u00facar de ca\u00f1a ecol\u00f3gico<\/li>\n<li>Agar agar ecol\u00f3gico<\/li>\n<li>Lim\u00f3n ecol\u00f3gico<\/li>\n<li>Aguardiente gallego de alta calidad<\/li>\n<li>Elaboramos nuestro licor de sa\u00faco Carabu\u00f1as seg\u00fan una receta propia.<\/li>\n<\/ul>\n","protected":false},"excerpt":{"rendered":"<h3>Elaboraci\u00f3n artesanal<\/h3>\n<p>Licor de Sa\u00faco Carabu\u00f1as. Un licor \u00fanico y especial, elaborado de manera artesanal con orujo de uva, sa\u00faco y arom\u00e1ticas. Para hacer nuestro \u2018licor de sabugueiro\u2019 seleccionamos las mejores <strong>bayas de sa\u00faco maduro<\/strong> y las maceramos en aguardiente gallego de alta calidad.<\/p>\n<p>La elaboraci\u00f3n natural del licor de Sa\u00faco da como resultado un producto de aroma intenso y sabor muy particular, que perdura en el paladar.<\/p>\n","protected":false},"featured_media":53661,"comment_status":"closed","ping_status":"closed","template":"","meta":[],"product_cat":[14767,22,14668],"product_tag":[],"acf":[],"yoast_head":"<!-- This site is optimized with the Yoast SEO plugin v18.9-RC1 - https:\/\/yoast.com\/wordpress\/plugins\/seo\/ -->\n<title>Licor de Sa\u00faco 500ml- Carabu\u00f1as -<\/title>\n<meta name=\"robots\" content=\"index, follow, max-snippet:-1, max-image-preview:large, max-video-preview:-1\" \/>\n<link rel=\"canonical\" href=\"https:\/\/carabunhas.com\/es\/producto\/licor-sauco\/\" \/>\n<meta property=\"og:locale\" content=\"es_ES\" \/>\n<meta property=\"og:type\" content=\"article\" \/>\n<meta property=\"og:title\" content=\"Licor de Sa\u00faco 500ml- Carabu\u00f1as -\" \/>\n<meta property=\"og:description\" content=\"Elaboraci\u00f3n artesanal Licor de Sa\u00faco Carabu\u00f1as. Un licor \u00fanico y especial, elaborado de manera artesanal con orujo de uva, sa\u00faco y arom\u00e1ticas. Para hacer nuestro \u2018licor de sabugueiro\u2019 seleccionamos las mejores bayas de sa\u00faco maduro y las maceramos en aguardiente gallego de alta calidad.  La elaboraci\u00f3n natural del licor de Sa\u00faco da como resultado un producto de aroma intenso y sabor muy particular, que perdura en el paladar.\" \/>\n<meta property=\"og:url\" content=\"https:\/\/carabunhas.com\/es\/producto\/licor-sauco\/\" \/>\n<meta property=\"og:site_name\" content=\"Carabu\u00f1as\" \/>\n<meta property=\"article:modified_time\" content=\"2026-02-09T15:09:33+00:00\" \/>\n<meta property=\"og:image\" content=\"https:\/\/carabunhas.com\/wp-content\/uploads\/2023\/11\/b2b-simbolos-ls500.jpg\" \/>\n\t<meta property=\"og:image:width\" content=\"1200\" \/>\n\t<meta property=\"og:image:height\" content=\"800\" \/>\n\t<meta property=\"og:image:type\" content=\"image\/jpeg\" \/>\n<meta name=\"twitter:card\" content=\"summary_large_image\" \/>\n<meta name=\"twitter:label1\" content=\"Tiempo de lectura\" \/>\n\t<meta name=\"twitter:data1\" content=\"1 minuto\" \/>\n<script type=\"application\/ld+json\" class=\"yoast-schema-graph\">{\"@context\":\"https:\/\/schema.org\",\"@graph\":[{\"@type\":\"WebSite\",\"@id\":\"https:\/\/carabunhas.com\/#website\",\"url\":\"https:\/\/carabunhas.com\/\",\"name\":\"Carabu\u00f1as\",\"description\":\"\",\"potentialAction\":[{\"@type\":\"SearchAction\",\"target\":{\"@type\":\"EntryPoint\",\"urlTemplate\":\"https:\/\/carabunhas.com\/?s={search_term_string}\"},\"query-input\":\"required name=search_term_string\"}],\"inLanguage\":\"es\"},{\"@type\":\"ImageObject\",\"inLanguage\":\"es\",\"@id\":\"https:\/\/carabunhas.com\/es\/producto\/licor-sauco\/#primaryimage\",\"url\":\"https:\/\/carabunhas.com\/wp-content\/uploads\/2023\/11\/b2b-simbolos-ls500.jpg\",\"contentUrl\":\"https:\/\/carabunhas.com\/wp-content\/uploads\/2023\/11\/b2b-simbolos-ls500.jpg\",\"width\":1200,\"height\":800},{\"@type\":\"WebPage\",\"@id\":\"https:\/\/carabunhas.com\/es\/producto\/licor-sauco\/#webpage\",\"url\":\"https:\/\/carabunhas.com\/es\/producto\/licor-sauco\/\",\"name\":\"Licor de Sa\u00faco 500ml- Carabu\u00f1as -\",\"isPartOf\":{\"@id\":\"https:\/\/carabunhas.com\/#website\"},\"primaryImageOfPage\":{\"@id\":\"https:\/\/carabunhas.com\/es\/producto\/licor-sauco\/#primaryimage\"},\"datePublished\":\"2020-10-10T10:37:12+00:00\",\"dateModified\":\"2026-02-09T15:09:33+00:00\",\"breadcrumb\":{\"@id\":\"https:\/\/carabunhas.com\/es\/producto\/licor-sauco\/#breadcrumb\"},\"inLanguage\":\"es\",\"potentialAction\":[{\"@type\":\"ReadAction\",\"target\":[\"https:\/\/carabunhas.com\/es\/producto\/licor-sauco\/\"]}]},{\"@type\":\"BreadcrumbList\",\"@id\":\"https:\/\/carabunhas.com\/es\/producto\/licor-sauco\/#breadcrumb\",\"itemListElement\":[{\"@type\":\"ListItem\",\"position\":1,\"name\":\"Portada\",\"item\":\"https:\/\/carabunhas.com\/es\/\"},{\"@type\":\"ListItem\",\"position\":2,\"name\":\"Productos\",\"item\":\"https:\/\/carabunhas.com\/es\/shop\/\"},{\"@type\":\"ListItem\",\"position\":3,\"name\":\"Licor de Sa\u00faco 500ml- Carabu\u00f1as\"}]}]}<\/script>\n<!-- \/ Yoast SEO plugin. -->","yoast_head_json":{"title":"Licor de Sa\u00faco 500ml- Carabu\u00f1as -","robots":{"index":"index","follow":"follow","max-snippet":"max-snippet:-1","max-image-preview":"max-image-preview:large","max-video-preview":"max-video-preview:-1"},"canonical":"https:\/\/carabunhas.com\/es\/producto\/licor-sauco\/","og_locale":"es_ES","og_type":"article","og_title":"Licor de Sa\u00faco 500ml- Carabu\u00f1as -","og_description":"Elaboraci\u00f3n artesanal Licor de Sa\u00faco Carabu\u00f1as. Un licor \u00fanico y especial, elaborado de manera artesanal con orujo de uva, sa\u00faco y arom\u00e1ticas. Para hacer nuestro \u2018licor de sabugueiro\u2019 seleccionamos las mejores bayas de sa\u00faco maduro y las maceramos en aguardiente gallego de alta calidad.  La elaboraci\u00f3n natural del licor de Sa\u00faco da como resultado un producto de aroma intenso y sabor muy particular, que perdura en el paladar.","og_url":"https:\/\/carabunhas.com\/es\/producto\/licor-sauco\/","og_site_name":"Carabu\u00f1as","article_modified_time":"2026-02-09T15:09:33+00:00","og_image":[{"width":1200,"height":800,"url":"https:\/\/carabunhas.com\/wp-content\/uploads\/2023\/11\/b2b-simbolos-ls500.jpg","type":"image\/jpeg"}],"twitter_card":"summary_large_image","twitter_misc":{"Tiempo de lectura":"1 minuto"},"schema":{"@context":"https:\/\/schema.org","@graph":[{"@type":"WebSite","@id":"https:\/\/carabunhas.com\/#website","url":"https:\/\/carabunhas.com\/","name":"Carabu\u00f1as","description":"","potentialAction":[{"@type":"SearchAction","target":{"@type":"EntryPoint","urlTemplate":"https:\/\/carabunhas.com\/?s={search_term_string}"},"query-input":"required name=search_term_string"}],"inLanguage":"es"},{"@type":"ImageObject","inLanguage":"es","@id":"https:\/\/carabunhas.com\/es\/producto\/licor-sauco\/#primaryimage","url":"https:\/\/carabunhas.com\/wp-content\/uploads\/2023\/11\/b2b-simbolos-ls500.jpg","contentUrl":"https:\/\/carabunhas.com\/wp-content\/uploads\/2023\/11\/b2b-simbolos-ls500.jpg","width":1200,"height":800},{"@type":"WebPage","@id":"https:\/\/carabunhas.com\/es\/producto\/licor-sauco\/#webpage","url":"https:\/\/carabunhas.com\/es\/producto\/licor-sauco\/","name":"Licor de Sa\u00faco 500ml- Carabu\u00f1as -","isPartOf":{"@id":"https:\/\/carabunhas.com\/#website"},"primaryImageOfPage":{"@id":"https:\/\/carabunhas.com\/es\/producto\/licor-sauco\/#primaryimage"},"datePublished":"2020-10-10T10:37:12+00:00","dateModified":"2026-02-09T15:09:33+00:00","breadcrumb":{"@id":"https:\/\/carabunhas.com\/es\/producto\/licor-sauco\/#breadcrumb"},"inLanguage":"es","potentialAction":[{"@type":"ReadAction","target":["https:\/\/carabunhas.com\/es\/producto\/licor-sauco\/"]}]},{"@type":"BreadcrumbList","@id":"https:\/\/carabunhas.com\/es\/producto\/licor-sauco\/#breadcrumb","itemListElement":[{"@type":"ListItem","position":1,"name":"Portada","item":"https:\/\/carabunhas.com\/es\/"},{"@type":"ListItem","position":2,"name":"Productos","item":"https:\/\/carabunhas.com\/es\/shop\/"},{"@type":"ListItem","position":3,"name":"Licor de Sa\u00faco 500ml- Carabu\u00f1as"}]}]}},"_links":{"self":[{"href":"https:\/\/carabunhas.com\/es\/wp-json\/wp\/v2\/product\/4022"}],"collection":[{"href":"https:\/\/carabunhas.com\/es\/wp-json\/wp\/v2\/product"}],"about":[{"href":"https:\/\/carabunhas.com\/es\/wp-json\/wp\/v2\/types\/product"}],"replies":[{"embeddable":true,"href":"https:\/\/carabunhas.com\/es\/wp-json\/wp\/v2\/comments?post=4022"}],"wp:featuredmedia":[{"embeddable":true,"href":"https:\/\/carabunhas.com\/es\/wp-json\/wp\/v2\/media\/53661"}],"wp:attachment":[{"href":"https:\/\/carabunhas.com\/es\/wp-json\/wp\/v2\/media?parent=4022"}],"wp:term":[{"taxonomy":"product_cat","embeddable":true,"href":"https:\/\/carabunhas.com\/es\/wp-json\/wp\/v2\/product_cat?post=4022"},{"taxonomy":"product_tag","embeddable":true,"href":"https:\/\/carabunhas.com\/es\/wp-json\/wp\/v2\/product_tag?post=4022"}],"curies":[{"name":"wp","href":"https:\/\/api.w.org\/{rel}","templated":true}]}}