{"id":3657,"date":"2020-09-28T10:23:17","date_gmt":"2020-09-28T08:23:17","guid":{"rendered":"https:\/\/carabunhas.com\/?page_id=3657"},"modified":"2022-10-13T11:30:01","modified_gmt":"2022-10-13T09:30:01","slug":"envio","status":"publish","type":"page","link":"https:\/\/carabunhas.com\/es\/envio\/","title":{"rendered":"Env\u00edo"},"content":{"rendered":"\n<h3>Espa\u00f1a y Portugal <\/h3>\n\n\n\n<p>A trav\u00e9s de nuestra web puedes hacer pedidos con direcci\u00f3n de entrega dentro del <strong>territorio peninsular<\/strong>. <\/p>\n\n\n\n<p>Si quieres hacer un pedido con destino a cualquier otro punto de la Uni\u00f3n Europea, ponte en contacto con nosotros y buscaremos la mejor forma de poder tramitarlo.<\/p>\n\n\n\n<h3>Gastos de env\u00edo<\/h3>\n\n\n\n<p>Los gastos de env\u00edo son <strong>gratu\u00edtos para pedidos con importe igual o superior a 90\u20ac<\/strong>. En pedidos de importes inferiores, los gastos de env\u00edo son 4,95\u20ac para env\u00edos con destino Galicia y 6,95\u20ac para env\u00edos al resto de la pen\u00ednsula.<\/p>\n\n\n\n<p>En el proceso de compra, antes de confirmar tu pedido y realizar el pago, siempre podr\u00e1s ver los gastos de env\u00edo que se te est\u00e1n aplicando.<\/p>\n\n\n\n<h3>Plazos de entrega<\/h3>\n\n\n\n<p>Trabajamos con empresas de paqueter\u00eda urgente.<\/p>\n\n\n\n<p>El plazo de entrega es de <strong>48 a 72 horas d\u00edas h\u00e1biles<\/strong>.<\/p>\n\n\n\n<p>El producto s\u00f3lo ser\u00e1 enviado una vez se haya recibido el abono del mismo.<\/p>\n\n\n\n<p>Una vez que tu pedido ha sido enviado, recibir\u00e1s un correo electr\u00f3nico por parte de la empresa de transporte. <\/p>\n\n\n\n<h3>Incidencias y Devoluciones<\/h3>\n\n\n\n<p>Si has tenido cualquier incidencia con el env\u00edo, si has cambiado de opini\u00f3n o quieres hacer una devoluci\u00f3n, ponte en <a href=\"https:\/\/carabunhas.com\/es\/contacto\/\">contacto<\/a> con nosotros <strong>por email o por tel\u00e9fono<\/strong> para que podamos gestionar todo de la forma m\u00e1s r\u00e1pida.<\/p>\n","protected":false},"excerpt":{"rendered":"<p>Espa\u00f1a y Portugal A trav\u00e9s de nuestra web puedes hacer pedidos con direcci\u00f3n de entrega dentro del territorio peninsular. Si quieres hacer un pedido con destino a cualquier otro punto de la Uni\u00f3n Europea, ponte en contacto con nosotros y buscaremos la mejor forma de poder tramitarlo. Gastos de env\u00edo Los gastos de env\u00edo son [&hellip;]<\/p>\n","protected":false},"author":2,"featured_media":0,"parent":0,"menu_order":0,"comment_status":"closed","ping_status":"closed","template":"","meta":[],"acf":[],"yoast_head":"<!-- This site is optimized with the Yoast SEO plugin v18.9-RC1 - https:\/\/yoast.com\/wordpress\/plugins\/seo\/ -->\n<title>Env\u00edo - Carabu\u00f1as<\/title>\n<meta name=\"robots\" content=\"index, follow, max-snippet:-1, max-image-preview:large, max-video-preview:-1\" \/>\n<link rel=\"canonical\" href=\"https:\/\/carabunhas.com\/es\/envio\/\" \/>\n<meta property=\"og:locale\" content=\"es_ES\" \/>\n<meta property=\"og:type\" content=\"article\" \/>\n<meta property=\"og:title\" content=\"Env\u00edo - Carabu\u00f1as\" \/>\n<meta property=\"og:description\" content=\"Espa\u00f1a y Portugal A trav\u00e9s de nuestra web puedes hacer pedidos con direcci\u00f3n de entrega dentro del territorio peninsular. Si quieres hacer un pedido con destino a cualquier otro punto de la Uni\u00f3n Europea, ponte en contacto con nosotros y buscaremos la mejor forma de poder tramitarlo. Gastos de env\u00edo Los gastos de env\u00edo son [&hellip;]\" \/>\n<meta property=\"og:url\" content=\"https:\/\/carabunhas.com\/es\/envio\/\" \/>\n<meta property=\"og:site_name\" content=\"Carabu\u00f1as\" \/>\n<meta property=\"article:modified_time\" content=\"2022-10-13T09:30:01+00:00\" \/>\n<meta name=\"twitter:card\" content=\"summary_large_image\" \/>\n<meta name=\"twitter:label1\" content=\"Tiempo de lectura\" \/>\n\t<meta name=\"twitter:data1\" content=\"1 minuto\" \/>\n<script type=\"application\/ld+json\" class=\"yoast-schema-graph\">{\"@context\":\"https:\/\/schema.org\",\"@graph\":[{\"@type\":\"WebSite\",\"@id\":\"https:\/\/carabunhas.com\/#website\",\"url\":\"https:\/\/carabunhas.com\/\",\"name\":\"Carabu\u00f1as\",\"description\":\"\",\"potentialAction\":[{\"@type\":\"SearchAction\",\"target\":{\"@type\":\"EntryPoint\",\"urlTemplate\":\"https:\/\/carabunhas.com\/?s={search_term_string}\"},\"query-input\":\"required name=search_term_string\"}],\"inLanguage\":\"es\"},{\"@type\":\"WebPage\",\"@id\":\"https:\/\/carabunhas.com\/es\/envio\/#webpage\",\"url\":\"https:\/\/carabunhas.com\/es\/envio\/\",\"name\":\"Env\u00edo - Carabu\u00f1as\",\"isPartOf\":{\"@id\":\"https:\/\/carabunhas.com\/#website\"},\"datePublished\":\"2020-09-28T08:23:17+00:00\",\"dateModified\":\"2022-10-13T09:30:01+00:00\",\"breadcrumb\":{\"@id\":\"https:\/\/carabunhas.com\/es\/envio\/#breadcrumb\"},\"inLanguage\":\"es\",\"potentialAction\":[{\"@type\":\"ReadAction\",\"target\":[\"https:\/\/carabunhas.com\/es\/envio\/\"]}]},{\"@type\":\"BreadcrumbList\",\"@id\":\"https:\/\/carabunhas.com\/es\/envio\/#breadcrumb\",\"itemListElement\":[{\"@type\":\"ListItem\",\"position\":1,\"name\":\"Portada\",\"item\":\"https:\/\/carabunhas.com\/es\/\"},{\"@type\":\"ListItem\",\"position\":2,\"name\":\"Env\u00edo\"}]}]}<\/script>\n<!-- \/ Yoast SEO plugin. -->","yoast_head_json":{"title":"Env\u00edo - Carabu\u00f1as","robots":{"index":"index","follow":"follow","max-snippet":"max-snippet:-1","max-image-preview":"max-image-preview:large","max-video-preview":"max-video-preview:-1"},"canonical":"https:\/\/carabunhas.com\/es\/envio\/","og_locale":"es_ES","og_type":"article","og_title":"Env\u00edo - Carabu\u00f1as","og_description":"Espa\u00f1a y Portugal A trav\u00e9s de nuestra web puedes hacer pedidos con direcci\u00f3n de entrega dentro del territorio peninsular. Si quieres hacer un pedido con destino a cualquier otro punto de la Uni\u00f3n Europea, ponte en contacto con nosotros y buscaremos la mejor forma de poder tramitarlo. Gastos de env\u00edo Los gastos de env\u00edo son [&hellip;]","og_url":"https:\/\/carabunhas.com\/es\/envio\/","og_site_name":"Carabu\u00f1as","article_modified_time":"2022-10-13T09:30:01+00:00","twitter_card":"summary_large_image","twitter_misc":{"Tiempo de lectura":"1 minuto"},"schema":{"@context":"https:\/\/schema.org","@graph":[{"@type":"WebSite","@id":"https:\/\/carabunhas.com\/#website","url":"https:\/\/carabunhas.com\/","name":"Carabu\u00f1as","description":"","potentialAction":[{"@type":"SearchAction","target":{"@type":"EntryPoint","urlTemplate":"https:\/\/carabunhas.com\/?s={search_term_string}"},"query-input":"required name=search_term_string"}],"inLanguage":"es"},{"@type":"WebPage","@id":"https:\/\/carabunhas.com\/es\/envio\/#webpage","url":"https:\/\/carabunhas.com\/es\/envio\/","name":"Env\u00edo - Carabu\u00f1as","isPartOf":{"@id":"https:\/\/carabunhas.com\/#website"},"datePublished":"2020-09-28T08:23:17+00:00","dateModified":"2022-10-13T09:30:01+00:00","breadcrumb":{"@id":"https:\/\/carabunhas.com\/es\/envio\/#breadcrumb"},"inLanguage":"es","potentialAction":[{"@type":"ReadAction","target":["https:\/\/carabunhas.com\/es\/envio\/"]}]},{"@type":"BreadcrumbList","@id":"https:\/\/carabunhas.com\/es\/envio\/#breadcrumb","itemListElement":[{"@type":"ListItem","position":1,"name":"Portada","item":"https:\/\/carabunhas.com\/es\/"},{"@type":"ListItem","position":2,"name":"Env\u00edo"}]}]}},"_links":{"self":[{"href":"https:\/\/carabunhas.com\/es\/wp-json\/wp\/v2\/pages\/3657"}],"collection":[{"href":"https:\/\/carabunhas.com\/es\/wp-json\/wp\/v2\/pages"}],"about":[{"href":"https:\/\/carabunhas.com\/es\/wp-json\/wp\/v2\/types\/page"}],"author":[{"embeddable":true,"href":"https:\/\/carabunhas.com\/es\/wp-json\/wp\/v2\/users\/2"}],"replies":[{"embeddable":true,"href":"https:\/\/carabunhas.com\/es\/wp-json\/wp\/v2\/comments?post=3657"}],"version-history":[{"count":13,"href":"https:\/\/carabunhas.com\/es\/wp-json\/wp\/v2\/pages\/3657\/revisions"}],"predecessor-version":[{"id":52832,"href":"https:\/\/carabunhas.com\/es\/wp-json\/wp\/v2\/pages\/3657\/revisions\/52832"}],"wp:attachment":[{"href":"https:\/\/carabunhas.com\/es\/wp-json\/wp\/v2\/media?parent=3657"}],"curies":[{"name":"wp","href":"https:\/\/api.w.org\/{rel}","templated":true}]}}