{"id":3653,"date":"2020-09-28T10:22:25","date_gmt":"2020-09-28T08:22:25","guid":{"rendered":"https:\/\/carabunhas.com\/?page_id=3653"},"modified":"2020-10-29T08:42:56","modified_gmt":"2020-10-29T07:42:56","slug":"preguntas-frecuentes","status":"publish","type":"page","link":"https:\/\/carabunhas.com\/es\/preguntas-frecuentes\/","title":{"rendered":"Preguntas frecuentes"},"content":{"rendered":"\n<h3>Sobre el Sa\u00faco<\/h3>\n\n\n\n<h4>\u00bfEl sa\u00faco se puede comer?<\/h4>\n\n\n\n<p>Algunas partes del s\u00e1uco no son comestibles y su ingesta puede ser peligrosa tanto para humanos como para animales. Esto se debe a que contienen gluc\u00f3sido cianog\u00e9nico, sustancias que act\u00faan como un mecanismo de defensa para el \u00e1rbol, protegi\u00e9ndolo de otras especies que le puedan hacer da\u00f1o. <\/p>\n\n\n\n<p>El gluc\u00f3sido se encuentra en la corteza, las hojas y en las bayas que a\u00fan no est\u00e1n maduras. Por este motivo no es recomendable el consumo del fruto del sa\u00faco no maduro. En el momento en que el fruto alcanza el punto de maduraci\u00f3n, el gluc\u00f3sido desaparece y estar\u00eda listo para ser consumido de forma segura.<\/p>\n\n\n\n<h3>Sobre los env\u00edos<\/h3>\n\n\n\n<h4>\u00bfPuedo enviar un regalo a trav\u00e9s de la web? <\/h4>\n\n\n\n<p>Por supuesto, cualquier compra que hagas en nuestra web puedes enviarla a qui\u00e9n desees, sin preocupaciones. Nosotros gestionamos todo el proceso de env\u00edo. <\/p>\n\n\n\n<p>Adem\u00e1s, si quieres que a\u00f1adamos a tu pedido una nota o detalle especial, s\u00f3lo tienes que indic\u00e1rnolo. <\/p>\n\n\n\n<h4>\u00bfCu\u00e1nto tardar\u00e1 en llegar mi pedido? <\/h4>\n\n\n\n<p>En Carabu\u00f1as gestionamos los env\u00edos de forma r\u00e1pida y segura. Para eso trabajamos con las mejores compa\u00f1\u00edas de log\u00edstica. <\/p>\n\n\n\n<p>En condiciones normales, tu env\u00edo llegar\u00e1 en tres d\u00edas laborables a la direcci\u00f3n de entrega seleccionada. <\/p>\n\n\n\n<h4>\u00bfQu\u00e9 hago si mi pedido no llega en perfectas condiciones?<\/h4>\n\n\n\n<p>Cuando recibas tu pedido, debes comprobarlo para asegurarte de que todos los productos llegaron en buenas condiciones. Si no fuese as\u00ed, por favor ponte en contacto con nosotros lo antes posible para que podamos solucionarlo.<\/p>\n","protected":false},"excerpt":{"rendered":"<p>Sobre el Sa\u00faco \u00bfEl sa\u00faco se puede comer? Algunas partes del s\u00e1uco no son comestibles y su ingesta puede ser peligrosa tanto para humanos como para animales. Esto se debe a que contienen gluc\u00f3sido cianog\u00e9nico, sustancias que act\u00faan como un mecanismo de defensa para el \u00e1rbol, protegi\u00e9ndolo de otras especies que le puedan hacer da\u00f1o. [&hellip;]<\/p>\n","protected":false},"author":2,"featured_media":0,"parent":0,"menu_order":0,"comment_status":"closed","ping_status":"closed","template":"","meta":[],"acf":[],"yoast_head":"<!-- This site is optimized with the Yoast SEO plugin v18.9-RC1 - https:\/\/yoast.com\/wordpress\/plugins\/seo\/ -->\n<title>Preguntas frecuentes - Carabu\u00f1as<\/title>\n<meta name=\"robots\" content=\"index, follow, max-snippet:-1, max-image-preview:large, max-video-preview:-1\" \/>\n<link rel=\"canonical\" href=\"https:\/\/carabunhas.com\/es\/preguntas-frecuentes\/\" \/>\n<meta property=\"og:locale\" content=\"es_ES\" \/>\n<meta property=\"og:type\" content=\"article\" \/>\n<meta property=\"og:title\" content=\"Preguntas frecuentes - Carabu\u00f1as\" \/>\n<meta property=\"og:description\" content=\"Sobre el Sa\u00faco \u00bfEl sa\u00faco se puede comer? Algunas partes del s\u00e1uco no son comestibles y su ingesta puede ser peligrosa tanto para humanos como para animales. Esto se debe a que contienen gluc\u00f3sido cianog\u00e9nico, sustancias que act\u00faan como un mecanismo de defensa para el \u00e1rbol, protegi\u00e9ndolo de otras especies que le puedan hacer da\u00f1o. [&hellip;]\" \/>\n<meta property=\"og:url\" content=\"https:\/\/carabunhas.com\/es\/preguntas-frecuentes\/\" \/>\n<meta property=\"og:site_name\" content=\"Carabu\u00f1as\" \/>\n<meta property=\"article:modified_time\" content=\"2020-10-29T07:42:56+00:00\" \/>\n<meta name=\"twitter:card\" content=\"summary_large_image\" \/>\n<meta name=\"twitter:label1\" content=\"Tiempo de lectura\" \/>\n\t<meta name=\"twitter:data1\" content=\"1 minuto\" \/>\n<script type=\"application\/ld+json\" class=\"yoast-schema-graph\">{\"@context\":\"https:\/\/schema.org\",\"@graph\":[{\"@type\":\"WebSite\",\"@id\":\"https:\/\/carabunhas.com\/#website\",\"url\":\"https:\/\/carabunhas.com\/\",\"name\":\"Carabu\u00f1as\",\"description\":\"\",\"potentialAction\":[{\"@type\":\"SearchAction\",\"target\":{\"@type\":\"EntryPoint\",\"urlTemplate\":\"https:\/\/carabunhas.com\/?s={search_term_string}\"},\"query-input\":\"required name=search_term_string\"}],\"inLanguage\":\"es\"},{\"@type\":\"WebPage\",\"@id\":\"https:\/\/carabunhas.com\/es\/preguntas-frecuentes\/#webpage\",\"url\":\"https:\/\/carabunhas.com\/es\/preguntas-frecuentes\/\",\"name\":\"Preguntas frecuentes - Carabu\u00f1as\",\"isPartOf\":{\"@id\":\"https:\/\/carabunhas.com\/#website\"},\"datePublished\":\"2020-09-28T08:22:25+00:00\",\"dateModified\":\"2020-10-29T07:42:56+00:00\",\"breadcrumb\":{\"@id\":\"https:\/\/carabunhas.com\/es\/preguntas-frecuentes\/#breadcrumb\"},\"inLanguage\":\"es\",\"potentialAction\":[{\"@type\":\"ReadAction\",\"target\":[\"https:\/\/carabunhas.com\/es\/preguntas-frecuentes\/\"]}]},{\"@type\":\"BreadcrumbList\",\"@id\":\"https:\/\/carabunhas.com\/es\/preguntas-frecuentes\/#breadcrumb\",\"itemListElement\":[{\"@type\":\"ListItem\",\"position\":1,\"name\":\"Portada\",\"item\":\"https:\/\/carabunhas.com\/es\/\"},{\"@type\":\"ListItem\",\"position\":2,\"name\":\"Preguntas frecuentes\"}]}]}<\/script>\n<!-- \/ Yoast SEO plugin. -->","yoast_head_json":{"title":"Preguntas frecuentes - Carabu\u00f1as","robots":{"index":"index","follow":"follow","max-snippet":"max-snippet:-1","max-image-preview":"max-image-preview:large","max-video-preview":"max-video-preview:-1"},"canonical":"https:\/\/carabunhas.com\/es\/preguntas-frecuentes\/","og_locale":"es_ES","og_type":"article","og_title":"Preguntas frecuentes - Carabu\u00f1as","og_description":"Sobre el Sa\u00faco \u00bfEl sa\u00faco se puede comer? Algunas partes del s\u00e1uco no son comestibles y su ingesta puede ser peligrosa tanto para humanos como para animales. Esto se debe a que contienen gluc\u00f3sido cianog\u00e9nico, sustancias que act\u00faan como un mecanismo de defensa para el \u00e1rbol, protegi\u00e9ndolo de otras especies que le puedan hacer da\u00f1o. [&hellip;]","og_url":"https:\/\/carabunhas.com\/es\/preguntas-frecuentes\/","og_site_name":"Carabu\u00f1as","article_modified_time":"2020-10-29T07:42:56+00:00","twitter_card":"summary_large_image","twitter_misc":{"Tiempo de lectura":"1 minuto"},"schema":{"@context":"https:\/\/schema.org","@graph":[{"@type":"WebSite","@id":"https:\/\/carabunhas.com\/#website","url":"https:\/\/carabunhas.com\/","name":"Carabu\u00f1as","description":"","potentialAction":[{"@type":"SearchAction","target":{"@type":"EntryPoint","urlTemplate":"https:\/\/carabunhas.com\/?s={search_term_string}"},"query-input":"required name=search_term_string"}],"inLanguage":"es"},{"@type":"WebPage","@id":"https:\/\/carabunhas.com\/es\/preguntas-frecuentes\/#webpage","url":"https:\/\/carabunhas.com\/es\/preguntas-frecuentes\/","name":"Preguntas frecuentes - Carabu\u00f1as","isPartOf":{"@id":"https:\/\/carabunhas.com\/#website"},"datePublished":"2020-09-28T08:22:25+00:00","dateModified":"2020-10-29T07:42:56+00:00","breadcrumb":{"@id":"https:\/\/carabunhas.com\/es\/preguntas-frecuentes\/#breadcrumb"},"inLanguage":"es","potentialAction":[{"@type":"ReadAction","target":["https:\/\/carabunhas.com\/es\/preguntas-frecuentes\/"]}]},{"@type":"BreadcrumbList","@id":"https:\/\/carabunhas.com\/es\/preguntas-frecuentes\/#breadcrumb","itemListElement":[{"@type":"ListItem","position":1,"name":"Portada","item":"https:\/\/carabunhas.com\/es\/"},{"@type":"ListItem","position":2,"name":"Preguntas frecuentes"}]}]}},"_links":{"self":[{"href":"https:\/\/carabunhas.com\/es\/wp-json\/wp\/v2\/pages\/3653"}],"collection":[{"href":"https:\/\/carabunhas.com\/es\/wp-json\/wp\/v2\/pages"}],"about":[{"href":"https:\/\/carabunhas.com\/es\/wp-json\/wp\/v2\/types\/page"}],"author":[{"embeddable":true,"href":"https:\/\/carabunhas.com\/es\/wp-json\/wp\/v2\/users\/2"}],"replies":[{"embeddable":true,"href":"https:\/\/carabunhas.com\/es\/wp-json\/wp\/v2\/comments?post=3653"}],"version-history":[{"count":9,"href":"https:\/\/carabunhas.com\/es\/wp-json\/wp\/v2\/pages\/3653\/revisions"}],"predecessor-version":[{"id":6563,"href":"https:\/\/carabunhas.com\/es\/wp-json\/wp\/v2\/pages\/3653\/revisions\/6563"}],"wp:attachment":[{"href":"https:\/\/carabunhas.com\/es\/wp-json\/wp\/v2\/media?parent=3653"}],"curies":[{"name":"wp","href":"https:\/\/api.w.org\/{rel}","templated":true}]}}