{"id":3284,"date":"2020-09-24T11:51:37","date_gmt":"2020-09-24T09:51:37","guid":{"rendered":"https:\/\/carabunhas.com\/?page_id=3284"},"modified":"2021-07-13T15:32:23","modified_gmt":"2021-07-13T13:32:23","slug":"en-tu-tienda","status":"publish","type":"page","link":"https:\/\/carabunhas.com\/es\/en-tu-tienda\/","title":{"rendered":"En tu tienda"},"content":{"rendered":"\n<style type=\"text\/css\">\n.ytp-gradient-top{display:none !important}\n.ytp-show-watch-later-title{display:none !important}\n.ytp-watch-later-button{display:none !important}\n.ytp-share-button{display:none !important}\n.sh_video_overlay{\n}\n#particles-js6 .qcld_hero_content_area{\n\tposition:absolute;\n\twidth: 100%;\n\ttop:50%;\t\n\t\tz-index:9;\n}\n#particles-js6 .slider-x-lead-title, #particles-js6 .hero_slider_button, #particles-js6 .slider-x-item-title{margin: 15px 0px;}\n#particles-js6 .slider-x-lead-title{\n}\n#particles-js6 .hero_slider_button{\n}\n#particles-js6 .slider-x-item-title{\n}\n.slider-hero-prev, .slider-hero-next{\n}\n.slider-hero-prev:hover,.slider-hero-next:hover{\n}\n.qc-sliderX-bottom-slide{\n}\n.qc-sliderX-bottom-slide:hover{\n}\n.qc-sliderx-bottom-current{\n}\n#particles-js6 canvas {\n\tposition:absolute;\n\t\tz-index:8;\n\t}\n#particles-js6 > img{\n\tposition:absolute;\n\tz-index:1;\n}\n#particles-js6{\n  width: 100%;\n  height: 100%;\n  overflow: hidden;\n  background-color: #4684b5;\n  background-size: cover;\n  background-position: 50% 50%;\n  background-repeat: no-repeat;\n  z-index: 1;\n  position:relative;\n    max-width: unset !important;\n}\n#sunset {\n    position: absolute;\n    top: 0;\n    left: 0;\n    width: 100%;\n    height: 100%;\n    background: #294372 url('https:\/\/carabunhas.com\/wp-content\/plugins\/slider-hero\/images\/sunset.jpg') center top no-repeat;\n    background-size: cover;\n    opacity: 0;\n    z-index: 1\n}\n.slider-x-lead-title6{\n\/*position: absolute;\ntop: 25.2219%;*\/\nleft: 0px;\nwidth: 100%;\n\tpadding: 0px 10% !important;\nbox-sizing: border-box;\n}\n.slider-x-item-title6{\n\/*\nposition: absolute;\ntop: 37.9406%;*\/\nleft: 0px;\nwidth: 100%;\nz-index:99 !important;\n\tpadding: 0px 10% !important;\nline-height: 40px;\nbox-sizing: border-box;\n}\n.slider-x-lead-title6{\nfont-size: 50px !important;color: #ffffff !important;text-align: center;\nline-height: 54px;\n}\n.hero_slider_btn6{\n\t\/*\n\tposition:absolute;\n\ttop: 54.7406%;*\/\n\tleft:0px;\n\twidth:100%;\n\tpadding: 0px 10%;\n\tbox-sizing: border-box;\n\tz-index: -1;\ntext-align: center;}\n.hero_slider_btn6 a{\n\tz-index: 9;\n    position: relative;\n}\n.slider-x-item-title6, .slider-x-item-title6 > p, .slider-x-item-title6 > *{\ncolor: #ffffff;font-size: 15px;line-height: 15px;text-align: center;line-height: 40px;padding: 0px;\n}\n@media only screen and (min-width: 320px) and (max-width: 767px){\n.qcld_hero_content_area h2{font-size:26px !important;line-height: 30px !important;}\n.qcld_hero_content_area > .slider-x-item-title > p{font-size: 16px !important;line-height:normal;}\t\n}\n<\/style>\n<div class=\"hero_preloader\" style=\"background: #fff;width: 100%;height: 300px;z-index: 999;position: relative;display: flex;justify-content: center !important;align-items: center;\">\n\t\t<div class=\"hero_loader\"><\/div>\n<\/div>\n<div id=\"particles-js6\"  style=\"display:none;\" >\n\t\t\t\t\t\t\t\t<div class=\"qcld_hero_content_area\" data-bg-image=\"https:\/\/carabunhas.com\/wp-content\/uploads\/2020\/09\/xelea-carabunhas-1500.jpg\" style=\"display:none;\">\n<style type=\"text\/css\">\n.slider-x-lead-title6, .slider-x-lead-title6 p, .slider-x-lead-title6 h1, .slider-x-lead-title6 h2, .slider-x-lead-title6 span{\n\t\t}\n.slider-x-item-title6, .slider-x-item-title6 p, .slider-x-item-title6 div{\n\t\t}\n<\/style>\n\t<h2 class=\"slider-x-lead-title slider-x-lead-title6\">En tu tienda<\/h2>\n\t\t\t\t\t\t<div class=\"slider-x-item-title slider-x-item-title6\">\n\t\t\t\t\t\t\tQueremos seguir sumando valor al producto del rural y seguir apostando por un consumo ecol\u00f3gico y responsable.\t\t\t\t\t\t<\/div>\n\t\t<\/div> <!--End of hero Content Area-->\n\t<script type=\"text\/javascript\">\nfunction heroCookie(cname, cvalue, exdays) {\n    var d = new Date();\n    d.setTime(d.getTime() + (exdays*24*60*60*1000));\n    var expires = \"expires=\"+ d.toUTCString();\n    document.cookie = cname + \"=\" + cvalue + \";\" + expires + \";path=\/\";\n}\nfunction heroisMobile(){\n\tvar isMobile = false; \/\/initiate as false\n\t\t\/\/ device detection\n\t\tif(\/(android|bb\\d+|meego).+mobile|avantgo|bada\\\/|blackberry|blazer|compal|elaine|fennec|hiptop|iemobile|ip(hone|od)|ipad|iris|kindle|Android|Silk|lge |maemo|midp|mmp|netfront|opera m(ob|in)i|palm( os)?|phone|p(ixi|re)\\\/|plucker|pocket|psp|series(4|6)0|symbian|treo|up\\.(browser|link)|vodafone|wap|windows (ce|phone)|xda|xiino\/i.test(navigator.userAgent) \n\t\t|| \/1207|6310|6590|3gso|4thp|50[1-6]i|770s|802s|a wa|abac|ac(er|oo|s\\-)|ai(ko|rn)|al(av|ca|co)|amoi|an(ex|ny|yw)|aptu|ar(ch|go)|as(te|us)|attw|au(di|\\-m|r |s )|avan|be(ck|ll|nq)|bi(lb|rd)|bl(ac|az)|br(e|v)w|bumb|bw\\-(n|u)|c55\\\/|capi|ccwa|cdm\\-|cell|chtm|cldc|cmd\\-|co(mp|nd)|craw|da(it|ll|ng)|dbte|dc\\-s|devi|dica|dmob|do(c|p)o|ds(12|\\-d)|el(49|ai)|em(l2|ul)|er(ic|k0)|esl8|ez([4-7]0|os|wa|ze)|fetc|fly(\\-|_)|g1 u|g560|gene|gf\\-5|g\\-mo|go(\\.w|od)|gr(ad|un)|haie|hcit|hd\\-(m|p|t)|hei\\-|hi(pt|ta)|hp( i|ip)|hs\\-c|ht(c(\\-| |_|a|g|p|s|t)|tp)|hu(aw|tc)|i\\-(20|go|ma)|i230|iac( |\\-|\\\/)|ibro|idea|ig01|ikom|im1k|inno|ipaq|iris|ja(t|v)a|jbro|jemu|jigs|kddi|keji|kgt( |\\\/)|klon|kpt |kwc\\-|kyo(c|k)|le(no|xi)|lg( g|\\\/(k|l|u)|50|54|\\-[a-w])|libw|lynx|m1\\-w|m3ga|m50\\\/|ma(te|ui|xo)|mc(01|21|ca)|m\\-cr|me(rc|ri)|mi(o8|oa|ts)|mmef|mo(01|02|bi|de|do|t(\\-| |o|v)|zz)|mt(50|p1|v )|mwbp|mywa|n10[0-2]|n20[2-3]|n30(0|2)|n50(0|2|5)|n7(0(0|1)|10)|ne((c|m)\\-|on|tf|wf|wg|wt)|nok(6|i)|nzph|o2im|op(ti|wv)|oran|owg1|p800|pan(a|d|t)|pdxg|pg(13|\\-([1-8]|c))|phil|pire|pl(ay|uc)|pn\\-2|po(ck|rt|se)|prox|psio|pt\\-g|qa\\-a|qc(07|12|21|32|60|\\-[2-7]|i\\-)|qtek|r380|r600|raks|rim9|ro(ve|zo)|s55\\\/|sa(ge|ma|mm|ms|ny|va)|sc(01|h\\-|oo|p\\-)|sdk\\\/|se(c(\\-|0|1)|47|mc|nd|ri)|sgh\\-|shar|sie(\\-|m)|sk\\-0|sl(45|id)|sm(al|ar|b3|it|t5)|so(ft|ny)|sp(01|h\\-|v\\-|v )|sy(01|mb)|t2(18|50)|t6(00|10|18)|ta(gt|lk)|tcl\\-|tdg\\-|tel(i|m)|tim\\-|t\\-mo|to(pl|sh)|ts(70|m\\-|m3|m5)|tx\\-9|up(\\.b|g1|si)|utst|v400|v750|veri|vi(rg|te)|vk(40|5[0-3]|\\-v)|vm40|voda|vulc|vx(52|53|60|61|70|80|81|83|85|98)|w3c(\\-| )|webc|whit|wi(g |nc|nw)|wmlb|wonu|x700|yas\\-|your|zeto|zte\\-\/i.test(navigator.userAgent.substr(0,4))) isMobile = true;\n\treturn isMobile;\n}\nfunction getOffset1( el ) {\n    var _x = 0;\n    var _y = 0;\n    while( el && !isNaN( el.offsetLeft ) && !isNaN( el.offsetTop ) ) {\n        _x += el.offsetLeft - el.scrollLeft;\n        _y += el.offsetTop - el.scrollTop;\n        el = el.offsetParent;\n    }\n\t_x = parseInt(_x) + parseInt(jQuery('#particles-js6').parent().css('padding-left'));\n    return { top: _y, left: _x };\n}\n  jQuery(document).ready(function($){\n    \/\/jQuery(window).on( 'load', function(){\n\t\t\t\t   jQuery('.hero_preloader').remove();\n\t   \t   jQuery('#particles-js6').show();\n\t   jQuery('#particles-js6 canvas').width(jQuery('#particles-js6').width());\n\t   \t\t\tjQuery('#particles-js6 .qcld_hero_content_area:visible').css('margin-top','-'+Math.round(jQuery('#particles-js6 .qcld_hero_content_area:visible').height()\/2)+'px');\n\t\t   var fullwidth = jQuery(\"body\").prop(\"clientWidth\"); \n\t\t\tvar maindivcon = jQuery('#particles-js6').parent()[0];\n\t\t\tvar getleft = getOffset1(maindivcon);\n\t\t\tjQuery('#particles-js6').css({\n\t\t\t\t'left':'-'+getleft.left+'px',\n\t\t\t});\n\t\tvar maindivcontainer = jQuery('#particles-js6');\n\t\tif(jQuery(window).width() < 767){\n\t\t\tmaindivcontainer.find('.qcld_hero_content_area:visible').css('margin-top','-'+Math.round(maindivcontainer.find('.qcld_hero_content_area:visible').height()\/2)+'px');\n\t\t}\n});\njQuery(document).ready(function($){\n\t    $.fn.sliderX.defaults = {\n\t\tsliderWidth:800,\n\t\tsliderHeight:580,\n        pauseTime: 11000,\n\t\tpaddingTime: 500,\n        startSlide: 0,\n\t\ttitlePositionTop:'0%',\n\t\ttitlePositionLeft:'0%',\n\t\tdescPositionTop:'0%',\n\t\tdescPositionLeft:'0%',\n\t\t\/\/titleTextAnimation:'pulse',\n\t\ttitleTextColor:'#ffffff',\n\t\tdescriptionTextColor:'#ffffff',\n\t\ttitleFontSize:'50',\n\t\tarrowClass: 'arrow-circle',\n\t\tdescriptionFontSize:'15',\n\t\t\t\tfullWidth:true,\n\t\t\t\t\t\tfullScreen:false,\n\t\t\t\t\t\tScreenauto:false,\n\t\t\t\tdirectionCon:false,\n\t\tbottomCon:false,\n\t\tslideStart: false,\n\t\t\t\t\t\t\tarrow_style: 'default',\n\t\t\t\t\t\t\t\trandomslide: false,\n\t\tprevSlideText:'Previous',\n\t\tnextSlideText:'Next',\n\t\ttitleAnimation: 'bounceInLeft',\n\t\ttitleoutAnimation: '',\n\t\tdesAnimation: 'bounceInRight',\n\t\tdesoutAnimation: '',\n\t\tlfxtitlein:'',\n\t\tlfxtitleout:'',\n\t\tlfxdesin:'',\n\t\tlfxdesout:'',\n\t\tbuttonAnimation: 'normal',\n\t\tbuttonoutAnimation: '',\n\t\tredirecturl: '',\n\t\tredirectdelay: '',\n\t\tcontentposition: 'center',\n\t\tbgtransition: 'fade',\n    bgtransitionreverse: 'fade',\n\t\t\t\t\t\trepeat: false,\n\t\t\t\t\t\tsliderestart: true,\n\t\t\t\t\t\t\t\t\t\tsliderpause: true,\n\t\tmainId: 'particles-js6',\n\t\tsid: '6',\n\t\tslidertype: 'no_effect',\n        beforeChange: function(){\n\t\t\t\/\/alert(\"i am changing..\");\n\t\t}\n    };   \n    function firesliderx(){\n\t\tjQuery('#particles-js6').sliderX();\n\t}\n\t\t\tif(jQuery('.second_div_hero').length<1)\n\t\t\tfiresliderx();\n$(window).resize(function() {\n\tsetTimeout(function(){\n\t\tvar fullwidth = jQuery(window).width(); \n\t\tvar maindivcon = $('#particles-js6').parent()[0];\n\t\tvar getleft = getOffset1(maindivcon);\n\t\tjQuery('#particles-js6').css({\n\t\t\t'left':'-'+getleft.left+'px',\n\t\t});\n\t}, 500);\n});\n\tvar fullwidth = jQuery(window).width();\n\t\t\tvar maindivcon = $('#particles-js6').parent()[0];\n\t\tvar getleft = getOffset1(maindivcon);\n\tjQuery('#particles-js6').css({\n\t\t'left':'-'+getleft.left+'px',\n\t});\n$(window).resize(function() {\n\tsetTimeout(function(){\n\t\tif(jQuery(window).width()<767){\n\t\t\tvar maindivcontainer = $('#particles-js6');\n\t\t\tvar present_slide = maindivcontainer.find('.qcld_hero_content_area:visible');\n\t\t\t\/\/present_slide.css('height',maindivcontainer.height()+'px');\n\t\t}\n\t}, 500);\n});\n$('body').css({\n\t'overflow-x':'hidden',\n});\n});\nvar mainId = 'particles-js6';\nvar no_effect_mainId = 'particles-js6';\n<\/script>\n<\/div>\n<div style=\"background-image:url(https:\/\/carabunhas.com\/wp-content\/uploads\/2020\/09\/xelea-carabunhas-1500.jpg);position:absolute;left:-999px;width:2px;height:2px;z-index:-999\"><\/div>\n<style type=\"text\/css\">\n<\/style>\n\n<nav class=\"breadcrumb-contenido\"><a href=\"\/\">Inicio<\/a> \u00b7 En tu tienda<\/nav>\n<div class=\"container-fluid composicion\">\n<div class=\"row\">\n<div class=\"col-xl-6 col-lg-6 col-md-12 col-12 distribuidores1\">\n<h2>CARABU\u00d1AS; UNA FAMILIA QUE SIGUE CRECIENDO<\/h2>\n<p>Cuando arranc\u00f3 Carabu\u00f1as, \u201cOs do Sabugueiro\u201d \u00e9ramos tan solo dos personas que vend\u00edan sus productos desde Vilar de Santos, Ourense. Poquito a poco, la familia de Carabu\u00f1as fue creciendo con la incorporaci\u00f3n de tiendas de alimentaci\u00f3n y productos gourmet, restaurantes, bares y muchos otros establecimientos en los que ya est\u00e1n los productos de nuestra marca. Hoy puedes encontrar Carabu\u00f1as en Galicia, Espa\u00f1a y Europa.<\/p>\n<p>Queremos que la familia de \u201cOs do Sabugueiro\u201d sea cada vez m\u00e1s numerosa y siga sumando personas y empresas que valoran el producto del rural y que apuesten por un consumo ecol\u00f3gico y responsable.<\/p>\n<\/div>\n<div class=\"col-xl-6 col-lg-6 col-md-12 col-12 no-gutters\"><img id=\"distribuidores-foto1\" class=\"img-fluid\" src=\"\/wp-content\/uploads\/2020\/10\/cervexas-carabunhas.jpg\" alt=\"Una familia\"><\/div>\n<\/div>\n<\/div>\n<div class=\"container-fluid composicion\">\n<div class=\"row\">\n<div class=\"col-xl-6 col-lg-6 col-md-12 col-12 d-none d-lg-block\"><img id=\"distribuidores-foto2\" src=\"\/wp-content\/uploads\/2020\/10\/mermeladas-carabunhas-scaled.jpg\" alt=\"Una familia\"><\/div>\n<div class=\"col-xl-6 col-lg-6 col-md-12 col-12 distribuidores2 linea_vertical\">\n<h2>RECONOCIMIENTO Y CONFIANZA EN LO ARTESANO<\/h2>\n<p>Las mermeladas, cervezas e infusiones de Carabu\u00f1as cuentan con la certificaci\u00f3n ecol\u00f3gica del Consejo Regulador de la Agricultura Ecol\u00f3gica de Galicia (CRAEGA). Nuestro licor, elaborado de forma artesanal, es uno de nuestros productos de m\u00e1s \u00e9xito.<\/p>\n<p>Hemos sido premiados en cert\u00e1menes como el <em><b>F\u00f3rum Gastron\u00f3mico de A Coru\u00f1a <\/b><\/em>o <em><b>el Pont-Up Store de Pontevedra<\/b><\/em>. Por otra parte, obtuvimos el <em><b>Premio iniciativas de Desenvolvemento Rural de Galicia, premio AGADER 2018<\/b><\/em>. Estos reconocimientos nos han ayudado a ganarnos la confianza de nuestros distribuidores, pero lo que realmente conquista es la aceptaci\u00f3n del producto por parte de los clientes.<\/p>\n<\/div>\n<\/div>\n<\/div>\n\n\n<div class=\"wp-container-1 wp-block-group alignfull grupo-distribuidores has-background\" style=\"background-color:#f6f4f2\"><div class=\"wp-block-group__inner-container\">\n<figure class=\"wp-block-image\"><img src=\"\/wp-content\/uploads\/2020\/09\/Logo2-1.png\" alt=\"carabu\u00f1as\"\/><\/figure>\n\n\n\n<h4>Si tienes un establecimiento, un puesto en el mercado, un restaurante o un negocio en el que creas que el producto Carabu\u00f1as tiene cabida, estaremos encantados de darte todas las facilidades para que formes parte de \u201cOs do Sabugueiro\u201d.<\/h4>\n<\/div><\/div>\n\n\n\n<p class=\"text-center whatsapp\">Puedes escribirnos por WhatsApp <a href=\"https:\/\/wa.me\/34604081054\" target=\"blank\" rel=\"noopener noreferrer\">604 08 10 54<i class=\"fab fa-whatsapp ml-3\" aria-hidden=\"true\"><\/i><\/a><\/p>\n\n\n\n<div class=\"wp-container-2 wp-block-group formulario-distribuidores\"><div class=\"wp-block-group__inner-container\">\n<h4>\u00bfQuieres vender Carabu\u00f1as en tu establecimiento?<\/h4>\n\n\n\n<p>Rellena el siguiente formulario y nos pondremos en contacto contigo<\/p>\n\n\n<div role=\"form\" class=\"wpcf7\" id=\"wpcf7-f3484-o1\" lang=\"es-ES\" dir=\"ltr\">\n<div class=\"screen-reader-response\"><p role=\"status\" aria-live=\"polite\" aria-atomic=\"true\"><\/p> <ul><\/ul><\/div>\n<form action=\"\/es\/wp-json\/wp\/v2\/pages\/3284#wpcf7-f3484-o1\" method=\"post\" class=\"wpcf7-form init\" novalidate=\"novalidate\" data-status=\"init\">\n<div style=\"display: none;\">\n<input type=\"hidden\" name=\"_wpcf7\" value=\"3484\" \/>\n<input type=\"hidden\" name=\"_wpcf7_version\" value=\"5.5.6\" \/>\n<input type=\"hidden\" name=\"_wpcf7_locale\" value=\"es_ES\" \/>\n<input type=\"hidden\" name=\"_wpcf7_unit_tag\" value=\"wpcf7-f3484-o1\" \/>\n<input type=\"hidden\" name=\"_wpcf7_container_post\" value=\"0\" \/>\n<input type=\"hidden\" name=\"_wpcf7_posted_data_hash\" value=\"\" \/>\n<input type=\"hidden\" name=\"_wpcf7_recaptcha_response\" value=\"\" \/>\n<\/div>\n<p><label> Nombre empresa<br \/>\n    <span class=\"wpcf7-form-control-wrap your-name\"><input type=\"text\" name=\"your-name\" value=\"\" size=\"40\" class=\"wpcf7-form-control wpcf7-text wpcf7-validates-as-required\" aria-required=\"true\" aria-invalid=\"false\" \/><\/span> <\/label><\/p>\n<p><label> Email<br \/>\n    <span class=\"wpcf7-form-control-wrap your-email\"><input type=\"email\" name=\"your-email\" value=\"\" size=\"40\" class=\"wpcf7-form-control wpcf7-text wpcf7-email wpcf7-validates-as-required wpcf7-validates-as-email\" aria-required=\"true\" aria-invalid=\"false\" \/><\/span> <\/label><\/p>\n<p><label> Tel\u00e9fono<br \/>\n    <span class=\"wpcf7-form-control-wrap your-tel\"><input type=\"tel\" name=\"your-tel\" value=\"\" size=\"40\" class=\"wpcf7-form-control wpcf7-text wpcf7-tel wpcf7-validates-as-tel\" aria-invalid=\"false\" \/><\/span> <\/label><\/p>\n<p><label> Concepto<br \/>\n    <span class=\"wpcf7-form-control-wrap your-subject\"><input type=\"text\" name=\"your-subject\" value=\"\" size=\"40\" class=\"wpcf7-form-control wpcf7-text\" aria-invalid=\"false\" \/><\/span> <\/label><\/p>\n<p><label> Mensaje<br \/>\n    <span class=\"wpcf7-form-control-wrap your-message\"><textarea name=\"your-message\" cols=\"40\" rows=\"10\" class=\"wpcf7-form-control wpcf7-textarea\" aria-invalid=\"false\"><\/textarea><\/span> <\/label><\/p>\n<div class=\"boton-izquierda\"><span class=\"wpcf7-form-control-wrap acceptance-212\"><span class=\"wpcf7-form-control wpcf7-acceptance\"><span class=\"wpcf7-list-item\"><label><input type=\"checkbox\" name=\"acceptance-212\" value=\"1\" aria-invalid=\"false\" \/><span class=\"wpcf7-list-item-label\">He le\u00eddo y acepto la <a rel=\"nofollow\" href=\"\/politica-privacidad\">Pol\u00edtica de Privacidad<\/a>.<\/span><\/label><\/span><\/span><\/span><\/div>\n<div class=\"boton-derecha\"><input type=\"submit\" value=\"ENVIAR\" class=\"wpcf7-form-control has-spinner wpcf7-submit\" \/><\/div>\n<div class=\"wpcf7-response-output\" aria-hidden=\"true\"><\/div><\/form><\/div>\n<\/div><\/div>\n","protected":false},"excerpt":{"rendered":"<p>Inicio \u00b7 En tu tienda CARABU\u00d1AS; UNA FAMILIA QUE SIGUE CRECIENDO Cuando arranc\u00f3 Carabu\u00f1as, \u201cOs do Sabugueiro\u201d \u00e9ramos tan solo dos personas que vend\u00edan sus productos desde Vilar de Santos, Ourense. Poquito a poco, la familia de Carabu\u00f1as fue creciendo con la incorporaci\u00f3n de tiendas de alimentaci\u00f3n y productos gourmet, restaurantes, bares y muchos otros [&hellip;]<\/p>\n","protected":false},"author":2,"featured_media":0,"parent":0,"menu_order":0,"comment_status":"closed","ping_status":"closed","template":"","meta":[],"acf":[],"yoast_head":"<!-- This site is optimized with the Yoast SEO plugin v18.9-RC1 - https:\/\/yoast.com\/wordpress\/plugins\/seo\/ -->\n<title>En tu tienda - Carabu\u00f1as<\/title>\n<meta name=\"robots\" content=\"index, follow, max-snippet:-1, max-image-preview:large, max-video-preview:-1\" \/>\n<link rel=\"canonical\" href=\"https:\/\/carabunhas.com\/es\/en-tu-tienda\/\" \/>\n<meta property=\"og:locale\" content=\"es_ES\" \/>\n<meta property=\"og:type\" content=\"article\" \/>\n<meta property=\"og:title\" content=\"En tu tienda - Carabu\u00f1as\" \/>\n<meta property=\"og:description\" content=\"Inicio \u00b7 En tu tienda CARABU\u00d1AS; UNA FAMILIA QUE SIGUE CRECIENDO Cuando arranc\u00f3 Carabu\u00f1as, \u201cOs do Sabugueiro\u201d \u00e9ramos tan solo dos personas que vend\u00edan sus productos desde Vilar de Santos, Ourense. Poquito a poco, la familia de Carabu\u00f1as fue creciendo con la incorporaci\u00f3n de tiendas de alimentaci\u00f3n y productos gourmet, restaurantes, bares y muchos otros [&hellip;]\" \/>\n<meta property=\"og:url\" content=\"https:\/\/carabunhas.com\/es\/en-tu-tienda\/\" \/>\n<meta property=\"og:site_name\" content=\"Carabu\u00f1as\" \/>\n<meta property=\"article:modified_time\" content=\"2021-07-13T13:32:23+00:00\" \/>\n<meta property=\"og:image\" content=\"https:\/\/carabunhas.com\/wp-content\/uploads\/2020\/10\/cervexas-carabunhas.jpg\" \/>\n<meta name=\"twitter:card\" content=\"summary_large_image\" \/>\n<meta name=\"twitter:label1\" content=\"Tiempo de lectura\" \/>\n\t<meta name=\"twitter:data1\" content=\"2 minutos\" \/>\n<script type=\"application\/ld+json\" class=\"yoast-schema-graph\">{\"@context\":\"https:\/\/schema.org\",\"@graph\":[{\"@type\":\"WebSite\",\"@id\":\"https:\/\/carabunhas.com\/#website\",\"url\":\"https:\/\/carabunhas.com\/\",\"name\":\"Carabu\u00f1as\",\"description\":\"\",\"potentialAction\":[{\"@type\":\"SearchAction\",\"target\":{\"@type\":\"EntryPoint\",\"urlTemplate\":\"https:\/\/carabunhas.com\/?s={search_term_string}\"},\"query-input\":\"required name=search_term_string\"}],\"inLanguage\":\"es\"},{\"@type\":\"WebPage\",\"@id\":\"https:\/\/carabunhas.com\/es\/en-tu-tienda\/#webpage\",\"url\":\"https:\/\/carabunhas.com\/es\/en-tu-tienda\/\",\"name\":\"En tu tienda - Carabu\u00f1as\",\"isPartOf\":{\"@id\":\"https:\/\/carabunhas.com\/#website\"},\"datePublished\":\"2020-09-24T09:51:37+00:00\",\"dateModified\":\"2021-07-13T13:32:23+00:00\",\"breadcrumb\":{\"@id\":\"https:\/\/carabunhas.com\/es\/en-tu-tienda\/#breadcrumb\"},\"inLanguage\":\"es\",\"potentialAction\":[{\"@type\":\"ReadAction\",\"target\":[\"https:\/\/carabunhas.com\/es\/en-tu-tienda\/\"]}]},{\"@type\":\"BreadcrumbList\",\"@id\":\"https:\/\/carabunhas.com\/es\/en-tu-tienda\/#breadcrumb\",\"itemListElement\":[{\"@type\":\"ListItem\",\"position\":1,\"name\":\"Portada\",\"item\":\"https:\/\/carabunhas.com\/es\/\"},{\"@type\":\"ListItem\",\"position\":2,\"name\":\"En tu tienda\"}]}]}<\/script>\n<!-- \/ Yoast SEO plugin. -->","yoast_head_json":{"title":"En tu tienda - Carabu\u00f1as","robots":{"index":"index","follow":"follow","max-snippet":"max-snippet:-1","max-image-preview":"max-image-preview:large","max-video-preview":"max-video-preview:-1"},"canonical":"https:\/\/carabunhas.com\/es\/en-tu-tienda\/","og_locale":"es_ES","og_type":"article","og_title":"En tu tienda - Carabu\u00f1as","og_description":"Inicio \u00b7 En tu tienda CARABU\u00d1AS; UNA FAMILIA QUE SIGUE CRECIENDO Cuando arranc\u00f3 Carabu\u00f1as, \u201cOs do Sabugueiro\u201d \u00e9ramos tan solo dos personas que vend\u00edan sus productos desde Vilar de Santos, Ourense. Poquito a poco, la familia de Carabu\u00f1as fue creciendo con la incorporaci\u00f3n de tiendas de alimentaci\u00f3n y productos gourmet, restaurantes, bares y muchos otros [&hellip;]","og_url":"https:\/\/carabunhas.com\/es\/en-tu-tienda\/","og_site_name":"Carabu\u00f1as","article_modified_time":"2021-07-13T13:32:23+00:00","og_image":[{"url":"https:\/\/carabunhas.com\/wp-content\/uploads\/2020\/10\/cervexas-carabunhas.jpg"}],"twitter_card":"summary_large_image","twitter_misc":{"Tiempo de lectura":"2 minutos"},"schema":{"@context":"https:\/\/schema.org","@graph":[{"@type":"WebSite","@id":"https:\/\/carabunhas.com\/#website","url":"https:\/\/carabunhas.com\/","name":"Carabu\u00f1as","description":"","potentialAction":[{"@type":"SearchAction","target":{"@type":"EntryPoint","urlTemplate":"https:\/\/carabunhas.com\/?s={search_term_string}"},"query-input":"required name=search_term_string"}],"inLanguage":"es"},{"@type":"WebPage","@id":"https:\/\/carabunhas.com\/es\/en-tu-tienda\/#webpage","url":"https:\/\/carabunhas.com\/es\/en-tu-tienda\/","name":"En tu tienda - Carabu\u00f1as","isPartOf":{"@id":"https:\/\/carabunhas.com\/#website"},"datePublished":"2020-09-24T09:51:37+00:00","dateModified":"2021-07-13T13:32:23+00:00","breadcrumb":{"@id":"https:\/\/carabunhas.com\/es\/en-tu-tienda\/#breadcrumb"},"inLanguage":"es","potentialAction":[{"@type":"ReadAction","target":["https:\/\/carabunhas.com\/es\/en-tu-tienda\/"]}]},{"@type":"BreadcrumbList","@id":"https:\/\/carabunhas.com\/es\/en-tu-tienda\/#breadcrumb","itemListElement":[{"@type":"ListItem","position":1,"name":"Portada","item":"https:\/\/carabunhas.com\/es\/"},{"@type":"ListItem","position":2,"name":"En tu tienda"}]}]}},"_links":{"self":[{"href":"https:\/\/carabunhas.com\/es\/wp-json\/wp\/v2\/pages\/3284"}],"collection":[{"href":"https:\/\/carabunhas.com\/es\/wp-json\/wp\/v2\/pages"}],"about":[{"href":"https:\/\/carabunhas.com\/es\/wp-json\/wp\/v2\/types\/page"}],"author":[{"embeddable":true,"href":"https:\/\/carabunhas.com\/es\/wp-json\/wp\/v2\/users\/2"}],"replies":[{"embeddable":true,"href":"https:\/\/carabunhas.com\/es\/wp-json\/wp\/v2\/comments?post=3284"}],"version-history":[{"count":40,"href":"https:\/\/carabunhas.com\/es\/wp-json\/wp\/v2\/pages\/3284\/revisions"}],"predecessor-version":[{"id":52074,"href":"https:\/\/carabunhas.com\/es\/wp-json\/wp\/v2\/pages\/3284\/revisions\/52074"}],"wp:attachment":[{"href":"https:\/\/carabunhas.com\/es\/wp-json\/wp\/v2\/media?parent=3284"}],"curies":[{"name":"wp","href":"https:\/\/api.w.org\/{rel}","templated":true}]}}